{"id":949,"date":"2022-02-08T08:13:33","date_gmt":"2022-02-08T11:13:33","guid":{"rendered":"https:\/\/portal.pi.gov.br\/jucepi\/?page_id=949"},"modified":"2025-12-29T13:28:57","modified_gmt":"2025-12-29T16:28:57","slug":"empresas-publicas-no-piaui","status":"publish","type":"page","link":"https:\/\/portal.pi.gov.br\/jucepi\/empresas-publicas-no-piaui\/","title":{"rendered":"Empresas p\u00fablicas"},"content":{"rendered":"\n<p>Rela\u00e7\u00e3o de Empresas P\u00fablicas e de Sociedades de Economia Mista registradas na Junta Comercial do Estado do Piau\u00ed, em conformidade com a Lei 13.303\/16, art. 92 \u2013 \u201cO Registro P\u00fablico de Empresas Mercantis e Atividades Afins manter\u00e1 banco de dados p\u00fablico e gratuito, dispon\u00edvel na internet, contendo a rela\u00e7\u00e3o de todas as empresas p\u00fablicas e as sociedades de economia mista.\u201d<\/p>\n\n\n<script type=\"text\/x-handlebars-template\"        id=\"wpfd-template-table-categories-38\">    <div class=\"wpfd-categories\">{{#if category}}{{#with category}}{{#if parent}}<a class=\"catlink backcategory\" href=\"#\" data-idcat=\"{{parent}}\">                        <i class=\"zmdi zmdi-chevron-left\"><\/i><span>Voltar<\/span><\/a>{{\/if}}{{\/with}}{{\/if}}<\/div><\/script><script type=\"text\/x-handlebars-template\" id=\"wpfd-template-table-38\">    {{#if files}}    {{#each files}}    <tr class=\"file\" data-id=\"{{ID}}\" data-catid=\"{{catid}}\">    <td class=\"file_title\"><a class=\"wpfd_downloadlink\" href=\"{{linkdownload}}\" title=\"{{post_title}}\"><span class=\"extcol\">{{#if file_custom_icon}}<span class=\"icon-custom\"><img src=\"{{file_custom_icon}}\"><\/span>{{else}}<span class=\"ext ext-{{ext}}\"><\/span>{{\/if}}<\/span>{{{crop_title}}}<\/a><\/td><td class=\"file_desc\">{{{description}}}<\/td><td class=\"file_created\">{{created}}<\/td>                    <td class=\"col-download\">                <a class=\"downloadlink wpfd_downloadlink\"  href=\"{{linkdownload}}\" style=\"background-color:#76bc58;color:#ffffff;\">Baixar<i class=\"zmdi zmdi-cloud-download wpfd-download\"><\/i><\/a>{{#if openpdflink}}<a class=\"openlink wpfdlightbox wpfd_previewlink\" href=\"{{openpdflink}}\" target=\"\">Visualizar                            <i class=\"zmdi zmdi-filter-center-focus wpfd-preview\"><\/i>                        <\/a>{{else}}{{#if viewerlink}}<a                            href=\"{{viewerlink}}\"                            class=\"openlink wpfdlightbox wpfd_previewlink\"                            target=\"\"                            data-id=\"{{ID}}\"                            data-catid=\"{{catid}}\"                            data-file-type=\"{{ext}}\">Visualizar<i class=\"zmdi zmdi-filter-center-focus wpfd-preview\"><\/i>                        <\/a>{{\/if}}{{\/if}}            <\/td>            <\/tr>    {{\/each}}    {{\/if}}<\/script><div class=\"wpfd-content wpfd-content-table wpfd-content-multi colstyle\" data-category=\"38\"><input type=\"hidden\" id=\"current_category_38\" value=\"38\" \/>                    <input type=\"hidden\" id=\"current_category_slug_38\" value=\"relacao-de-empresas-estatais\" \/>                    <input type=\"hidden\" id=\"current_ordering_38\" value=\"created_time\" \/>                    <input type=\"hidden\" id=\"current_ordering_direction_38\" value=\"desc\" \/><div class=\"wpfd-container\">        <div class=\"wpfd-open-tree\"><\/div>    <div class=\"wpfd-container-table \">        <div class=\"wpfd-categories\"><\/div>        <table class=\"wpfd-table wpfd-table-bordered wpfd-table-striped mediaTable\">            <thead>            <tr>                <th class=\"essential persist file_title\">T\u00edtulo<\/th><th class=\"optional file_desc\">Descri\u00e7\u00e3o<\/th><th class=\"optional file_created\">Data de Publica\u00e7\u00e3o<\/th><th class=\"essential file_download\">Baixar<\/th>            <\/tr>            <\/thead>            <tbody>                            <tr class=\"file\" data-id=\"2939\"                    data-catid=\"38\">                    <td class=\"file_title\"><a class=\"wpfd_downloadlink\" href=\"https:\/\/portal.pi.gov.br\/jucepi\/download\/38\/relacao-de-empresas-estatais\/2939\/empresas-publicas-sociedades-de-economia-mista-e-sociedades-ano%cc%82nimas.pdf\" title=\"EMPRESAS PU\u0301BLICAS, SOCIEDADES DE ECONOMIA MISTA E SOCIEDADES ANO\u0302NIMAS\"><span class=\"extcol\">                                <span class=\"ext ext-pdf\"><\/span>                                EMPRESAS PU\u0301BLICAS, SOCIEDADES DE ECONOMIA MISTA E SOCIEDADES ANO\u0302NIMAS                            <\/span><\/a><\/td><td class=\"file_desc\"><\/td><td class=\"file_created\">29-12-2025<\/td>                                            <td class=\"col-download\">                            <a class=\"downloadlink wpfd_downloadlink\"  href=\"https:\/\/portal.pi.gov.br\/jucepi\/download\/38\/relacao-de-empresas-estatais\/2939\/empresas-publicas-sociedades-de-economia-mista-e-sociedades-ano%cc%82nimas.pdf\" style=\"background-color:#76bc58;color:#ffffff;\">Baixar<i class=\"zmdi zmdi-cloud-download wpfd-download\"><\/i><\/a><a                            href=\"https:\/\/docs.google.com\/viewer?url=https%3A%2F%2Fportal.pi.gov.br%2Fjucepi%2Fwp-admin%2Fadmin-ajax.php%3Fjuwpfisadmin%3Dfalse%26action%3Dwpfd%26task%3Dfile.download%26wpfd_category_id%3D38%26wpfd_file_id%3D2939%26token%3D%26preview%3D1&#038;embedded=true\"                            class=\"openlink wpfdlightbox wpfd_previewlink\"                            target=\"\"                            data-id=\"2939\"                            data-catid=\"38\"                            data-file-type=\"pdf\">Visualizar<i class=\"zmdi zmdi-filter-center-focus wpfd-preview\"><\/i>                        <\/a>                        <\/td>                                    <\/tr>                            <tr class=\"file\" data-id=\"2544\"                    data-catid=\"38\">                    <td class=\"file_title\"><a class=\"wpfd_downloadlink\" href=\"https:\/\/portal.pi.gov.br\/jucepi\/download\/38\/relacao-de-empresas-estatais\/2544\/relacao-de-empresas-estatais-de-2025.pdf\" title=\"Rela\u00e7\u00e3o de empresas estatais de 2025\"><span class=\"extcol\">                                <span class=\"ext ext-pdf\"><\/span>                                Rela\u00e7\u00e3o de empresas estatais de 2025                            <\/span><\/a><\/td><td class=\"file_desc\"><\/td><td class=\"file_created\">11-03-2025<\/td>                                            <td class=\"col-download\">                            <a class=\"downloadlink wpfd_downloadlink\"  href=\"https:\/\/portal.pi.gov.br\/jucepi\/download\/38\/relacao-de-empresas-estatais\/2544\/relacao-de-empresas-estatais-de-2025.pdf\" style=\"background-color:#76bc58;color:#ffffff;\">Baixar<i class=\"zmdi zmdi-cloud-download wpfd-download\"><\/i><\/a><a                            href=\"https:\/\/docs.google.com\/viewer?url=https%3A%2F%2Fportal.pi.gov.br%2Fjucepi%2Fwp-admin%2Fadmin-ajax.php%3Fjuwpfisadmin%3Dfalse%26action%3Dwpfd%26task%3Dfile.download%26wpfd_category_id%3D38%26wpfd_file_id%3D2544%26token%3D%26preview%3D1&#038;embedded=true\"                            class=\"openlink wpfdlightbox wpfd_previewlink\"                            target=\"\"                            data-id=\"2544\"                            data-catid=\"38\"                            data-file-type=\"pdf\">Visualizar<i class=\"zmdi zmdi-filter-center-focus wpfd-preview\"><\/i>                        <\/a>                        <\/td>                                    <\/tr>                            <tr class=\"file\" data-id=\"1938\"                    data-catid=\"38\">                    <td class=\"file_title\"><a class=\"wpfd_downloadlink\" href=\"https:\/\/portal.pi.gov.br\/jucepi\/download\/38\/relacao-de-empresas-estatais\/1938\/relacao-de-empresas-estatais-de-2024.xlsx\" title=\"Rela\u00e7\u00e3o de empresas estatais de 2024\"><span class=\"extcol\">                                <span class=\"ext ext-xlsx\"><\/span>                                Rela\u00e7\u00e3o de empresas estatais de 2024                            <\/span><\/a><\/td><td class=\"file_desc\">Relat\u00f3rio gerado em janeiro de 2024.<\/td><td class=\"file_created\">04-01-2024<\/td>                                            <td class=\"col-download\">                            <a class=\"downloadlink wpfd_downloadlink\"  href=\"https:\/\/portal.pi.gov.br\/jucepi\/download\/38\/relacao-de-empresas-estatais\/1938\/relacao-de-empresas-estatais-de-2024.xlsx\" style=\"background-color:#76bc58;color:#ffffff;\">Baixar<i class=\"zmdi zmdi-cloud-download wpfd-download\"><\/i><\/a><a                            href=\"https:\/\/docs.google.com\/viewer?url=https%3A%2F%2Fportal.pi.gov.br%2Fjucepi%2Fwp-admin%2Fadmin-ajax.php%3Fjuwpfisadmin%3Dfalse%26action%3Dwpfd%26task%3Dfile.download%26wpfd_category_id%3D38%26wpfd_file_id%3D1938%26token%3D%26preview%3D1&#038;embedded=true\"                            class=\"openlink wpfdlightbox wpfd_previewlink\"                            target=\"\"                            data-id=\"1938\"                            data-catid=\"38\"                            data-file-type=\"xlsx\">Visualizar<i class=\"zmdi zmdi-filter-center-focus wpfd-preview\"><\/i>                        <\/a>                        <\/td>                                    <\/tr>                        <\/tbody>        <\/table>            <\/div><\/div><\/div>\n","protected":false},"excerpt":{"rendered":"<p>Rela\u00e7\u00e3o de Empresas P\u00fablicas e de Sociedades de Economia Mista registradas na Junta Comercial do Estado do Piau\u00ed, em conformidade com a Lei 13.303\/16, art. 92 \u2013 \u201cO Registro P\u00fablico [&hellip;]<\/p>\n","protected":false},"author":1,"featured_media":0,"parent":0,"menu_order":0,"comment_status":"closed","ping_status":"closed","template":"template-fullwidth.php","meta":[],"featured_image_urls":{"full":"","thumbnail":"","medium":"","medium_large":"","large":"","sgg-420":"","sgg-540":"","sgg-780":"","1536x1536":"","2048x2048":"","homepage-slider":"","homepage-slider-small":"","page-top":"","page-small":"","loop-main":"","thumb-gallery-widget":""},"post_excerpt_stackable":"<p>Rela\u00e7\u00e3o de Empresas P\u00fablicas e de Sociedades de Economia Mista registradas na Junta Comercial do Estado do Piau\u00ed, em conformidade com a Lei 13.303\/16, art. 92 \u2013 \u201cO Registro P\u00fablico de Empresas Mercantis e Atividades Afins manter\u00e1 banco de dados p\u00fablico e gratuito, dispon\u00edvel na internet, contendo a rela\u00e7\u00e3o de todas as empresas p\u00fablicas e as sociedades de economia mista.\u201d T\u00edtuloDescri\u00e7\u00e3oData de Publica\u00e7\u00e3oBaixar EMPRESAS PU\u0301BLICAS, SOCIEDADES DE ECONOMIA MISTA E SOCIEDADES ANO\u0302NIMAS 29-12-2025 BaixarVisualizar Rela\u00e7\u00e3o de empresas estatais de 2025 11-03-2025 BaixarVisualizar Rela\u00e7\u00e3o de empresas estatais de 2024 Relat\u00f3rio gerado em janeiro de 2024.04-01-2024 BaixarVisualizar<\/p>\n","category_list":"","author_info":{"name":"admin","url":"https:\/\/portal.pi.gov.br\/jucepi\/author\/admin\/"},"comments_num":"0 coment\u00e1rio","featured_image_urls_v2":{"full":"","thumbnail":"","medium":"","medium_large":"","large":"","sgg-420":"","sgg-540":"","sgg-780":"","1536x1536":"","2048x2048":"","homepage-slider":"","homepage-slider-small":"","page-top":"","page-small":"","loop-main":"","thumb-gallery-widget":""},"post_excerpt_stackable_v2":"<p>Rela\u00e7\u00e3o de Empresas P\u00fablicas e de Sociedades de Economia Mista registradas na Junta Comercial do Estado do Piau\u00ed, em conformidade com a Lei 13.303\/16, art. 92 \u2013 \u201cO Registro P\u00fablico de Empresas Mercantis e Atividades Afins manter\u00e1 banco de dados p\u00fablico e gratuito, dispon\u00edvel na internet, contendo a rela\u00e7\u00e3o de todas as empresas p\u00fablicas e as sociedades de economia mista.\u201d T\u00edtuloDescri\u00e7\u00e3oData de Publica\u00e7\u00e3oBaixar EMPRESAS PU\u0301BLICAS, SOCIEDADES DE ECONOMIA MISTA E SOCIEDADES ANO\u0302NIMAS 29-12-2025 BaixarVisualizar Rela\u00e7\u00e3o de empresas estatais de 2025 11-03-2025 BaixarVisualizar Rela\u00e7\u00e3o de empresas estatais de 2024 Relat\u00f3rio gerado em janeiro de 2024.04-01-2024 BaixarVisualizar<\/p>\n","category_list_v2":"","author_info_v2":{"name":"admin","url":"https:\/\/portal.pi.gov.br\/jucepi\/author\/admin\/"},"comments_num_v2":"0 coment\u00e1rio","_links":{"self":[{"href":"https:\/\/portal.pi.gov.br\/jucepi\/wp-json\/wp\/v2\/pages\/949"}],"collection":[{"href":"https:\/\/portal.pi.gov.br\/jucepi\/wp-json\/wp\/v2\/pages"}],"about":[{"href":"https:\/\/portal.pi.gov.br\/jucepi\/wp-json\/wp\/v2\/types\/page"}],"author":[{"embeddable":true,"href":"https:\/\/portal.pi.gov.br\/jucepi\/wp-json\/wp\/v2\/users\/1"}],"replies":[{"embeddable":true,"href":"https:\/\/portal.pi.gov.br\/jucepi\/wp-json\/wp\/v2\/comments?post=949"}],"version-history":[{"count":10,"href":"https:\/\/portal.pi.gov.br\/jucepi\/wp-json\/wp\/v2\/pages\/949\/revisions"}],"predecessor-version":[{"id":2938,"href":"https:\/\/portal.pi.gov.br\/jucepi\/wp-json\/wp\/v2\/pages\/949\/revisions\/2938"}],"wp:attachment":[{"href":"https:\/\/portal.pi.gov.br\/jucepi\/wp-json\/wp\/v2\/media?parent=949"}],"curies":[{"name":"wp","href":"https:\/\/api.w.org\/{rel}","templated":true}]}}