{"id":1382,"date":"2022-02-25T08:03:36","date_gmt":"2022-02-25T11:03:36","guid":{"rendered":"https:\/\/portal.pi.gov.br\/cfaf\/?page_id=1382"},"modified":"2022-08-03T22:23:07","modified_gmt":"2022-08-04T01:23:07","slug":"selecoes","status":"publish","type":"page","link":"https:\/\/portal.pi.gov.br\/nufaf\/selecoes\/","title":{"rendered":"Certificados"},"content":{"rendered":"\n<p><a href=\"https:\/\/portal.pi.gov.br\/cfaf\/certificados-do-curso-1\/\">IV ENCONTRO DE GESTORES &#8211; CAMINHOS PARA A INOVA\u00c7\u00c3O NA GEST\u00c3O ESCOLAR<\/a><\/p>\n\n\n\n<p><a href=\"https:\/\/portal.pi.gov.br\/cfaf\/atendimento-educacional-especializado-aee\/\">ATENDIMENTO EDUCACIONAL ESPECIALIZADO &#8211; AEE<\/a><\/p>\n\n\n\n<p><a href=\"https:\/\/portal.pi.gov.br\/cfaf\/gestao-financeira-na-escola\/\">GEST\u00c3O FINANCEIRA NA ESCOLA<\/a><\/p>\n\n\n\n<p><a href=\"https:\/\/portal.pi.gov.br\/cfaf\/blended-learning\/\">BLENDED LEARNING<\/a><\/p>\n\n\n\n<p><a href=\"https:\/\/portal.pi.gov.br\/cfaf\/direitos-humanos-do-servidor-publico\/\">DIREITOS HUMANOS DO SERVIDOR PUBLICO<\/a><\/p>\n\n\n\n<p><a href=\"https:\/\/portal.pi.gov.br\/cfaf\/espanhol-mod-3\/\">ESPANHOL MOD 3<\/a><\/p>\n\n\n\n<p><a href=\"https:\/\/portal.pi.gov.br\/cfaf\/ingles-mod-1\/\">INGLES MOD 1<\/a><\/p>\n\n\n\n<p><a href=\"https:\/\/portal.pi.gov.br\/cfaf\/ingles-mod-3\/\">INGLES MOD 3<\/a><\/p>\n\n\n\n<p><a href=\"https:\/\/portal.pi.gov.br\/cfaf\/ingles-mod-4\/\">INGLES MOD 4<\/a><\/p>\n\n\n\n<p><a href=\"https:\/\/portal.pi.gov.br\/cfaf\/a-nova-arquitetura\/\">A NOVA ARQUITETURA<\/a><\/p>\n\n\n\n<p><a href=\"https:\/\/portal.pi.gov.br\/cfaf\/praticas-em-metodologias-ativas\/\">PRATICAS EM METODOLOGIAS ATIVAS<\/a><\/p>\n\n\n\n<p><a href=\"https:\/\/portal.pi.gov.br\/cfaf\/metodologias-matematica-manha\/\">METODOLOGIAS MATEMATICA &#8211; Manh\u00e3<\/a><\/p>\n\n\n\n<p><a href=\"https:\/\/portal.pi.gov.br\/cfaf\/metodologias-matematica-manha-60h\/\">METODOLOGIAS MATEMATICA &#8211; Manh\u00e3 (60h)<\/a><\/p>\n\n\n\n<p><a href=\"https:\/\/portal.pi.gov.br\/cfaf\/metodologias-matematica-tarde\/\">METODOLOGIAS MATEMATICA &#8211; Tarde<\/a><\/p>\n\n\n\n<p><a href=\"https:\/\/portal.pi.gov.br\/cfaf\/vivendo-matematicamente\/\">VIVENDO MATEMATICAMENTE<\/a><\/p>\n\n\n\n<p><a href=\"https:\/\/portal.pi.gov.br\/cfaf\/praticas-em-gestao-e-lideranca-no-servico-publico\/\">PR\u00c1TICAS EM GEST\u00c3O E LIDERAN\u00c7A NO SERVI\u00c7O P\u00daBLICO<\/a><\/p>\n\n\n\n<p><a href=\"https:\/\/portal.pi.gov.br\/cfaf\/descomplicando-o-processo-de-selecao-de-pos-graduacao-stricto-senso\/\">DESCOMPLICANDO O PROCESSO DE SELE\u00c7\u00c3O DE P\u00d3S-GRADUA\u00c7\u00c3O STRICTO SENSO<\/a><\/p>\n","protected":false},"excerpt":{"rendered":"<p>IV ENCONTRO DE GESTORES &#8211; CAMINHOS PARA A INOVA\u00c7\u00c3O NA GEST\u00c3O ESCOLAR ATENDIMENTO EDUCACIONAL ESPECIALIZADO &#8211; AEE GEST\u00c3O FINANCEIRA NA ESCOLA BLENDED LEARNING DIREITOS HUMANOS DO SERVIDOR PUBLICO ESPANHOL MOD [&hellip;]<\/p>\n","protected":false},"author":1,"featured_media":0,"parent":0,"menu_order":0,"comment_status":"closed","ping_status":"closed","template":"template-fullwidth.php","meta":[],"featured_image_urls":{"full":"","thumbnail":"","medium":"","medium_large":"","large":"","sgg-420":"","sgg-540":"","sgg-780":"","1536x1536":"","2048x2048":"","homepage-slider":"","homepage-slider-small":"","page-top":"","page-small":"","loop-main":"","thumb-gallery-widget":""},"post_excerpt_stackable":"<p>IV ENCONTRO DE GESTORES &#8211; CAMINHOS PARA A INOVA\u00c7\u00c3O NA GEST\u00c3O ESCOLAR ATENDIMENTO EDUCACIONAL ESPECIALIZADO &#8211; AEE GEST\u00c3O FINANCEIRA NA ESCOLA BLENDED LEARNING DIREITOS HUMANOS DO SERVIDOR PUBLICO ESPANHOL MOD 3 INGLES MOD 1 INGLES MOD 3 INGLES MOD 4 A NOVA ARQUITETURA PRATICAS EM METODOLOGIAS ATIVAS METODOLOGIAS MATEMATICA &#8211; Manh\u00e3 METODOLOGIAS MATEMATICA &#8211; Manh\u00e3 (60h) METODOLOGIAS MATEMATICA &#8211; Tarde VIVENDO MATEMATICAMENTE PR\u00c1TICAS EM GEST\u00c3O E LIDERAN\u00c7A NO SERVI\u00c7O P\u00daBLICO DESCOMPLICANDO O PROCESSO DE SELE\u00c7\u00c3O DE P\u00d3S-GRADUA\u00c7\u00c3O STRICTO SENSO<\/p>\n","category_list":"","author_info":{"name":"admin","url":"https:\/\/portal.pi.gov.br\/nufaf\/author\/admin\/"},"comments_num":"0 coment\u00e1rio","featured_image_urls_v2":{"full":"","thumbnail":"","medium":"","medium_large":"","large":"","sgg-420":"","sgg-540":"","sgg-780":"","1536x1536":"","2048x2048":"","homepage-slider":"","homepage-slider-small":"","page-top":"","page-small":"","loop-main":"","thumb-gallery-widget":""},"post_excerpt_stackable_v2":"<p>IV ENCONTRO DE GESTORES &#8211; CAMINHOS PARA A INOVA\u00c7\u00c3O NA GEST\u00c3O ESCOLAR ATENDIMENTO EDUCACIONAL ESPECIALIZADO &#8211; AEE GEST\u00c3O FINANCEIRA NA ESCOLA BLENDED LEARNING DIREITOS HUMANOS DO SERVIDOR PUBLICO ESPANHOL MOD 3 INGLES MOD 1 INGLES MOD 3 INGLES MOD 4 A NOVA ARQUITETURA PRATICAS EM METODOLOGIAS ATIVAS METODOLOGIAS MATEMATICA &#8211; Manh\u00e3 METODOLOGIAS MATEMATICA &#8211; Manh\u00e3 (60h) METODOLOGIAS MATEMATICA &#8211; Tarde VIVENDO MATEMATICAMENTE PR\u00c1TICAS EM GEST\u00c3O E LIDERAN\u00c7A NO SERVI\u00c7O P\u00daBLICO DESCOMPLICANDO O PROCESSO DE SELE\u00c7\u00c3O DE P\u00d3S-GRADUA\u00c7\u00c3O STRICTO SENSO<\/p>\n","category_list_v2":"","author_info_v2":{"name":"admin","url":"https:\/\/portal.pi.gov.br\/nufaf\/author\/admin\/"},"comments_num_v2":"0 coment\u00e1rio","_links":{"self":[{"href":"https:\/\/portal.pi.gov.br\/nufaf\/wp-json\/wp\/v2\/pages\/1382"}],"collection":[{"href":"https:\/\/portal.pi.gov.br\/nufaf\/wp-json\/wp\/v2\/pages"}],"about":[{"href":"https:\/\/portal.pi.gov.br\/nufaf\/wp-json\/wp\/v2\/types\/page"}],"author":[{"embeddable":true,"href":"https:\/\/portal.pi.gov.br\/nufaf\/wp-json\/wp\/v2\/users\/1"}],"replies":[{"embeddable":true,"href":"https:\/\/portal.pi.gov.br\/nufaf\/wp-json\/wp\/v2\/comments?post=1382"}],"version-history":[{"count":8,"href":"https:\/\/portal.pi.gov.br\/nufaf\/wp-json\/wp\/v2\/pages\/1382\/revisions"}],"predecessor-version":[{"id":1612,"href":"https:\/\/portal.pi.gov.br\/nufaf\/wp-json\/wp\/v2\/pages\/1382\/revisions\/1612"}],"wp:attachment":[{"href":"https:\/\/portal.pi.gov.br\/nufaf\/wp-json\/wp\/v2\/media?parent=1382"}],"curies":[{"name":"wp","href":"https:\/\/api.w.org\/{rel}","templated":true}]}}