{"id":877,"date":"2021-04-20T10:55:19","date_gmt":"2021-04-20T13:55:19","guid":{"rendered":"http:\/\/portal.pi.gov.br\/cfaf\/?page_id=877"},"modified":"2021-08-16T14:43:46","modified_gmt":"2021-08-16T17:43:46","slug":"historia","status":"publish","type":"page","link":"https:\/\/portal.pi.gov.br\/nufaf\/historia\/","title":{"rendered":"Hist\u00f3ria"},"content":{"rendered":"\n<p>Em 2015, tomando por base a Legisla\u00e7\u00e3o existente, a Secret\u00e1ria de Educa\u00e7\u00e3o, Rejane Dias, oficializou atrav\u00e9s da Portaria GSE\/ADM n\u00ba 0201\/2015 a retomada do funcionamento da institui\u00e7\u00e3o em quest\u00e3o, como Centro de Forma\u00e7\u00e3o dos Profissionais da Educa\u00e7\u00e3o B\u00e1sica do Piau\u00ed.<\/p>\n\n\n\n<p>O Centro de Forma\u00e7\u00e3o do Servidor Antonino Freire \u2013 CFAF \u2013 foi criado com a Reforma Administrativa feita pelo Governo do Estado em abril de 2019, conforme o art. 19, da Lei n\u00ba 7.221, de 22 de Abril de 2019, que acrescentou a al\u00ednea c, ao ao \u00a72\u00b0, do art. 12, da Lei n\u00ba 7.048, de 16 de outubro de 2017, que extinguiu o Instituto Superior de Educa\u00e7\u00e3o Antonino Freire, ISEAF e transferiu todas as suas atribui\u00e7\u00f5es, estrutura, patrim\u00f4nio, recursos financeiros e or\u00e7ament\u00e1rios para a Funda\u00e7\u00e3o Universidade Estadual do Piau\u00ed.<\/p>\n\n\n\n<p>O CFAF tem por obriga\u00e7\u00e3o, a forma\u00e7\u00e3o t\u00e9cnico-profissional, o treinamento, aperfei\u00e7oamento, especializa\u00e7\u00e3o e realiza\u00e7\u00e3o de cursos, capacita\u00e7\u00e3o e promo\u00e7\u00e3o de cursos de forma\u00e7\u00e3o e qualifica\u00e7\u00e3o profissionais dos servidores p\u00fablicos civis do Estado do Piau\u00ed.<\/p>\n\n\n\n<p>O Centro tem por finalidade coordenar a gest\u00e3o do conhecimento, a fim de proporcionar uma articula\u00e7\u00e3o coerente com as compet\u00eancias individuais e organizacionais de cada \u00f3rg\u00e3o e entidade do Poder Executivo Estadual, visando o aprimoramento da gest\u00e3o p\u00fablica. Atendendo as demandas no que concerne \u00e0s pol\u00edticas de forma\u00e7\u00e3o continuada e cumprindo as metas estabelecidas no Plano Estadual de Educa\u00e7\u00e3o.<\/p>\n","protected":false},"excerpt":{"rendered":"<p>Em 2015, tomando por base a Legisla\u00e7\u00e3o existente, a Secret\u00e1ria de Educa\u00e7\u00e3o, Rejane Dias, oficializou atrav\u00e9s da Portaria GSE\/ADM n\u00ba 0201\/2015 a retomada do funcionamento da institui\u00e7\u00e3o em quest\u00e3o, como [&hellip;]<\/p>\n","protected":false},"author":1,"featured_media":0,"parent":0,"menu_order":0,"comment_status":"closed","ping_status":"closed","template":"","meta":[],"featured_image_urls":{"full":"","thumbnail":"","medium":"","medium_large":"","large":"","sgg-420":"","sgg-540":"","sgg-780":"","1536x1536":"","2048x2048":"","homepage-slider":"","homepage-slider-small":"","page-top":"","page-small":"","loop-main":"","thumb-gallery-widget":""},"post_excerpt_stackable":"<p>Em 2015, tomando por base a Legisla\u00e7\u00e3o existente, a Secret\u00e1ria de Educa\u00e7\u00e3o, Rejane Dias, oficializou atrav\u00e9s da Portaria GSE\/ADM n\u00ba 0201\/2015 a retomada do funcionamento da institui\u00e7\u00e3o em quest\u00e3o, como Centro de Forma\u00e7\u00e3o dos Profissionais da Educa\u00e7\u00e3o B\u00e1sica do Piau\u00ed. O Centro de Forma\u00e7\u00e3o do Servidor Antonino Freire \u2013 CFAF \u2013 foi criado com a Reforma Administrativa feita pelo Governo do Estado em abril de 2019, conforme o art. 19, da Lei n\u00ba 7.221, de 22 de Abril de 2019, que acrescentou a al\u00ednea c, ao ao \u00a72\u00b0, do art. 12, da Lei n\u00ba 7.048, de 16 de outubro de&hellip;<\/p>\n","category_list":"","author_info":{"name":"admin","url":"https:\/\/portal.pi.gov.br\/nufaf\/author\/admin\/"},"comments_num":"0 coment\u00e1rio","featured_image_urls_v2":{"full":"","thumbnail":"","medium":"","medium_large":"","large":"","sgg-420":"","sgg-540":"","sgg-780":"","1536x1536":"","2048x2048":"","homepage-slider":"","homepage-slider-small":"","page-top":"","page-small":"","loop-main":"","thumb-gallery-widget":""},"post_excerpt_stackable_v2":"<p>Em 2015, tomando por base a Legisla\u00e7\u00e3o existente, a Secret\u00e1ria de Educa\u00e7\u00e3o, Rejane Dias, oficializou atrav\u00e9s da Portaria GSE\/ADM n\u00ba 0201\/2015 a retomada do funcionamento da institui\u00e7\u00e3o em quest\u00e3o, como Centro de Forma\u00e7\u00e3o dos Profissionais da Educa\u00e7\u00e3o B\u00e1sica do Piau\u00ed. O Centro de Forma\u00e7\u00e3o do Servidor Antonino Freire \u2013 CFAF \u2013 foi criado com a Reforma Administrativa feita pelo Governo do Estado em abril de 2019, conforme o art. 19, da Lei n\u00ba 7.221, de 22 de Abril de 2019, que acrescentou a al\u00ednea c, ao ao \u00a72\u00b0, do art. 12, da Lei n\u00ba 7.048, de 16 de outubro de&hellip;<\/p>\n","category_list_v2":"","author_info_v2":{"name":"admin","url":"https:\/\/portal.pi.gov.br\/nufaf\/author\/admin\/"},"comments_num_v2":"0 coment\u00e1rio","_links":{"self":[{"href":"https:\/\/portal.pi.gov.br\/nufaf\/wp-json\/wp\/v2\/pages\/877"}],"collection":[{"href":"https:\/\/portal.pi.gov.br\/nufaf\/wp-json\/wp\/v2\/pages"}],"about":[{"href":"https:\/\/portal.pi.gov.br\/nufaf\/wp-json\/wp\/v2\/types\/page"}],"author":[{"embeddable":true,"href":"https:\/\/portal.pi.gov.br\/nufaf\/wp-json\/wp\/v2\/users\/1"}],"replies":[{"embeddable":true,"href":"https:\/\/portal.pi.gov.br\/nufaf\/wp-json\/wp\/v2\/comments?post=877"}],"version-history":[{"count":3,"href":"https:\/\/portal.pi.gov.br\/nufaf\/wp-json\/wp\/v2\/pages\/877\/revisions"}],"predecessor-version":[{"id":1027,"href":"https:\/\/portal.pi.gov.br\/nufaf\/wp-json\/wp\/v2\/pages\/877\/revisions\/1027"}],"wp:attachment":[{"href":"https:\/\/portal.pi.gov.br\/nufaf\/wp-json\/wp\/v2\/media?parent=877"}],"curies":[{"name":"wp","href":"https:\/\/api.w.org\/{rel}","templated":true}]}}