{"id":879,"date":"2021-04-20T10:56:09","date_gmt":"2021-04-20T13:56:09","guid":{"rendered":"http:\/\/portal.pi.gov.br\/cfaf\/?page_id=879"},"modified":"2021-08-19T11:50:15","modified_gmt":"2021-08-19T14:50:15","slug":"palavra-da-diretora","status":"publish","type":"page","link":"https:\/\/portal.pi.gov.br\/nufaf\/palavra-da-diretora\/","title":{"rendered":"Palavra da Diretora"},"content":{"rendered":"\n<p>A gest\u00e3o p\u00fablica tem em sua base alguns pilares fundamentais, tais como: o uso racional dos recursos com a sua devida transpar\u00eancia, presta\u00e7\u00e3o de servi\u00e7o p\u00fablico de qualidade por meio de servidores \u00e9ticos, comprometidos e satisfeitos.<\/p>\n\n\n\n<p>Nesse contexto, o Governo do Piau\u00ed, o Exmo. Senhor Governador Wellington Dias, criou o Centro de Forma\u00e7\u00e3o do Servidor Antonino Freire- CFAF, que tem como miss\u00e3o qualificar continuamente todos (as) os servidores (as) p\u00fablicos civis do Estado, para obter o m\u00e1ximo de entrega dos mesmos, propiciando uma contrapartida de acompanhamento, avalia\u00e7\u00e3o e aplica\u00e7\u00e3o desses servidores (as), para melhor remuner\u00e1-los.<\/p>\n\n\n\n<p>O CFAF \u00e9 seu. Fa\u00e7a parte dos cursos e eventos aqui preparados.<\/p>\n\n\n\n<p>Tudo \u00e9 para voc\u00ea, tudo \u00e9 por um Piau\u00ed melhor para todos (as).<\/p>\n\n\n\n<p>Lucile de Souza Moura<\/p>\n\n\n\n<p>Diretora Geral do Centro de Forma\u00e7\u00e3o do Servidor Antonino Freire <\/p>\n\n\n\n<p>Contatos: (86) 98884- 6859 \/ lucilemoura@segov.pi.gov.br<\/p>\n","protected":false},"excerpt":{"rendered":"<p>A gest\u00e3o p\u00fablica tem em sua base alguns pilares fundamentais, tais como: o uso racional dos recursos com a sua devida transpar\u00eancia, presta\u00e7\u00e3o de servi\u00e7o p\u00fablico de qualidade por meio [&hellip;]<\/p>\n","protected":false},"author":1,"featured_media":0,"parent":0,"menu_order":0,"comment_status":"closed","ping_status":"closed","template":"","meta":[],"featured_image_urls":{"full":"","thumbnail":"","medium":"","medium_large":"","large":"","sgg-420":"","sgg-540":"","sgg-780":"","1536x1536":"","2048x2048":"","homepage-slider":"","homepage-slider-small":"","page-top":"","page-small":"","loop-main":"","thumb-gallery-widget":""},"post_excerpt_stackable":"<p>A gest\u00e3o p\u00fablica tem em sua base alguns pilares fundamentais, tais como: o uso racional dos recursos com a sua devida transpar\u00eancia, presta\u00e7\u00e3o de servi\u00e7o p\u00fablico de qualidade por meio de servidores \u00e9ticos, comprometidos e satisfeitos. Nesse contexto, o Governo do Piau\u00ed, o Exmo. Senhor Governador Wellington Dias, criou o Centro de Forma\u00e7\u00e3o do Servidor Antonino Freire- CFAF, que tem como miss\u00e3o qualificar continuamente todos (as) os servidores (as) p\u00fablicos civis do Estado, para obter o m\u00e1ximo de entrega dos mesmos, propiciando uma contrapartida de acompanhamento, avalia\u00e7\u00e3o e aplica\u00e7\u00e3o desses servidores (as), para melhor remuner\u00e1-los. O CFAF \u00e9 seu. Fa\u00e7a&hellip;<\/p>\n","category_list":"","author_info":{"name":"admin","url":"https:\/\/portal.pi.gov.br\/nufaf\/author\/admin\/"},"comments_num":"0 coment\u00e1rio","featured_image_urls_v2":{"full":"","thumbnail":"","medium":"","medium_large":"","large":"","sgg-420":"","sgg-540":"","sgg-780":"","1536x1536":"","2048x2048":"","homepage-slider":"","homepage-slider-small":"","page-top":"","page-small":"","loop-main":"","thumb-gallery-widget":""},"post_excerpt_stackable_v2":"<p>A gest\u00e3o p\u00fablica tem em sua base alguns pilares fundamentais, tais como: o uso racional dos recursos com a sua devida transpar\u00eancia, presta\u00e7\u00e3o de servi\u00e7o p\u00fablico de qualidade por meio de servidores \u00e9ticos, comprometidos e satisfeitos. Nesse contexto, o Governo do Piau\u00ed, o Exmo. Senhor Governador Wellington Dias, criou o Centro de Forma\u00e7\u00e3o do Servidor Antonino Freire- CFAF, que tem como miss\u00e3o qualificar continuamente todos (as) os servidores (as) p\u00fablicos civis do Estado, para obter o m\u00e1ximo de entrega dos mesmos, propiciando uma contrapartida de acompanhamento, avalia\u00e7\u00e3o e aplica\u00e7\u00e3o desses servidores (as), para melhor remuner\u00e1-los. O CFAF \u00e9 seu. Fa\u00e7a&hellip;<\/p>\n","category_list_v2":"","author_info_v2":{"name":"admin","url":"https:\/\/portal.pi.gov.br\/nufaf\/author\/admin\/"},"comments_num_v2":"0 coment\u00e1rio","_links":{"self":[{"href":"https:\/\/portal.pi.gov.br\/nufaf\/wp-json\/wp\/v2\/pages\/879"}],"collection":[{"href":"https:\/\/portal.pi.gov.br\/nufaf\/wp-json\/wp\/v2\/pages"}],"about":[{"href":"https:\/\/portal.pi.gov.br\/nufaf\/wp-json\/wp\/v2\/types\/page"}],"author":[{"embeddable":true,"href":"https:\/\/portal.pi.gov.br\/nufaf\/wp-json\/wp\/v2\/users\/1"}],"replies":[{"embeddable":true,"href":"https:\/\/portal.pi.gov.br\/nufaf\/wp-json\/wp\/v2\/comments?post=879"}],"version-history":[{"count":6,"href":"https:\/\/portal.pi.gov.br\/nufaf\/wp-json\/wp\/v2\/pages\/879\/revisions"}],"predecessor-version":[{"id":1058,"href":"https:\/\/portal.pi.gov.br\/nufaf\/wp-json\/wp\/v2\/pages\/879\/revisions\/1058"}],"wp:attachment":[{"href":"https:\/\/portal.pi.gov.br\/nufaf\/wp-json\/wp\/v2\/media?parent=879"}],"curies":[{"name":"wp","href":"https:\/\/api.w.org\/{rel}","templated":true}]}}