{"id":881,"date":"2021-04-20T10:56:38","date_gmt":"2021-04-20T13:56:38","guid":{"rendered":"http:\/\/portal.pi.gov.br\/cfaf\/?page_id=881"},"modified":"2023-01-24T12:22:43","modified_gmt":"2023-01-24T15:22:43","slug":"administracao","status":"publish","type":"page","link":"https:\/\/portal.pi.gov.br\/nufaf\/administracao\/","title":{"rendered":"Administra\u00e7\u00e3o"},"content":{"rendered":"\n<p><strong>GOVERNO DO ESTADO DO PIAU\u00cd<br><\/strong>Jos\u00e9 Wellington Barroso de Ara\u00fajo Dias<\/p>\n\n\n\n<p><strong>UNIVERSIDADE ESTADUAL DO PIAU\u00cd<br><\/strong>Reitor: Prof. Dr. Evandro Alberto de Sousa<br>Vice-Reitora: Prof\u00aa Me. Rosineide Candeia<\/p>\n\n\n\n<p>Pr\u00f3-Reitora de Extens\u00e3o: Prof\u00aa Dr. Eliene Maria Figueiredo Pierot<\/p>\n\n\n\n<p><strong>N\u00daCLEO DE FORMA\u00c7\u00c3O DO SERVIDOR ANTONINO FREIRE<\/strong><br>Diretora Geral: Prof\u00aa Me. Lucile de Souza Moura<\/p>\n\n\n\n<p>E-mail: lucilemoura@segov.pi.gov.b<\/p>\n\n\n\n<p>Coordenador de Planejamento: Prof. Dr. Vin\u00edcius Alexandre Oliveira<\/p>\n\n\n\n<p>E-mail: viniciusalexandre@cefaf.uespi.br<\/p>\n\n\n\n<p>Coordenador Pedag\u00f3gico: Prof. Dr. Dami\u00e3o Cosme de Carvalho Rocha<\/p>\n\n\n\n<p>E-mail: damiaocosme@cefaf.uespi.br<\/p>\n\n\n\n<p><strong>Assessoria de Comunica\u00e7\u00e3o do CFAF<\/strong><\/p>\n\n\n\n<p>E-mail: ascom@cefaf.uespi.br<\/p>\n\n\n\n<p>Chefe da Assessoria de Comunica\u00e7\u00e3o da Uespi: Sammara Jeric\u00f3<\/p>\n\n\n\n<p>Telefone: (86)3213-7398<\/p>\n\n\n\n<p>E-mail: <a href=\"https:\/\/www.uespi.br\/site\/mailto\">comunicacao@uespi.br<\/a><\/p>\n\n\n\n<p>&nbsp;<strong>Recep\u00e7\u00e3o e Secretaria<\/strong><\/p>\n\n\n\n<p>Recep\u00e7\u00e3o- 3216- 2158<\/p>\n\n\n\n<p>E-mail geral: cefaf@cefaf.uespi.br<\/p>\n\n\n\n<p>Secretaria:&nbsp; apoiosecretaria@cefaf.uespi.br<\/p>\n","protected":false},"excerpt":{"rendered":"<p>GOVERNO DO ESTADO DO PIAU\u00cdJos\u00e9 Wellington Barroso de Ara\u00fajo Dias UNIVERSIDADE ESTADUAL DO PIAU\u00cdReitor: Prof. Dr. Evandro Alberto de SousaVice-Reitora: Prof\u00aa Me. Rosineide Candeia Pr\u00f3-Reitora de Extens\u00e3o: Prof\u00aa Dr. Eliene [&hellip;]<\/p>\n","protected":false},"author":1,"featured_media":0,"parent":0,"menu_order":0,"comment_status":"closed","ping_status":"closed","template":"","meta":[],"featured_image_urls":{"full":"","thumbnail":"","medium":"","medium_large":"","large":"","sgg-420":"","sgg-540":"","sgg-780":"","1536x1536":"","2048x2048":"","homepage-slider":"","homepage-slider-small":"","page-top":"","page-small":"","loop-main":"","thumb-gallery-widget":""},"post_excerpt_stackable":"<p>GOVERNO DO ESTADO DO PIAU\u00cdJos\u00e9 Wellington Barroso de Ara\u00fajo Dias UNIVERSIDADE ESTADUAL DO PIAU\u00cdReitor: Prof. Dr. Evandro Alberto de SousaVice-Reitora: Prof\u00aa Me. Rosineide Candeia Pr\u00f3-Reitora de Extens\u00e3o: Prof\u00aa Dr. Eliene Maria Figueiredo Pierot N\u00daCLEO DE FORMA\u00c7\u00c3O DO SERVIDOR ANTONINO FREIREDiretora Geral: Prof\u00aa Me. Lucile de Souza Moura E-mail: lucilemoura@segov.pi.gov.b Coordenador de Planejamento: Prof. Dr. Vin\u00edcius Alexandre Oliveira E-mail: viniciusalexandre@cefaf.uespi.br Coordenador Pedag\u00f3gico: Prof. Dr. Dami\u00e3o Cosme de Carvalho Rocha E-mail: damiaocosme@cefaf.uespi.br Assessoria de Comunica\u00e7\u00e3o do CFAF E-mail: ascom@cefaf.uespi.br Chefe da Assessoria de Comunica\u00e7\u00e3o da Uespi: Sammara Jeric\u00f3 Telefone: (86)3213-7398 E-mail: comunicacao@uespi.br &nbsp;Recep\u00e7\u00e3o e Secretaria Recep\u00e7\u00e3o- 3216- 2158 E-mail geral: cefaf@cefaf.uespi.br Secretaria:&nbsp;&hellip;<\/p>\n","category_list":"","author_info":{"name":"admin","url":"https:\/\/portal.pi.gov.br\/nufaf\/author\/admin\/"},"comments_num":"0 coment\u00e1rio","featured_image_urls_v2":{"full":"","thumbnail":"","medium":"","medium_large":"","large":"","sgg-420":"","sgg-540":"","sgg-780":"","1536x1536":"","2048x2048":"","homepage-slider":"","homepage-slider-small":"","page-top":"","page-small":"","loop-main":"","thumb-gallery-widget":""},"post_excerpt_stackable_v2":"<p>GOVERNO DO ESTADO DO PIAU\u00cdJos\u00e9 Wellington Barroso de Ara\u00fajo Dias UNIVERSIDADE ESTADUAL DO PIAU\u00cdReitor: Prof. Dr. Evandro Alberto de SousaVice-Reitora: Prof\u00aa Me. Rosineide Candeia Pr\u00f3-Reitora de Extens\u00e3o: Prof\u00aa Dr. Eliene Maria Figueiredo Pierot N\u00daCLEO DE FORMA\u00c7\u00c3O DO SERVIDOR ANTONINO FREIREDiretora Geral: Prof\u00aa Me. Lucile de Souza Moura E-mail: lucilemoura@segov.pi.gov.b Coordenador de Planejamento: Prof. Dr. Vin\u00edcius Alexandre Oliveira E-mail: viniciusalexandre@cefaf.uespi.br Coordenador Pedag\u00f3gico: Prof. Dr. Dami\u00e3o Cosme de Carvalho Rocha E-mail: damiaocosme@cefaf.uespi.br Assessoria de Comunica\u00e7\u00e3o do CFAF E-mail: ascom@cefaf.uespi.br Chefe da Assessoria de Comunica\u00e7\u00e3o da Uespi: Sammara Jeric\u00f3 Telefone: (86)3213-7398 E-mail: comunicacao@uespi.br &nbsp;Recep\u00e7\u00e3o e Secretaria Recep\u00e7\u00e3o- 3216- 2158 E-mail geral: cefaf@cefaf.uespi.br Secretaria:&nbsp;&hellip;<\/p>\n","category_list_v2":"","author_info_v2":{"name":"admin","url":"https:\/\/portal.pi.gov.br\/nufaf\/author\/admin\/"},"comments_num_v2":"0 coment\u00e1rio","_links":{"self":[{"href":"https:\/\/portal.pi.gov.br\/nufaf\/wp-json\/wp\/v2\/pages\/881"}],"collection":[{"href":"https:\/\/portal.pi.gov.br\/nufaf\/wp-json\/wp\/v2\/pages"}],"about":[{"href":"https:\/\/portal.pi.gov.br\/nufaf\/wp-json\/wp\/v2\/types\/page"}],"author":[{"embeddable":true,"href":"https:\/\/portal.pi.gov.br\/nufaf\/wp-json\/wp\/v2\/users\/1"}],"replies":[{"embeddable":true,"href":"https:\/\/portal.pi.gov.br\/nufaf\/wp-json\/wp\/v2\/comments?post=881"}],"version-history":[{"count":5,"href":"https:\/\/portal.pi.gov.br\/nufaf\/wp-json\/wp\/v2\/pages\/881\/revisions"}],"predecessor-version":[{"id":1687,"href":"https:\/\/portal.pi.gov.br\/nufaf\/wp-json\/wp\/v2\/pages\/881\/revisions\/1687"}],"wp:attachment":[{"href":"https:\/\/portal.pi.gov.br\/nufaf\/wp-json\/wp\/v2\/media?parent=881"}],"curies":[{"name":"wp","href":"https:\/\/api.w.org\/{rel}","templated":true}]}}