{"id":885,"date":"2021-04-20T10:57:37","date_gmt":"2021-04-20T13:57:37","guid":{"rendered":"http:\/\/portal.pi.gov.br\/cfaf\/?page_id=885"},"modified":"2022-05-06T09:59:23","modified_gmt":"2022-05-06T12:59:23","slug":"corpo-docente","status":"publish","type":"page","link":"https:\/\/portal.pi.gov.br\/nufaf\/corpo-docente\/","title":{"rendered":"Corpo Docente"},"content":{"rendered":"\n<h2 class=\"has-normal-font-size wp-block-heading\">LINGUAGENS<\/h2>\n\n\n\n<p>Adrianna Oliveira Felisberto &#8211; adriannafelisberto@cfaf.uespi.br<\/p>\n\n\n\n<p>Cezar Augusto Bances Arbanil &#8211; cezaraugusto@cfaf.uespi.br<\/p>\n\n\n\n<p>Claudia Martins Santos &#8211; claudiamartins@cfaf.uespi.br<\/p>\n\n\n\n<p>Concei\u00e7\u00e3o de Maria Costa Ribeiro Galv\u00e3o de S\u00e1 &#8211; conceicaogalvao@cfaf.uespi.br<\/p>\n\n\n\n<p>Diane Mendes Feitosa &#8211; dianemendes@cfaf.uespi.br<\/p>\n\n\n\n<p>H\u00e9rica Regina Vieira Santos &#8211; hericasantos@cfaf.uespi.br<\/p>\n\n\n\n<p>Eliana Pereira de Carvalho &#8211; elianapereira@cfaf.uespi.br<\/p>\n\n\n\n<p>Maria Rosemary de Jesus Pintos &#8211; rosejesus@cfaf.uespi.br<\/p>\n\n\n\n<p>Raimundo Nonato Sousa &#8211; raimundosousa@cfaf.uespi.br<\/p>\n\n\n\n<p>Rosimar da Silva Feitosa Soares Costa &#8211; rosimarsilva@cfaf.uespi.br<\/p>\n\n\n\n<div style=\"height:5px\" aria-hidden=\"true\" class=\"wp-block-spacer\"><\/div>\n\n\n\n<h2 class=\"has-normal-font-size wp-block-heading\">CI\u00caNCIAS DA NATUREZA<\/h2>\n\n\n\n<p>Adriana de Sousa Lima &#8211; adrianasousa@cfaf.uespi.br<\/p>\n\n\n\n<p>Izael Ara\u00fajo Lima &#8211; izaelaraujo@cfaf.uespi.br<\/p>\n\n\n\n<p>Jardel Pinho Sena &#8211; jardelpinho@cfaf.uespi.br<\/p>\n\n\n\n<p>Jefferson Nunes dos Santos- jeffersonnunes@cfaf.uespi.br<\/p>\n\n\n\n<div style=\"height:5px\" aria-hidden=\"true\" class=\"wp-block-spacer\"><\/div>\n\n\n\n<h2 class=\"has-normal-font-size wp-block-heading\">CI\u00caNCIAS EXATAS<\/h2>\n\n\n\n<p>Anadelia Carvalho dos Santos e Silva &#8211; anadeliacarvalho@cfaf.uespi.br<\/p>\n\n\n\n<p>Marcia Maria da Silva Moraes &#8211; marciamaria@cfaf.uespi.br<\/p>\n\n\n\n<p>Ranildo Lopes de Sousa Penha &#8211; ranildolopes@cfaf.uespi.br<\/p>\n\n\n\n<div style=\"height:5px\" aria-hidden=\"true\" class=\"wp-block-spacer\"><\/div>\n\n\n\n<h2 class=\"has-normal-font-size wp-block-heading\">CI\u00caNCIAS HUMANAS<\/h2>\n\n\n\n<p>Bernardo Borges Feitosa &#8211; bernanrdoborges@cfaf.uespi.br<\/p>\n\n\n\n<p>Jo\u00e3o Patr\u00edcio de Carvalho &#8211; joaopatricio@cfaf.uespi.br<\/p>\n","protected":false},"excerpt":{"rendered":"<p>LINGUAGENS Adrianna Oliveira Felisberto &#8211; adriannafelisberto@cfaf.uespi.br Cezar Augusto Bances Arbanil &#8211; cezaraugusto@cfaf.uespi.br Claudia Martins Santos &#8211; claudiamartins@cfaf.uespi.br Concei\u00e7\u00e3o de Maria Costa Ribeiro Galv\u00e3o de S\u00e1 &#8211; conceicaogalvao@cfaf.uespi.br Diane Mendes Feitosa [&hellip;]<\/p>\n","protected":false},"author":32,"featured_media":0,"parent":0,"menu_order":0,"comment_status":"closed","ping_status":"closed","template":"","meta":[],"featured_image_urls":{"full":"","thumbnail":"","medium":"","medium_large":"","large":"","sgg-420":"","sgg-540":"","sgg-780":"","1536x1536":"","2048x2048":"","homepage-slider":"","homepage-slider-small":"","page-top":"","page-small":"","loop-main":"","thumb-gallery-widget":""},"post_excerpt_stackable":"<p>LINGUAGENS Adrianna Oliveira Felisberto &#8211; adriannafelisberto@cfaf.uespi.br Cezar Augusto Bances Arbanil &#8211; cezaraugusto@cfaf.uespi.br Claudia Martins Santos &#8211; claudiamartins@cfaf.uespi.br Concei\u00e7\u00e3o de Maria Costa Ribeiro Galv\u00e3o de S\u00e1 &#8211; conceicaogalvao@cfaf.uespi.br Diane Mendes Feitosa &#8211; dianemendes@cfaf.uespi.br H\u00e9rica Regina Vieira Santos &#8211; hericasantos@cfaf.uespi.br Eliana Pereira de Carvalho &#8211; elianapereira@cfaf.uespi.br Maria Rosemary de Jesus Pintos &#8211; rosejesus@cfaf.uespi.br Raimundo Nonato Sousa &#8211; raimundosousa@cfaf.uespi.br Rosimar da Silva Feitosa Soares Costa &#8211; rosimarsilva@cfaf.uespi.br CI\u00caNCIAS DA NATUREZA Adriana de Sousa Lima &#8211; adrianasousa@cfaf.uespi.br Izael Ara\u00fajo Lima &#8211; izaelaraujo@cfaf.uespi.br Jardel Pinho Sena &#8211; jardelpinho@cfaf.uespi.br Jefferson Nunes dos Santos- jeffersonnunes@cfaf.uespi.br CI\u00caNCIAS EXATAS Anadelia Carvalho dos Santos e Silva &#8211; anadeliacarvalho@cfaf.uespi.br Marcia Maria&hellip;<\/p>\n","category_list":"","author_info":{"name":"Carlos Eduardo","url":"https:\/\/portal.pi.gov.br\/nufaf\/author\/carlos\/"},"comments_num":"0 coment\u00e1rio","featured_image_urls_v2":{"full":"","thumbnail":"","medium":"","medium_large":"","large":"","sgg-420":"","sgg-540":"","sgg-780":"","1536x1536":"","2048x2048":"","homepage-slider":"","homepage-slider-small":"","page-top":"","page-small":"","loop-main":"","thumb-gallery-widget":""},"post_excerpt_stackable_v2":"<p>LINGUAGENS Adrianna Oliveira Felisberto &#8211; adriannafelisberto@cfaf.uespi.br Cezar Augusto Bances Arbanil &#8211; cezaraugusto@cfaf.uespi.br Claudia Martins Santos &#8211; claudiamartins@cfaf.uespi.br Concei\u00e7\u00e3o de Maria Costa Ribeiro Galv\u00e3o de S\u00e1 &#8211; conceicaogalvao@cfaf.uespi.br Diane Mendes Feitosa &#8211; dianemendes@cfaf.uespi.br H\u00e9rica Regina Vieira Santos &#8211; hericasantos@cfaf.uespi.br Eliana Pereira de Carvalho &#8211; elianapereira@cfaf.uespi.br Maria Rosemary de Jesus Pintos &#8211; rosejesus@cfaf.uespi.br Raimundo Nonato Sousa &#8211; raimundosousa@cfaf.uespi.br Rosimar da Silva Feitosa Soares Costa &#8211; rosimarsilva@cfaf.uespi.br CI\u00caNCIAS DA NATUREZA Adriana de Sousa Lima &#8211; adrianasousa@cfaf.uespi.br Izael Ara\u00fajo Lima &#8211; izaelaraujo@cfaf.uespi.br Jardel Pinho Sena &#8211; jardelpinho@cfaf.uespi.br Jefferson Nunes dos Santos- jeffersonnunes@cfaf.uespi.br CI\u00caNCIAS EXATAS Anadelia Carvalho dos Santos e Silva &#8211; anadeliacarvalho@cfaf.uespi.br Marcia Maria&hellip;<\/p>\n","category_list_v2":"","author_info_v2":{"name":"Carlos Eduardo","url":"https:\/\/portal.pi.gov.br\/nufaf\/author\/carlos\/"},"comments_num_v2":"0 coment\u00e1rio","_links":{"self":[{"href":"https:\/\/portal.pi.gov.br\/nufaf\/wp-json\/wp\/v2\/pages\/885"}],"collection":[{"href":"https:\/\/portal.pi.gov.br\/nufaf\/wp-json\/wp\/v2\/pages"}],"about":[{"href":"https:\/\/portal.pi.gov.br\/nufaf\/wp-json\/wp\/v2\/types\/page"}],"author":[{"embeddable":true,"href":"https:\/\/portal.pi.gov.br\/nufaf\/wp-json\/wp\/v2\/users\/32"}],"replies":[{"embeddable":true,"href":"https:\/\/portal.pi.gov.br\/nufaf\/wp-json\/wp\/v2\/comments?post=885"}],"version-history":[{"count":4,"href":"https:\/\/portal.pi.gov.br\/nufaf\/wp-json\/wp\/v2\/pages\/885\/revisions"}],"predecessor-version":[{"id":1415,"href":"https:\/\/portal.pi.gov.br\/nufaf\/wp-json\/wp\/v2\/pages\/885\/revisions\/1415"}],"wp:attachment":[{"href":"https:\/\/portal.pi.gov.br\/nufaf\/wp-json\/wp\/v2\/media?parent=885"}],"curies":[{"name":"wp","href":"https:\/\/api.w.org\/{rel}","templated":true}]}}