{"id":889,"date":"2021-04-20T10:58:28","date_gmt":"2021-04-20T13:58:28","guid":{"rendered":"http:\/\/portal.pi.gov.br\/cfaf\/?page_id=889"},"modified":"2022-05-06T09:20:45","modified_gmt":"2022-05-06T12:20:45","slug":"legislacao","status":"publish","type":"page","link":"https:\/\/portal.pi.gov.br\/nufaf\/legislacao\/","title":{"rendered":"Legisla\u00e7\u00e3o"},"content":{"rendered":"\n<p><strong>10.05.2019<\/strong>&nbsp;\u2013&nbsp;<a href=\"https:\/\/seer.ufu.br\/index.php\/che\/article\/view\/56848\" data-type=\"URL\" data-id=\"https:\/\/seer.ufu.br\/index.php\/che\/article\/view\/56848\" target=\"_blank\" rel=\"noreferrer noopener\">Historia da Escola Normal do Piau\u00ed \u2013 Pesquisa que trata da hist\u00f3ria da Escola Normal do Piau\u00ed<\/a><\/p>\n\n\n\n<p><strong>10.12.2009<\/strong>\u00a0\u2013\u00a0<a href=\"http:\/\/10.0.52.162\/wp-content\/uploads\/2019\/10\/ISEAF10_a8456980cf.doc\" target=\"_blank\" rel=\"noreferrer noopener\">3. O rio Parna\u00edba S.04 T.02<\/a><\/p>\n\n\n\n<p><strong>10.12.2009<\/strong>\u00a0\u2013\u00a0<a href=\"http:\/\/10.0.52.162\/wp-content\/uploads\/2019\/10\/ISEAF10_abaf27d105.pptx\" target=\"_blank\" rel=\"noreferrer noopener\">2. O rio Parna\u00edba S.04 T.02<\/a><\/p>\n\n\n\n<p><strong>10.12.2009<\/strong>\u00a0\u2013\u00a0<a href=\"http:\/\/10.0.52.162\/wp-content\/uploads\/2019\/10\/ISEAF10_80ab786dc8.ppt\" target=\"_blank\" rel=\"noreferrer noopener\">2. O rio Parna\u00edba S.03 T.02<\/a><\/p>\n\n\n\n<p><strong>08.06.2018<\/strong>\u00a0\u2013\u00a0<a href=\"http:\/\/www.diariooficial.pi.gov.br\/diario.php?dia=20150525\" data-type=\"URL\">PORTARIA QUE INSTITUI O CENTRO DE FORMA\u00c7\u00c3O ANTONINO FREIRE<\/a><br>PORTARIA QUE INSTITUI O CENTRO DE FORMA\u00c7\u00c3O DOS PROFISSIONAIS DA EDUCA\u00c7\u00c3O B\u00c1SICA ANTONINO FREIRE<\/p>\n","protected":false},"excerpt":{"rendered":"<p>10.05.2019&nbsp;\u2013&nbsp;Historia da Escola Normal do Piau\u00ed \u2013 Pesquisa que trata da hist\u00f3ria da Escola Normal do Piau\u00ed 10.12.2009\u00a0\u2013\u00a03. O rio Parna\u00edba S.04 T.02 10.12.2009\u00a0\u2013\u00a02. O rio Parna\u00edba S.04 T.02 10.12.2009\u00a0\u2013\u00a02. [&hellip;]<\/p>\n","protected":false},"author":1,"featured_media":0,"parent":0,"menu_order":0,"comment_status":"closed","ping_status":"closed","template":"","meta":[],"featured_image_urls":{"full":"","thumbnail":"","medium":"","medium_large":"","large":"","sgg-420":"","sgg-540":"","sgg-780":"","1536x1536":"","2048x2048":"","homepage-slider":"","homepage-slider-small":"","page-top":"","page-small":"","loop-main":"","thumb-gallery-widget":""},"post_excerpt_stackable":"<p>10.05.2019&nbsp;\u2013&nbsp;Historia da Escola Normal do Piau\u00ed \u2013 Pesquisa que trata da hist\u00f3ria da Escola Normal do Piau\u00ed 10.12.2009\u00a0\u2013\u00a03. O rio Parna\u00edba S.04 T.02 10.12.2009\u00a0\u2013\u00a02. O rio Parna\u00edba S.04 T.02 10.12.2009\u00a0\u2013\u00a02. O rio Parna\u00edba S.03 T.02 08.06.2018\u00a0\u2013\u00a0PORTARIA QUE INSTITUI O CENTRO DE FORMA\u00c7\u00c3O ANTONINO FREIREPORTARIA QUE INSTITUI O CENTRO DE FORMA\u00c7\u00c3O DOS PROFISSIONAIS DA EDUCA\u00c7\u00c3O B\u00c1SICA ANTONINO FREIRE<\/p>\n","category_list":"","author_info":{"name":"admin","url":"https:\/\/portal.pi.gov.br\/nufaf\/author\/admin\/"},"comments_num":"0 coment\u00e1rio","featured_image_urls_v2":{"full":"","thumbnail":"","medium":"","medium_large":"","large":"","sgg-420":"","sgg-540":"","sgg-780":"","1536x1536":"","2048x2048":"","homepage-slider":"","homepage-slider-small":"","page-top":"","page-small":"","loop-main":"","thumb-gallery-widget":""},"post_excerpt_stackable_v2":"<p>10.05.2019&nbsp;\u2013&nbsp;Historia da Escola Normal do Piau\u00ed \u2013 Pesquisa que trata da hist\u00f3ria da Escola Normal do Piau\u00ed 10.12.2009\u00a0\u2013\u00a03. O rio Parna\u00edba S.04 T.02 10.12.2009\u00a0\u2013\u00a02. O rio Parna\u00edba S.04 T.02 10.12.2009\u00a0\u2013\u00a02. O rio Parna\u00edba S.03 T.02 08.06.2018\u00a0\u2013\u00a0PORTARIA QUE INSTITUI O CENTRO DE FORMA\u00c7\u00c3O ANTONINO FREIREPORTARIA QUE INSTITUI O CENTRO DE FORMA\u00c7\u00c3O DOS PROFISSIONAIS DA EDUCA\u00c7\u00c3O B\u00c1SICA ANTONINO FREIRE<\/p>\n","category_list_v2":"","author_info_v2":{"name":"admin","url":"https:\/\/portal.pi.gov.br\/nufaf\/author\/admin\/"},"comments_num_v2":"0 coment\u00e1rio","_links":{"self":[{"href":"https:\/\/portal.pi.gov.br\/nufaf\/wp-json\/wp\/v2\/pages\/889"}],"collection":[{"href":"https:\/\/portal.pi.gov.br\/nufaf\/wp-json\/wp\/v2\/pages"}],"about":[{"href":"https:\/\/portal.pi.gov.br\/nufaf\/wp-json\/wp\/v2\/types\/page"}],"author":[{"embeddable":true,"href":"https:\/\/portal.pi.gov.br\/nufaf\/wp-json\/wp\/v2\/users\/1"}],"replies":[{"embeddable":true,"href":"https:\/\/portal.pi.gov.br\/nufaf\/wp-json\/wp\/v2\/comments?post=889"}],"version-history":[{"count":10,"href":"https:\/\/portal.pi.gov.br\/nufaf\/wp-json\/wp\/v2\/pages\/889\/revisions"}],"predecessor-version":[{"id":1413,"href":"https:\/\/portal.pi.gov.br\/nufaf\/wp-json\/wp\/v2\/pages\/889\/revisions\/1413"}],"wp:attachment":[{"href":"https:\/\/portal.pi.gov.br\/nufaf\/wp-json\/wp\/v2\/media?parent=889"}],"curies":[{"name":"wp","href":"https:\/\/api.w.org\/{rel}","templated":true}]}}