{"id":891,"date":"2021-04-20T10:59:08","date_gmt":"2021-04-20T13:59:08","guid":{"rendered":"http:\/\/portal.pi.gov.br\/cfaf\/?page_id=891"},"modified":"2022-08-17T09:55:27","modified_gmt":"2022-08-17T12:55:27","slug":"cursos","status":"publish","type":"page","link":"https:\/\/portal.pi.gov.br\/nufaf\/cursos\/","title":{"rendered":"Cursos"},"content":{"rendered":"\n<p><strong>LINGUAGENS E SUAS TECNOLOGIAS<\/strong><\/p>\n\n\n\n<ul><li>Psicomotricidade e suas Implica\u00e7\u00f5es no processo de aprendizagem <a href=\"https:\/\/credencial.imasters.com.br\/sicomotricidade\">https:\/\/credencial.imasters.com.br\/sicomotricidade<\/a><\/li><\/ul>\n\n\n\n<ul><li>T\u00f3picos em Metodologias da L\u00edngua Inglesa e Estudos Culturais (TEFL) <a href=\"https:\/\/credencial.imasters.com.br\/tefl20222\">https:\/\/credencial.imasters.com.br\/tefl20222<\/a><\/li><\/ul>\n\n\n\n<ul><li>O Paradigma do Letramento Liter\u00e1rio no Ensino de Literatura <a href=\"https:\/\/credencial.imasters.com.br\/letramentoliterario\">https:\/\/credencial.imasters.com.br\/letramentoliterario<\/a><\/li><li>Concep\u00e7\u00e3o e Execu\u00e7\u00e3o de Disciplinas Eletivas no Ensino M\u00e9dio &#8211; <strong>MANH\u00c3<\/strong> <a href=\"https:\/\/credencial.imasters.com.br\/eletivasnemanha\">https:\/\/credencial.imasters.com.br\/eletivasnemanha<\/a><\/li><li>Concep\u00e7\u00e3o e Execu\u00e7\u00e3o de Disciplinas Eletivas no Ensino M\u00e9dio &#8211; <strong>TARDE<\/strong> <a href=\"https:\/\/credencial.imasters.com.br\/eletivasnemtarde\">https:\/\/credencial.imasters.com.br\/eletivasnemtarde<\/a><\/li><li> &#8211; Oficina de Cria\u00e7\u00e3o de Disciplinas Eletivas na \u00c1rea de Linguagens e suas Tecnologias &#8211; <strong>MANH\u00c3<\/strong> <a href=\"https:\/\/credencial.imasters.com.br\/oficinaeletivasmanha\">https:\/\/credencial.imasters.com.br\/oficinaeletivasmanha<\/a><\/li><li>&#8211; Oficina de Cria\u00e7\u00e3o de Disciplinas Eletivas na \u00c1rea de Linguagens e suas Tecnologias &#8211; <strong>TARDE<\/strong> <a href=\"https:\/\/credencial.imasters.com.br\/oficinaeletivatarde\">https:\/\/credencial.imasters.com.br\/oficinaeletivatarde<\/a><\/li><li>&#8211; Gamifica\u00e7\u00e3o no Ensino da Educa\u00e7\u00e3o F\u00edsica <a href=\"https:\/\/credencial.imasters.com.br\/gamificacaoedfisica\">https:\/\/credencial.imasters.com.br\/gamificacaoedfisica<\/a><\/li><\/ul>\n\n\n\n<p><strong>IDIOMAS<\/strong><\/p>\n\n\n\n<ul><li>Ingl\u00eas Conversa\u00e7\u00e3o &#8211; <strong>M\u00f3dulo 1<\/strong> <a href=\"https:\/\/credencial.imasters.com.br\/inglesconversacaom1\">https:\/\/credencial.imasters.com.br\/inglesconversacaom1<\/a><\/li><\/ul>\n\n\n\n<ul><li>Ingl\u00eas Conversa\u00e7\u00e3o &#8211; <strong>M\u00f3dulo 2<\/strong> <a href=\"https:\/\/credencial.imasters.com.br\/inglesconversacaom2\">https:\/\/credencial.imasters.com.br\/inglesconversacaom2<\/a><\/li><\/ul>\n\n\n\n<ul><li>Ingl\u00eas Conversa\u00e7\u00e3o &#8211; <strong>M\u00f3dulo 4<\/strong> <\/li><\/ul>\n\n\n\n<p><a href=\"https:\/\/credencial.imasters.com.br\/inglesconversacaom4\">https:\/\/credencial.imasters.com.br\/inglesconversacaom4<\/a><\/p>\n\n\n\n<ul><li>&#8211; Ingl\u00eas Conversa\u00e7\u00e3o &#8211; <strong>M\u00f3dulo 5<\/strong> <a href=\"https:\/\/credencial.imasters.com.br\/inglesconversacaom5\">https:\/\/credencial.imasters.com.br\/inglesconversacaom5<\/a><\/li><\/ul>\n\n\n\n<ul><li>Conversa\u00e7\u00e3o Em Espanhol &#8211; <strong>M\u00f3dulo 1<\/strong> <a href=\"https:\/\/credencial.imasters.com.br\/espanholm1\">https:\/\/credencial.imasters.com.br\/espanholm1<\/a><\/li><\/ul>\n\n\n\n<ul><li>Conversa\u00e7\u00e3o Em Espanhol &#8211; <strong>M\u00f3dulo 1 (H\u00edbrido)<\/strong> <a href=\"https:\/\/credencial.imasters.com.br\/espanholm4hibrido\">https:\/\/credencial.imasters.com.br\/espanholm4hibrido<\/a><\/li><\/ul>\n\n\n\n<ul><li>Conversa\u00e7\u00e3o Em Espanhol &#8211; M\u00f3dulo 4 <strong>(Virtual\/Remoto)<\/strong> <a href=\"https:\/\/credencial.imasters.com.br\/espanholm4noite\">https:\/\/credencial.imasters.com.br\/espanholm4noite<\/a><\/li><\/ul>\n\n\n\n<ul><li>Profici\u00eancia em espanhol <a href=\"https:\/\/credencial.imasters.com.br\/proficienciaespanhol\">https:\/\/credencial.imasters.com.br\/proficienciaespanhol<\/a><\/li><\/ul>\n\n\n\n<ul><li>Profici\u00eancia Em Ingl\u00eas Para Programas De Mestrado e Doutorado <a href=\"https:\/\/credencial.imasters.com.br\/procificiencia20222medr\">https:\/\/credencial.imasters.com.br\/procificiencia20222medr<\/a><\/li><\/ul>\n\n\n\n<p><strong>MATEM\u00c1TICA E SUAS TECNOLOGIAS<\/strong><\/p>\n\n\n\n<ul><li>Did\u00e1tica da matem\u00e1tica: o que n\u00e3o lhe contaram sobre ensino, aprendizagem e encantamento &#8211; <strong>MANH\u00c3<\/strong> <a href=\"https:\/\/credencial.imasters.com.br\/didaticamatematica1\">https:\/\/credencial.imasters.com.br\/didaticamatematica1<\/a><\/li><\/ul>\n\n\n\n<ul><li>Did\u00e1tica da matem\u00e1tica: o que n\u00e3o lhe contaram sobre ensino, aprendizagem e encantamento &#8211; <strong>TARDE<\/strong> <a href=\"https:\/\/credencial.imasters.com.br\/didaticamatematica2\">https:\/\/credencial.imasters.com.br\/didaticamatematica2<\/a><\/li><\/ul>\n\n\n\n<ul><li>A atua\u00e7\u00e3o do professor de Matem\u00e1tica e suas tecnologias no Novo Ensino M\u00e9dio <a href=\"https:\/\/credencial.imasters.com.br\/matematicanem\">https:\/\/credencial.imasters.com.br\/matematicanem<\/a><\/li><\/ul>\n\n\n\n<p><strong>CI\u00caNCIAS DA NATUREZA<\/strong><\/p>\n\n\n\n<ul><li>Agenda 2030 e os objetivos de Desenvolvimento Sustent\u00e1vel: indicadores para a sustentabilidade <a href=\"https:\/\/credencial.imasters.com.br\/2030\">https:\/\/credencial.imasters.com.br\/2030<\/a><\/li><\/ul>\n\n\n\n<ul><li>Oficinas sobre energias renov\u00e1veis como ferramenta de ensino e aprendizagem na educa\u00e7\u00e3o b\u00e1sica <a href=\"https:\/\/credencial.imasters.com.br\/energiasrenovaveis\">https:\/\/credencial.imasters.com.br\/energiasrenovaveis<\/a><\/li><\/ul>\n\n\n\n<ul><li>Trilhas de aprofundamento: teoria e pr\u00e1tica em ci\u00eancias da natureza &#8211; <strong>MANH\u00c3<\/strong> <a href=\"https:\/\/credencial.imasters.com.br\/trilhascn1\">https:\/\/credencial.imasters.com.br\/trilhascn1<\/a><\/li><\/ul>\n\n\n\n<ul><li>Trilhas de aprofundamento: teoria e pr\u00e1tica em ci\u00eancias da natureza &#8211; <strong>TARDE<\/strong> <a href=\"https:\/\/credencial.imasters.com.br\/trilhascn2\">https:\/\/credencial.imasters.com.br\/trilhascn2<\/a><\/li><\/ul>\n\n\n\n<p><strong>CI\u00caNCIAS HUMANAS<\/strong><\/p>\n\n\n\n<ul><li>Avalia\u00e7\u00e3o, Salvaguarda e Comunica\u00e7\u00e3o de Acervos: Planejamento Estrat\u00e9gico de Espa\u00e7os de Mem\u00f3ria <a href=\"https:\/\/credencial.imasters.com.br\/memoria\">https:\/\/credencial.imasters.com.br\/memoria<\/a><\/li><\/ul>\n\n\n\n<ul><li>Africanidades e Cultura Afro-brasileira <a href=\"https:\/\/credencial.imasters.com.br\/africanidadeseculturafrobrasileira\">https:\/\/credencial.imasters.com.br\/africanidadeseculturafrobrasileira<\/a><\/li><\/ul>\n\n\n\n<ul><li>&#8211; Metodologias Ativas para o trabalho docente na \u00e1rea de Ci\u00eancias Humanas e Sociais <a href=\"https:\/\/credencial.imasters.com.br\/turma2metodologiasativashumanas\">https:\/\/credencial.imasters.com.br\/turma2metodologiasativashumanas<\/a><\/li><\/ul>\n\n\n\n<ul><li>A Geografia escolar: a cidade e a cartografia <a href=\"https:\/\/credencial.imasters.com.br\/geografiaescolar\">https:\/\/credencial.imasters.com.br\/geografiaescolar<\/a><\/li><\/ul>\n\n\n\n<ul><li>Projeto de Vida no Novo Ensino M\u00e9dio <a href=\"https:\/\/credencial.imasters.com.br\/projetodevidanem\">https:\/\/credencial.imasters.com.br\/projetodevidanem<\/a><\/li><\/ul>\n\n\n\n<ul><li>Educa\u00e7\u00e3o Financeira para Servidores: administre bem os seus recursos <a href=\"https:\/\/credencial.imasters.com.br\/educacaofinanceira\">https:\/\/credencial.imasters.com.br\/educacaofinanceira<\/a><\/li><\/ul>\n\n\n\n<p><strong>EDUCA\u00c7\u00c3O ESPECIAL E INCLUSIVA<\/strong><\/p>\n\n\n\n<ul><li>Atendimento Educacional Especializado (AEE) com \u00eanfase na Nova Lei 14.254\/21 <a href=\"https:\/\/credencial.imasters.com.br\/atendimentoeducacionalnovalei\">https:\/\/credencial.imasters.com.br\/atendimentoeducacionalnovalei<\/a><\/li><\/ul>\n\n\n\n<ul><li>Pr\u00e1ticas art\u00edsticas com \u00eanfase na educa\u00e7\u00e3o especial <a href=\"https:\/\/credencial.imasters.com.br\/artesedespecial\">https:\/\/credencial.imasters.com.br\/artesedespecial<\/a><\/li><\/ul>\n\n\n\n<p><strong>GEST\u00c3O PEDAG\u00d3GICA E ADMINISTRATIVA<\/strong><\/p>\n\n\n\n<ul><li>Metodologias e estrat\u00e9gias de ensino-aprendizagem na Educa\u00e7\u00e3o de Jovens e Adultos <a href=\"https:\/\/credencial.imasters.com.br\/metodologiaeestrategiaeja\">https:\/\/credencial.imasters.com.br\/metodologiaeestrategiaeja<\/a><\/li><\/ul>\n\n\n\n<ul><li>Gest\u00e3o e lideran\u00e7a no servi\u00e7o p\u00fablico <a href=\"https:\/\/credencial.imasters.com.br\/gestaoliderancaservicopublico\">https:\/\/credencial.imasters.com.br\/gestaoliderancaservicopublico<\/a><\/li><\/ul>\n\n\n\n<ul><li>O coordenador pedag\u00f3gico no contexto do s\u00e9c. XXI <a href=\"https:\/\/credencial.imasters.com.br\/coordpedagogicosec21\">https:\/\/credencial.imasters.com.br\/coordpedagogicosec21<\/a><\/li><\/ul>\n\n\n\n<ul><li>Direitos Humanos, participa\u00e7\u00e3o e controle social como ferramentas de combate \u00e0 corrup\u00e7\u00e3o <a href=\"https:\/\/credencial.imasters.com.br\/direitoshumanos20222\">https:\/\/credencial.imasters.com.br\/direitoshumanos20222<\/a><\/li><\/ul>\n\n\n\n<ul><li>Justi\u00e7a Restaurativa e Cultura de Paz <a href=\"https:\/\/credencial.imasters.com.br\/justicapaz\">https:\/\/credencial.imasters.com.br\/justicapaz<\/a><\/li><\/ul>\n\n\n\n<ul><li>Forma\u00e7\u00e3o de Conselheiros Municipais de Educa\u00e7\u00e3o <a href=\"https:\/\/credencial.imasters.com.br\/conselheirosmunicipais\">https:\/\/credencial.imasters.com.br\/conselheirosmunicipais<\/a><\/li><\/ul>\n\n\n\n<ul><li>Media\u00e7\u00e3o de Conflitos e Rela\u00e7\u00f5es Interpessoais no Trabalho <a href=\"https:\/\/credencial.imasters.com.br\/mediacaoconflitos\">https:\/\/credencial.imasters.com.br\/mediacaoconflitos<\/a><\/li><\/ul>\n\n\n\n<ul><li>Conselheiros Tutelares e educadores na garantia dos direitos de crian\u00e7as e adolescentes <a href=\"https:\/\/credencial.imasters.com.br\/conselheiros\">https:\/\/credencial.imasters.com.br\/conselheiros<\/a><\/li><\/ul>\n\n\n\n<ul><li>O papel das Comunidades Terap\u00eauticas na garantia dos Direitos Humanos, Seguran\u00e7a alimentar e dos espa\u00e7os de conviv\u00eancias dos acolhidos <a href=\"https:\/\/credencial.imasters.com.br\/comunidadesterapeuticas20222\">https:\/\/credencial.imasters.com.br\/comunidadesterapeuticas20222<\/a><\/li><\/ul>\n\n\n\n<p><strong>INFORM\u00c1TICA E TECNOLOGIA<\/strong><\/p>\n\n\n\n<ul><li>Grava\u00e7\u00e3o de videoaulas para professores <a href=\"https:\/\/credencial.imasters.com.br\/videoaula\">https:\/\/credencial.imasters.com.br\/videoaula<\/a><\/li><\/ul>\n\n\n\n<ul><li>Introdu\u00e7\u00e3o a rob\u00f3tica com Arduino \u2013 <strong>m\u00f3dulo 01\/Teresina<\/strong> <a href=\"https:\/\/credencial.imasters.com.br\/makerpiaui\">https:\/\/credencial.imasters.com.br\/makerpiaui<\/a><\/li><\/ul>\n\n\n\n<ul><li>Introdu\u00e7\u00e3o a rob\u00f3tica com Arduino \u2013 <strong>m\u00f3dulo 01\/INTERIOR S\u00c1BADO<\/strong> <a href=\"https:\/\/credencial.imasters.com.br\/makerpiauiinterior\">https:\/\/credencial.imasters.com.br\/makerpiauiinterior<\/a><\/li><\/ul>\n\n\n\n<ul><li>Rob\u00f3tica na Escola: Programa\u00e7\u00e3o com Arduino \u2013 <strong>(M\u00f3dulo 03)<\/strong> <a href=\"https:\/\/credencial.imasters.com.br\/modulo03\">https:\/\/credencial.imasters.com.br\/modulo03<\/a><\/li><\/ul>\n\n\n\n<ul><li>Aplica\u00e7\u00f5es de Matem\u00e1tica com Python \u2013 <strong>M\u00f3dulo 02<\/strong> <a href=\"https:\/\/credencial.imasters.com.br\/python\">https:\/\/credencial.imasters.com.br\/python<\/a><\/li><\/ul>\n\n\n\n<ul><li>An\u00e1lise de dados com Power Bi: do intermedi\u00e1rio ao avan\u00e7ado <strong>(m\u00f3dulo 02)<\/strong> <a href=\"https:\/\/credencial.imasters.com.br\/powebi\">https:\/\/credencial.imasters.com.br\/powebi<\/a><\/li><\/ul>\n\n\n\n<ul><li>Constru\u00e7\u00e3o de aplicativos (Android) Espec\u00edficos com App Inventor <strong>(m\u00f3dulo 02)<\/strong> <a href=\"https:\/\/credencial.imasters.com.br\/apppiaui\">https:\/\/credencial.imasters.com.br\/apppiaui<\/a><\/li><\/ul>\n\n\n\n<ul><li>Introdu\u00e7\u00e3o \u00e0 IoT com ESP8266 (WEMOS D1) com Projetos Iniciais <a href=\"https:\/\/credencial.imasters.com.br\/iotinicial\">https:\/\/credencial.imasters.com.br\/iotinicial<\/a><\/li><\/ul>\n\n\n\n<ul><li>Bra\u00e7o Rob\u00f3tico impresso na 3D <a href=\"https:\/\/credencial.imasters.com.br\/braco3d\">https:\/\/credencial.imasters.com.br\/braco3d<\/a><\/li><\/ul>\n\n\n\n<ul><li>Rob\u00f4 Carro 4WD com Bluetooth, Controle e Montagem <a href=\"https:\/\/credencial.imasters.com.br\/carrointerior\">https:\/\/credencial.imasters.com.br\/carrointerior<\/a><\/li><\/ul>\n\n\n\n<p><strong>SA\u00daDE<\/strong><\/p>\n\n\n\n<ul><li>Seguran\u00e7a do Paciente <a href=\"https:\/\/ead.cefaf.pi.gov.br\/\">https:\/\/ead.cefaf.pi.gov.br\/<\/a><\/li><\/ul>\n\n\n\n<ul><li>Controle de Infec\u00e7\u00e3o Hospitalar <a href=\"https:\/\/ead.cefaf.pi.gov.br\/\">https:\/\/ead.cefaf.pi.gov.br\/<\/a><\/li><\/ul>\n\n\n\n<ul><li>Matriciamento em Sa\u00fade Mental <a href=\"https:\/\/ead.cefaf.pi.gov.br\/\">https:\/\/ead.cefaf.pi.gov.br\/<\/a><\/li><\/ul>\n\n\n\n<p><strong>OUTRAS \u00c1REAS<\/strong><\/p>\n\n\n\n<ul><li>Redes sociais profissionais e o impacto na carreira <a href=\"https:\/\/credencial.imasters.com.br\/redessociaisprofissionais\">https:\/\/credencial.imasters.com.br\/redessociaisprofissionais<\/a><\/li><\/ul>\n","protected":false},"excerpt":{"rendered":"<p>LINGUAGENS E SUAS TECNOLOGIAS Psicomotricidade e suas Implica\u00e7\u00f5es no processo de aprendizagem https:\/\/credencial.imasters.com.br\/sicomotricidade T\u00f3picos em Metodologias da L\u00edngua Inglesa e Estudos Culturais (TEFL) https:\/\/credencial.imasters.com.br\/tefl20222 O Paradigma do Letramento Liter\u00e1rio no [&hellip;]<\/p>\n","protected":false},"author":1,"featured_media":0,"parent":0,"menu_order":0,"comment_status":"closed","ping_status":"closed","template":"","meta":[],"featured_image_urls":{"full":"","thumbnail":"","medium":"","medium_large":"","large":"","sgg-420":"","sgg-540":"","sgg-780":"","1536x1536":"","2048x2048":"","homepage-slider":"","homepage-slider-small":"","page-top":"","page-small":"","loop-main":"","thumb-gallery-widget":""},"post_excerpt_stackable":"<p>LINGUAGENS E SUAS TECNOLOGIAS Psicomotricidade e suas Implica\u00e7\u00f5es no processo de aprendizagem https:\/\/credencial.imasters.com.br\/sicomotricidade T\u00f3picos em Metodologias da L\u00edngua Inglesa e Estudos Culturais (TEFL) https:\/\/credencial.imasters.com.br\/tefl20222 O Paradigma do Letramento Liter\u00e1rio no Ensino de Literatura https:\/\/credencial.imasters.com.br\/letramentoliterarioConcep\u00e7\u00e3o e Execu\u00e7\u00e3o de Disciplinas Eletivas no Ensino M\u00e9dio &#8211; MANH\u00c3 https:\/\/credencial.imasters.com.br\/eletivasnemanhaConcep\u00e7\u00e3o e Execu\u00e7\u00e3o de Disciplinas Eletivas no Ensino M\u00e9dio &#8211; TARDE https:\/\/credencial.imasters.com.br\/eletivasnemtarde &#8211; Oficina de Cria\u00e7\u00e3o de Disciplinas Eletivas na \u00c1rea de Linguagens e suas Tecnologias &#8211; MANH\u00c3 https:\/\/credencial.imasters.com.br\/oficinaeletivasmanha&#8211; Oficina de Cria\u00e7\u00e3o de Disciplinas Eletivas na \u00c1rea de Linguagens e suas Tecnologias &#8211; TARDE https:\/\/credencial.imasters.com.br\/oficinaeletivatarde&#8211; Gamifica\u00e7\u00e3o no Ensino da Educa\u00e7\u00e3o F\u00edsica https:\/\/credencial.imasters.com.br\/gamificacaoedfisica IDIOMAS Ingl\u00eas Conversa\u00e7\u00e3o &#8211;&hellip;<\/p>\n","category_list":"","author_info":{"name":"admin","url":"https:\/\/portal.pi.gov.br\/nufaf\/author\/admin\/"},"comments_num":"0 coment\u00e1rio","featured_image_urls_v2":{"full":"","thumbnail":"","medium":"","medium_large":"","large":"","sgg-420":"","sgg-540":"","sgg-780":"","1536x1536":"","2048x2048":"","homepage-slider":"","homepage-slider-small":"","page-top":"","page-small":"","loop-main":"","thumb-gallery-widget":""},"post_excerpt_stackable_v2":"<p>LINGUAGENS E SUAS TECNOLOGIAS Psicomotricidade e suas Implica\u00e7\u00f5es no processo de aprendizagem https:\/\/credencial.imasters.com.br\/sicomotricidade T\u00f3picos em Metodologias da L\u00edngua Inglesa e Estudos Culturais (TEFL) https:\/\/credencial.imasters.com.br\/tefl20222 O Paradigma do Letramento Liter\u00e1rio no Ensino de Literatura https:\/\/credencial.imasters.com.br\/letramentoliterarioConcep\u00e7\u00e3o e Execu\u00e7\u00e3o de Disciplinas Eletivas no Ensino M\u00e9dio &#8211; MANH\u00c3 https:\/\/credencial.imasters.com.br\/eletivasnemanhaConcep\u00e7\u00e3o e Execu\u00e7\u00e3o de Disciplinas Eletivas no Ensino M\u00e9dio &#8211; TARDE https:\/\/credencial.imasters.com.br\/eletivasnemtarde &#8211; Oficina de Cria\u00e7\u00e3o de Disciplinas Eletivas na \u00c1rea de Linguagens e suas Tecnologias &#8211; MANH\u00c3 https:\/\/credencial.imasters.com.br\/oficinaeletivasmanha&#8211; Oficina de Cria\u00e7\u00e3o de Disciplinas Eletivas na \u00c1rea de Linguagens e suas Tecnologias &#8211; TARDE https:\/\/credencial.imasters.com.br\/oficinaeletivatarde&#8211; Gamifica\u00e7\u00e3o no Ensino da Educa\u00e7\u00e3o F\u00edsica https:\/\/credencial.imasters.com.br\/gamificacaoedfisica IDIOMAS Ingl\u00eas Conversa\u00e7\u00e3o &#8211;&hellip;<\/p>\n","category_list_v2":"","author_info_v2":{"name":"admin","url":"https:\/\/portal.pi.gov.br\/nufaf\/author\/admin\/"},"comments_num_v2":"0 coment\u00e1rio","_links":{"self":[{"href":"https:\/\/portal.pi.gov.br\/nufaf\/wp-json\/wp\/v2\/pages\/891"}],"collection":[{"href":"https:\/\/portal.pi.gov.br\/nufaf\/wp-json\/wp\/v2\/pages"}],"about":[{"href":"https:\/\/portal.pi.gov.br\/nufaf\/wp-json\/wp\/v2\/types\/page"}],"author":[{"embeddable":true,"href":"https:\/\/portal.pi.gov.br\/nufaf\/wp-json\/wp\/v2\/users\/1"}],"replies":[{"embeddable":true,"href":"https:\/\/portal.pi.gov.br\/nufaf\/wp-json\/wp\/v2\/comments?post=891"}],"version-history":[{"count":35,"href":"https:\/\/portal.pi.gov.br\/nufaf\/wp-json\/wp\/v2\/pages\/891\/revisions"}],"predecessor-version":[{"id":1664,"href":"https:\/\/portal.pi.gov.br\/nufaf\/wp-json\/wp\/v2\/pages\/891\/revisions\/1664"}],"wp:attachment":[{"href":"https:\/\/portal.pi.gov.br\/nufaf\/wp-json\/wp\/v2\/media?parent=891"}],"curies":[{"name":"wp","href":"https:\/\/api.w.org\/{rel}","templated":true}]}}