{"id":893,"date":"2021-04-20T10:59:38","date_gmt":"2021-04-20T13:59:38","guid":{"rendered":"http:\/\/portal.pi.gov.br\/cfaf\/?page_id=893"},"modified":"2022-08-29T10:27:23","modified_gmt":"2022-08-29T13:27:23","slug":"oficinas","status":"publish","type":"page","link":"https:\/\/portal.pi.gov.br\/nufaf\/oficinas\/","title":{"rendered":"Oficinas"},"content":{"rendered":"\n<p><strong>JORNADA PAULO FREIRE<\/strong><\/p>\n\n\n\n<p>A Secretaria Estadual de Educa\u00e7\u00e3o do Piau\u00ed \u2013<br>SEDUC\/PI, em parceria com o Centro de Forma\u00e7\u00e3o<br>dos Servidores do Piau\u00ed Antonino Freire \u2013<br>CFAF\/UESPI, oferece a JORNADA PAULO<br>FREIRE, a ser realizada pelo \u201cInstituto de<br>Educa\u00e7\u00e3o e Direitos Humanos Paulo Freire\u201d<br>constitu\u00edda pelos cursos &#8220;Paulo Freire e a Educa\u00e7\u00e3o<br>Popular&#8221; e &#8220;A pr\u00e1xis de Paulo Freire&#8221;, visando ao<br>fortalecimento de pr\u00e1ticas de educa\u00e7\u00e3o para a<br>transforma\u00e7\u00e3o e para a emancipa\u00e7\u00e3o humana.<\/p>\n\n\n\n<figure class=\"wp-block-image size-large\"><img decoding=\"async\" loading=\"lazy\" width=\"576\" height=\"1024\" src=\"https:\/\/portal.pi.gov.br\/cfaf\/wp-content\/uploads\/sites\/27\/2022\/08\/WhatsApp-Image-2022-08-29-at-09.01.34-576x1024.jpeg\" alt=\"\" class=\"wp-image-1674\" srcset=\"https:\/\/portal.pi.gov.br\/nufaf\/wp-content\/uploads\/sites\/27\/2022\/08\/WhatsApp-Image-2022-08-29-at-09.01.34-576x1024.jpeg 576w, https:\/\/portal.pi.gov.br\/nufaf\/wp-content\/uploads\/sites\/27\/2022\/08\/WhatsApp-Image-2022-08-29-at-09.01.34-169x300.jpeg 169w, https:\/\/portal.pi.gov.br\/nufaf\/wp-content\/uploads\/sites\/27\/2022\/08\/WhatsApp-Image-2022-08-29-at-09.01.34-768x1365.jpeg 768w, https:\/\/portal.pi.gov.br\/nufaf\/wp-content\/uploads\/sites\/27\/2022\/08\/WhatsApp-Image-2022-08-29-at-09.01.34-236x420.jpeg 236w, https:\/\/portal.pi.gov.br\/nufaf\/wp-content\/uploads\/sites\/27\/2022\/08\/WhatsApp-Image-2022-08-29-at-09.01.34-304x540.jpeg 304w, https:\/\/portal.pi.gov.br\/nufaf\/wp-content\/uploads\/sites\/27\/2022\/08\/WhatsApp-Image-2022-08-29-at-09.01.34-439x780.jpeg 439w, https:\/\/portal.pi.gov.br\/nufaf\/wp-content\/uploads\/sites\/27\/2022\/08\/WhatsApp-Image-2022-08-29-at-09.01.34-864x1536.jpeg 864w, https:\/\/portal.pi.gov.br\/nufaf\/wp-content\/uploads\/sites\/27\/2022\/08\/WhatsApp-Image-2022-08-29-at-09.01.34-624x1109.jpeg 624w, https:\/\/portal.pi.gov.br\/nufaf\/wp-content\/uploads\/sites\/27\/2022\/08\/WhatsApp-Image-2022-08-29-at-09.01.34.jpeg 900w\" sizes=\"(max-width: 576px) 100vw, 576px\" \/><figcaption>Per\u00edodo de inscri\u00e7\u00f5es: 24 de agosto a 7 de<br>setembro de 2022. A pessoa interessada em<br>participar da Jornada, poder\u00e1 faz\u00ea-lo, acessando o<br>link: <a href=\"https:\/\/docs.google.com\/forms\/d\/e\/1FAIpQLSfB1V0FYWsoUXlPjx9WwByfnjr6-zw48heYl3wsZGOSznN8Lg\/viewform\">https:\/\/docs.google.com\/forms\/d\/e\/1FAIpQLSfB1V0FYWsoUXlPjx9WwByfnjr6-zw48heYl3wsZGOSznN8Lg\/viewform<\/a><\/figcaption><\/figure>\n","protected":false},"excerpt":{"rendered":"<p>JORNADA PAULO FREIRE A Secretaria Estadual de Educa\u00e7\u00e3o do Piau\u00ed \u2013SEDUC\/PI, em parceria com o Centro de Forma\u00e7\u00e3odos Servidores do Piau\u00ed Antonino Freire \u2013CFAF\/UESPI, oferece a JORNADA PAULOFREIRE, a ser [&hellip;]<\/p>\n","protected":false},"author":1,"featured_media":0,"parent":0,"menu_order":0,"comment_status":"closed","ping_status":"closed","template":"","meta":[],"featured_image_urls":{"full":"","thumbnail":"","medium":"","medium_large":"","large":"","sgg-420":"","sgg-540":"","sgg-780":"","1536x1536":"","2048x2048":"","homepage-slider":"","homepage-slider-small":"","page-top":"","page-small":"","loop-main":"","thumb-gallery-widget":""},"post_excerpt_stackable":"<p>JORNADA PAULO FREIRE A Secretaria Estadual de Educa\u00e7\u00e3o do Piau\u00ed \u2013SEDUC\/PI, em parceria com o Centro de Forma\u00e7\u00e3odos Servidores do Piau\u00ed Antonino Freire \u2013CFAF\/UESPI, oferece a JORNADA PAULOFREIRE, a ser realizada pelo \u201cInstituto deEduca\u00e7\u00e3o e Direitos Humanos Paulo Freire\u201dconstitu\u00edda pelos cursos &#8220;Paulo Freire e a Educa\u00e7\u00e3oPopular&#8221; e &#8220;A pr\u00e1xis de Paulo Freire&#8221;, visando aofortalecimento de pr\u00e1ticas de educa\u00e7\u00e3o para atransforma\u00e7\u00e3o e para a emancipa\u00e7\u00e3o humana. Per\u00edodo de inscri\u00e7\u00f5es: 24 de agosto a 7 desetembro de 2022. A pessoa interessada emparticipar da Jornada, poder\u00e1 faz\u00ea-lo, acessando olink: https:\/\/docs.google.com\/forms\/d\/e\/1FAIpQLSfB1V0FYWsoUXlPjx9WwByfnjr6-zw48heYl3wsZGOSznN8Lg\/viewform<\/p>\n","category_list":"","author_info":{"name":"admin","url":"https:\/\/portal.pi.gov.br\/nufaf\/author\/admin\/"},"comments_num":"0 coment\u00e1rio","featured_image_urls_v2":{"full":"","thumbnail":"","medium":"","medium_large":"","large":"","sgg-420":"","sgg-540":"","sgg-780":"","1536x1536":"","2048x2048":"","homepage-slider":"","homepage-slider-small":"","page-top":"","page-small":"","loop-main":"","thumb-gallery-widget":""},"post_excerpt_stackable_v2":"<p>JORNADA PAULO FREIRE A Secretaria Estadual de Educa\u00e7\u00e3o do Piau\u00ed \u2013SEDUC\/PI, em parceria com o Centro de Forma\u00e7\u00e3odos Servidores do Piau\u00ed Antonino Freire \u2013CFAF\/UESPI, oferece a JORNADA PAULOFREIRE, a ser realizada pelo \u201cInstituto deEduca\u00e7\u00e3o e Direitos Humanos Paulo Freire\u201dconstitu\u00edda pelos cursos &#8220;Paulo Freire e a Educa\u00e7\u00e3oPopular&#8221; e &#8220;A pr\u00e1xis de Paulo Freire&#8221;, visando aofortalecimento de pr\u00e1ticas de educa\u00e7\u00e3o para atransforma\u00e7\u00e3o e para a emancipa\u00e7\u00e3o humana. Per\u00edodo de inscri\u00e7\u00f5es: 24 de agosto a 7 desetembro de 2022. A pessoa interessada emparticipar da Jornada, poder\u00e1 faz\u00ea-lo, acessando olink: https:\/\/docs.google.com\/forms\/d\/e\/1FAIpQLSfB1V0FYWsoUXlPjx9WwByfnjr6-zw48heYl3wsZGOSznN8Lg\/viewform<\/p>\n","category_list_v2":"","author_info_v2":{"name":"admin","url":"https:\/\/portal.pi.gov.br\/nufaf\/author\/admin\/"},"comments_num_v2":"0 coment\u00e1rio","_links":{"self":[{"href":"https:\/\/portal.pi.gov.br\/nufaf\/wp-json\/wp\/v2\/pages\/893"}],"collection":[{"href":"https:\/\/portal.pi.gov.br\/nufaf\/wp-json\/wp\/v2\/pages"}],"about":[{"href":"https:\/\/portal.pi.gov.br\/nufaf\/wp-json\/wp\/v2\/types\/page"}],"author":[{"embeddable":true,"href":"https:\/\/portal.pi.gov.br\/nufaf\/wp-json\/wp\/v2\/users\/1"}],"replies":[{"embeddable":true,"href":"https:\/\/portal.pi.gov.br\/nufaf\/wp-json\/wp\/v2\/comments?post=893"}],"version-history":[{"count":4,"href":"https:\/\/portal.pi.gov.br\/nufaf\/wp-json\/wp\/v2\/pages\/893\/revisions"}],"predecessor-version":[{"id":1676,"href":"https:\/\/portal.pi.gov.br\/nufaf\/wp-json\/wp\/v2\/pages\/893\/revisions\/1676"}],"wp:attachment":[{"href":"https:\/\/portal.pi.gov.br\/nufaf\/wp-json\/wp\/v2\/media?parent=893"}],"curies":[{"name":"wp","href":"https:\/\/api.w.org\/{rel}","templated":true}]}}