{"id":897,"date":"2021-04-20T11:01:44","date_gmt":"2021-04-20T14:01:44","guid":{"rendered":"http:\/\/portal.pi.gov.br\/cfaf\/?page_id=897"},"modified":"2023-09-22T10:54:21","modified_gmt":"2023-09-22T13:54:21","slug":"https-drive-google-com-file-d-11imclmtdnzkqj9ehpcosvoh1eyytufuc-viewuspsharing","status":"publish","type":"page","link":"https:\/\/portal.pi.gov.br\/nufaf\/https-drive-google-com-file-d-11imclmtdnzkqj9ehpcosvoh1eyytufuc-viewuspsharing\/","title":{"rendered":"Cat\u00e1logo de Forma\u00e7\u00e3o Continuada 2023.2"},"content":{"rendered":"\n<p>O N\u00facleo de Forma\u00e7\u00e3o Antonino Freire, com o prop\u00f3sito de atender \u00e0 demanda de cursos para forma\u00e7\u00e3o continuada de servidores estaduais e tamb\u00e9m oferecer forma\u00e7\u00e3o a comunidade, torna p\u00fablico o cat\u00e1logo de cursos do segundo semestre de 2023.<\/p>\n\n\n\n<p>Os cursos est\u00e3o sendo ofertados no formato remoto e presencial para o candidato escolher e complementar sua forma\u00e7\u00e3o continuada. Est\u00e3o sendo oferecidos cursos nas \u00e1reas de Seguran\u00e7a e Mercado de Trabalho, Gest\u00e3o Estrat\u00e9gica e de Pessoas, Linguagens, Inform\u00e1tica e Tecnologias, Rob\u00f3tica e Sa\u00fade.<\/p>\n\n\n\n<p>Acessando o cat\u00e1logo o candidato ter\u00e1 acesso a todos os cursos dispon\u00edveis e o link para as inscri\u00e7\u00f5es individuais e demais informa\u00e7\u00f5es a respeito do curso escolhido. Os dados sobre inscri\u00e7\u00f5es e o inicio de cada curso consta nas informa\u00e7\u00f5es adicionais dos respectivos.<\/p>\n\n\n\n<figure class=\"wp-block-gallery has-nested-images columns-default is-cropped wp-block-gallery-1 is-layout-flex\">\n<figure class=\"wp-block-image size-full\"><img decoding=\"async\" loading=\"lazy\" width=\"512\" height=\"512\" data-id=\"1756\"  src=\"https:\/\/portal.pi.gov.br\/nufaf\/wp-content\/uploads\/sites\/27\/2023\/06\/WhatsApp-Image-2023-06-06-at-13.56.00-1-1024x1024-3.jpeg\" alt=\"\" class=\"wp-image-1756\" srcset=\"https:\/\/portal.pi.gov.br\/nufaf\/wp-content\/uploads\/sites\/27\/2023\/06\/WhatsApp-Image-2023-06-06-at-13.56.00-1-1024x1024-3.jpeg 512w, https:\/\/portal.pi.gov.br\/nufaf\/wp-content\/uploads\/sites\/27\/2023\/06\/WhatsApp-Image-2023-06-06-at-13.56.00-1-1024x1024-3-300x300.jpeg 300w, https:\/\/portal.pi.gov.br\/nufaf\/wp-content\/uploads\/sites\/27\/2023\/06\/WhatsApp-Image-2023-06-06-at-13.56.00-1-1024x1024-3-150x150.jpeg 150w, https:\/\/portal.pi.gov.br\/nufaf\/wp-content\/uploads\/sites\/27\/2023\/06\/WhatsApp-Image-2023-06-06-at-13.56.00-1-1024x1024-3-420x420.jpeg 420w\" sizes=\"(max-width: 512px) 100vw, 512px\" \/><\/figure>\n<\/figure>\n\n\n\n<p>Clique aqui para baixar: <a href=\"https:\/\/drive.google.com\/file\/d\/1mUuKszBxqd_ZSGKIaUW4rDlkyYkbRwf7\/view?usp=drive_link\" data-type=\"URL\" data-id=\"https:\/\/drive.google.com\/file\/d\/1mUuKszBxqd_ZSGKIaUW4rDlkyYkbRwf7\/view?usp=drive_link\" target=\"_blank\" rel=\"noreferrer noopener\">https:\/\/drive.google.com\/file\/d\/1mUuKszBxqd_ZSGKIaUW4rDlkyYkbRwf7\/view?usp=drive_link<\/a><\/p>\n\n\n\n<p><\/p>\n","protected":false},"excerpt":{"rendered":"<p>O N\u00facleo de Forma\u00e7\u00e3o Antonino Freire, com o prop\u00f3sito de atender \u00e0 demanda de cursos para forma\u00e7\u00e3o continuada de servidores estaduais e tamb\u00e9m oferecer forma\u00e7\u00e3o a comunidade, torna p\u00fablico o [&hellip;]<\/p>\n","protected":false},"author":1,"featured_media":0,"parent":0,"menu_order":0,"comment_status":"closed","ping_status":"closed","template":"","meta":[],"featured_image_urls":{"full":"","thumbnail":"","medium":"","medium_large":"","large":"","sgg-420":"","sgg-540":"","sgg-780":"","1536x1536":"","2048x2048":"","homepage-slider":"","homepage-slider-small":"","page-top":"","page-small":"","loop-main":"","thumb-gallery-widget":""},"post_excerpt_stackable":"<p>O N\u00facleo de Forma\u00e7\u00e3o Antonino Freire, com o prop\u00f3sito de atender \u00e0 demanda de cursos para forma\u00e7\u00e3o continuada de servidores estaduais e tamb\u00e9m oferecer forma\u00e7\u00e3o a comunidade, torna p\u00fablico o cat\u00e1logo de cursos do segundo semestre de 2023. Os cursos est\u00e3o sendo ofertados no formato remoto e presencial para o candidato escolher e complementar sua forma\u00e7\u00e3o continuada. Est\u00e3o sendo oferecidos cursos nas \u00e1reas de Seguran\u00e7a e Mercado de Trabalho, Gest\u00e3o Estrat\u00e9gica e de Pessoas, Linguagens, Inform\u00e1tica e Tecnologias, Rob\u00f3tica e Sa\u00fade. Acessando o cat\u00e1logo o candidato ter\u00e1 acesso a todos os cursos dispon\u00edveis e o link para as inscri\u00e7\u00f5es individuais&hellip;<\/p>\n","category_list":"","author_info":{"name":"admin","url":"https:\/\/portal.pi.gov.br\/nufaf\/author\/admin\/"},"comments_num":"0 coment\u00e1rio","featured_image_urls_v2":{"full":"","thumbnail":"","medium":"","medium_large":"","large":"","sgg-420":"","sgg-540":"","sgg-780":"","1536x1536":"","2048x2048":"","homepage-slider":"","homepage-slider-small":"","page-top":"","page-small":"","loop-main":"","thumb-gallery-widget":""},"post_excerpt_stackable_v2":"<p>O N\u00facleo de Forma\u00e7\u00e3o Antonino Freire, com o prop\u00f3sito de atender \u00e0 demanda de cursos para forma\u00e7\u00e3o continuada de servidores estaduais e tamb\u00e9m oferecer forma\u00e7\u00e3o a comunidade, torna p\u00fablico o cat\u00e1logo de cursos do segundo semestre de 2023. Os cursos est\u00e3o sendo ofertados no formato remoto e presencial para o candidato escolher e complementar sua forma\u00e7\u00e3o continuada. Est\u00e3o sendo oferecidos cursos nas \u00e1reas de Seguran\u00e7a e Mercado de Trabalho, Gest\u00e3o Estrat\u00e9gica e de Pessoas, Linguagens, Inform\u00e1tica e Tecnologias, Rob\u00f3tica e Sa\u00fade. Acessando o cat\u00e1logo o candidato ter\u00e1 acesso a todos os cursos dispon\u00edveis e o link para as inscri\u00e7\u00f5es individuais&hellip;<\/p>\n","category_list_v2":"","author_info_v2":{"name":"admin","url":"https:\/\/portal.pi.gov.br\/nufaf\/author\/admin\/"},"comments_num_v2":"0 coment\u00e1rio","_links":{"self":[{"href":"https:\/\/portal.pi.gov.br\/nufaf\/wp-json\/wp\/v2\/pages\/897"}],"collection":[{"href":"https:\/\/portal.pi.gov.br\/nufaf\/wp-json\/wp\/v2\/pages"}],"about":[{"href":"https:\/\/portal.pi.gov.br\/nufaf\/wp-json\/wp\/v2\/types\/page"}],"author":[{"embeddable":true,"href":"https:\/\/portal.pi.gov.br\/nufaf\/wp-json\/wp\/v2\/users\/1"}],"replies":[{"embeddable":true,"href":"https:\/\/portal.pi.gov.br\/nufaf\/wp-json\/wp\/v2\/comments?post=897"}],"version-history":[{"count":20,"href":"https:\/\/portal.pi.gov.br\/nufaf\/wp-json\/wp\/v2\/pages\/897\/revisions"}],"predecessor-version":[{"id":1777,"href":"https:\/\/portal.pi.gov.br\/nufaf\/wp-json\/wp\/v2\/pages\/897\/revisions\/1777"}],"wp:attachment":[{"href":"https:\/\/portal.pi.gov.br\/nufaf\/wp-json\/wp\/v2\/media?parent=897"}],"curies":[{"name":"wp","href":"https:\/\/api.w.org\/{rel}","templated":true}]}}