{"id":1008,"date":"2025-05-26T15:07:18","date_gmt":"2025-05-26T18:07:18","guid":{"rendered":"https:\/\/portal.pi.gov.br\/pc\/?page_id=1008"},"modified":"2025-05-26T15:07:26","modified_gmt":"2025-05-26T18:07:26","slug":"delegacias","status":"publish","type":"page","link":"https:\/\/portal.pi.gov.br\/pc\/delegacias\/","title":{"rendered":"Nossos Endere\u00e7os"},"content":{"rendered":"\n<p>Neste espa\u00e7o est\u00e3o disponibilizadas v\u00e1rias listas contendo endere\u00e7os, n\u00fameros de telefones, emails, nomes dos titulares, \u00e1rea de atua\u00e7\u00e3o, al\u00e9m de outras informa\u00e7\u00f5es que possam facilitar o contato e a localiza\u00e7\u00e3o das unidades policiais do Estado do Piau\u00ed, a seguir relacionadas:<\/p>\n\n\n\n<p><a href=\"https:\/\/portal.pi.gov.br\/pc\/unidades-administrativas-ssp-pi\/\">Unidades Administrativas da SSP-PI<\/a><\/p>\n\n\n\n<p><a href=\"https:\/\/portal.pi.gov.br\/pc\/unidades-policiais-administrativas\/\">Unidades Administrativas da Pol\u00edcia Civil<\/a><\/p>\n\n\n\n<p><a href=\"https:\/\/portal.pi.gov.br\/pc\/unidades-da-policia-cientifica\/\">Unidades do Departamento de Pol\u00edcia Cient\u00edfica (DEPOC)<\/a><\/p>\n\n\n\n<p><a href=\"https:\/\/portal.pi.gov.br\/pc\/delegacias-distritais-de-teresina\/\">Unidades da Diretoria de Pol\u00edcia Metropolitana (DPM) &#8211; Seccionais de Teresina e Regi\u00e3o Metropolitana<\/a><\/p>\n\n\n\n<p><a href=\"https:\/\/portal.pi.gov.br\/pc\/delegacias-especializadas\/\">Unidades da Diretoria Especializada em Opera\u00e7\u00f5es Policiais (DEOP)<\/a><\/p>\n\n\n\n<p><a href=\"http:\/\/portal.pi.gov.br\/pc\/delegacias-metropolitanas\/\" data-type=\"URL\" data-id=\"portal.pi.gov.br\/pc\/delegacias-metropolitanas\/\">Unidades da Diretoria de Prote\u00e7\u00e3o \u00e0 Mulher e aos Grupos Vulner\u00e1veis (DPMGV)<\/a><\/p>\n\n\n\n<p><a href=\"https:\/\/portal.pi.gov.br\/pc\/delegacias-do-interior\/\">Unidades da Diretoria de Pol\u00edcia do Interior (DPI)<\/a><\/p>\n","protected":false},"excerpt":{"rendered":"<p>Neste espa\u00e7o est\u00e3o disponibilizadas v\u00e1rias listas contendo endere\u00e7os, n\u00fameros de telefones, emails, nomes dos titulares, \u00e1rea de atua\u00e7\u00e3o, al\u00e9m de outras informa\u00e7\u00f5es que possam facilitar o contato e a localiza\u00e7\u00e3o [&hellip;]<\/p>\n","protected":false},"author":1,"featured_media":0,"parent":0,"menu_order":0,"comment_status":"closed","ping_status":"closed","template":"template-fullwidth.php","meta":[],"featured_image_urls":{"full":"","thumbnail":"","medium":"","medium_large":"","large":"","sgg-420":"","sgg-540":"","sgg-780":"","1536x1536":"","2048x2048":"","homepage-slider":"","homepage-slider-small":"","page-top":"","page-small":"","loop-main":"","thumb-gallery-widget":""},"post_excerpt_stackable":"<p>Neste espa\u00e7o est\u00e3o disponibilizadas v\u00e1rias listas contendo endere\u00e7os, n\u00fameros de telefones, emails, nomes dos titulares, \u00e1rea de atua\u00e7\u00e3o, al\u00e9m de outras informa\u00e7\u00f5es que possam facilitar o contato e a localiza\u00e7\u00e3o das unidades policiais do Estado do Piau\u00ed, a seguir relacionadas: Unidades Administrativas da SSP-PI Unidades Administrativas da Pol\u00edcia Civil Unidades do Departamento de Pol\u00edcia Cient\u00edfica (DEPOC) Unidades da Diretoria de Pol\u00edcia Metropolitana (DPM) &#8211; Seccionais de Teresina e Regi\u00e3o Metropolitana Unidades da Diretoria Especializada em Opera\u00e7\u00f5es Policiais (DEOP) Unidades da Diretoria de Prote\u00e7\u00e3o \u00e0 Mulher e aos Grupos Vulner\u00e1veis (DPMGV) Unidades da Diretoria de Pol\u00edcia do Interior (DPI)<\/p>\n","category_list":"","author_info":{"name":"admin","url":"https:\/\/portal.pi.gov.br\/pc\/author\/admin\/"},"comments_num":"0 coment\u00e1rio","featured_image_urls_v2":{"full":"","thumbnail":"","medium":"","medium_large":"","large":"","sgg-420":"","sgg-540":"","sgg-780":"","1536x1536":"","2048x2048":"","homepage-slider":"","homepage-slider-small":"","page-top":"","page-small":"","loop-main":"","thumb-gallery-widget":""},"post_excerpt_stackable_v2":"<p>Neste espa\u00e7o est\u00e3o disponibilizadas v\u00e1rias listas contendo endere\u00e7os, n\u00fameros de telefones, emails, nomes dos titulares, \u00e1rea de atua\u00e7\u00e3o, al\u00e9m de outras informa\u00e7\u00f5es que possam facilitar o contato e a localiza\u00e7\u00e3o das unidades policiais do Estado do Piau\u00ed, a seguir relacionadas: Unidades Administrativas da SSP-PI Unidades Administrativas da Pol\u00edcia Civil Unidades do Departamento de Pol\u00edcia Cient\u00edfica (DEPOC) Unidades da Diretoria de Pol\u00edcia Metropolitana (DPM) &#8211; Seccionais de Teresina e Regi\u00e3o Metropolitana Unidades da Diretoria Especializada em Opera\u00e7\u00f5es Policiais (DEOP) Unidades da Diretoria de Prote\u00e7\u00e3o \u00e0 Mulher e aos Grupos Vulner\u00e1veis (DPMGV) Unidades da Diretoria de Pol\u00edcia do Interior (DPI)<\/p>\n","category_list_v2":"","author_info_v2":{"name":"admin","url":"https:\/\/portal.pi.gov.br\/pc\/author\/admin\/"},"comments_num_v2":"0 coment\u00e1rio","_links":{"self":[{"href":"https:\/\/portal.pi.gov.br\/pc\/wp-json\/wp\/v2\/pages\/1008"}],"collection":[{"href":"https:\/\/portal.pi.gov.br\/pc\/wp-json\/wp\/v2\/pages"}],"about":[{"href":"https:\/\/portal.pi.gov.br\/pc\/wp-json\/wp\/v2\/types\/page"}],"author":[{"embeddable":true,"href":"https:\/\/portal.pi.gov.br\/pc\/wp-json\/wp\/v2\/users\/1"}],"replies":[{"embeddable":true,"href":"https:\/\/portal.pi.gov.br\/pc\/wp-json\/wp\/v2\/comments?post=1008"}],"version-history":[{"count":31,"href":"https:\/\/portal.pi.gov.br\/pc\/wp-json\/wp\/v2\/pages\/1008\/revisions"}],"predecessor-version":[{"id":13852,"href":"https:\/\/portal.pi.gov.br\/pc\/wp-json\/wp\/v2\/pages\/1008\/revisions\/13852"}],"wp:attachment":[{"href":"https:\/\/portal.pi.gov.br\/pc\/wp-json\/wp\/v2\/media?parent=1008"}],"curies":[{"name":"wp","href":"https:\/\/api.w.org\/{rel}","templated":true}]}}