{"id":1047,"date":"2022-01-30T10:13:45","date_gmt":"2022-01-30T13:13:45","guid":{"rendered":"https:\/\/portal.pi.gov.br\/pc\/?page_id=1047"},"modified":"2024-02-09T09:25:55","modified_gmt":"2024-02-09T12:25:55","slug":"equipe","status":"publish","type":"page","link":"https:\/\/portal.pi.gov.br\/pc\/equipe\/","title":{"rendered":"Equipe"},"content":{"rendered":"\n<p><\/p>\n\n\n\n<div class=\"alignfull wp-block-ugb-team-member ugb-team-member ugb-8b4a7a9 ugb-team-member--v3 ugb-team-member--design-basic ugb-team-member--columns-2 ugb-main-block ugb-main-block--inner-center ugb--has-block-background\"><style>.ugb-8b4a7a9 .ugb-team-member__item{border-radius:16px !important}.ugb-8b4a7a9 .ugb-team-member__position{color:var(--stk-global-color-4603,#313131) !important}.ugb-8b4a7a9 .ugb-button{background-color:var(--stk-global-color-4603,#313131);border-radius:0px !important}.ugb-8b4a7a9 .ugb-button .ugb-button--inner,.ugb-8b4a7a9 .ugb-button svg:not(.ugb-custom-icon){color:#ffffff !important}.ugb-8b4a7a9 .ugb-button:before{border-radius:0px !important}.ugb-8b4a7a9 .ugb-button.ugb-button--has-icon.ugb-button--has-icon svg{width:px;height:px}.ugb-8b4a7a9 .ugb-block-title{text-align:center}<\/style><div class=\"ugb-inner-block ugb-inner-block--center\"><h2 class=\"ugb-block-title\">Equipe Planejamento Estrat\u00e9gico 2020\/2030<\/h2><div class=\"ugb-block-content\"><div class=\"ugb-team-member__item ugb-team-member__item1 ugb--shadow-3\"><div class=\"ugb-team-member__content\"><div class=\"ugb-team-member__title\"><h4 class=\"ugb-team-member__name\"><strong>Luccy Keiko Leal Para\u00edba<\/strong><\/h4><p class=\"ugb-team-member__position\">Delegado-Geral<\/p><\/div><div class=\"ugb-team-member__buttons\"><div class=\"ugb-button-container\"><a class=\"ugb-social-button ugb-button-instagram ugb-button ugb-button--size-normal ugb-button--icon-only ugb-button--has-icon\" href=\"#\" rel=\"noopener noreferrer nofollow\" title=\"\"><div class=\"ugb-icon-inner-svg\"><svg aria-hidden=\"true\" data-prefix=\"fab\" data-icon=\"instagram\" class=\"svg-inline--fa fa-instagram fa-w-14\" role=\"img\" xmlns=\"http:\/\/www.w3.org\/2000\/svg\" viewBox=\"0 0 448 512\"><path fill=\"currentColor\" d=\"M224.1 141c-63.6 0-114.9 51.3-114.9 114.9s51.3 114.9 114.9 114.9S339 319.5 339 255.9 287.7 141 224.1 141zm0 189.6c-41.1 0-74.7-33.5-74.7-74.7s33.5-74.7 74.7-74.7 74.7 33.5 74.7 74.7-33.6 74.7-74.7 74.7zm146.4-194.3c0 14.9-12 26.8-26.8 26.8-14.9 0-26.8-12-26.8-26.8s12-26.8 26.8-26.8 26.8 12 26.8 26.8zm76.1 27.2c-1.7-35.9-9.9-67.7-36.2-93.9-26.2-26.2-58-34.4-93.9-36.2-37-2.1-147.9-2.1-184.9 0-35.8 1.7-67.6 9.9-93.9 36.1s-34.4 58-36.2 93.9c-2.1 37-2.1 147.9 0 184.9 1.7 35.9 9.9 67.7 36.2 93.9s58 34.4 93.9 36.2c37 2.1 147.9 2.1 184.9 0 35.9-1.7 67.7-9.9 93.9-36.2 26.2-26.2 34.4-58 36.2-93.9 2.1-37 2.1-147.8 0-184.8zM398.8 388c-7.8 19.6-22.9 34.7-42.6 42.6-29.5 11.7-99.5 9-132.1 9s-102.7 2.6-132.1-9c-19.6-7.8-34.7-22.9-42.6-42.6-11.7-29.5-9-99.5-9-132.1s-2.6-102.7 9-132.1c7.8-19.6 22.9-34.7 42.6-42.6 29.5-11.7 99.5-9 132.1-9s102.7-2.6 132.1 9c19.6 7.8 34.7 22.9 42.6 42.6 11.7 29.5 9 99.5 9 132.1s2.7 102.7-9 132.1z\"><\/path><\/svg><\/div><\/a><\/div><div class=\"ugb-button-container\"><a class=\"ugb-social-button ugb-button-email ugb-button ugb-button--size-normal ugb-button--icon-only ugb-button--has-icon\" href=\"mailto:my@email.com\" rel=\"noopener noreferrer nofollow\" title=\"\"><div class=\"ugb-icon-inner-svg\"><svg aria-hidden=\"true\" data-prefix=\"far\" data-icon=\"envelope\" class=\"svg-inline--fa fa-envelope fa-w-16\" role=\"img\" xmlns=\"http:\/\/www.w3.org\/2000\/svg\" viewBox=\"0 0 512 512\"><path fill=\"currentColor\" d=\"M464 64H48C21.49 64 0 85.49 0 112v288c0 26.51 21.49 48 48 48h416c26.51 0 48-21.49 48-48V112c0-26.51-21.49-48-48-48zm0 48v40.805c-22.422 18.259-58.168 46.651-134.587 106.49-16.841 13.247-50.201 45.072-73.413 44.701-23.208.375-56.579-31.459-73.413-44.701C106.18 199.465 70.425 171.067 48 152.805V112h416zM48 400V214.398c22.914 18.251 55.409 43.862 104.938 82.646 21.857 17.205 60.134 55.186 103.062 54.955 42.717.231 80.509-37.199 103.053-54.947 49.528-38.783 82.032-64.401 104.947-82.653V400H48z\"><\/path><\/svg><\/div><\/a><\/div><\/div><\/div><\/div><div class=\"ugb-team-member__item ugb-team-member__item2 ugb--shadow-3\"><div class=\"ugb-team-member__content\"><div class=\"ugb-team-member__title\"><h4 class=\"ugb-team-member__name\"><strong>Carla Caldas Fontenele Brizzi Lima<\/strong><\/h4><p class=\"ugb-team-member__position\">Delegada de Pol\u00edcia Civil<\/p><\/div><div class=\"ugb-team-member__buttons\"><div class=\"ugb-button-container\"><a class=\"ugb-social-button ugb-button-instagram ugb-button ugb-button--size-normal ugb-button--icon-only ugb-button--has-icon\" href=\"#\" rel=\"noopener noreferrer nofollow\" title=\"\"><div class=\"ugb-icon-inner-svg\"><svg aria-hidden=\"true\" data-prefix=\"fab\" data-icon=\"instagram\" class=\"svg-inline--fa fa-instagram fa-w-14\" role=\"img\" xmlns=\"http:\/\/www.w3.org\/2000\/svg\" viewBox=\"0 0 448 512\"><path fill=\"currentColor\" d=\"M224.1 141c-63.6 0-114.9 51.3-114.9 114.9s51.3 114.9 114.9 114.9S339 319.5 339 255.9 287.7 141 224.1 141zm0 189.6c-41.1 0-74.7-33.5-74.7-74.7s33.5-74.7 74.7-74.7 74.7 33.5 74.7 74.7-33.6 74.7-74.7 74.7zm146.4-194.3c0 14.9-12 26.8-26.8 26.8-14.9 0-26.8-12-26.8-26.8s12-26.8 26.8-26.8 26.8 12 26.8 26.8zm76.1 27.2c-1.7-35.9-9.9-67.7-36.2-93.9-26.2-26.2-58-34.4-93.9-36.2-37-2.1-147.9-2.1-184.9 0-35.8 1.7-67.6 9.9-93.9 36.1s-34.4 58-36.2 93.9c-2.1 37-2.1 147.9 0 184.9 1.7 35.9 9.9 67.7 36.2 93.9s58 34.4 93.9 36.2c37 2.1 147.9 2.1 184.9 0 35.9-1.7 67.7-9.9 93.9-36.2 26.2-26.2 34.4-58 36.2-93.9 2.1-37 2.1-147.8 0-184.8zM398.8 388c-7.8 19.6-22.9 34.7-42.6 42.6-29.5 11.7-99.5 9-132.1 9s-102.7 2.6-132.1-9c-19.6-7.8-34.7-22.9-42.6-42.6-11.7-29.5-9-99.5-9-132.1s-2.6-102.7 9-132.1c7.8-19.6 22.9-34.7 42.6-42.6 29.5-11.7 99.5-9 132.1-9s102.7-2.6 132.1 9c19.6 7.8 34.7 22.9 42.6 42.6 11.7 29.5 9 99.5 9 132.1s2.7 102.7-9 132.1z\"><\/path><\/svg><\/div><\/a><\/div><div class=\"ugb-button-container\"><a class=\"ugb-social-button ugb-button-email ugb-button ugb-button--size-normal ugb-button--icon-only ugb-button--has-icon\" href=\"mailto:my@email.com\" rel=\"noopener noreferrer nofollow\" title=\"\"><div class=\"ugb-icon-inner-svg\"><svg aria-hidden=\"true\" data-prefix=\"far\" data-icon=\"envelope\" class=\"svg-inline--fa fa-envelope fa-w-16\" role=\"img\" xmlns=\"http:\/\/www.w3.org\/2000\/svg\" viewBox=\"0 0 512 512\"><path fill=\"currentColor\" d=\"M464 64H48C21.49 64 0 85.49 0 112v288c0 26.51 21.49 48 48 48h416c26.51 0 48-21.49 48-48V112c0-26.51-21.49-48-48-48zm0 48v40.805c-22.422 18.259-58.168 46.651-134.587 106.49-16.841 13.247-50.201 45.072-73.413 44.701-23.208.375-56.579-31.459-73.413-44.701C106.18 199.465 70.425 171.067 48 152.805V112h416zM48 400V214.398c22.914 18.251 55.409 43.862 104.938 82.646 21.857 17.205 60.134 55.186 103.062 54.955 42.717.231 80.509-37.199 103.053-54.947 49.528-38.783 82.032-64.401 104.947-82.653V400H48z\"><\/path><\/svg><\/div><\/a><\/div><\/div><\/div><\/div><\/div><\/div><\/div>\n\n\n\n<div class=\"alignfull wp-block-ugb-team-member ugb-team-member ugb-e43350b ugb-team-member--v3 ugb-team-member--design-basic ugb-team-member--columns-2 ugb-main-block ugb-main-block--inner-center ugb--has-block-background\"><style>.ugb-e43350b .ugb-team-member__item{border-radius:16px !important}.ugb-e43350b .ugb-team-member__position{color:var(--stk-global-color-4603,#313131) !important}.ugb-e43350b .ugb-button{background-color:var(--stk-global-color-4603,#313131);border-radius:0px !important}.ugb-e43350b .ugb-button .ugb-button--inner,.ugb-e43350b .ugb-button svg:not(.ugb-custom-icon){color:#ffffff !important}.ugb-e43350b .ugb-button:before{border-radius:0px !important}.ugb-e43350b .ugb-button.ugb-button--has-icon.ugb-button--has-icon svg{width:px;height:px}@media screen and (min-width:768px){.ugb-e43350b.ugb-team-member{margin-top:-127px !important}}<\/style><div class=\"ugb-inner-block ugb-inner-block--center\"><div class=\"ugb-block-content\"><div class=\"ugb-team-member__item ugb-team-member__item1 ugb--shadow-3\"><div class=\"ugb-team-member__content\"><div class=\"ugb-team-member__title\"><h4 class=\"ugb-team-member__name\"><strong>Glauber Saraiva Leit\u00e3o<\/strong><\/h4><p class=\"ugb-team-member__position\">Agente de Pol\u00edcia Civil<\/p><\/div><div class=\"ugb-team-member__buttons\"><div class=\"ugb-button-container\"><a class=\"ugb-social-button ugb-button-instagram ugb-button ugb-button--size-normal ugb-button--icon-only ugb-button--has-icon\" href=\"#\" rel=\"noopener noreferrer nofollow\" title=\"\"><div class=\"ugb-icon-inner-svg\"><svg aria-hidden=\"true\" data-prefix=\"fab\" data-icon=\"instagram\" class=\"svg-inline--fa fa-instagram fa-w-14\" role=\"img\" xmlns=\"http:\/\/www.w3.org\/2000\/svg\" viewBox=\"0 0 448 512\"><path fill=\"currentColor\" d=\"M224.1 141c-63.6 0-114.9 51.3-114.9 114.9s51.3 114.9 114.9 114.9S339 319.5 339 255.9 287.7 141 224.1 141zm0 189.6c-41.1 0-74.7-33.5-74.7-74.7s33.5-74.7 74.7-74.7 74.7 33.5 74.7 74.7-33.6 74.7-74.7 74.7zm146.4-194.3c0 14.9-12 26.8-26.8 26.8-14.9 0-26.8-12-26.8-26.8s12-26.8 26.8-26.8 26.8 12 26.8 26.8zm76.1 27.2c-1.7-35.9-9.9-67.7-36.2-93.9-26.2-26.2-58-34.4-93.9-36.2-37-2.1-147.9-2.1-184.9 0-35.8 1.7-67.6 9.9-93.9 36.1s-34.4 58-36.2 93.9c-2.1 37-2.1 147.9 0 184.9 1.7 35.9 9.9 67.7 36.2 93.9s58 34.4 93.9 36.2c37 2.1 147.9 2.1 184.9 0 35.9-1.7 67.7-9.9 93.9-36.2 26.2-26.2 34.4-58 36.2-93.9 2.1-37 2.1-147.8 0-184.8zM398.8 388c-7.8 19.6-22.9 34.7-42.6 42.6-29.5 11.7-99.5 9-132.1 9s-102.7 2.6-132.1-9c-19.6-7.8-34.7-22.9-42.6-42.6-11.7-29.5-9-99.5-9-132.1s-2.6-102.7 9-132.1c7.8-19.6 22.9-34.7 42.6-42.6 29.5-11.7 99.5-9 132.1-9s102.7-2.6 132.1 9c19.6 7.8 34.7 22.9 42.6 42.6 11.7 29.5 9 99.5 9 132.1s2.7 102.7-9 132.1z\"><\/path><\/svg><\/div><\/a><\/div><div class=\"ugb-button-container\"><a class=\"ugb-social-button ugb-button-email ugb-button ugb-button--size-normal ugb-button--icon-only ugb-button--has-icon\" href=\"mailto:my@email.com\" rel=\"noopener noreferrer nofollow\" title=\"\"><div class=\"ugb-icon-inner-svg\"><svg aria-hidden=\"true\" data-prefix=\"far\" data-icon=\"envelope\" class=\"svg-inline--fa fa-envelope fa-w-16\" role=\"img\" xmlns=\"http:\/\/www.w3.org\/2000\/svg\" viewBox=\"0 0 512 512\"><path fill=\"currentColor\" d=\"M464 64H48C21.49 64 0 85.49 0 112v288c0 26.51 21.49 48 48 48h416c26.51 0 48-21.49 48-48V112c0-26.51-21.49-48-48-48zm0 48v40.805c-22.422 18.259-58.168 46.651-134.587 106.49-16.841 13.247-50.201 45.072-73.413 44.701-23.208.375-56.579-31.459-73.413-44.701C106.18 199.465 70.425 171.067 48 152.805V112h416zM48 400V214.398c22.914 18.251 55.409 43.862 104.938 82.646 21.857 17.205 60.134 55.186 103.062 54.955 42.717.231 80.509-37.199 103.053-54.947 49.528-38.783 82.032-64.401 104.947-82.653V400H48z\"><\/path><\/svg><\/div><\/a><\/div><\/div><\/div><\/div><div class=\"ugb-team-member__item ugb-team-member__item2 ugb--shadow-3\"><div class=\"ugb-team-member__content\"><div class=\"ugb-team-member__title\"><h4 class=\"ugb-team-member__name\"><strong><strong>Adriana Pacheco de Ara\u00fajo Dias A<\/strong>guiar<\/strong><\/h4><p class=\"ugb-team-member__position\">Consultora Convidada<\/p><\/div><div class=\"ugb-team-member__buttons\"><div class=\"ugb-button-container\"><a class=\"ugb-social-button ugb-button-instagram ugb-button ugb-button--size-normal ugb-button--icon-only ugb-button--has-icon\" href=\"#\" rel=\"noopener noreferrer nofollow\" title=\"\"><div class=\"ugb-icon-inner-svg\"><svg aria-hidden=\"true\" data-prefix=\"fab\" data-icon=\"instagram\" class=\"svg-inline--fa fa-instagram fa-w-14\" role=\"img\" xmlns=\"http:\/\/www.w3.org\/2000\/svg\" viewBox=\"0 0 448 512\"><path fill=\"currentColor\" d=\"M224.1 141c-63.6 0-114.9 51.3-114.9 114.9s51.3 114.9 114.9 114.9S339 319.5 339 255.9 287.7 141 224.1 141zm0 189.6c-41.1 0-74.7-33.5-74.7-74.7s33.5-74.7 74.7-74.7 74.7 33.5 74.7 74.7-33.6 74.7-74.7 74.7zm146.4-194.3c0 14.9-12 26.8-26.8 26.8-14.9 0-26.8-12-26.8-26.8s12-26.8 26.8-26.8 26.8 12 26.8 26.8zm76.1 27.2c-1.7-35.9-9.9-67.7-36.2-93.9-26.2-26.2-58-34.4-93.9-36.2-37-2.1-147.9-2.1-184.9 0-35.8 1.7-67.6 9.9-93.9 36.1s-34.4 58-36.2 93.9c-2.1 37-2.1 147.9 0 184.9 1.7 35.9 9.9 67.7 36.2 93.9s58 34.4 93.9 36.2c37 2.1 147.9 2.1 184.9 0 35.9-1.7 67.7-9.9 93.9-36.2 26.2-26.2 34.4-58 36.2-93.9 2.1-37 2.1-147.8 0-184.8zM398.8 388c-7.8 19.6-22.9 34.7-42.6 42.6-29.5 11.7-99.5 9-132.1 9s-102.7 2.6-132.1-9c-19.6-7.8-34.7-22.9-42.6-42.6-11.7-29.5-9-99.5-9-132.1s-2.6-102.7 9-132.1c7.8-19.6 22.9-34.7 42.6-42.6 29.5-11.7 99.5-9 132.1-9s102.7-2.6 132.1 9c19.6 7.8 34.7 22.9 42.6 42.6 11.7 29.5 9 99.5 9 132.1s2.7 102.7-9 132.1z\"><\/path><\/svg><\/div><\/a><\/div><div class=\"ugb-button-container\"><a class=\"ugb-social-button ugb-button-email ugb-button ugb-button--size-normal ugb-button--icon-only ugb-button--has-icon\" href=\"mailto:my@email.com\" rel=\"noopener noreferrer nofollow\" title=\"\"><div class=\"ugb-icon-inner-svg\"><svg aria-hidden=\"true\" data-prefix=\"far\" data-icon=\"envelope\" class=\"svg-inline--fa fa-envelope fa-w-16\" role=\"img\" xmlns=\"http:\/\/www.w3.org\/2000\/svg\" viewBox=\"0 0 512 512\"><path fill=\"currentColor\" d=\"M464 64H48C21.49 64 0 85.49 0 112v288c0 26.51 21.49 48 48 48h416c26.51 0 48-21.49 48-48V112c0-26.51-21.49-48-48-48zm0 48v40.805c-22.422 18.259-58.168 46.651-134.587 106.49-16.841 13.247-50.201 45.072-73.413 44.701-23.208.375-56.579-31.459-73.413-44.701C106.18 199.465 70.425 171.067 48 152.805V112h416zM48 400V214.398c22.914 18.251 55.409 43.862 104.938 82.646 21.857 17.205 60.134 55.186 103.062 54.955 42.717.231 80.509-37.199 103.053-54.947 49.528-38.783 82.032-64.401 104.947-82.653V400H48z\"><\/path><\/svg><\/div><\/a><\/div><\/div><\/div><\/div><\/div><\/div><\/div>\n\n\n\n<p><strong>GRUPO DE TRABALHO PERMANENTE<\/strong><\/p>\n\n\n\n<p>(Portaria n\u00ba 030-GDG\/AN\/2019, DOE n\u00ba 107, de 07 de junho de 2019, p. 24-25)<\/p>\n\n\n\n<p>EMIR MAIA MARTINS NETO \u2013 Corregedor-chefe da Pol\u00edcia Civil<\/p>\n\n\n\n<p>ADOLPHO HENRIQUE SOARES CARDOSO &#8211; Diretor da ACADEPOL\/PI<\/p>\n\n\n\n<p>ADRIANA MARIA XAVIER FONTES M\u00c1XIMO &#8211; Diretora da Unidade de Pol\u00edcia Judici\u00e1ria<\/p>\n\n\n\n<p>ANA LUIZA MARQUES DOS REIS \u2013 Assessoria Especial<\/p>\n\n\n\n<p>CHRISTIANE ARA\u00daJO FONTELES VASCONCELOS \u2013 Gerente Or\u00e7ament\u00e1ria e Financeira<\/p>\n\n\n\n<p>SEBASTI\u00c3O ALVES DE ALENCAR NETO \u2013 Gerente de Pol\u00edcia Metropolitana<\/p>\n\n\n\n<p>MARCELO CRUZ ARA\u00daJO LEAL &#8211; Diretor de Pol\u00edcia do Interior<\/p>\n\n\n\n<p>MATHEUS LIMA ZANATTA \u2013 Gerente de Pol\u00edcia Especializada<\/p>\n\n\n\n<p>ANTONIO NUNES NUNES PEREIRA \u2013 Diretor da Pol\u00edcia T\u00e9cnica Cient\u00edfica<\/p>\n\n\n\n<p>KLEYDSON FERREIRA DA COSTA E SILVA \u2013 Representante da Diretoria de Intelig\u00eancia da Pol\u00edcia Civil<\/p>\n\n\n\n<p>F\u00c1BIO LEAL DE OLIVEIRA \u2013 Coordenador do N\u00facleo de Controle Interno<\/p>\n","protected":false},"excerpt":{"rendered":"<p>Equipe Planejamento Estrat\u00e9gico 2020\/2030 Luccy Keiko Leal Para\u00edba Delegado-Geral Carla Caldas Fontenele Brizzi Lima Delegada de Pol\u00edcia Civil Glauber Saraiva Leit\u00e3o Agente de Pol\u00edcia Civil Adriana Pacheco de Ara\u00fajo Dias [&hellip;]<\/p>\n","protected":false},"author":1,"featured_media":0,"parent":0,"menu_order":0,"comment_status":"closed","ping_status":"closed","template":"template-fullwidth.php","meta":[],"featured_image_urls":{"full":"","thumbnail":"","medium":"","medium_large":"","large":"","sgg-420":"","sgg-540":"","sgg-780":"","1536x1536":"","2048x2048":"","homepage-slider":"","homepage-slider-small":"","page-top":"","page-small":"","loop-main":"","thumb-gallery-widget":""},"post_excerpt_stackable":"<p>Equipe Planejamento Estrat\u00e9gico 2020\/2030Luccy Keiko Leal Para\u00edbaDelegado-GeralCarla Caldas Fontenele Brizzi LimaDelegada de Pol\u00edcia Civil Glauber Saraiva Leit\u00e3oAgente de Pol\u00edcia CivilAdriana Pacheco de Ara\u00fajo Dias AguiarConsultora Convidada GRUPO DE TRABALHO PERMANENTE (Portaria n\u00ba 030-GDG\/AN\/2019, DOE n\u00ba 107, de 07 de junho de 2019, p. 24-25) EMIR MAIA MARTINS NETO \u2013 Corregedor-chefe da Pol\u00edcia Civil ADOLPHO HENRIQUE SOARES CARDOSO &#8211; Diretor da ACADEPOL\/PI ADRIANA MARIA XAVIER FONTES M\u00c1XIMO &#8211; Diretora da Unidade de Pol\u00edcia Judici\u00e1ria ANA LUIZA MARQUES DOS REIS \u2013 Assessoria Especial CHRISTIANE ARA\u00daJO FONTELES VASCONCELOS \u2013 Gerente Or\u00e7ament\u00e1ria e Financeira SEBASTI\u00c3O ALVES DE ALENCAR NETO \u2013 Gerente de Pol\u00edcia Metropolitana&hellip;<\/p>\n","category_list":"","author_info":{"name":"admin","url":"https:\/\/portal.pi.gov.br\/pc\/author\/admin\/"},"comments_num":"0 coment\u00e1rio","featured_image_urls_v2":{"full":"","thumbnail":"","medium":"","medium_large":"","large":"","sgg-420":"","sgg-540":"","sgg-780":"","1536x1536":"","2048x2048":"","homepage-slider":"","homepage-slider-small":"","page-top":"","page-small":"","loop-main":"","thumb-gallery-widget":""},"post_excerpt_stackable_v2":"<p>Equipe Planejamento Estrat\u00e9gico 2020\/2030Luccy Keiko Leal Para\u00edbaDelegado-GeralCarla Caldas Fontenele Brizzi LimaDelegada de Pol\u00edcia Civil Glauber Saraiva Leit\u00e3oAgente de Pol\u00edcia CivilAdriana Pacheco de Ara\u00fajo Dias AguiarConsultora Convidada GRUPO DE TRABALHO PERMANENTE (Portaria n\u00ba 030-GDG\/AN\/2019, DOE n\u00ba 107, de 07 de junho de 2019, p. 24-25) EMIR MAIA MARTINS NETO \u2013 Corregedor-chefe da Pol\u00edcia Civil ADOLPHO HENRIQUE SOARES CARDOSO &#8211; Diretor da ACADEPOL\/PI ADRIANA MARIA XAVIER FONTES M\u00c1XIMO &#8211; Diretora da Unidade de Pol\u00edcia Judici\u00e1ria ANA LUIZA MARQUES DOS REIS \u2013 Assessoria Especial CHRISTIANE ARA\u00daJO FONTELES VASCONCELOS \u2013 Gerente Or\u00e7ament\u00e1ria e Financeira SEBASTI\u00c3O ALVES DE ALENCAR NETO \u2013 Gerente de Pol\u00edcia Metropolitana&hellip;<\/p>\n","category_list_v2":"","author_info_v2":{"name":"admin","url":"https:\/\/portal.pi.gov.br\/pc\/author\/admin\/"},"comments_num_v2":"0 coment\u00e1rio","_links":{"self":[{"href":"https:\/\/portal.pi.gov.br\/pc\/wp-json\/wp\/v2\/pages\/1047"}],"collection":[{"href":"https:\/\/portal.pi.gov.br\/pc\/wp-json\/wp\/v2\/pages"}],"about":[{"href":"https:\/\/portal.pi.gov.br\/pc\/wp-json\/wp\/v2\/types\/page"}],"author":[{"embeddable":true,"href":"https:\/\/portal.pi.gov.br\/pc\/wp-json\/wp\/v2\/users\/1"}],"replies":[{"embeddable":true,"href":"https:\/\/portal.pi.gov.br\/pc\/wp-json\/wp\/v2\/comments?post=1047"}],"version-history":[{"count":6,"href":"https:\/\/portal.pi.gov.br\/pc\/wp-json\/wp\/v2\/pages\/1047\/revisions"}],"predecessor-version":[{"id":8439,"href":"https:\/\/portal.pi.gov.br\/pc\/wp-json\/wp\/v2\/pages\/1047\/revisions\/8439"}],"wp:attachment":[{"href":"https:\/\/portal.pi.gov.br\/pc\/wp-json\/wp\/v2\/media?parent=1047"}],"curies":[{"name":"wp","href":"https:\/\/api.w.org\/{rel}","templated":true}]}}