{"id":1146,"date":"2022-03-20T20:41:58","date_gmt":"2022-03-20T23:41:58","guid":{"rendered":"https:\/\/portal.pi.gov.br\/pc\/?page_id=1146"},"modified":"2022-03-20T20:41:59","modified_gmt":"2022-03-20T23:41:59","slug":"ouvidoria-2","status":"publish","type":"page","link":"https:\/\/portal.pi.gov.br\/pc\/ouvidoria-2\/","title":{"rendered":"Ouvidoria"},"content":{"rendered":"\n<div class=\"wp-block-image\"><figure class=\"aligncenter size-large is-resized\"><img decoding=\"async\" loading=\"lazy\" src=\"https:\/\/portal.pi.gov.br\/pc\/wp-content\/uploads\/sites\/42\/2022\/03\/banner-ouvidoria-1024x339.jpg\" alt=\"\" class=\"wp-image-1147\" width=\"398\" height=\"132\" srcset=\"https:\/\/portal.pi.gov.br\/pc\/wp-content\/uploads\/sites\/42\/2022\/03\/banner-ouvidoria-1024x339.jpg 1024w, https:\/\/portal.pi.gov.br\/pc\/wp-content\/uploads\/sites\/42\/2022\/03\/banner-ouvidoria-300x99.jpg 300w, https:\/\/portal.pi.gov.br\/pc\/wp-content\/uploads\/sites\/42\/2022\/03\/banner-ouvidoria-768x254.jpg 768w, https:\/\/portal.pi.gov.br\/pc\/wp-content\/uploads\/sites\/42\/2022\/03\/banner-ouvidoria-420x139.jpg 420w, https:\/\/portal.pi.gov.br\/pc\/wp-content\/uploads\/sites\/42\/2022\/03\/banner-ouvidoria-540x179.jpg 540w, https:\/\/portal.pi.gov.br\/pc\/wp-content\/uploads\/sites\/42\/2022\/03\/banner-ouvidoria-780x258.jpg 780w, https:\/\/portal.pi.gov.br\/pc\/wp-content\/uploads\/sites\/42\/2022\/03\/banner-ouvidoria-1536x508.jpg 1536w, https:\/\/portal.pi.gov.br\/pc\/wp-content\/uploads\/sites\/42\/2022\/03\/banner-ouvidoria-947x313.jpg 947w, https:\/\/portal.pi.gov.br\/pc\/wp-content\/uploads\/sites\/42\/2022\/03\/banner-ouvidoria-624x206.jpg 624w, https:\/\/portal.pi.gov.br\/pc\/wp-content\/uploads\/sites\/42\/2022\/03\/banner-ouvidoria.jpg 1793w\" sizes=\"(max-width: 398px) 100vw, 398px\" \/><\/figure><\/div>\n\n\n<div id=\"quform-70a6eb\" class=\"quform quform-4 quform-support-page-caching\"><form id=\"quform-form-70a6eb\" class=\"quform-form quform-form-4\" action=\"\/pc\/wp-json\/wp\/v2\/pages\/1146#quform-70a6eb\" method=\"post\" enctype=\"multipart\/form-data\" novalidate=\"novalidate\" data-options=\"{&quot;id&quot;:4,&quot;uniqueId&quot;:&quot;70a6eb&quot;,&quot;theme&quot;:&quot;&quot;,&quot;ajax&quot;:true,&quot;logic&quot;:{&quot;logic&quot;:[],&quot;dependents&quot;:[],&quot;elementIds&quot;:[],&quot;dependentElementIds&quot;:[],&quot;animate&quot;:true},&quot;currentPageId&quot;:1,&quot;errorsIcon&quot;:&quot;&quot;,&quot;updateFancybox&quot;:true,&quot;hasPages&quot;:false,&quot;pages&quot;:[1],&quot;pageProgressType&quot;:&quot;numbers&quot;,&quot;tooltipsEnabled&quot;:true,&quot;tooltipClasses&quot;:&quot;qtip-quform-dark qtip-shadow&quot;,&quot;tooltipMy&quot;:&quot;left center&quot;,&quot;tooltipAt&quot;:&quot;right center&quot;,&quot;isRtl&quot;:false,&quot;scrollOffset&quot;:-50,&quot;scrollSpeed&quot;:800}\"><button class=\"quform-default-submit\" name=\"quform_submit\" type=\"submit\" value=\"submit\" aria-hidden=\"true\" tabindex=\"-1\"><\/button><div class=\"quform-form-inner quform-form-inner-4\"><input type=\"hidden\" name=\"quform_form_id\" value=\"4\" \/><input type=\"hidden\" name=\"quform_form_uid\" value=\"70a6eb\" \/><input type=\"hidden\" name=\"quform_count\" value=\"1\" \/><input type=\"hidden\" name=\"form_url\" value=\"https:\/\/portal.pi.gov.br\/pc\/wp-json\/wp\/v2\/pages\/1146\" \/><input type=\"hidden\" name=\"referring_url\" value=\"\" \/><input type=\"hidden\" name=\"post_id\" value=\"\" \/><input type=\"hidden\" name=\"post_title\" value=\"\" \/><input type=\"hidden\" name=\"quform_current_page_id\" value=\"1\" \/><input type=\"hidden\" name=\"quform_csrf_token\" value=\"UV3ZYFUX3iXUTbIpVYeDKrnX23bn1vjfCc0VWWNa\" \/><div class=\"quform-elements quform-elements-4 quform-cf quform-responsive-elements-phone-landscape\"><div class=\"quform-element quform-element-page quform-page-1 quform-page-4_1 quform-cf quform-group-style-plain quform-first-page quform-last-page quform-current-page\"><div class=\"quform-child-elements\"><div class=\"quform-element quform-element-name quform-element-4_6 quform-cf quform-element-optional\"><div class=\"quform-spacer\"><div class=\"quform-label quform-label-4_6\"><label class=\"quform-label-text\" id=\"quform_4_6_70a6eb_label\">Nome<\/label><\/div><div class=\"quform-inner quform-inner-name quform-inner-4_6\"><div class=\"quform-input quform-input-name quform-input-4_6 quform-cf\"><div class=\"quform-element-row quform-2-columns quform-element-row-size-fixed quform-responsive-columns-phone-landscape\"><div class=\"quform-element-column\"><div class=\"quform-element quform-element-text quform-element-4_6_2 quform-cf quform-element-optional\"><div class=\"quform-spacer\"><div class=\"quform-inner quform-inner-text quform-inner-4_6_2\"><div class=\"quform-input quform-input-text quform-input-4_6_2 quform-cf\"><input type=\"text\" id=\"quform_4_6_2_70a6eb\" name=\"quform_4_6[2]\" class=\"quform-field quform-field-text quform-field-4_6_2\" aria-labelledby=\"quform_4_6_70a6eb_label quform_4_6_2_70a6eb_sub_label_below\" \/><\/div><label id=\"quform_4_6_2_70a6eb_sub_label_below\" class=\"quform-sub-label quform-sub-label-below\">Nome<\/label><\/div><\/div><\/div><\/div><div class=\"quform-element-column\"><div class=\"quform-element quform-element-text quform-element-4_6_4 quform-cf quform-element-optional\"><div class=\"quform-spacer\"><div class=\"quform-inner quform-inner-text quform-inner-4_6_4\"><div class=\"quform-input quform-input-text quform-input-4_6_4 quform-cf\"><input type=\"text\" id=\"quform_4_6_4_70a6eb\" name=\"quform_4_6[4]\" class=\"quform-field quform-field-text quform-field-4_6_4\" aria-labelledby=\"quform_4_6_70a6eb_label quform_4_6_4_70a6eb_sub_label_below\" \/><\/div><label id=\"quform_4_6_4_70a6eb_sub_label_below\" class=\"quform-sub-label quform-sub-label-below\">Sobrenome<\/label><\/div><\/div><\/div><\/div><\/div><\/div><\/div><\/div><\/div><div class=\"quform-element quform-element-email quform-element-4_5 quform-cf quform-element-required\"><div class=\"quform-spacer\"><div class=\"quform-label quform-label-4_5\"><label class=\"quform-label-text\" for=\"quform_4_5_70a6eb\">Endere\u00e7o de e-mail<span class=\"quform-required\">*<\/span><\/label><\/div><div class=\"quform-inner quform-inner-email quform-inner-4_5\"><div class=\"quform-input quform-input-email quform-input-4_5 quform-cf\"><input type=\"email\" id=\"quform_4_5_70a6eb\" name=\"quform_4_5\" class=\"quform-field quform-field-email quform-field-4_5\" \/><\/div><label id=\"quform_4_5_70a6eb_sub_label_below\" class=\"quform-sub-label quform-sub-label-below\">Favor n\u00e3o utilizar e-mail outlook e hotmail no formul\u00e1rio de contato.<\/label><\/div><\/div><\/div><div class=\"quform-element quform-element-text quform-element-4_3 quform-cf quform-element-required\"><div class=\"quform-spacer\"><div class=\"quform-label quform-label-4_3\"><label class=\"quform-label-text\" for=\"quform_4_3_70a6eb\">Assunto<span class=\"quform-required\">*<\/span><\/label><\/div><div class=\"quform-inner quform-inner-text quform-inner-4_3\"><div class=\"quform-input quform-input-text quform-input-4_3 quform-cf\"><input type=\"text\" id=\"quform_4_3_70a6eb\" name=\"quform_4_3\" class=\"quform-field quform-field-text quform-field-4_3\" \/><\/div><\/div><\/div><\/div><div class=\"quform-element quform-element-textarea quform-element-4_7 quform-cf quform-element-required\"><div class=\"quform-spacer\"><div class=\"quform-label quform-label-4_7\"><label class=\"quform-label-text\" for=\"quform_4_7_70a6eb\">Mensagem<span class=\"quform-required\">*<\/span><\/label><\/div><div class=\"quform-inner quform-inner-textarea quform-inner-4_7\"><div class=\"quform-input quform-input-textarea quform-input-4_7 quform-cf\"><textarea id=\"quform_4_7_70a6eb\" name=\"quform_4_7\" class=\"quform-field quform-field-textarea quform-field-4_7\"><\/textarea><\/div><\/div><\/div><\/div><div class=\"quform-element quform-element-recaptcha quform-element-4_9 quform-cf quform-element-required\"><div class=\"quform-spacer\"><div class=\"quform-label quform-label-4_9\"><label class=\"quform-label-text\">Voc\u00ea \u00e9 humano?<span class=\"quform-required\">*<\/span><\/label><\/div><div class=\"quform-inner quform-inner-recaptcha quform-inner-4_9\"><div class=\"quform-input quform-input-recaptcha quform-input-4_9 quform-cf\"><div class=\"quform-recaptcha\" data-config=\"{&quot;sitekey&quot;:&quot;6Ldm8CEoAAAAAHFAqekhMs6wH7VTLejOKQC23JEQ&quot;,&quot;_version&quot;:&quot;v2&quot;,&quot;size&quot;:&quot;normal&quot;,&quot;type&quot;:&quot;image&quot;,&quot;theme&quot;:&quot;light&quot;,&quot;badge&quot;:&quot;bottomright&quot;}\"><\/div><noscript><div><div style=\"width: 302px; height: 422px; position: relative;\"><div style=\"width: 302px; height: 422px; position: absolute;\"><iframe src=\"https:\/\/www.google.com\/recaptcha\/api\/fallback?k=6Ldm8CEoAAAAAHFAqekhMs6wH7VTLejOKQC23JEQ\" frameborder=\"0\" scrolling=\"no\" style=\"width: 302px; height:422px; border-style: none;\"><\/iframe><\/div><\/div><div style=\"width: 300px; height: 60px; border-style: none; bottom: 12px; left: 25px; margin: 0px; padding: 0px; right: 25px; background: #f9f9f9; border: 1px solid #c1c1c1; border-radius: 3px;\"><textarea name=\"g-recaptcha-response\" class=\"g-recaptcha-response\" style=\"width: 250px; height: 40px; border: 1px solid #c1c1c1; margin: 10px 25px; padding: 0px; resize: none;\"><\/textarea><\/div><\/div><\/noscript><\/div><\/div><\/div><\/div><div class=\"quform-element quform-element-submit quform-element-4_2 quform-cf quform-button-style-theme\"><div class=\"quform-button-submit quform-button-submit-default quform-button-submit-4_2\"><button name=\"quform_submit\" type=\"submit\" class=\"quform-submit\" value=\"submit\"><span class=\"quform-button-text quform-button-submit-text\">Enviar<\/span><\/button><\/div><div class=\"quform-loading quform-loading-position-left quform-loading-type-spinner-1\"><div class=\"quform-loading-inner\"><div class=\"quform-loading-spinner\"><div class=\"quform-loading-spinner-inner\"><\/div><\/div><\/div><\/div><\/div><div class=\"quform-element-tree\"><label for=\"quform_4_0_70a6eb\">Este campo deve ser deixado em branco<\/label><input type=\"text\" id=\"quform_4_0_70a6eb\" name=\"quform_4_0\" class=\"quform-field quform-field-tree quform-field-4_0\" tabindex=\"-1\" autocomplete=\"off\" \/><\/div><\/div><\/div><\/div><\/div><\/form><\/div>\n","protected":false},"excerpt":{"rendered":"","protected":false},"author":1,"featured_media":0,"parent":0,"menu_order":0,"comment_status":"closed","ping_status":"closed","template":"template-fullwidth.php","meta":[],"featured_image_urls":{"full":"","thumbnail":"","medium":"","medium_large":"","large":"","sgg-420":"","sgg-540":"","sgg-780":"","1536x1536":"","2048x2048":"","homepage-slider":"","homepage-slider-small":"","page-top":"","page-small":"","loop-main":"","thumb-gallery-widget":""},"post_excerpt_stackable":"<p>NomeNomeSobrenomeEndere\u00e7o de e-mail*Favor n\u00e3o utilizar e-mail outlook e hotmail no formul\u00e1rio de contato.Assunto*Mensagem*Voc\u00ea \u00e9 humano?*EnviarEste campo deve ser deixado em branco<\/p>\n","category_list":"","author_info":{"name":"admin","url":"https:\/\/portal.pi.gov.br\/pc\/author\/admin\/"},"comments_num":"0 coment\u00e1rio","featured_image_urls_v2":{"full":"","thumbnail":"","medium":"","medium_large":"","large":"","sgg-420":"","sgg-540":"","sgg-780":"","1536x1536":"","2048x2048":"","homepage-slider":"","homepage-slider-small":"","page-top":"","page-small":"","loop-main":"","thumb-gallery-widget":""},"post_excerpt_stackable_v2":"<p>NomeNomeSobrenomeEndere\u00e7o de e-mail*Favor n\u00e3o utilizar e-mail outlook e hotmail no formul\u00e1rio de contato.Assunto*Mensagem*Voc\u00ea \u00e9 humano?*EnviarEste campo deve ser deixado em branco<\/p>\n","category_list_v2":"","author_info_v2":{"name":"admin","url":"https:\/\/portal.pi.gov.br\/pc\/author\/admin\/"},"comments_num_v2":"0 coment\u00e1rio","_links":{"self":[{"href":"https:\/\/portal.pi.gov.br\/pc\/wp-json\/wp\/v2\/pages\/1146"}],"collection":[{"href":"https:\/\/portal.pi.gov.br\/pc\/wp-json\/wp\/v2\/pages"}],"about":[{"href":"https:\/\/portal.pi.gov.br\/pc\/wp-json\/wp\/v2\/types\/page"}],"author":[{"embeddable":true,"href":"https:\/\/portal.pi.gov.br\/pc\/wp-json\/wp\/v2\/users\/1"}],"replies":[{"embeddable":true,"href":"https:\/\/portal.pi.gov.br\/pc\/wp-json\/wp\/v2\/comments?post=1146"}],"version-history":[{"count":1,"href":"https:\/\/portal.pi.gov.br\/pc\/wp-json\/wp\/v2\/pages\/1146\/revisions"}],"predecessor-version":[{"id":1148,"href":"https:\/\/portal.pi.gov.br\/pc\/wp-json\/wp\/v2\/pages\/1146\/revisions\/1148"}],"wp:attachment":[{"href":"https:\/\/portal.pi.gov.br\/pc\/wp-json\/wp\/v2\/media?parent=1146"}],"curies":[{"name":"wp","href":"https:\/\/api.w.org\/{rel}","templated":true}]}}