{"id":1334,"date":"2022-04-13T10:40:01","date_gmt":"2022-04-13T13:40:01","guid":{"rendered":"https:\/\/portal.pi.gov.br\/pc\/?page_id=1334"},"modified":"2022-04-13T11:22:31","modified_gmt":"2022-04-13T14:22:31","slug":"hino-policia-civil","status":"publish","type":"page","link":"https:\/\/portal.pi.gov.br\/pc\/hino-policia-civil\/","title":{"rendered":"Hino Pol\u00edcia Civil"},"content":{"rendered":"\n<div class=\"wp-block-file\"><a href=\"https:\/\/portal.pi.gov.br\/pc\/wp-content\/uploads\/sites\/42\/2022\/04\/HINO-PCPI.pdf\">Letra do Hino da Pol\u00edcia Civil<\/a><a href=\"https:\/\/portal.pi.gov.br\/pc\/wp-content\/uploads\/sites\/42\/2022\/04\/HINO-PCPI.pdf\" class=\"wp-block-file__button\" download>Baixar<\/a><\/div>\n\n\n\n<div class=\"wp-block-file\"><a href=\"https:\/\/portal.pi.gov.br\/pc\/wp-content\/uploads\/sites\/42\/2022\/04\/Lei-do-Hino.pdf\">Lei n\u00b0 4.709, de 17 de junho de 1994 &#8211; Institui o Hino e a Bandeira da PC-PI<\/a><a href=\"https:\/\/portal.pi.gov.br\/pc\/wp-content\/uploads\/sites\/42\/2022\/04\/Lei-do-Hino.pdf\" class=\"wp-block-file__button\" download>Baixar<\/a><\/div>\n\n\n\n<div class=\"wp-block-columns is-layout-flex wp-container-2\">\n<div class=\"wp-block-column is-layout-flow\" style=\"flex-basis:100%\">\n<figure class=\"wp-block-audio\"><audio controls src=\"https:\/\/portal.pi.gov.br\/pc\/wp-content\/uploads\/sites\/42\/2022\/04\/HINO-POLICIA-CIVIL-DO-PIAUI.mp3\"><\/audio><figcaption>Hino da Pol\u00edcia Civil &#8211; Cantado<\/figcaption><\/figure>\n<\/div>\n<\/div>\n\n\n\n<div class=\"wp-block-file\"><a href=\"https:\/\/portal.pi.gov.br\/pc\/wp-content\/uploads\/sites\/42\/2022\/04\/Partitura-Hino.pdf\">Partitura do Hino da Pol\u00edcia Civil do Piau\u00ed <\/a><a href=\"https:\/\/portal.pi.gov.br\/pc\/wp-content\/uploads\/sites\/42\/2022\/04\/Partitura-Hino.pdf\" class=\"wp-block-file__button\" download>Baixar<\/a><\/div>\n\n\n\n<p><\/p>\n","protected":false},"excerpt":{"rendered":"","protected":false},"author":1,"featured_media":0,"parent":0,"menu_order":0,"comment_status":"closed","ping_status":"closed","template":"template-fullwidth.php","meta":[],"featured_image_urls":{"full":"","thumbnail":"","medium":"","medium_large":"","large":"","sgg-420":"","sgg-540":"","sgg-780":"","1536x1536":"","2048x2048":"","homepage-slider":"","homepage-slider-small":"","page-top":"","page-small":"","loop-main":"","thumb-gallery-widget":""},"post_excerpt_stackable":"<p>Letra do Hino da Pol\u00edcia CivilBaixar Lei n\u00b0 4.709, de 17 de junho de 1994 &#8211; Institui o Hino e a Bandeira da PC-PIBaixar Hino da Pol\u00edcia Civil &#8211; Cantado Partitura do Hino da Pol\u00edcia Civil do Piau\u00ed Baixar<\/p>\n","category_list":"","author_info":{"name":"admin","url":"https:\/\/portal.pi.gov.br\/pc\/author\/admin\/"},"comments_num":"0 coment\u00e1rio","featured_image_urls_v2":{"full":"","thumbnail":"","medium":"","medium_large":"","large":"","sgg-420":"","sgg-540":"","sgg-780":"","1536x1536":"","2048x2048":"","homepage-slider":"","homepage-slider-small":"","page-top":"","page-small":"","loop-main":"","thumb-gallery-widget":""},"post_excerpt_stackable_v2":"<p>Letra do Hino da Pol\u00edcia CivilBaixar Lei n\u00b0 4.709, de 17 de junho de 1994 &#8211; Institui o Hino e a Bandeira da PC-PIBaixar Hino da Pol\u00edcia Civil &#8211; Cantado Partitura do Hino da Pol\u00edcia Civil do Piau\u00ed Baixar<\/p>\n","category_list_v2":"","author_info_v2":{"name":"admin","url":"https:\/\/portal.pi.gov.br\/pc\/author\/admin\/"},"comments_num_v2":"0 coment\u00e1rio","_links":{"self":[{"href":"https:\/\/portal.pi.gov.br\/pc\/wp-json\/wp\/v2\/pages\/1334"}],"collection":[{"href":"https:\/\/portal.pi.gov.br\/pc\/wp-json\/wp\/v2\/pages"}],"about":[{"href":"https:\/\/portal.pi.gov.br\/pc\/wp-json\/wp\/v2\/types\/page"}],"author":[{"embeddable":true,"href":"https:\/\/portal.pi.gov.br\/pc\/wp-json\/wp\/v2\/users\/1"}],"replies":[{"embeddable":true,"href":"https:\/\/portal.pi.gov.br\/pc\/wp-json\/wp\/v2\/comments?post=1334"}],"version-history":[{"count":6,"href":"https:\/\/portal.pi.gov.br\/pc\/wp-json\/wp\/v2\/pages\/1334\/revisions"}],"predecessor-version":[{"id":1350,"href":"https:\/\/portal.pi.gov.br\/pc\/wp-json\/wp\/v2\/pages\/1334\/revisions\/1350"}],"wp:attachment":[{"href":"https:\/\/portal.pi.gov.br\/pc\/wp-json\/wp\/v2\/media?parent=1334"}],"curies":[{"name":"wp","href":"https:\/\/api.w.org\/{rel}","templated":true}]}}