{"id":1378,"date":"2022-04-27T04:10:15","date_gmt":"2022-04-27T07:10:15","guid":{"rendered":"https:\/\/portal.pi.gov.br\/pc\/?page_id=1378"},"modified":"2022-04-27T04:10:15","modified_gmt":"2022-04-27T07:10:15","slug":"legislacao-aplicada","status":"publish","type":"page","link":"https:\/\/portal.pi.gov.br\/pc\/legislacao-aplicada\/","title":{"rendered":"Legisla\u00e7\u00e3o Aplicada"},"content":{"rendered":"\n<p>Veja abaixo, nos links do Site Oficial do Planalto, toda a legisla\u00e7\u00e3o penal brasileira atualizada:<br><br><a href=\"http:\/\/www.planalto.gov.br\/ccivil_03\/Decreto-Lei\/Del2848.htm\"><strong>CP &#8211; C\u00f3digo Penal (Decreto-lei 2.848\/40)<\/strong><\/a><br><br><a href=\"http:\/\/www.planalto.gov.br\/ccivil_03\/Leis\/2003\/L10.826.htm\"><strong>Estatuto do Desarmamento (Lei 10.826\/03)<\/strong><\/a><br><br><a href=\"http:\/\/www.planalto.gov.br\/ccivil_03\/Leis\/L9503.htm\"><strong>CTB &#8211; C\u00f3digo de Tr\u00e2nsito Brasileiro (Lei 9.503\/97)<\/strong><\/a><br><br><a href=\"http:\/\/www.planalto.gov.br\/ccivil_03\/Leis\/L8078.htm\"><strong>CDC &#8211; C\u00f3digo de Defesa do Consumidor (Lei 8.078\/90)<\/strong><\/a><br><br><a href=\"http:\/\/www.planalto.gov.br\/ccivil_03\/Leis\/2003\/L10.741.htm\"><strong>Estatuto do Idoso (Lei 10.741\/03)<\/strong><\/a><br><br><a href=\"http:\/\/www.planalto.gov.br\/ccivil_03\/Leis\/L8069.htm\"><strong>ECA &#8211; Estatuto da Crian\u00e7a e do Adolescente (Lei 8.069\/90)<\/strong><\/a><br><br><a href=\"http:\/\/www.planalto.gov.br\/ccivil_03\/LEIS\/L9605.htm\"><strong>Crimes Ambientais (Lei 9.605\/98)<\/strong><\/a><br><br><a href=\"http:\/\/www.planalto.gov.br\/CCivil_03\/Decreto-Lei\/Del3688.htm\"><strong>LCP &#8211; Lei das Contraven\u00e7\u00f5es Penais (Decreto-lei 3.688\/41)<\/strong><\/a><br><br><a href=\"http:\/\/www.planalto.gov.br\/ccivil_03\/Leis\/L7716.htm\"><strong>Crimes resultantes de preconceito de ra\u00e7a ou de cor (Lei 7.716\/89)<\/strong><\/a><br><br><a href=\"http:\/\/www.planalto.gov.br\/ccivil_03\/_Ato2004-2006\/2006\/Lei\/L11343.htm\"><strong>Lei de Drogas (Lei 11.343\/06)<\/strong><\/a><br><br><a href=\"http:\/\/www.planalto.gov.br\/ccivil_03\/Leis\/L8137.htm\"><strong>Crimes contra a ordem tribut\u00e1ria e econ\u00f4mica (Lei 8.137\/90)<\/strong><\/a><br><br><a href=\"http:\/\/www.planalto.gov.br\/ccivil_03\/Leis\/L8176.htm\"><strong>Crimes contra a ordem tribut\u00e1ria e econ\u00f4mica (Lei 8.176\/91)<\/strong><\/a><br><br><a href=\"http:\/\/www.planalto.gov.br\/ccivil_03\/LEIS\/L8666cons.htm\"><strong>Crimes referentes a licita\u00e7\u00f5es e contratos da Administra\u00e7\u00e3o P\u00fablica (Lei 8.666\/93)<\/strong><\/a><br><br><a href=\"http:\/\/www.planalto.gov.br\/ccivil_03\/Leis\/L1521.htm\"><strong>Crimes contra a economia popular (Lei 1.521\/51)<\/strong><\/a><br><br><a href=\"http:\/\/www.planalto.gov.br\/ccivil_03\/Leis\/L9279.htm\"><strong>Crimes contra a propriedade industrial (Lei 9.279\/96)<\/strong><\/a><br><br><a href=\"http:\/\/www.planalto.gov.br\/ccivil_03\/LEIS\/L4737.htm\"><strong>CE &#8211; C\u00f3digo Eleitoral (Lei 4.737\/65)<\/strong><\/a><br><\/p>\n\n\n\n<p><br>OUTROS:<\/p>\n\n\n\n<p><br><a href=\"http:\/\/www.planalto.gov.br\/ccivil_03\/Decreto\/D22626.htm\">Art. 13 do Decreto-lei 22.626\/33<\/a><br><br><a href=\"http:\/\/www.planalto.gov.br\/ccivil_03\/Leis\/L9455.htm\">Art. 1\u00ba da Lei 9.455\/97 (Tortura)<br><\/a><br><a href=\"http:\/\/www.planalto.gov.br\/ccivil_03\/Decreto-Lei\/Del0201.htm\">Art. 1\u00ba do Decreto-lei 201\/67<\/a><br><br><a href=\"http:\/\/www.planalto.gov.br\/ccivil_03\/Leis\/L4591.htm\">Arts. 65 e 66 da Lei 4.591\/64<\/a><br><br><a href=\"http:\/\/www.planalto.gov.br\/ccivil_03\/LEIS\/L4728.htm\">Art. 66-B da Lei 4.728\/65<\/a><br><br><a href=\"http:\/\/www.planalto.gov.br\/ccivil_03\/Leis\/L9296.htm\">Art. 10 da Lei 9.296\/96<br><\/a><br><a href=\"http:\/\/www.planalto.gov.br\/ccivil_03\/Leis\/L6091.htm\">Art. 11 da Lei 6.091\/74<\/a><\/p>\n\n\n\n<p><a href=\"http:\/\/www.planalto.gov.br\/ccivil_03\/leis\/L7853.htm\">Art. 8\u00ba da Lei 7.852\/89<\/a><\/p>\n","protected":false},"excerpt":{"rendered":"<p>Veja abaixo, nos links do Site Oficial do Planalto, toda a legisla\u00e7\u00e3o penal brasileira atualizada: CP &#8211; C\u00f3digo Penal (Decreto-lei 2.848\/40) Estatuto do Desarmamento (Lei 10.826\/03) CTB &#8211; C\u00f3digo de [&hellip;]<\/p>\n","protected":false},"author":1,"featured_media":0,"parent":0,"menu_order":0,"comment_status":"closed","ping_status":"closed","template":"template-fullwidth.php","meta":[],"featured_image_urls":{"full":"","thumbnail":"","medium":"","medium_large":"","large":"","sgg-420":"","sgg-540":"","sgg-780":"","1536x1536":"","2048x2048":"","homepage-slider":"","homepage-slider-small":"","page-top":"","page-small":"","loop-main":"","thumb-gallery-widget":""},"post_excerpt_stackable":"<p>Veja abaixo, nos links do Site Oficial do Planalto, toda a legisla\u00e7\u00e3o penal brasileira atualizada:CP &#8211; C\u00f3digo Penal (Decreto-lei 2.848\/40)Estatuto do Desarmamento (Lei 10.826\/03)CTB &#8211; C\u00f3digo de Tr\u00e2nsito Brasileiro (Lei 9.503\/97)CDC &#8211; C\u00f3digo de Defesa do Consumidor (Lei 8.078\/90)Estatuto do Idoso (Lei 10.741\/03)ECA &#8211; Estatuto da Crian\u00e7a e do Adolescente (Lei 8.069\/90)Crimes Ambientais (Lei 9.605\/98)LCP &#8211; Lei das Contraven\u00e7\u00f5es Penais (Decreto-lei 3.688\/41)Crimes resultantes de preconceito de ra\u00e7a ou de cor (Lei 7.716\/89)Lei de Drogas (Lei 11.343\/06)Crimes contra a ordem tribut\u00e1ria e econ\u00f4mica (Lei 8.137\/90)Crimes contra a ordem tribut\u00e1ria e econ\u00f4mica (Lei 8.176\/91)Crimes referentes a licita\u00e7\u00f5es e contratos da Administra\u00e7\u00e3o P\u00fablica&hellip;<\/p>\n","category_list":"","author_info":{"name":"admin","url":"https:\/\/portal.pi.gov.br\/pc\/author\/admin\/"},"comments_num":"0 coment\u00e1rio","featured_image_urls_v2":{"full":"","thumbnail":"","medium":"","medium_large":"","large":"","sgg-420":"","sgg-540":"","sgg-780":"","1536x1536":"","2048x2048":"","homepage-slider":"","homepage-slider-small":"","page-top":"","page-small":"","loop-main":"","thumb-gallery-widget":""},"post_excerpt_stackable_v2":"<p>Veja abaixo, nos links do Site Oficial do Planalto, toda a legisla\u00e7\u00e3o penal brasileira atualizada:CP &#8211; C\u00f3digo Penal (Decreto-lei 2.848\/40)Estatuto do Desarmamento (Lei 10.826\/03)CTB &#8211; C\u00f3digo de Tr\u00e2nsito Brasileiro (Lei 9.503\/97)CDC &#8211; C\u00f3digo de Defesa do Consumidor (Lei 8.078\/90)Estatuto do Idoso (Lei 10.741\/03)ECA &#8211; Estatuto da Crian\u00e7a e do Adolescente (Lei 8.069\/90)Crimes Ambientais (Lei 9.605\/98)LCP &#8211; Lei das Contraven\u00e7\u00f5es Penais (Decreto-lei 3.688\/41)Crimes resultantes de preconceito de ra\u00e7a ou de cor (Lei 7.716\/89)Lei de Drogas (Lei 11.343\/06)Crimes contra a ordem tribut\u00e1ria e econ\u00f4mica (Lei 8.137\/90)Crimes contra a ordem tribut\u00e1ria e econ\u00f4mica (Lei 8.176\/91)Crimes referentes a licita\u00e7\u00f5es e contratos da Administra\u00e7\u00e3o P\u00fablica&hellip;<\/p>\n","category_list_v2":"","author_info_v2":{"name":"admin","url":"https:\/\/portal.pi.gov.br\/pc\/author\/admin\/"},"comments_num_v2":"0 coment\u00e1rio","_links":{"self":[{"href":"https:\/\/portal.pi.gov.br\/pc\/wp-json\/wp\/v2\/pages\/1378"}],"collection":[{"href":"https:\/\/portal.pi.gov.br\/pc\/wp-json\/wp\/v2\/pages"}],"about":[{"href":"https:\/\/portal.pi.gov.br\/pc\/wp-json\/wp\/v2\/types\/page"}],"author":[{"embeddable":true,"href":"https:\/\/portal.pi.gov.br\/pc\/wp-json\/wp\/v2\/users\/1"}],"replies":[{"embeddable":true,"href":"https:\/\/portal.pi.gov.br\/pc\/wp-json\/wp\/v2\/comments?post=1378"}],"version-history":[{"count":1,"href":"https:\/\/portal.pi.gov.br\/pc\/wp-json\/wp\/v2\/pages\/1378\/revisions"}],"predecessor-version":[{"id":1379,"href":"https:\/\/portal.pi.gov.br\/pc\/wp-json\/wp\/v2\/pages\/1378\/revisions\/1379"}],"wp:attachment":[{"href":"https:\/\/portal.pi.gov.br\/pc\/wp-json\/wp\/v2\/media?parent=1378"}],"curies":[{"name":"wp","href":"https:\/\/api.w.org\/{rel}","templated":true}]}}