{"id":1410,"date":"2022-04-27T05:35:16","date_gmt":"2022-04-27T08:35:16","guid":{"rendered":"https:\/\/portal.pi.gov.br\/pc\/?page_id=1410"},"modified":"2024-03-13T12:07:13","modified_gmt":"2024-03-13T15:07:13","slug":"unidades-administrativas-ssp-pi","status":"publish","type":"page","link":"https:\/\/portal.pi.gov.br\/pc\/unidades-administrativas-ssp-pi\/","title":{"rendered":"Unidades Administrativas da SSP-PI"},"content":{"rendered":"\n<div class=\"wp-block-ugb-accordion ugb-accordion ugb-2cf67e4 ugb-accordion--v2 ugb-accordion--design-basic ugb-main-block\" aria-expanded=\"false\"><div class=\"ugb-inner-block\"><div class=\"ugb-block-content\"><div class=\"ugb-accordion__item\"><div class=\"ugb-accordion__heading\" role=\"button\" tabindex=\"0\"><h4 class=\"ugb-accordion__title\">Secretaria de Seguran\u00e7a P\u00fablica do Estado do Piau\u00ed<\/h4><svg xmlns=\"http:\/\/www.w3.org\/2000\/svg\" viewBox=\"0 0 20 20\" class=\"ugb-accordion__arrow\" width=\"20\" height=\"20\"><path d=\"M16.7 3.3L10 10 3.3 3.4 0 6.7l10 10v-.1l10-9.9z\"><\/path><\/svg><\/div><div class=\"ugb-accordion__content\" role=\"region\"><div class=\"ugb-accordion__content-inner\">\n<p><strong>ENDERE\u00c7O: <\/strong>Rua Walfran Batista, 91 &#8211; S\u00e3o Crist\u00f3v\u00e3o &#8211; CEP.: 64.046-470 &#8211; Teresina &#8211; PI<br><strong>TELEFONES: <\/strong>(86) 3216 5221 &#8211; Fax: (86) 3216 5221<\/p>\n\n\n\n<p><strong>SECRET\u00c1RIO: <\/strong>Francisco Lucas Costa Veloso<\/p>\n\n\n\n<p><strong>EMAIL: gabinete.ssp@ssp.pi.gov.br<\/strong><\/p>\n\n\n\n<p><strong>ATUA\u00c7\u00c3O: <\/strong>=&gt; Compete \u00e0 Secretaria da Seguran\u00e7a P\u00fablica a presta\u00e7\u00e3o dos servi\u00e7os de pol\u00edcia em geral, a preserva\u00e7\u00e3o da ordem e dos bons costumes, a seguran\u00e7a p\u00fablica e a prote\u00e7\u00e3o \u00e0 integridade f\u00edsica, \u00e0 vida e \u00e0 propriedade, cabendo-lhe, dentre outras atribui\u00e7\u00f5es previstas no art. 46 da LC n\u00ba 028, de 09\/06\/2003:&nbsp;<\/p>\n\n\n\n<p>&#8211; Programar, supervisionar, dirigir e orientar a a\u00e7\u00e3o da Pol\u00edcia Civil, da Pol\u00edcia Militar e do Corpo de Bombeiros Militar, assegurada a coopera\u00e7\u00e3o com as autoridades federais, dos demais Estados e do Distrito Federal;&nbsp;<\/p>\n\n\n\n<p>&#8211; Exercer atribui\u00e7\u00f5es de pol\u00edcia administrativa e judici\u00e1ria, executando a\u00e7\u00f5es policiais t\u00edpicas, preventivas e repressivas, em todo o territ\u00f3rio do Estado;&nbsp;<\/p>\n\n\n\n<p>&#8211; Desenvolver pol\u00edticas de respeito \u00e0 pessoa humana e aos direitos dos cidad\u00e3os, no exerc\u00edcio das atividades de pol\u00edcia, com rigorosa observ\u00e2ncia das garantias constitucionais e legais;&nbsp;<\/p>\n\n\n\n<p>&#8211; Promover a capacita\u00e7\u00e3o dos profissionais da \u00e1rea de seguran\u00e7a p\u00fablica;&nbsp;<\/p>\n\n\n\n<p>&#8211; Promover a moderniza\u00e7\u00e3o do aparelho policial do Estado;&nbsp;<\/p>\n\n\n\n<p>&#8211; Consolidar estat\u00edsticas estaduais de crimes.&nbsp;<\/p>\n\n\n\n<p><\/p>\n<\/div><\/div><\/div><\/div><\/div><\/div>\n\n\n\n<div class=\"wp-block-ugb-accordion ugb-accordion ugb-952bc58 ugb-accordion--v2 ugb-accordion--design-basic ugb-main-block\" aria-expanded=\"false\"><div class=\"ugb-inner-block\"><div class=\"ugb-block-content\"><div class=\"ugb-accordion__item\"><div class=\"ugb-accordion__heading\" role=\"button\" tabindex=\"0\"><h4 class=\"ugb-accordion__title\">Superintend\u00eancia de Gest\u00e3o da SSP-PI &#8211; SUPEG<\/h4><svg xmlns=\"http:\/\/www.w3.org\/2000\/svg\" viewBox=\"0 0 20 20\" class=\"ugb-accordion__arrow\" width=\"20\" height=\"20\"><path d=\"M16.7 3.3L10 10 3.3 3.4 0 6.7l10 10v-.1l10-9.9z\"><\/path><\/svg><\/div><div class=\"ugb-accordion__content\" role=\"region\"><div class=\"ugb-accordion__content-inner\">\n<p><strong>ENDERE\u00c7O:<\/strong> Rua Walfran Batista, 91 &#8211; S\u00e3o Crist\u00f3v\u00e3o &#8211; CEP.: 64.046-470 &#8211; Teresina &#8211; PI<\/p>\n\n\n\n<p><strong>DIRETOR:<\/strong> Delegado Jetan Pinheiro Barbosa<\/p>\n\n\n\n<p><strong>TELEFONE:<\/strong> (86) 3216 5271<\/p>\n\n\n\n<p><strong>EMAIL: <\/strong>supeg@ssp.pi.gov.br<\/p>\n\n\n\n<p><\/p>\n<\/div><\/div><\/div><\/div><\/div><\/div>\n\n\n\n<div class=\"wp-block-ugb-accordion ugb-accordion ugb-dd50591 ugb-accordion--v2 ugb-accordion--design-basic ugb-main-block\" aria-expanded=\"false\"><div class=\"ugb-inner-block\"><div class=\"ugb-block-content\"><div class=\"ugb-accordion__item\"><div class=\"ugb-accordion__heading\" role=\"button\" tabindex=\"0\"><h4 class=\"ugb-accordion__title\">Superintend\u00eancia de Opera\u00e7\u00f5es Integradas da SSP-PI &#8211; SOI<\/h4><svg xmlns=\"http:\/\/www.w3.org\/2000\/svg\" viewBox=\"0 0 20 20\" class=\"ugb-accordion__arrow\" width=\"20\" height=\"20\"><path d=\"M16.7 3.3L10 10 3.3 3.4 0 6.7l10 10v-.1l10-9.9z\"><\/path><\/svg><\/div><div class=\"ugb-accordion__content\" role=\"region\"><div class=\"ugb-accordion__content-inner\">\n<p><strong>ENDERE\u00c7O:<\/strong> Rua Walfran Batista, 91 &#8211; S\u00e3o Crist\u00f3v\u00e3o &#8211; CEP.: 64.046-470 &#8211; Teresina &#8211; PI<\/p>\n\n\n\n<p><strong>SUPERINTENDENTE:<\/strong> Delegado Matheus Zanatta<\/p>\n\n\n\n<p><strong>TELEFONE:<\/strong> <\/p>\n\n\n\n<p><strong>EMAIL: <\/strong><\/p>\n\n\n\n<p><\/p>\n<\/div><\/div><\/div><\/div><\/div><\/div>\n\n\n\n<div class=\"wp-block-ugb-accordion ugb-accordion ugb-f846cfe ugb-accordion--v2 ugb-accordion--design-basic ugb-main-block\" aria-expanded=\"false\"><div class=\"ugb-inner-block\"><div class=\"ugb-block-content\"><div class=\"ugb-accordion__item\"><div class=\"ugb-accordion__heading\" role=\"button\" tabindex=\"0\"><h4 class=\"ugb-accordion__title\">Unidade Administrativa Financeira SSP-PI<\/h4><svg xmlns=\"http:\/\/www.w3.org\/2000\/svg\" viewBox=\"0 0 20 20\" class=\"ugb-accordion__arrow\" width=\"20\" height=\"20\"><path d=\"M16.7 3.3L10 10 3.3 3.4 0 6.7l10 10v-.1l10-9.9z\"><\/path><\/svg><\/div><div class=\"ugb-accordion__content\" role=\"region\"><div class=\"ugb-accordion__content-inner\">\n<p><strong>ENDERE\u00c7O: <\/strong>Rua Walfran Batista, 91 &#8211; S\u00e3o Crist\u00f3v\u00e3o &#8211; CEP.: 64.046-470 &#8211; Teresina &#8211; PI<\/p>\n\n\n\n<p><strong>TELEFONES:<\/strong> (86) 3216 5245 e (86) 3216-5243<\/p>\n\n\n\n<p><strong>DIRETOR:<\/strong> Luiz Arthur Serra Lula<\/p>\n\n\n\n<p><strong>EMAIL:<\/strong> daf@ssp.pi.gov.br<\/p>\n<\/div><\/div><\/div><\/div><\/div><\/div>\n\n\n\n<div class=\"wp-block-ugb-accordion ugb-accordion ugb-51d8ead ugb-accordion--v2 ugb-accordion--design-basic ugb-main-block\" aria-expanded=\"false\"><div class=\"ugb-inner-block\"><div class=\"ugb-block-content\"><div class=\"ugb-accordion__item\"><div class=\"ugb-accordion__heading\" role=\"button\" tabindex=\"0\"><h4 class=\"ugb-accordion__title\">Ger\u00eancia de Gest\u00e3o de Pessoas &#8211; GPE<\/h4><svg xmlns=\"http:\/\/www.w3.org\/2000\/svg\" viewBox=\"0 0 20 20\" class=\"ugb-accordion__arrow\" width=\"20\" height=\"20\"><path d=\"M16.7 3.3L10 10 3.3 3.4 0 6.7l10 10v-.1l10-9.9z\"><\/path><\/svg><\/div><div class=\"ugb-accordion__content\" role=\"region\"><div class=\"ugb-accordion__content-inner\">\n<p><strong>ENDERE\u00c7O:<\/strong> Rua Walfran Batista, 91 &#8211; S\u00e3o Crist\u00f3v\u00e3o &#8211; CEP.: 64.046-470 &#8211; Teresina &#8211; PI<\/p>\n\n\n\n<p><strong>TELEFONE:<\/strong> (86) 3216 5276<\/p>\n\n\n\n<p><strong>DIRETORA:<\/strong> Andrea Sento S\u00e9 de Arag\u00e3o<\/p>\n\n\n\n<p>EMAIL: ggp.ssp.pi@gmail.com<\/p>\n<\/div><\/div><\/div><\/div><\/div><\/div>\n\n\n\n<div class=\"wp-block-ugb-accordion ugb-accordion ugb-3a8cd2f ugb-accordion--v2 ugb-accordion--design-basic ugb-main-block\" aria-expanded=\"false\"><div class=\"ugb-inner-block\"><div class=\"ugb-block-content\"><div class=\"ugb-accordion__item\"><div class=\"ugb-accordion__heading\" role=\"button\" tabindex=\"0\"><h4 class=\"ugb-accordion__title\">Ger\u00eancia de Administra\u00e7\u00e3o de Recursos de Inform\u00e1tica<\/h4><svg xmlns=\"http:\/\/www.w3.org\/2000\/svg\" viewBox=\"0 0 20 20\" class=\"ugb-accordion__arrow\" width=\"20\" height=\"20\"><path d=\"M16.7 3.3L10 10 3.3 3.4 0 6.7l10 10v-.1l10-9.9z\"><\/path><\/svg><\/div><div class=\"ugb-accordion__content\" role=\"region\"><div class=\"ugb-accordion__content-inner\">\n<p><strong>ENDERE\u00c7O:<\/strong> Rua Walfran Batista, 91 &#8211; S\u00e3o Crist\u00f3v\u00e3o &#8211; CEP.: 64.046-470 &#8211; Teresina &#8211; PI<\/p>\n\n\n\n<p><strong>TELEFONES:<\/strong> (86) 3216 5257 e (86) 3216 5234<\/p>\n\n\n\n<p><strong>GERENTE: <\/strong>Delegado Jo\u00e3o Marcelo Brasileiro de Aguiar<\/p>\n\n\n\n<p>EMAIL: gearin@ssp.pi.gov.br<\/p>\n<\/div><\/div><\/div><\/div><\/div><\/div>\n","protected":false},"excerpt":{"rendered":"<p>ENDERE\u00c7O: Rua Walfran Batista, 91 &#8211; S\u00e3o Crist\u00f3v\u00e3o &#8211; CEP.: 64.046-470 &#8211; Teresina &#8211; PITELEFONES: (86) 3216 5221 &#8211; Fax: (86) 3216 5221 SECRET\u00c1RIO: Francisco Lucas Costa Veloso EMAIL: gabinete.ssp@ssp.pi.gov.br [&hellip;]<\/p>\n","protected":false},"author":1,"featured_media":0,"parent":0,"menu_order":0,"comment_status":"closed","ping_status":"closed","template":"template-fullwidth.php","meta":[],"featured_image_urls":{"full":"","thumbnail":"","medium":"","medium_large":"","large":"","sgg-420":"","sgg-540":"","sgg-780":"","1536x1536":"","2048x2048":"","homepage-slider":"","homepage-slider-small":"","page-top":"","page-small":"","loop-main":"","thumb-gallery-widget":""},"post_excerpt_stackable":"<p>Secretaria de Seguran\u00e7a P\u00fablica do Estado do Piau\u00ed ENDERE\u00c7O: Rua Walfran Batista, 91 &#8211; S\u00e3o Crist\u00f3v\u00e3o &#8211; CEP.: 64.046-470 &#8211; Teresina &#8211; PITELEFONES: (86) 3216 5221 &#8211; Fax: (86) 3216 5221 SECRET\u00c1RIO: Francisco Lucas Costa Veloso EMAIL: gabinete.ssp@ssp.pi.gov.br ATUA\u00c7\u00c3O: =&gt; Compete \u00e0 Secretaria da Seguran\u00e7a P\u00fablica a presta\u00e7\u00e3o dos servi\u00e7os de pol\u00edcia em geral, a preserva\u00e7\u00e3o da ordem e dos bons costumes, a seguran\u00e7a p\u00fablica e a prote\u00e7\u00e3o \u00e0 integridade f\u00edsica, \u00e0 vida e \u00e0 propriedade, cabendo-lhe, dentre outras atribui\u00e7\u00f5es previstas no art. 46 da LC n\u00ba 028, de 09\/06\/2003:&nbsp; &#8211; Programar, supervisionar, dirigir e orientar a a\u00e7\u00e3o da Pol\u00edcia&hellip;<\/p>\n","category_list":"","author_info":{"name":"admin","url":"https:\/\/portal.pi.gov.br\/pc\/author\/admin\/"},"comments_num":"0 coment\u00e1rio","featured_image_urls_v2":{"full":"","thumbnail":"","medium":"","medium_large":"","large":"","sgg-420":"","sgg-540":"","sgg-780":"","1536x1536":"","2048x2048":"","homepage-slider":"","homepage-slider-small":"","page-top":"","page-small":"","loop-main":"","thumb-gallery-widget":""},"post_excerpt_stackable_v2":"<p>Secretaria de Seguran\u00e7a P\u00fablica do Estado do Piau\u00ed ENDERE\u00c7O: Rua Walfran Batista, 91 &#8211; S\u00e3o Crist\u00f3v\u00e3o &#8211; CEP.: 64.046-470 &#8211; Teresina &#8211; PITELEFONES: (86) 3216 5221 &#8211; Fax: (86) 3216 5221 SECRET\u00c1RIO: Francisco Lucas Costa Veloso EMAIL: gabinete.ssp@ssp.pi.gov.br ATUA\u00c7\u00c3O: =&gt; Compete \u00e0 Secretaria da Seguran\u00e7a P\u00fablica a presta\u00e7\u00e3o dos servi\u00e7os de pol\u00edcia em geral, a preserva\u00e7\u00e3o da ordem e dos bons costumes, a seguran\u00e7a p\u00fablica e a prote\u00e7\u00e3o \u00e0 integridade f\u00edsica, \u00e0 vida e \u00e0 propriedade, cabendo-lhe, dentre outras atribui\u00e7\u00f5es previstas no art. 46 da LC n\u00ba 028, de 09\/06\/2003:&nbsp; &#8211; Programar, supervisionar, dirigir e orientar a a\u00e7\u00e3o da Pol\u00edcia&hellip;<\/p>\n","category_list_v2":"","author_info_v2":{"name":"admin","url":"https:\/\/portal.pi.gov.br\/pc\/author\/admin\/"},"comments_num_v2":"0 coment\u00e1rio","_links":{"self":[{"href":"https:\/\/portal.pi.gov.br\/pc\/wp-json\/wp\/v2\/pages\/1410"}],"collection":[{"href":"https:\/\/portal.pi.gov.br\/pc\/wp-json\/wp\/v2\/pages"}],"about":[{"href":"https:\/\/portal.pi.gov.br\/pc\/wp-json\/wp\/v2\/types\/page"}],"author":[{"embeddable":true,"href":"https:\/\/portal.pi.gov.br\/pc\/wp-json\/wp\/v2\/users\/1"}],"replies":[{"embeddable":true,"href":"https:\/\/portal.pi.gov.br\/pc\/wp-json\/wp\/v2\/comments?post=1410"}],"version-history":[{"count":23,"href":"https:\/\/portal.pi.gov.br\/pc\/wp-json\/wp\/v2\/pages\/1410\/revisions"}],"predecessor-version":[{"id":8796,"href":"https:\/\/portal.pi.gov.br\/pc\/wp-json\/wp\/v2\/pages\/1410\/revisions\/8796"}],"wp:attachment":[{"href":"https:\/\/portal.pi.gov.br\/pc\/wp-json\/wp\/v2\/media?parent=1410"}],"curies":[{"name":"wp","href":"https:\/\/api.w.org\/{rel}","templated":true}]}}