{"id":1412,"date":"2025-12-11T15:03:45","date_gmt":"2025-12-11T18:03:45","guid":{"rendered":"https:\/\/portal.pi.gov.br\/pc\/?page_id=1412"},"modified":"2026-04-12T19:34:46","modified_gmt":"2026-04-12T22:34:46","slug":"unidades-policiais-administrativas","status":"publish","type":"page","link":"https:\/\/portal.pi.gov.br\/pc\/unidades-policiais-administrativas\/","title":{"rendered":"Unidades Administrativas da Pol\u00edcia Civil"},"content":{"rendered":"\n<div class=\"wp-block-ugb-accordion ugb-accordion ugb-1037661 ugb-accordion--v2 ugb-accordion--design-basic ugb-main-block\" aria-expanded=\"false\"><div class=\"ugb-inner-block\"><div class=\"ugb-block-content\"><div class=\"ugb-accordion__item\"><div class=\"ugb-accordion__heading\" role=\"button\" tabindex=\"0\"><h4 class=\"ugb-accordion__title\">DELEGACIA GERAL DE POL\u00cdCIA CIVIL &#8211; DGPC<\/h4><svg xmlns=\"http:\/\/www.w3.org\/2000\/svg\" viewBox=\"0 0 20 20\" class=\"ugb-accordion__arrow\" width=\"20\" height=\"20\"><path d=\"M16.7 3.3L10 10 3.3 3.4 0 6.7l10 10v-.1l10-9.9z\"><\/path><\/svg><\/div><div class=\"ugb-accordion__content\" role=\"region\"><div class=\"ugb-accordion__content-inner\">\n<p><strong>\u00d3RG\u00c3O CENTRAL DA POL\u00cdCIA CIVIL DO ESTADO DO PIAU\u00cd<\/strong><\/p>\n\n\n\n<p>ENDERE\u00c7O: Rua Mato Grosso, 912, bairro Ilhotas, Teresina-PI<br><br>DELEGADO-GERAL: Luccy Keiko Leal Para\u00edba<\/p>\n\n\n\n<p>ATRIBUI\u00c7\u00d5ES: Compete ao Delegado-Geral exercer a dire\u00e7\u00e3o geral, o planejamento institucional e a administra\u00e7\u00e3o superior, por meio de supervis\u00e3o, coordena\u00e7\u00e3o, controle e fiscaliza\u00e7\u00e3o das fun\u00e7\u00f5es da Pol\u00edcia Civil e demais atribui\u00e7\u00f5es previstas no art. 73 da Lei Complementar n\u00ba 37, de 09 de mar\u00e7o de 2004.<\/p>\n\n\n\n<p><\/p>\n<\/div><\/div><\/div><\/div><\/div><\/div>\n\n\n\n<div class=\"wp-block-ugb-accordion ugb-accordion ugb-72729d2 ugb-accordion--v2 ugb-accordion--design-basic ugb-main-block\" aria-expanded=\"false\"><div class=\"ugb-inner-block\"><div class=\"ugb-block-content\"><div class=\"ugb-accordion__item\"><div class=\"ugb-accordion__heading\" role=\"button\" tabindex=\"0\"><h4 class=\"ugb-accordion__title\">Gabinete do Delegado-Geral<\/h4><svg xmlns=\"http:\/\/www.w3.org\/2000\/svg\" viewBox=\"0 0 20 20\" class=\"ugb-accordion__arrow\" width=\"20\" height=\"20\"><path d=\"M16.7 3.3L10 10 3.3 3.4 0 6.7l10 10v-.1l10-9.9z\"><\/path><\/svg><\/div><div class=\"ugb-accordion__content\" role=\"region\"><div class=\"ugb-accordion__content-inner\">\n<p>ENDERE\u00c7O: Rua Mato Grosso, 912, bairro Ilhotas, Teresina-PI<\/p>\n\n\n\n<p>DELEGADA-GERAL ADJUNTA:  Adriana Maria Xavier Fontes M\u00e1ximo<br>EMAIL: delegaciageral@pc.pi.gov.br<\/p>\n\n\n\n<p><br>ATRIBUI\u00c7\u00d5ES:<\/p>\n\n\n\n<p>I &#8211; assistir e assessorar o Delegado-Geral em sua representa\u00e7\u00e3o institucional, no exerc\u00edcio de suas atribui\u00e7\u00f5es, no preparo e despacho de pauta de audi\u00eancias;<\/p>\n\n\n\n<p>II &#8211; coordenar a divulga\u00e7\u00e3o dos atos normativos e despachos do Delegado-Geral, bem como dar publicidade aos assuntos relacionados \u00e0s finalidades e interesses da Pol\u00edcia Civil;<\/p>\n\n\n\n<p>III &#8211; coordenar as atividades dos setores integrantes do Gabinete;<\/p>\n\n\n\n<p>IV &#8211; apoiar a realiza\u00e7\u00e3o de eventos da Pol\u00edcia Civil;<\/p>\n\n\n\n<p>V &#8211; manter o Delegado-Geral informado sobre os assuntos da compet\u00eancia do Gabinete;<\/p>\n\n\n\n<p>VI &#8211; coordenar e supervisionar o desenvolvimento das atividades de comunica\u00e7\u00e3o social e interna da Pol\u00edcia Civil.<\/p>\n\n\n\n<p> <\/p>\n<\/div><\/div><\/div><\/div><\/div><\/div>\n\n\n\n<div class=\"wp-block-ugb-accordion ugb-accordion ugb-455c105 ugb-accordion--v2 ugb-accordion--design-basic ugb-main-block\" aria-expanded=\"false\"><div class=\"ugb-inner-block\"><div class=\"ugb-block-content\"><div class=\"ugb-accordion__item\"><div class=\"ugb-accordion__heading\" role=\"button\" tabindex=\"0\"><h4 class=\"ugb-accordion__title\">Diretoria Administrativa <\/h4><svg xmlns=\"http:\/\/www.w3.org\/2000\/svg\" viewBox=\"0 0 20 20\" class=\"ugb-accordion__arrow\" width=\"20\" height=\"20\"><path d=\"M16.7 3.3L10 10 3.3 3.4 0 6.7l10 10v-.1l10-9.9z\"><\/path><\/svg><\/div><div class=\"ugb-accordion__content\" role=\"region\"><div class=\"ugb-accordion__content-inner\">\n<p>ENDERE\u00c7O: Rua Mato Grosso, 912, bairro Ilhotas, Teresina-PI<\/p>\n\n\n\n<p>DIRETORA: Carla Caldas Fontenele Brizzi Lima<\/p>\n\n\n\n<p><br>ATRIBUI\u00c7\u00d5ES: Compete a Diretoria Administrativa  as atividades referentes a planejamento, pessoal, contratos, licita\u00e7\u00f5es, infraestrutura e patrim\u00f4nio da Pol\u00edcia Civil com a seguinte estrutura:<\/p>\n<\/div><\/div><\/div><\/div><\/div><\/div>\n\n\n\n<div class=\"wp-block-ugb-accordion ugb-accordion ugb-8201b6f ugb-accordion--v2 ugb-accordion--design-basic ugb-main-block\" aria-expanded=\"false\"><div class=\"ugb-inner-block\"><div class=\"ugb-block-content\"><div class=\"ugb-accordion__item\"><div class=\"ugb-accordion__heading\" role=\"button\" tabindex=\"0\"><h4 class=\"ugb-accordion__title\">Diretoria de Intelig\u00eancia <\/h4><svg xmlns=\"http:\/\/www.w3.org\/2000\/svg\" viewBox=\"0 0 20 20\" class=\"ugb-accordion__arrow\" width=\"20\" height=\"20\"><path d=\"M16.7 3.3L10 10 3.3 3.4 0 6.7l10 10v-.1l10-9.9z\"><\/path><\/svg><\/div><div class=\"ugb-accordion__content\" role=\"region\"><div class=\"ugb-accordion__content-inner\">\n<p>ENDERE\u00c7O: Rua Walfran Batista, 91, bairro S\u00e3o Cristov\u00e3o, Teresina-PI <br>DIRETOR: Yan Brayner<\/p>\n\n\n\n<p>ATRIBUI\u00c7\u00d5ES: Planejar e desenvolver a\u00e7\u00f5es especializadas, orientadas para produ\u00e7\u00e3o e salvaguarda de conhecimentos, visando ao planejamento, \u00e0 coordena\u00e7\u00e3o e ao apoio das atividades de intelig\u00eancia da Pol\u00edcia Civil e executar as atividades t\u00edpicas de intelig\u00eancia relacionadas \u00e0s investiga\u00e7\u00f5es policiais da Pol\u00edcia Civil.<\/p>\n<\/div><\/div><\/div><\/div><\/div><\/div>\n\n\n\n<div class=\"wp-block-ugb-accordion ugb-accordion ugb-08752b8 ugb-accordion--v2 ugb-accordion--design-basic ugb-main-block\" aria-expanded=\"false\"><div class=\"ugb-inner-block\"><div class=\"ugb-block-content\"><div class=\"ugb-accordion__item\"><div class=\"ugb-accordion__heading\" role=\"button\" tabindex=\"0\"><h4 class=\"ugb-accordion__title\">Diretoria de Pol\u00edcia Metropolitana &#8211; DPM<\/h4><svg xmlns=\"http:\/\/www.w3.org\/2000\/svg\" viewBox=\"0 0 20 20\" class=\"ugb-accordion__arrow\" width=\"20\" height=\"20\"><path d=\"M16.7 3.3L10 10 3.3 3.4 0 6.7l10 10v-.1l10-9.9z\"><\/path><\/svg><\/div><div class=\"ugb-accordion__content\" role=\"region\"><div class=\"ugb-accordion__content-inner\">\n<p>ENDERE\u00c7O: Rua Mato Grosso, 912, bairro Ilhotas, Teresina-PI<br>DIRETOR: Marcelo Cruz Araujo Leal<br>EMAIL: dpm@pc.pi.gov.br<\/p>\n\n\n\n<p><br>ATRIBUI\u00c7\u00d5ES: <\/p>\n\n\n\n<p>I &#8211; coordenar as unidades da Pol\u00edcia Civil situadas na Regi\u00e3o Integrada de Seguran\u00e7a P\u00fablica \u2013 Entre Rios (RISP II), conforme o Decreto n\u00ba 22.055, de 10 de maio de 2023;<\/p>\n\n\n\n<p>II &#8211; analisar relat\u00f3rio mensal sobre a produtividade das unidades que lhe s\u00e3o subordinadas e adotar as provid\u00eancias necess\u00e1rias;<\/p>\n\n\n\n<p>III &#8211; manter relat\u00f3rio sobre a estrutura f\u00edsica, equipamentos, efetivo, viaturas, n\u00famero de presos e outros dados relevantes sobre as unidades policiais que lhe s\u00e3o subordinadas;<\/p>\n\n\n\n<p>IV &#8211; proceder ao controle do efetivo policial das unidades policiais que lhe s\u00e3o subordinadas;<\/p>\n\n\n\n<p>V &#8211; coordenar as opera\u00e7\u00f5es policiais das unidades que lhe s\u00e3o subordinadas com o apoio da Diretoria Especializada em Opera\u00e7\u00f5es Policiais;<\/p>\n\n\n\n<p>VI &#8211; informar \u00e0 Diretoria Especializada em Opera\u00e7\u00f5es Policiais todos os dados referentes \u00e0s opera\u00e7\u00f5es policiais realizadas sob a sua coordena\u00e7\u00e3o;<\/p>\n\n\n\n<p>VII &#8211; buscar a implementa\u00e7\u00e3o de programas que foquem no desempenho e na efici\u00eancia das unidades que lhe s\u00e3o subordinadas;<\/p>\n\n\n\n<p>VIII &#8211; solicitar as capacita\u00e7\u00f5es necess\u00e1rias ao efetivo policial e administrativo lotado nas unidades que lhe s\u00e3o subordinadas;<\/p>\n\n\n\n<p>IX &#8211; realizar as atividades afetas ao bom desempenho da diretoria e outras designadas pelo Delegado-Geral.<\/p>\n<\/div><\/div><\/div><\/div><\/div><\/div>\n\n\n\n<div class=\"wp-block-ugb-accordion ugb-accordion ugb-0a3cc3e ugb-accordion--v2 ugb-accordion--design-basic ugb-main-block\" aria-expanded=\"false\"><div class=\"ugb-inner-block\"><div class=\"ugb-block-content\"><div class=\"ugb-accordion__item\"><div class=\"ugb-accordion__heading\" role=\"button\" tabindex=\"0\"><h4 class=\"ugb-accordion__title\">Diretoria de Pol\u00edcia do Interior &#8211; DPI<\/h4><svg xmlns=\"http:\/\/www.w3.org\/2000\/svg\" viewBox=\"0 0 20 20\" class=\"ugb-accordion__arrow\" width=\"20\" height=\"20\"><path d=\"M16.7 3.3L10 10 3.3 3.4 0 6.7l10 10v-.1l10-9.9z\"><\/path><\/svg><\/div><div class=\"ugb-accordion__content\" role=\"region\"><div class=\"ugb-accordion__content-inner\">\n<p>ENDERE\u00c7O: Rua Mato Grosso, 912, bairro Ilhotas, Teresina-PI<br>DIRETOR: Francisco C\u00e9lio Campos Gon\u00e7alves Ben\u00edcio<br>EMAIL: dpi@pc.pi.gov.br<\/p>\n\n\n\n<p><br>ATRIBU\u00c7\u00d5ES: <\/p>\n\n\n\n<p>I &#8211; coordenar as unidades da Pol\u00edcia Civil situadas nas Regi\u00f5es Integradas de Seguran\u00e7a P\u00fablica da Regi\u00e3o Norte, do Semi\u00e1rido e dos Cerrados (RISP\u2019s I, III e IV, respectivamente), conforme o Decreto n\u00ba 22.055, de 10 de maio de 2023;<\/p>\n\n\n\n<p>II &#8211; analisar relat\u00f3rio mensal sobre a produtividade das unidades que lhe s\u00e3o subordinadas e adotar as provid\u00eancias necess\u00e1rias;<\/p>\n\n\n\n<p>III &#8211; manter relat\u00f3rio sobre a estrutura f\u00edsica, equipamentos, efetivo, viaturas, n\u00famero de presos e outros dados relevantes sobre as unidades policiais que lhe s\u00e3o subordinadas;<\/p>\n\n\n\n<p>IV &#8211; proceder ao controle do efetivo policial das unidades policiais que lhe s\u00e3o subordinadas;<\/p>\n\n\n\n<p>V &#8211; coordenar as opera\u00e7\u00f5es policiais das unidades que lhe s\u00e3o subordinadas com o apoio da Diretoria Especializada em Opera\u00e7\u00f5es Policiais;<\/p>\n\n\n\n<p>VI &#8211; informar \u00e0 Diretoria Especializada em Opera\u00e7\u00f5es Policiais todos os dados referentes \u00e0s opera\u00e7\u00f5es policiais realizadas sob a sua coordena\u00e7\u00e3o;<\/p>\n\n\n\n<p>VII &#8211; buscar a implementa\u00e7\u00e3o de programas que foquem no desempenho e na efici\u00eancia das unidades que lhe s\u00e3o subordinadas;<\/p>\n\n\n\n<p>VIII &#8211; solicitar as capacita\u00e7\u00f5es necess\u00e1rias ao efetivo policial e administrativo lotado nas unidades que lhe s\u00e3o subordinadas;<\/p>\n\n\n\n<p>IX &#8211; realizar as atividades afetas ao bom desempenho da diretoria e outras designadas pelo Delegado-Geral.<\/p>\n<\/div><\/div><\/div><\/div><\/div><\/div>\n\n\n\n<div class=\"wp-block-ugb-accordion ugb-accordion ugb-afc6fb3 ugb-accordion--v2 ugb-accordion--design-basic ugb-main-block\" aria-expanded=\"false\"><div class=\"ugb-inner-block\"><div class=\"ugb-block-content\"><div class=\"ugb-accordion__item\"><div class=\"ugb-accordion__heading\" role=\"button\" tabindex=\"0\"><h4 class=\"ugb-accordion__title\">Diretoria Especializada em Opera\u00e7\u00f5es Policiais &#8211; DEOP<\/h4><svg xmlns=\"http:\/\/www.w3.org\/2000\/svg\" viewBox=\"0 0 20 20\" class=\"ugb-accordion__arrow\" width=\"20\" height=\"20\"><path d=\"M16.7 3.3L10 10 3.3 3.4 0 6.7l10 10v-.1l10-9.9z\"><\/path><\/svg><\/div><div class=\"ugb-accordion__content\" role=\"region\"><div class=\"ugb-accordion__content-inner\">\n<p>ENDERE\u00c7O: Rua Mato Grosso, 912, bairro Ilhotas, Teresina-PI<br>DIRETOR: Tales de Moura Gomes<br>EMAIL: dpe@pc.pi.gov.br<\/p>\n\n\n\n<p><br>ATRIBUI\u00c7\u00d5ES: <\/p>\n\n\n\n<p>I &#8211; coordenar as unidades da Pol\u00edcia Civil situadas nas Regi\u00f5es Integradas de Seguran\u00e7a P\u00fablica da Regi\u00e3o Norte, do Semi\u00e1rido e dos Cerrados (RISP\u2019s I, III e IV, respectivamente), conforme o Decreto n\u00ba 22.055, de 10 de maio de 2023;<\/p>\n\n\n\n<p>II &#8211; analisar relat\u00f3rio mensal sobre a produtividade das unidades que lhe s\u00e3o subordinadas e adotar as provid\u00eancias necess\u00e1rias;<\/p>\n\n\n\n<p>III &#8211; manter relat\u00f3rio sobre a estrutura f\u00edsica, equipamentos, efetivo, viaturas, n\u00famero de presos e outros dados relevantes sobre as unidades policiais que lhe s\u00e3o subordinadas;<\/p>\n\n\n\n<p>IV &#8211; proceder ao controle do efetivo policial das unidades policiais que lhe s\u00e3o subordinadas;<\/p>\n\n\n\n<p>V &#8211; coordenar as opera\u00e7\u00f5es policiais das unidades que lhe s\u00e3o subordinadas com o apoio da Diretoria Especializada em Opera\u00e7\u00f5es Policiais;<\/p>\n\n\n\n<p>VI &#8211; informar \u00e0 Diretoria Especializada em Opera\u00e7\u00f5es Policiais todos os dados referentes \u00e0s opera\u00e7\u00f5es policiais realizadas sob a sua coordena\u00e7\u00e3o;<\/p>\n\n\n\n<p>VII &#8211; buscar a implementa\u00e7\u00e3o de programas que foquem no desempenho e na efici\u00eancia das unidades que lhe s\u00e3o subordinadas;<\/p>\n\n\n\n<p>VIII &#8211; solicitar as capacita\u00e7\u00f5es necess\u00e1rias ao efetivo policial e administrativo lotado nas unidades que lhe s\u00e3o subordinadas;<\/p>\n\n\n\n<p>IX &#8211; realizar as atividades afetas ao bom desempenho da diretoria e outras designadas pelo Delegado-Geral.<\/p>\n<\/div><\/div><\/div><\/div><\/div><\/div>\n\n\n\n<div class=\"wp-block-ugb-accordion ugb-accordion ugb-2ae85b3 ugb-accordion--v2 ugb-accordion--design-basic ugb-main-block\" aria-expanded=\"false\"><div class=\"ugb-inner-block\"><div class=\"ugb-block-content\"><div class=\"ugb-accordion__item\"><div class=\"ugb-accordion__heading\" role=\"button\" tabindex=\"0\"><h4 class=\"ugb-accordion__title\">Diretoria de Prote\u00e7\u00e3o \u00e0 Mulher e aos Grupos Vulner\u00e1veis<\/h4><svg xmlns=\"http:\/\/www.w3.org\/2000\/svg\" viewBox=\"0 0 20 20\" class=\"ugb-accordion__arrow\" width=\"20\" height=\"20\"><path d=\"M16.7 3.3L10 10 3.3 3.4 0 6.7l10 10v-.1l10-9.9z\"><\/path><\/svg><\/div><div class=\"ugb-accordion__content\" role=\"region\"><div class=\"ugb-accordion__content-inner\">\n<p>ENDERE\u00c7O: Rua Mato Grosso, 912, bairro Ilhotas, Teresina-PI<br>DIRETORA: Bruna Verena<br> <br>ATRIBUI\u00c7\u00d5ES: <\/p>\n\n\n\n<p>I \u2013 analisar relat\u00f3rio mensal sobre a produtividade das unidades que lhe s\u00e3o subordinadas e adotar as provid\u00eancias necess\u00e1rias;<\/p>\n\n\n\n<p>II \u2013 manter relat\u00f3rio sobre a estrutura f\u00edsica, equipamentos, efetivo, viaturas, n\u00famero de presos e outros dados relevantes sobre as unidades policiais que lhe s\u00e3o subordinadas;<\/p>\n\n\n\n<p>III \u2013 proceder ao controle do efetivo policial das unidades policiais que lhe s\u00e3o subordinadas;<\/p>\n\n\n\n<p>IV \u2013 coordenar as opera\u00e7\u00f5es policiais das unidades que lhe s\u00e3o subordinadas, com o apoio da Diretoria Especializada em Opera\u00e7\u00f5es Policiais;<\/p>\n\n\n\n<p>V &#8211; informar \u00e0 Diretoria Especializada em Opera\u00e7\u00f5es Policiais todos os dados referentes \u00e0s opera\u00e7\u00f5es policiais realizadas sob a sua coordena\u00e7\u00e3o;<\/p>\n\n\n\n<p>VI &#8211; buscar a implementa\u00e7\u00e3o de programas que foquem no desempenho e na efici\u00eancia das unidades que fazem o atendimento de v\u00edtimas vulner\u00e1veis;<\/p>\n\n\n\n<p>VII &#8211; solicitar as capacita\u00e7\u00f5es necess\u00e1rias aos efetivos policial e administrativo lotados nas unidades que fazem o atendimento de v\u00edtimas vulner\u00e1veis;<\/p>\n\n\n\n<p>VIII &#8211; propor e participar de a\u00e7\u00f5es que visem a aproxima\u00e7\u00e3o da Pol\u00edcia Civil aos grupos vulner\u00e1veis;<\/p>\n\n\n\n<p>IX &#8211; desenvolver metodologias e protocolos de investiga\u00e7\u00e3o de crimes praticados contra grupos vulner\u00e1veis e promover a sua implanta\u00e7\u00e3o em todas as Delegacias do Estado que apurem os crimes praticados contra essas v\u00edtimas;<\/p>\n\n\n\n<p>X &#8211; realizar as atividades afetas ao bom desempenho da diretoria e outras designadas pelo Delegado-Geral.<\/p>\n<\/div><\/div><\/div><\/div><\/div><\/div>\n\n\n\n<div class=\"wp-block-ugb-accordion ugb-accordion ugb-d6d1de2 ugb-accordion--v2 ugb-accordion--design-basic ugb-main-block\" aria-expanded=\"false\"><div class=\"ugb-inner-block\"><div class=\"ugb-block-content\"><div class=\"ugb-accordion__item\"><div class=\"ugb-accordion__heading\" role=\"button\" tabindex=\"0\"><h4 class=\"ugb-accordion__title\">CORREGEDORIA DA POL\u00cdCIA CIVIL &#8211; CGPC<\/h4><svg xmlns=\"http:\/\/www.w3.org\/2000\/svg\" viewBox=\"0 0 20 20\" class=\"ugb-accordion__arrow\" width=\"20\" height=\"20\"><path d=\"M16.7 3.3L10 10 3.3 3.4 0 6.7l10 10v-.1l10-9.9z\"><\/path><\/svg><\/div><div class=\"ugb-accordion__content\" role=\"region\"><div class=\"ugb-accordion__content-inner\">\n<p>ENDERE\u00c7O: Rua Walfran Batista, 91 &#8211; S\u00e3o Cristov\u00e3o, Teresina-PI, CEP: 64.046-470.<br>TELEFONE: (86) 99536-5960<br>CORREGEDOR: Alfredo Cadena J\u00fanior<br>EMAIL: corregedoria@pc.pi.gov.br<\/p>\n\n\n\n<p><br>ATRIBUI\u00c7\u00d5ES: <\/p>\n\n\n\n<p>Previstas na Lei Complementar n\u00ba 37, de 09 de mar\u00e7o de 2004.<\/p>\n\n\n\n<p><\/p>\n<\/div><\/div><\/div><\/div><\/div><\/div>\n\n\n\n<div class=\"wp-block-ugb-accordion ugb-accordion ugb-e956e1f ugb-accordion--v2 ugb-accordion--design-basic ugb-main-block\" aria-expanded=\"false\"><div class=\"ugb-inner-block\"><div class=\"ugb-block-content\"><div class=\"ugb-accordion__item\"><div class=\"ugb-accordion__heading\" role=\"button\" tabindex=\"0\"><h4 class=\"ugb-accordion__title\">ACADEMIA DE POL\u00cdCIA CIVIL &#8211; ACADEPOL<\/h4><svg xmlns=\"http:\/\/www.w3.org\/2000\/svg\" viewBox=\"0 0 20 20\" class=\"ugb-accordion__arrow\" width=\"20\" height=\"20\"><path d=\"M16.7 3.3L10 10 3.3 3.4 0 6.7l10 10v-.1l10-9.9z\"><\/path><\/svg><\/div><div class=\"ugb-accordion__content\" role=\"region\"><div class=\"ugb-accordion__content-inner\">\n<p>ENDERE\u00c7O: Rua Francisca de Melo Lobo, 505, Bairro Saci, Teresina-PI<br>DIRETORA: Anamelka Albuquerque Formiga<br>EMAIL: acadepol@pc.pi.gov.br<\/p>\n\n\n\n<p><br>ATRIBUI\u00c7\u00d5ES: <\/p>\n\n\n\n<p>Atua em todo o Estado do Piau\u00ed, destacadamente promovendo a<br>forma\u00e7\u00e3o t\u00e9cnico-profissional, o treinamento, o aperfei\u00e7oamento e a<br>especializa\u00e7\u00e3o, objetivando a capacita\u00e7\u00e3o do policial civil, dentre outras atribui\u00e7\u00f5es<br>previstas no Art. 74 da LC n\u00ba 037, de 09\/03\/2004.<\/p>\n<\/div><\/div><\/div><\/div><\/div><\/div>\n\n\n\n<div class=\"wp-block-ugb-accordion ugb-accordion ugb-ca5bfaa ugb-accordion--v2 ugb-accordion--design-basic ugb-main-block\" aria-expanded=\"false\"><div class=\"ugb-inner-block\"><div class=\"ugb-block-content\"><div class=\"ugb-accordion__item\"><div class=\"ugb-accordion__heading\" role=\"button\" tabindex=\"0\"><h4 class=\"ugb-accordion__title\">DEPARTAMENTO DE POL\u00cdCIA CIENT\u00cdFICA &#8211; DEPOC<\/h4><svg xmlns=\"http:\/\/www.w3.org\/2000\/svg\" viewBox=\"0 0 20 20\" class=\"ugb-accordion__arrow\" width=\"20\" height=\"20\"><path d=\"M16.7 3.3L10 10 3.3 3.4 0 6.7l10 10v-.1l10-9.9z\"><\/path><\/svg><\/div><div class=\"ugb-accordion__content\" role=\"region\"><div class=\"ugb-accordion__content-inner\">\n<p>ENDERE\u00c7O: Rua Walfran Batista, n\u00b091, bairro S\u00e3o Cristov\u00e3o, Teresina-PI<br>PERITO-GERAL: ANTONIO NUNES NUNES PEREIRA <br>EMAIL: dptc@pc.pi.gov.br<\/p>\n\n\n\n<p><br>ATRIBUI\u00c7\u00d5ES: <\/p>\n\n\n\n<p>Compete ao Perito-Geral Adjunto dirigir o Gabinete e auxiliar o Perito-Geral na dire\u00e7\u00e3o dos \u00f3rg\u00e3os periciais, fazendo cumprir suas determina\u00e7\u00f5es o substituindo em seus impedimentos nos termos da Lei Complementar 37, de 09 de mar\u00e7o de 2004.<\/p>\n<\/div><\/div><\/div><\/div><\/div><\/div>\n","protected":false},"excerpt":{"rendered":"<p>\u00d3RG\u00c3O CENTRAL DA POL\u00cdCIA CIVIL DO ESTADO DO PIAU\u00cd ENDERE\u00c7O: Rua Mato Grosso, 912, bairro Ilhotas, Teresina-PI DELEGADO-GERAL: Luccy Keiko Leal Para\u00edba ATRIBUI\u00c7\u00d5ES: Compete ao Delegado-Geral exercer a dire\u00e7\u00e3o geral, [&hellip;]<\/p>\n","protected":false},"author":1,"featured_media":0,"parent":0,"menu_order":0,"comment_status":"closed","ping_status":"closed","template":"template-fullwidth.php","meta":[],"featured_image_urls":{"full":"","thumbnail":"","medium":"","medium_large":"","large":"","sgg-420":"","sgg-540":"","sgg-780":"","1536x1536":"","2048x2048":"","homepage-slider":"","homepage-slider-small":"","page-top":"","page-small":"","loop-main":"","thumb-gallery-widget":""},"post_excerpt_stackable":"<p>DELEGACIA GERAL DE POL\u00cdCIA CIVIL &#8211; DGPC \u00d3RG\u00c3O CENTRAL DA POL\u00cdCIA CIVIL DO ESTADO DO PIAU\u00cd ENDERE\u00c7O: Rua Mato Grosso, 912, bairro Ilhotas, Teresina-PIDELEGADO-GERAL: Luccy Keiko Leal Para\u00edba ATRIBUI\u00c7\u00d5ES: Compete ao Delegado-Geral exercer a dire\u00e7\u00e3o geral, o planejamento institucional e a administra\u00e7\u00e3o superior, por meio de supervis\u00e3o, coordena\u00e7\u00e3o, controle e fiscaliza\u00e7\u00e3o das fun\u00e7\u00f5es da Pol\u00edcia Civil e demais atribui\u00e7\u00f5es previstas no art. 73 da Lei Complementar n\u00ba 37, de 09 de mar\u00e7o de 2004. Gabinete do Delegado-Geral ENDERE\u00c7O: Rua Mato Grosso, 912, bairro Ilhotas, Teresina-PI DELEGADA-GERAL ADJUNTA: Adriana Maria Xavier Fontes M\u00e1ximoEMAIL: delegaciageral@pc.pi.gov.br ATRIBUI\u00c7\u00d5ES: I &#8211; assistir e assessorar o&hellip;<\/p>\n","category_list":"","author_info":{"name":"admin","url":"https:\/\/portal.pi.gov.br\/pc\/author\/admin\/"},"comments_num":"0 coment\u00e1rio","featured_image_urls_v2":{"full":"","thumbnail":"","medium":"","medium_large":"","large":"","sgg-420":"","sgg-540":"","sgg-780":"","1536x1536":"","2048x2048":"","homepage-slider":"","homepage-slider-small":"","page-top":"","page-small":"","loop-main":"","thumb-gallery-widget":""},"post_excerpt_stackable_v2":"<p>DELEGACIA GERAL DE POL\u00cdCIA CIVIL &#8211; DGPC \u00d3RG\u00c3O CENTRAL DA POL\u00cdCIA CIVIL DO ESTADO DO PIAU\u00cd ENDERE\u00c7O: Rua Mato Grosso, 912, bairro Ilhotas, Teresina-PIDELEGADO-GERAL: Luccy Keiko Leal Para\u00edba ATRIBUI\u00c7\u00d5ES: Compete ao Delegado-Geral exercer a dire\u00e7\u00e3o geral, o planejamento institucional e a administra\u00e7\u00e3o superior, por meio de supervis\u00e3o, coordena\u00e7\u00e3o, controle e fiscaliza\u00e7\u00e3o das fun\u00e7\u00f5es da Pol\u00edcia Civil e demais atribui\u00e7\u00f5es previstas no art. 73 da Lei Complementar n\u00ba 37, de 09 de mar\u00e7o de 2004. Gabinete do Delegado-Geral ENDERE\u00c7O: Rua Mato Grosso, 912, bairro Ilhotas, Teresina-PI DELEGADA-GERAL ADJUNTA: Adriana Maria Xavier Fontes M\u00e1ximoEMAIL: delegaciageral@pc.pi.gov.br ATRIBUI\u00c7\u00d5ES: I &#8211; assistir e assessorar o&hellip;<\/p>\n","category_list_v2":"","author_info_v2":{"name":"admin","url":"https:\/\/portal.pi.gov.br\/pc\/author\/admin\/"},"comments_num_v2":"0 coment\u00e1rio","_links":{"self":[{"href":"https:\/\/portal.pi.gov.br\/pc\/wp-json\/wp\/v2\/pages\/1412"}],"collection":[{"href":"https:\/\/portal.pi.gov.br\/pc\/wp-json\/wp\/v2\/pages"}],"about":[{"href":"https:\/\/portal.pi.gov.br\/pc\/wp-json\/wp\/v2\/types\/page"}],"author":[{"embeddable":true,"href":"https:\/\/portal.pi.gov.br\/pc\/wp-json\/wp\/v2\/users\/1"}],"replies":[{"embeddable":true,"href":"https:\/\/portal.pi.gov.br\/pc\/wp-json\/wp\/v2\/comments?post=1412"}],"version-history":[{"count":57,"href":"https:\/\/portal.pi.gov.br\/pc\/wp-json\/wp\/v2\/pages\/1412\/revisions"}],"predecessor-version":[{"id":17250,"href":"https:\/\/portal.pi.gov.br\/pc\/wp-json\/wp\/v2\/pages\/1412\/revisions\/17250"}],"wp:attachment":[{"href":"https:\/\/portal.pi.gov.br\/pc\/wp-json\/wp\/v2\/media?parent=1412"}],"curies":[{"name":"wp","href":"https:\/\/api.w.org\/{rel}","templated":true}]}}