{"id":1420,"date":"2025-01-15T15:19:13","date_gmt":"2025-01-15T18:19:13","guid":{"rendered":"https:\/\/portal.pi.gov.br\/pc\/?page_id=1420"},"modified":"2025-01-15T15:19:14","modified_gmt":"2025-01-15T18:19:14","slug":"unidades-da-policia-cientifica","status":"publish","type":"page","link":"https:\/\/portal.pi.gov.br\/pc\/unidades-da-policia-cientifica\/","title":{"rendered":"Unidades do Departamento de Pol\u00edcia Cient\u00edfica (DEPOC)"},"content":{"rendered":"\n<div class=\"wp-block-ugb-accordion ugb-accordion ugb-9e6eb0e ugb-accordion--v2 ugb-accordion--design-basic ugb-main-block\" aria-expanded=\"false\"><div class=\"ugb-inner-block\"><div class=\"ugb-block-content\"><div class=\"ugb-accordion__item\"><div class=\"ugb-accordion__heading\" role=\"button\" tabindex=\"0\"><h4 class=\"ugb-accordion__title\">Gabinete do Perito-Geral<\/h4><svg xmlns=\"http:\/\/www.w3.org\/2000\/svg\" viewBox=\"0 0 20 20\" class=\"ugb-accordion__arrow\" width=\"20\" height=\"20\"><path d=\"M16.7 3.3L10 10 3.3 3.4 0 6.7l10 10v-.1l10-9.9z\"><\/path><\/svg><\/div><div class=\"ugb-accordion__content\" role=\"region\"><div class=\"ugb-accordion__content-inner\">\n<p>ENDERE\u00c7O: Rua Walfran Batista, n\u00b091, bairro S\u00e3o Cristov\u00e3o, Teresina \u2013 PI.<\/p>\n\n\n\n<p>PERITO-GERAL: Antonio Nunes Nunes Pereira<\/p>\n\n\n\n<p>TELEFONE: (86) 3216-5221<\/p>\n\n\n\n<p>EMAIL: <a href=\"mailto:pereiraan@uol.com.br\">pereiraan@uol.com.br<\/a><\/p>\n\n\n\n<p>ATUA\u00c7\u00c3O: =&gt; Atua em todo o Estado do Piau\u00ed, administrando as a\u00e7\u00f5es do Instituto de Criminal\u00edstica, do Instituto de Medicina Legal, do Instituto de Identifica\u00e7\u00e3o e o Instituto de DNA Forense do Piau\u00ed.<\/p>\n<\/div><\/div><\/div><\/div><\/div><\/div>\n\n\n\n<div class=\"wp-block-ugb-accordion ugb-accordion ugb-4395b00 ugb-accordion--v2 ugb-accordion--design-basic ugb-main-block\" aria-expanded=\"false\"><div class=\"ugb-inner-block\"><div class=\"ugb-block-content\"><div class=\"ugb-accordion__item\"><div class=\"ugb-accordion__heading\" role=\"button\" tabindex=\"0\"><h4 class=\"ugb-accordion__title\">Instituto de Criminal\u00edstica (IC)<\/h4><svg xmlns=\"http:\/\/www.w3.org\/2000\/svg\" viewBox=\"0 0 20 20\" class=\"ugb-accordion__arrow\" width=\"20\" height=\"20\"><path d=\"M16.7 3.3L10 10 3.3 3.4 0 6.7l10 10v-.1l10-9.9z\"><\/path><\/svg><\/div><div class=\"ugb-accordion__content\" role=\"region\"><div class=\"ugb-accordion__content-inner\">\n<p>ENDERE\u00c7O: Rua Francisca de Melo Lobo, s\/n &#8211; Saci, Teresina \u2013 PI, TELEFONES: (86) 3216-5273\/ 5259<\/p>\n\n\n\n<p>DIRETORA: Julieta Castelo Branco Ismael<\/p>\n\n\n\n<p>EMAIL: <a href=\"mailto:institutocriminalistica@pc.pi.gov.br\">institutocriminalistica@pc.pi.gov.br<\/a> &nbsp;<\/p>\n\n\n\n<p>ATUA\u00c7\u00c3O: =&gt; Atua em todo o Estado do Piau\u00ed, destacadamente nas \u00e1reas de papiloscopia, Engenharia Forense, Bal\u00edstica Forense, F\u00edsica Forense, Qu\u00edmica Forense, Biologia Forense, Toxicologia Forense, Documentoscopia Forense, Fon\u00e9tica Forense, Inform\u00e1tica Forense, Contabilidade Forense, dentre outras cong\u00eaneres.<\/p>\n<\/div><\/div><\/div><\/div><\/div><\/div>\n\n\n\n<div class=\"wp-block-ugb-accordion ugb-accordion ugb-7b929d6 ugb-accordion--v2 ugb-accordion--design-basic ugb-main-block\" aria-expanded=\"false\"><div class=\"ugb-inner-block\"><div class=\"ugb-block-content\"><div class=\"ugb-accordion__item\"><div class=\"ugb-accordion__heading\" role=\"button\" tabindex=\"0\"><h4 class=\"ugb-accordion__title\">Instituto de Medicina Legal (IML)<\/h4><svg xmlns=\"http:\/\/www.w3.org\/2000\/svg\" viewBox=\"0 0 20 20\" class=\"ugb-accordion__arrow\" width=\"20\" height=\"20\"><path d=\"M16.7 3.3L10 10 3.3 3.4 0 6.7l10 10v-.1l10-9.9z\"><\/path><\/svg><\/div><div class=\"ugb-accordion__content\" role=\"region\"><div class=\"ugb-accordion__content-inner\">\n<p>ENDERE\u00c7O: Rua Francisca de Melo Lobo, s\/n &#8211; Saci, Teresina\u2013PI.<\/p>\n\n\n\n<p>DIRETOR: Jos\u00e9 Lu\u00eds Castelo Branco<\/p>\n\n\n\n<p>EMAIL: <a href=\"mailto:iml@pc.pi.gov.br\">iml@pc.pi.gov.br<\/a><\/p>\n\n\n\n<p>ATUA\u00c7\u00c3O: =&gt; Atua em todo o Estado do Piau\u00ed, destacadamente realizando os exames periciais cadav\u00e9rico e in vivo (les\u00f5es corporais, intoxica\u00e7\u00e3o, embriaguez, de sexualidade e les\u00e3o de tr\u00e1fego).<\/p>\n<\/div><\/div><\/div><\/div><\/div><\/div>\n\n\n\n<div class=\"wp-block-ugb-accordion ugb-accordion ugb-6c2ded4 ugb-accordion--v2 ugb-accordion--design-basic ugb-main-block\" aria-expanded=\"false\"><div class=\"ugb-inner-block\"><div class=\"ugb-block-content\"><div class=\"ugb-accordion__item\"><div class=\"ugb-accordion__heading\" role=\"button\" tabindex=\"0\"><h4 class=\"ugb-accordion__title\">Instituto de DNA Forense (IDNA) <\/h4><svg xmlns=\"http:\/\/www.w3.org\/2000\/svg\" viewBox=\"0 0 20 20\" class=\"ugb-accordion__arrow\" width=\"20\" height=\"20\"><path d=\"M16.7 3.3L10 10 3.3 3.4 0 6.7l10 10v-.1l10-9.9z\"><\/path><\/svg><\/div><div class=\"ugb-accordion__content\" role=\"region\"><div class=\"ugb-accordion__content-inner\">\n<p>DIRETORA: Adilana Gomes Soares<\/p>\n\n\n\n<p>ENDERE\u00c7O: Rua Gov. Raimundo Artur Vasconcelos, 971 &#8211; Marqu\u00eas de Paranagu\u00e1, Teresina \u2013 PI.<\/p>\n\n\n\n<p>EMAIL: <a href=\"mailto:idna@pc.pi.gov.br\">idna@pc.pi.gov.br<\/a><\/p>\n\n\n\n<p>ATUA\u00c7\u00c3O: =&gt; Atua em todo o Estado do Piau\u00ed, destacadamente gerenciando servi\u00e7o de Banco de Perfis Gen\u00e9ticos no estado, Servi\u00e7o de coleta, extra\u00e7\u00e3o, procedimentos laboratoriais diversos na \u00e1rea de gen\u00e9tica forense, bem como an\u00e1lise e compara\u00e7\u00e3o de Perfis Gen\u00e9ticos e Gest\u00e3o de Qualidade nos seus laborat\u00f3rios; realiza per\u00edcias em Gen\u00e9tica Forense em investiga\u00e7\u00f5es criminais para fins de identifica\u00e7\u00e3o de autores de crimes e identifica\u00e7\u00e3o de v\u00edtimas; realiza, tamb\u00e9m, exames de v\u00ednculo gen\u00e9tico (exames de paternidade) na \u00e1rea criminal, servi\u00e7os administrativos necess\u00e1rios para o seu funcionamento.<\/p>\n<\/div><\/div><\/div><\/div><\/div><\/div>\n\n\n\n<div class=\"wp-block-ugb-accordion ugb-accordion ugb-72790ed ugb-accordion--v2 ugb-accordion--design-basic ugb-main-block\" aria-expanded=\"false\"><div class=\"ugb-inner-block\"><div class=\"ugb-block-content\"><div class=\"ugb-accordion__item\"><div class=\"ugb-accordion__heading\" role=\"button\" tabindex=\"0\"><h4 class=\"ugb-accordion__title\">Departamento de Biometria Forense (IBF)<\/h4><svg xmlns=\"http:\/\/www.w3.org\/2000\/svg\" viewBox=\"0 0 20 20\" class=\"ugb-accordion__arrow\" width=\"20\" height=\"20\"><path d=\"M16.7 3.3L10 10 3.3 3.4 0 6.7l10 10v-.1l10-9.9z\"><\/path><\/svg><\/div><div class=\"ugb-accordion__content\" role=\"region\"><div class=\"ugb-accordion__content-inner\">\n<p>ENDERE\u00c7O: Rua Barroso, s\/n, Centro, Teresina \u2013 PI.<\/p>\n\n\n\n<p>DIRETOR: Juarez Gon\u00e7alves de Carvalho<\/p>\n\n\n\n<p>EMAIL: <a href=\"mailto:iijdm@pc.pi.gov.br\">iijdm@pc.pi.gov.br<\/a><\/p>\n\n\n\n<p>ATUA\u00c7\u00c3O: =&gt; Atua em todo o Estado do Piau\u00ed, destacadamente nas \u00e1reas de identifica\u00e7\u00e3o civil e criminal, dentre outras cong\u00eaneres.<\/p>\n<\/div><\/div><\/div><\/div><\/div><\/div>\n\n\n\n<div class=\"wp-block-ugb-accordion ugb-accordion ugb-0ada826 ugb-accordion--v2 ugb-accordion--design-basic ugb-main-block\" aria-expanded=\"false\"><div class=\"ugb-inner-block\"><div class=\"ugb-block-content\"><div class=\"ugb-accordion__item\"><div class=\"ugb-accordion__heading\" role=\"button\" tabindex=\"0\"><h4 class=\"ugb-accordion__title\">N\u00facleos Regionais de Pol\u00edcia Cient\u00edfica<\/h4><svg xmlns=\"http:\/\/www.w3.org\/2000\/svg\" viewBox=\"0 0 20 20\" class=\"ugb-accordion__arrow\" width=\"20\" height=\"20\"><path d=\"M16.7 3.3L10 10 3.3 3.4 0 6.7l10 10v-.1l10-9.9z\"><\/path><\/svg><\/div><div class=\"ugb-accordion__content\" role=\"region\"><div class=\"ugb-accordion__content-inner\">\n<p><\/p>\n<\/div><\/div><\/div><\/div><\/div><\/div>\n\n\n\n<p><\/p>\n","protected":false},"excerpt":{"rendered":"<p>ENDERE\u00c7O: Rua Walfran Batista, n\u00b091, bairro S\u00e3o Cristov\u00e3o, Teresina \u2013 PI. PERITO-GERAL: Antonio Nunes Nunes Pereira TELEFONE: (86) 3216-5221 EMAIL: pereiraan@uol.com.br ATUA\u00c7\u00c3O: =&gt; Atua em todo o Estado do Piau\u00ed, [&hellip;]<\/p>\n","protected":false},"author":1,"featured_media":0,"parent":0,"menu_order":0,"comment_status":"closed","ping_status":"closed","template":"template-fullwidth.php","meta":[],"featured_image_urls":{"full":"","thumbnail":"","medium":"","medium_large":"","large":"","sgg-420":"","sgg-540":"","sgg-780":"","1536x1536":"","2048x2048":"","homepage-slider":"","homepage-slider-small":"","page-top":"","page-small":"","loop-main":"","thumb-gallery-widget":""},"post_excerpt_stackable":"<p>Gabinete do Perito-Geral ENDERE\u00c7O: Rua Walfran Batista, n\u00b091, bairro S\u00e3o Cristov\u00e3o, Teresina \u2013 PI. PERITO-GERAL: Antonio Nunes Nunes Pereira TELEFONE: (86) 3216-5221 EMAIL: pereiraan@uol.com.br ATUA\u00c7\u00c3O: =&gt; Atua em todo o Estado do Piau\u00ed, administrando as a\u00e7\u00f5es do Instituto de Criminal\u00edstica, do Instituto de Medicina Legal, do Instituto de Identifica\u00e7\u00e3o e o Instituto de DNA Forense do Piau\u00ed. Instituto de Criminal\u00edstica (IC) ENDERE\u00c7O: Rua Francisca de Melo Lobo, s\/n &#8211; Saci, Teresina \u2013 PI, TELEFONES: (86) 3216-5273\/ 5259 DIRETORA: Julieta Castelo Branco Ismael EMAIL: institutocriminalistica@pc.pi.gov.br &nbsp; ATUA\u00c7\u00c3O: =&gt; Atua em todo o Estado do Piau\u00ed, destacadamente nas \u00e1reas de papiloscopia, Engenharia&hellip;<\/p>\n","category_list":"","author_info":{"name":"admin","url":"https:\/\/portal.pi.gov.br\/pc\/author\/admin\/"},"comments_num":"0 coment\u00e1rio","featured_image_urls_v2":{"full":"","thumbnail":"","medium":"","medium_large":"","large":"","sgg-420":"","sgg-540":"","sgg-780":"","1536x1536":"","2048x2048":"","homepage-slider":"","homepage-slider-small":"","page-top":"","page-small":"","loop-main":"","thumb-gallery-widget":""},"post_excerpt_stackable_v2":"<p>Gabinete do Perito-Geral ENDERE\u00c7O: Rua Walfran Batista, n\u00b091, bairro S\u00e3o Cristov\u00e3o, Teresina \u2013 PI. PERITO-GERAL: Antonio Nunes Nunes Pereira TELEFONE: (86) 3216-5221 EMAIL: pereiraan@uol.com.br ATUA\u00c7\u00c3O: =&gt; Atua em todo o Estado do Piau\u00ed, administrando as a\u00e7\u00f5es do Instituto de Criminal\u00edstica, do Instituto de Medicina Legal, do Instituto de Identifica\u00e7\u00e3o e o Instituto de DNA Forense do Piau\u00ed. Instituto de Criminal\u00edstica (IC) ENDERE\u00c7O: Rua Francisca de Melo Lobo, s\/n &#8211; Saci, Teresina \u2013 PI, TELEFONES: (86) 3216-5273\/ 5259 DIRETORA: Julieta Castelo Branco Ismael EMAIL: institutocriminalistica@pc.pi.gov.br &nbsp; ATUA\u00c7\u00c3O: =&gt; Atua em todo o Estado do Piau\u00ed, destacadamente nas \u00e1reas de papiloscopia, Engenharia&hellip;<\/p>\n","category_list_v2":"","author_info_v2":{"name":"admin","url":"https:\/\/portal.pi.gov.br\/pc\/author\/admin\/"},"comments_num_v2":"0 coment\u00e1rio","_links":{"self":[{"href":"https:\/\/portal.pi.gov.br\/pc\/wp-json\/wp\/v2\/pages\/1420"}],"collection":[{"href":"https:\/\/portal.pi.gov.br\/pc\/wp-json\/wp\/v2\/pages"}],"about":[{"href":"https:\/\/portal.pi.gov.br\/pc\/wp-json\/wp\/v2\/types\/page"}],"author":[{"embeddable":true,"href":"https:\/\/portal.pi.gov.br\/pc\/wp-json\/wp\/v2\/users\/1"}],"replies":[{"embeddable":true,"href":"https:\/\/portal.pi.gov.br\/pc\/wp-json\/wp\/v2\/comments?post=1420"}],"version-history":[{"count":13,"href":"https:\/\/portal.pi.gov.br\/pc\/wp-json\/wp\/v2\/pages\/1420\/revisions"}],"predecessor-version":[{"id":12253,"href":"https:\/\/portal.pi.gov.br\/pc\/wp-json\/wp\/v2\/pages\/1420\/revisions\/12253"}],"wp:attachment":[{"href":"https:\/\/portal.pi.gov.br\/pc\/wp-json\/wp\/v2\/media?parent=1420"}],"curies":[{"name":"wp","href":"https:\/\/api.w.org\/{rel}","templated":true}]}}