{"id":1490,"date":"2025-05-28T18:28:02","date_gmt":"2025-05-28T21:28:02","guid":{"rendered":"https:\/\/portal.pi.gov.br\/pc\/?page_id=1490"},"modified":"2026-03-26T11:38:51","modified_gmt":"2026-03-26T14:38:51","slug":"delegacias-especializadas","status":"publish","type":"page","link":"https:\/\/portal.pi.gov.br\/pc\/delegacias-especializadas\/","title":{"rendered":"Unidades da Diretoria Especializada em Opera\u00e7\u00f5es Policiais (DEOP)"},"content":{"rendered":"\n<div class=\"wp-block-ugb-accordion ugb-accordion ugb-c939448 ugb-accordion--v2 ugb-accordion--design-basic ugb-main-block\" aria-expanded=\"false\"><div class=\"ugb-inner-block\"><div class=\"ugb-block-content\"><div class=\"ugb-accordion__item\"><div class=\"ugb-accordion__heading\" role=\"button\" tabindex=\"0\"><h4 class=\"ugb-accordion__title\">DEPARTAMENTO DE HOMIC\u00cdDIOS E PROTE\u00c7\u00c3O \u00c0 PESSOA  (DHPP)<\/h4><svg xmlns=\"http:\/\/www.w3.org\/2000\/svg\" viewBox=\"0 0 20 20\" class=\"ugb-accordion__arrow\" width=\"20\" height=\"20\"><path d=\"M16.7 3.3L10 10 3.3 3.4 0 6.7l10 10v-.1l10-9.9z\"><\/path><\/svg><\/div><div class=\"ugb-accordion__content\" role=\"region\"><div class=\"ugb-accordion__content-inner\">\n<p>DELEGADO: Francisco das Chagas Santos Costa \u2013 Bar\u00eatta (coordenador)<\/p>\n\n\n\n<p>ENDERE\u00c7O: Avenida Pedro Freitas, S\/N, Centro &#8211; Norte, Vermelha, Teresina-PI<\/p>\n\n\n\n<p>EMAIL: homic\u00eddios@pc.pi.gov.br<\/p>\n\n\n\n<p>CIRCUNSCRI\u00c7\u00c3O =&gt; Abrange toda a cidade de Teresina-PI<\/p>\n<\/div><\/div><\/div><\/div><\/div><\/div>\n\n\n\n<div class=\"wp-block-ugb-accordion ugb-accordion ugb-4e1b6b6 ugb-accordion--v2 ugb-accordion--design-basic ugb-main-block\" aria-expanded=\"false\"><div class=\"ugb-inner-block\"><div class=\"ugb-block-content\"><div class=\"ugb-accordion__item\"><div class=\"ugb-accordion__heading\" role=\"button\" tabindex=\"0\"><h4 class=\"ugb-accordion__title\">DEPARTAMENTO ESTADUAL DE REPRESS\u00c3O AO NARCOTR\u00c1FICO (DENARC)<\/h4><svg xmlns=\"http:\/\/www.w3.org\/2000\/svg\" viewBox=\"0 0 20 20\" class=\"ugb-accordion__arrow\" width=\"20\" height=\"20\"><path d=\"M16.7 3.3L10 10 3.3 3.4 0 6.7l10 10v-.1l10-9.9z\"><\/path><\/svg><\/div><div class=\"ugb-accordion__content\" role=\"region\"><div class=\"ugb-accordion__content-inner\">\n<p>DELEGADO: Francisco Samuel Lima Silveira (coordenador)<\/p>\n\n\n\n<p>ENDERE\u00c7O: Rua Alencar Vieira, Parque Ideal, Teresina-PI<\/p>\n\n\n\n<p>EMAIL:denarc@pc.pi.gov.br<\/p>\n\n\n\n<p>CIRCUNSCRI\u00c7\u00c3O =&gt; Abrange toda a cidade de Teresina-PI<\/p>\n<\/div><\/div><\/div><\/div><\/div><\/div>\n\n\n\n<div class=\"wp-block-ugb-accordion ugb-accordion ugb-a1348ee ugb-accordion--v2 ugb-accordion--design-basic ugb-main-block\" aria-expanded=\"false\"><div class=\"ugb-inner-block\"><div class=\"ugb-block-content\"><div class=\"ugb-accordion__item\"><div class=\"ugb-accordion__heading\" role=\"button\" tabindex=\"0\"><h4 class=\"ugb-accordion__title\">DEPARTAMENTO DE REPRESS\u00c3O \u00c0S A\u00c7\u00d5ES CRIMINOSAS ORGANIZADAS (DRACO)<\/h4><svg xmlns=\"http:\/\/www.w3.org\/2000\/svg\" viewBox=\"0 0 20 20\" class=\"ugb-accordion__arrow\" width=\"20\" height=\"20\"><path d=\"M16.7 3.3L10 10 3.3 3.4 0 6.7l10 10v-.1l10-9.9z\"><\/path><\/svg><\/div><div class=\"ugb-accordion__content\" role=\"region\"><div class=\"ugb-accordion__content-inner\">\n<p>DELEGADO: La\u00e9rcio Evangelista (coordenador)<\/p>\n\n\n\n<p>ENDERE\u00c7O: Avenida Gil Martins, s\/n, bairro Reden\u00e7\u00e3o, Teresina-PI<\/p>\n\n\n\n<p>EMAIL: draco@pc.pi.gov.br<\/p>\n\n\n\n<p>CIRCUNSCRI\u00c7\u00c3O =&gt; Abrange todo o Estado do Piau\u00ed<\/p>\n<\/div><\/div><\/div><\/div><\/div><\/div>\n\n\n\n<div class=\"wp-block-ugb-accordion ugb-accordion ugb-70d1ce0 ugb-accordion--v2 ugb-accordion--design-basic ugb-main-block\" aria-expanded=\"false\"><div class=\"ugb-inner-block\"><div class=\"ugb-block-content\"><div class=\"ugb-accordion__item\"><div class=\"ugb-accordion__heading\" role=\"button\" tabindex=\"0\"><h4 class=\"ugb-accordion__title\">DEPARTAMENTO DE ROUBO E FURTO DE VE\u00cdCULOS (DRFV)<\/h4><svg xmlns=\"http:\/\/www.w3.org\/2000\/svg\" viewBox=\"0 0 20 20\" class=\"ugb-accordion__arrow\" width=\"20\" height=\"20\"><path d=\"M16.7 3.3L10 10 3.3 3.4 0 6.7l10 10v-.1l10-9.9z\"><\/path><\/svg><\/div><div class=\"ugb-accordion__content\" role=\"region\"><div class=\"ugb-accordion__content-inner\">\n<p>DELEGADO: Marcelo Dias (coordenador)<\/p>\n\n\n\n<p>ENDERE\u00c7O: Quadra 192, Conj. Dirceu Arcoverde II, Teresina-PI<\/p>\n\n\n\n<p>EMAIL: drfv@pc.pi.gov.br <\/p>\n\n\n\n<p>CIRCUNSCRI\u00c7\u00c3O =&gt; Abrange todo o Estado do Piau\u00ed<\/p>\n<\/div><\/div><\/div><\/div><\/div><\/div>\n\n\n\n<div class=\"wp-block-ugb-accordion ugb-accordion ugb-fa0ce5a ugb-accordion--v2 ugb-accordion--design-basic ugb-main-block\" aria-expanded=\"false\"><div class=\"ugb-inner-block\"><div class=\"ugb-block-content\"><div class=\"ugb-accordion__item\"><div class=\"ugb-accordion__heading\" role=\"button\" tabindex=\"0\"><h4 class=\"ugb-accordion__title\">DEPARTAMENTO DE COMBATE \u00c0 CORRUP\u00c7\u00c3O E \u00c0 LAVAGEM DE DINHEIRO (DECCOR)<\/h4><svg xmlns=\"http:\/\/www.w3.org\/2000\/svg\" viewBox=\"0 0 20 20\" class=\"ugb-accordion__arrow\" width=\"20\" height=\"20\"><path d=\"M16.7 3.3L10 10 3.3 3.4 0 6.7l10 10v-.1l10-9.9z\"><\/path><\/svg><\/div><div class=\"ugb-accordion__content\" role=\"region\"><div class=\"ugb-accordion__content-inner\">\n<p>DELEGADO: Ferdinando Martins Ara\u00fajo (coordenador)<\/p>\n\n\n\n<p>ENDERE\u00c7O: Avenida Campo Sales, 2329, Por Enquanto, Teresina-PI<\/p>\n\n\n\n<p>EMAIL: deccor@pc.pi.gov.br<\/p>\n\n\n\n<p>CIRCUNSCRI\u00c7\u00c3O =&gt; Abrange todo o Estado do Piau\u00ed<\/p>\n<\/div><\/div><\/div><\/div><\/div><\/div>\n\n\n\n<div class=\"wp-block-ugb-accordion ugb-accordion ugb-5230da9 ugb-accordion--v2 ugb-accordion--design-basic ugb-main-block\" aria-expanded=\"false\"><div class=\"ugb-inner-block\"><div class=\"ugb-block-content\"><div class=\"ugb-accordion__item\"><div class=\"ugb-accordion__heading\" role=\"button\" tabindex=\"0\"><h4 class=\"ugb-accordion__title\">DEPARTAMENTO DE CAPTURAS E POLINTER (DECAP)<\/h4><svg xmlns=\"http:\/\/www.w3.org\/2000\/svg\" viewBox=\"0 0 20 20\" class=\"ugb-accordion__arrow\" width=\"20\" height=\"20\"><path d=\"M16.7 3.3L10 10 3.3 3.4 0 6.7l10 10v-.1l10-9.9z\"><\/path><\/svg><\/div><div class=\"ugb-accordion__content\" role=\"region\"><div class=\"ugb-accordion__content-inner\">\n<p>DELEGADO: Emir Martins Maia (coordenador)<\/p>\n\n\n\n<p>ENDERE\u00c7O: Avenida Rua Gov. Arthur Vasconcelos, 971, Marqu\u00eas, Teresina-PI<\/p>\n\n\n\n<p>EMAILS: decap@pc.pi.gov.br \/ polinter@pc.pi.gov.br<\/p>\n\n\n\n<p>CIRCUNSCRI\u00c7\u00c3O =&gt; Abrange todo o Estado do Piau\u00ed<\/p>\n<\/div><\/div><\/div><\/div><\/div><\/div>\n\n\n\n<div class=\"wp-block-ugb-accordion ugb-accordion ugb-c2042b0 ugb-accordion--v2 ugb-accordion--design-basic ugb-main-block\" aria-expanded=\"false\"><div class=\"ugb-inner-block\"><div class=\"ugb-block-content\"><div class=\"ugb-accordion__item\"><div class=\"ugb-accordion__heading\" role=\"button\" tabindex=\"0\"><h4 class=\"ugb-accordion__title\">N\u00daCLEO DE APOIO \u00c0 REPRESS\u00c3O AOS CRIMES DE ROUBOS E FURTOS DE APARELHOS ELETR\u00d4NICOS (NARRF)<\/h4><svg xmlns=\"http:\/\/www.w3.org\/2000\/svg\" viewBox=\"0 0 20 20\" class=\"ugb-accordion__arrow\" width=\"20\" height=\"20\"><path d=\"M16.7 3.3L10 10 3.3 3.4 0 6.7l10 10v-.1l10-9.9z\"><\/path><\/svg><\/div><div class=\"ugb-accordion__content\" role=\"region\"><div class=\"ugb-accordion__content-inner\">\n<p>DELEGADA:  Carlos C\u00e9sar Camelo de Carvalho <\/p>\n\n\n\n<p>ENDERE\u00c7O: Rua Gov. Arthur Vasconcelos, 971, bairro Marqu\u00eas, Teresina-PI<\/p>\n\n\n\n<p>EMAIL: narrf@pc.pi.gov.br<\/p>\n\n\n\n<p>CIRCUNSCRI\u00c7\u00c3O =&gt; Abrange todo o Estado do Piau\u00ed<\/p>\n<\/div><\/div><\/div><\/div><\/div><\/div>\n\n\n\n<div class=\"wp-block-ugb-accordion ugb-accordion ugb-142e29c ugb-accordion--v2 ugb-accordion--design-basic ugb-main-block\" aria-expanded=\"false\"><div class=\"ugb-inner-block\"><div class=\"ugb-block-content\"><div class=\"ugb-accordion__item\"><div class=\"ugb-accordion__heading\" role=\"button\" tabindex=\"0\"><h4 class=\"ugb-accordion__title\">DELEGACIA DE REPRESS\u00c3O AOS CRIMES DE TR\u00c2NSITO (DRCT)<\/h4><svg xmlns=\"http:\/\/www.w3.org\/2000\/svg\" viewBox=\"0 0 20 20\" class=\"ugb-accordion__arrow\" width=\"20\" height=\"20\"><path d=\"M16.7 3.3L10 10 3.3 3.4 0 6.7l10 10v-.1l10-9.9z\"><\/path><\/svg><\/div><div class=\"ugb-accordion__content\" role=\"region\"><div class=\"ugb-accordion__content-inner\">\n<p>DELEGADOS: Carlos C\u00e9sar Camelo de Carvalho (titular)\/ Ana Katia Victor Esteves (adjunta)<\/p>\n\n\n\n<p>ENDERE\u00c7O: Rua Gov. Arthur Vasconcelos, 971, bairro Marqu\u00eas, Teresina-PI<\/p>\n\n\n\n<p>EMAIL: drct@pc.pi.gov.br<\/p>\n\n\n\n<p>CIRCUNSCRI\u00c7\u00c3O =&gt; Abrange toda a cidade de Teresina-PI <\/p>\n<\/div><\/div><\/div><\/div><\/div><\/div>\n\n\n\n<div class=\"wp-block-ugb-accordion ugb-accordion ugb-197f581 ugb-accordion--v2 ugb-accordion--design-basic ugb-main-block\" aria-expanded=\"false\"><div class=\"ugb-inner-block\"><div class=\"ugb-block-content\"><div class=\"ugb-accordion__item\"><div class=\"ugb-accordion__heading\" role=\"button\" tabindex=\"0\"><h4 class=\"ugb-accordion__title\">DELEGACIA DE CRIMES CONTRA A ORDEM TRIBUT\u00c1RIA, ECON\u00d4MICA E RELA\u00c7\u00d5ES DE CONSUMO (DECCOTERC)<\/h4><svg xmlns=\"http:\/\/www.w3.org\/2000\/svg\" viewBox=\"0 0 20 20\" class=\"ugb-accordion__arrow\" width=\"20\" height=\"20\"><path d=\"M16.7 3.3L10 10 3.3 3.4 0 6.7l10 10v-.1l10-9.9z\"><\/path><\/svg><\/div><div class=\"ugb-accordion__content\" role=\"region\"><div class=\"ugb-accordion__content-inner\">\n<p>DELEGADOS: Sebasti\u00e3o Alves de Alencar Neto (coordenador) \/ La\u00e9rcio Eul\u00e1lio de Ara\u00fajo e Marcela Sampaio Lira (adjuntos)<\/p>\n\n\n\n<p>ENDERE\u00c7O: Rua Senador Joaquim Pires, 1199, Ininga, Teresina-PI<\/p>\n\n\n\n<p>EMAIL: &nbsp;deccoterc@pc.pi.gov<\/p>\n\n\n\n<p>CIRCUNSCRI\u00c7\u00c3O =&gt; Abrange toda a cidade de Teresina-PI<\/p>\n<\/div><\/div><\/div><\/div><\/div><\/div>\n\n\n\n<div class=\"wp-block-ugb-accordion ugb-accordion ugb-50bafb7 ugb-accordion--v2 ugb-accordion--design-basic ugb-main-block\" aria-expanded=\"false\"><div class=\"ugb-inner-block\"><div class=\"ugb-block-content\"><div class=\"ugb-accordion__item\"><div class=\"ugb-accordion__heading\" role=\"button\" tabindex=\"0\"><h4 class=\"ugb-accordion__title\">DELEGACIA DE PROTE\u00c7\u00c3O AO MEIO AMBIENTE (DPMA)<\/h4><svg xmlns=\"http:\/\/www.w3.org\/2000\/svg\" viewBox=\"0 0 20 20\" class=\"ugb-accordion__arrow\" width=\"20\" height=\"20\"><path d=\"M16.7 3.3L10 10 3.3 3.4 0 6.7l10 10v-.1l10-9.9z\"><\/path><\/svg><\/div><div class=\"ugb-accordion__content\" role=\"region\"><div class=\"ugb-accordion__content-inner\">\n<p>DELEGADOS: Willame Moraes Costa (titular)\/ Wilon Gomes de Ara\u00fajo e Adilia Klein (adjuntos)<\/p>\n\n\n\n<p>ENDERE\u00c7O: Avenida Raul Lopes, Noivos, Teresina-PI<\/p>\n\n\n\n<p>EMAIL: dp.meioambiente@pc.pi.gov.br<\/p>\n\n\n\n<p>CIRCUNSCRI\u00c7\u00c3O =&gt; Abrange todo o Estado do Piau\u00ed<\/p>\n<\/div><\/div><\/div><\/div><\/div><\/div>\n\n\n\n<div class=\"wp-block-ugb-accordion ugb-accordion ugb-2673134 ugb-accordion--v2 ugb-accordion--design-basic ugb-main-block\" aria-expanded=\"false\"><div class=\"ugb-inner-block\"><div class=\"ugb-block-content\"><div class=\"ugb-accordion__item\"><div class=\"ugb-accordion__heading\" role=\"button\" tabindex=\"0\"><h4 class=\"ugb-accordion__title\">DEPARTAMENTO DE REPRESS\u00c3O AOS CRIMES CIBERN\u00c9TICOS (DRCC)<\/h4><svg xmlns=\"http:\/\/www.w3.org\/2000\/svg\" viewBox=\"0 0 20 20\" class=\"ugb-accordion__arrow\" width=\"20\" height=\"20\"><path d=\"M16.7 3.3L10 10 3.3 3.4 0 6.7l10 10v-.1l10-9.9z\"><\/path><\/svg><\/div><div class=\"ugb-accordion__content\" role=\"region\"><div class=\"ugb-accordion__content-inner\">\n<p>DELEGADOS: Humberto M\u00e1cola de Lima (coordenador)\/ Kleydson\u00a0Ferreira da Costa Silva e Luciano Alc\u00e2ntara Paz Carvalho do Nascimento.<\/p>\n\n\n\n<p>ENDERE\u00c7O: Avenida Jo\u00e3o XXIII, 5335, Santa Isabel, Teresina-PI (Espa\u00e7o Cidadania &#8211; Unidade Show Automall)<\/p>\n\n\n\n<p>EMAIL: drci@pc.pi.gov.br<\/p>\n\n\n\n<p>Telefones:<\/p>\n\n\n\n<p>CART\u00d3RIO DRCC:  (86) 99412-6876 (WhatsApp) \/ INVESTIGA\u00c7\u00c3O DRCC (86) 99485-5229 (WhatsApp) <\/p>\n\n\n\n<p>CIRCUNSCRI\u00c7\u00c3O =&gt; Abrange toda cidade de Teresina-PI<\/p>\n<\/div><\/div><\/div><\/div><\/div><\/div>\n\n\n\n<div class=\"wp-block-ugb-accordion ugb-accordion ugb-503e64a ugb-accordion--v2 ugb-accordion--design-basic ugb-main-block\" aria-expanded=\"false\"><div class=\"ugb-inner-block\"><div class=\"ugb-block-content\"><div class=\"ugb-accordion__item\"><div class=\"ugb-accordion__heading\" role=\"button\" tabindex=\"0\"><h4 class=\"ugb-accordion__title\">DELEGACIA ESPECIALIZADA NA DEFESA DE BENS E SERVI\u00c7OS P\u00daBLICOS (DEBESP)<\/h4><svg xmlns=\"http:\/\/www.w3.org\/2000\/svg\" viewBox=\"0 0 20 20\" class=\"ugb-accordion__arrow\" width=\"20\" height=\"20\"><path d=\"M16.7 3.3L10 10 3.3 3.4 0 6.7l10 10v-.1l10-9.9z\"><\/path><\/svg><\/div><div class=\"ugb-accordion__content\" role=\"region\"><div class=\"ugb-accordion__content-inner\">\n<p>DELEGADO: Paulo Greg\u00f3rio Furtado da Silva <\/p>\n\n\n\n<p>ENDERE\u00c7O: Rua Des. Jos\u00e9 Louren\u00e7o, S\u00e3o Jo\u00e3o, Teresina-PI<\/p>\n\n\n\n<p>EMAIL: debesp@pc.pi.gov.br<\/p>\n\n\n\n<p>CIRCUNSCRI\u00c7\u00c3O =&gt; Abrange toda cidade de Teresina-PI<\/p>\n<\/div><\/div><\/div><\/div><\/div><\/div>\n\n\n\n<div class=\"wp-block-ugb-accordion ugb-accordion ugb-700a284 ugb-accordion--v2 ugb-accordion--design-basic ugb-main-block\" aria-expanded=\"false\"><div class=\"ugb-inner-block\"><div class=\"ugb-block-content\"><div class=\"ugb-accordion__item\"><div class=\"ugb-accordion__heading\" role=\"button\" tabindex=\"0\"><h4 class=\"ugb-accordion__title\">COORDENA\u00c7\u00c3O DE OPERA\u00c7\u00d5ES COM C\u00c3ES &#8211; COC<\/h4><svg xmlns=\"http:\/\/www.w3.org\/2000\/svg\" viewBox=\"0 0 20 20\" class=\"ugb-accordion__arrow\" width=\"20\" height=\"20\"><path d=\"M16.7 3.3L10 10 3.3 3.4 0 6.7l10 10v-.1l10-9.9z\"><\/path><\/svg><\/div><div class=\"ugb-accordion__content\" role=\"region\"><div class=\"ugb-accordion__content-inner\">\n<p>AGENTE: Adriana Alves (coordenadora)<\/p>\n\n\n\n<p>ENDERE\u00c7O: Rua Alencar Vieira, Parque Ideal, Teresina-PI<\/p>\n<\/div><\/div><\/div><\/div><\/div><\/div>\n","protected":false},"excerpt":{"rendered":"<p>DELEGADO: Francisco das Chagas Santos Costa \u2013 Bar\u00eatta (coordenador) ENDERE\u00c7O: Avenida Pedro Freitas, S\/N, Centro &#8211; Norte, Vermelha, Teresina-PI EMAIL: homic\u00eddios@pc.pi.gov.br CIRCUNSCRI\u00c7\u00c3O =&gt; Abrange toda a cidade de Teresina-PI DELEGADO: [&hellip;]<\/p>\n","protected":false},"author":1,"featured_media":0,"parent":0,"menu_order":0,"comment_status":"closed","ping_status":"closed","template":"template-fullwidth.php","meta":[],"featured_image_urls":{"full":"","thumbnail":"","medium":"","medium_large":"","large":"","sgg-420":"","sgg-540":"","sgg-780":"","1536x1536":"","2048x2048":"","homepage-slider":"","homepage-slider-small":"","page-top":"","page-small":"","loop-main":"","thumb-gallery-widget":""},"post_excerpt_stackable":"<p>DEPARTAMENTO DE HOMIC\u00cdDIOS E PROTE\u00c7\u00c3O \u00c0 PESSOA (DHPP) DELEGADO: Francisco das Chagas Santos Costa \u2013 Bar\u00eatta (coordenador) ENDERE\u00c7O: Avenida Pedro Freitas, S\/N, Centro &#8211; Norte, Vermelha, Teresina-PI EMAIL: homic\u00eddios@pc.pi.gov.br CIRCUNSCRI\u00c7\u00c3O =&gt; Abrange toda a cidade de Teresina-PI DEPARTAMENTO ESTADUAL DE REPRESS\u00c3O AO NARCOTR\u00c1FICO (DENARC) DELEGADO: Francisco Samuel Lima Silveira (coordenador) ENDERE\u00c7O: Rua Alencar Vieira, Parque Ideal, Teresina-PI EMAIL:denarc@pc.pi.gov.br CIRCUNSCRI\u00c7\u00c3O =&gt; Abrange toda a cidade de Teresina-PI DEPARTAMENTO DE REPRESS\u00c3O \u00c0S A\u00c7\u00d5ES CRIMINOSAS ORGANIZADAS (DRACO) DELEGADO: La\u00e9rcio Evangelista (coordenador) ENDERE\u00c7O: Avenida Gil Martins, s\/n, bairro Reden\u00e7\u00e3o, Teresina-PI EMAIL: draco@pc.pi.gov.br CIRCUNSCRI\u00c7\u00c3O =&gt; Abrange todo o Estado do Piau\u00ed DEPARTAMENTO DE ROUBO E&hellip;<\/p>\n","category_list":"","author_info":{"name":"admin","url":"https:\/\/portal.pi.gov.br\/pc\/author\/admin\/"},"comments_num":"0 coment\u00e1rio","featured_image_urls_v2":{"full":"","thumbnail":"","medium":"","medium_large":"","large":"","sgg-420":"","sgg-540":"","sgg-780":"","1536x1536":"","2048x2048":"","homepage-slider":"","homepage-slider-small":"","page-top":"","page-small":"","loop-main":"","thumb-gallery-widget":""},"post_excerpt_stackable_v2":"<p>DEPARTAMENTO DE HOMIC\u00cdDIOS E PROTE\u00c7\u00c3O \u00c0 PESSOA (DHPP) DELEGADO: Francisco das Chagas Santos Costa \u2013 Bar\u00eatta (coordenador) ENDERE\u00c7O: Avenida Pedro Freitas, S\/N, Centro &#8211; Norte, Vermelha, Teresina-PI EMAIL: homic\u00eddios@pc.pi.gov.br CIRCUNSCRI\u00c7\u00c3O =&gt; Abrange toda a cidade de Teresina-PI DEPARTAMENTO ESTADUAL DE REPRESS\u00c3O AO NARCOTR\u00c1FICO (DENARC) DELEGADO: Francisco Samuel Lima Silveira (coordenador) ENDERE\u00c7O: Rua Alencar Vieira, Parque Ideal, Teresina-PI EMAIL:denarc@pc.pi.gov.br CIRCUNSCRI\u00c7\u00c3O =&gt; Abrange toda a cidade de Teresina-PI DEPARTAMENTO DE REPRESS\u00c3O \u00c0S A\u00c7\u00d5ES CRIMINOSAS ORGANIZADAS (DRACO) DELEGADO: La\u00e9rcio Evangelista (coordenador) ENDERE\u00c7O: Avenida Gil Martins, s\/n, bairro Reden\u00e7\u00e3o, Teresina-PI EMAIL: draco@pc.pi.gov.br CIRCUNSCRI\u00c7\u00c3O =&gt; Abrange todo o Estado do Piau\u00ed DEPARTAMENTO DE ROUBO E&hellip;<\/p>\n","category_list_v2":"","author_info_v2":{"name":"admin","url":"https:\/\/portal.pi.gov.br\/pc\/author\/admin\/"},"comments_num_v2":"0 coment\u00e1rio","_links":{"self":[{"href":"https:\/\/portal.pi.gov.br\/pc\/wp-json\/wp\/v2\/pages\/1490"}],"collection":[{"href":"https:\/\/portal.pi.gov.br\/pc\/wp-json\/wp\/v2\/pages"}],"about":[{"href":"https:\/\/portal.pi.gov.br\/pc\/wp-json\/wp\/v2\/types\/page"}],"author":[{"embeddable":true,"href":"https:\/\/portal.pi.gov.br\/pc\/wp-json\/wp\/v2\/users\/1"}],"replies":[{"embeddable":true,"href":"https:\/\/portal.pi.gov.br\/pc\/wp-json\/wp\/v2\/comments?post=1490"}],"version-history":[{"count":65,"href":"https:\/\/portal.pi.gov.br\/pc\/wp-json\/wp\/v2\/pages\/1490\/revisions"}],"predecessor-version":[{"id":17076,"href":"https:\/\/portal.pi.gov.br\/pc\/wp-json\/wp\/v2\/pages\/1490\/revisions\/17076"}],"wp:attachment":[{"href":"https:\/\/portal.pi.gov.br\/pc\/wp-json\/wp\/v2\/media?parent=1490"}],"curies":[{"name":"wp","href":"https:\/\/api.w.org\/{rel}","templated":true}]}}