{"id":1497,"date":"2026-02-11T11:58:54","date_gmt":"2026-02-11T14:58:54","guid":{"rendered":"https:\/\/portal.pi.gov.br\/pc\/?page_id=1497"},"modified":"2026-02-11T11:58:56","modified_gmt":"2026-02-11T14:58:56","slug":"delegacias-metropolitanas","status":"publish","type":"page","link":"https:\/\/portal.pi.gov.br\/pc\/delegacias-metropolitanas\/","title":{"rendered":"Unidades da Diretoria de Prote\u00e7\u00e3o \u00e0 Mulher e aos Grupos Vulner\u00e1veis"},"content":{"rendered":"\n<div class=\"wp-block-ugb-accordion ugb-accordion ugb-2e5f516 ugb-accordion--v2 ugb-accordion--design-basic ugb-main-block\" aria-expanded=\"false\"><div class=\"ugb-inner-block\"><div class=\"ugb-block-content\"><div class=\"ugb-accordion__item\"><div class=\"ugb-accordion__heading\" role=\"button\" tabindex=\"0\"><h4 class=\"ugb-accordion__title\">1\u00aa DELEGACIA ESPECIALIZADA NO ATENDIMENTO \u00c0 MULHER DE TERESINA (AISP CENTRO)<\/h4><svg xmlns=\"http:\/\/www.w3.org\/2000\/svg\" viewBox=\"0 0 20 20\" class=\"ugb-accordion__arrow\" width=\"20\" height=\"20\"><path d=\"M16.7 3.3L10 10 3.3 3.4 0 6.7l10 10v-.1l10-9.9z\"><\/path><\/svg><\/div><div class=\"ugb-accordion__content\" role=\"region\"><div class=\"ugb-accordion__content-inner\">\n<p>DELEGADA: Val\u00e9ria Cristina da Silva Cunha<\/p>\n\n\n\n<p>ENDERE\u00c7O: Rua Coelho Rodrigues, 760, bairro Centro, Teresina-PI<\/p>\n\n\n\n<p>EMAIL: <a href=\"mailto:deamcentro.te@pc.pi.gov.br\">deamcentro.te@pc.pi.gov.br<\/a><\/p>\n\n\n\n<p>CIRCUNSCRI\u00c7\u00c3O =&gt; os bairros Cabral, Centro, Cidade Nova, Cristo Rei, Frei Serafim, Ilhotas, Maca\u00faba, Mafu\u00e1, Marqu\u00eas, Matinha, Monte Castelo, Morro da Esperan\u00e7a, Nossa Sra. Das Gra\u00e7as, Pi\u00e7arra, Pio XII, Piraj\u00e1, Porenquanto, Reden\u00e7\u00e3o,S\u00e3o Pedro, Tabuleta, Tr\u00eas Andares, Vermelha e Vila Oper\u00e1ria.<\/p>\n<\/div><\/div><\/div><\/div><\/div><\/div>\n\n\n\n<div class=\"wp-block-ugb-accordion ugb-accordion ugb-d0ee700 ugb-accordion--v2 ugb-accordion--design-basic ugb-main-block\" aria-expanded=\"false\"><div class=\"ugb-inner-block\"><div class=\"ugb-block-content\"><div class=\"ugb-accordion__item\"><div class=\"ugb-accordion__heading\" role=\"button\" tabindex=\"0\"><h4 class=\"ugb-accordion__title\">2\u00aa DELEGACIA ESPECIALIZADA NO ATENDIMENTO \u00c0 MULHER DE TERESINA (AISP NORTE 1 E AISP NORTE 2)<\/h4><svg xmlns=\"http:\/\/www.w3.org\/2000\/svg\" viewBox=\"0 0 20 20\" class=\"ugb-accordion__arrow\" width=\"20\" height=\"20\"><path d=\"M16.7 3.3L10 10 3.3 3.4 0 6.7l10 10v-.1l10-9.9z\"><\/path><\/svg><\/div><div class=\"ugb-accordion__content\" role=\"region\"><div class=\"ugb-accordion__content-inner\">\n<p>DELEGADA: Cl\u00e1udia Elisa Ribeiro Pinheiro<\/p>\n\n\n\n<p>ENDERE\u00c7O: Av. Roraima, 2563, bairro Aeroporto, Teresina &#8211; PI (localizada dentro da Casa da Mulher Brasileira)<\/p>\n\n\n\n<p>EMAIL: <a href=\"mailto:deamnorte.te@pc.pi.gov.br\">deamnorte.te@pc.pi.gov.br<\/a><\/p>\n\n\n\n<p>CIRCUNSCRI\u00c7\u00c3O =&gt; os bairros Acarape, Aeroporto, \u00c1gua Mineral, Alto Alegre, Bom Jesus, Buenos Aires, Embrapa, Itaperu, Mafrense, Matadouro, Memorare, Mocambinho, Nova Bras\u00edlia, Olarias, Parque Alvorada, Poti Velho, Primavera, Real Copagre, S\u00e3o Francisco e S\u00e3o Joaquim, Alegre, Aroeiras, Chapadinha, Jacinta Andrade, Monte Verde, Parque Brasil, Santa Maria e Santa Rosa, bem como a Zona Rural Norte, que tem como limitante Leste a PI &#8211; 112 e a PI-363<\/p>\n<\/div><\/div><\/div><\/div><\/div><\/div>\n\n\n\n<div class=\"wp-block-ugb-accordion ugb-accordion ugb-d1b2253 ugb-accordion--v2 ugb-accordion--design-basic ugb-main-block\" aria-expanded=\"false\"><div class=\"ugb-inner-block\"><div class=\"ugb-block-content\"><div class=\"ugb-accordion__item\"><div class=\"ugb-accordion__heading\" role=\"button\" tabindex=\"0\"><h4 class=\"ugb-accordion__title\">3\u00aa DELEGACIA ESPECIALIZADA NO ATENDIMENTO \u00c0 MULHER DE TERESINA (AISP SUL 1 E AISP SUL 2)<\/h4><svg xmlns=\"http:\/\/www.w3.org\/2000\/svg\" viewBox=\"0 0 20 20\" class=\"ugb-accordion__arrow\" width=\"20\" height=\"20\"><path d=\"M16.7 3.3L10 10 3.3 3.4 0 6.7l10 10v-.1l10-9.9z\"><\/path><\/svg><\/div><div class=\"ugb-accordion__content\" role=\"region\"><div class=\"ugb-accordion__content-inner\">\n<p>DELEGADA: Georgiane Karine Cardoso da Silva<\/p>\n\n\n\n<p>ENDERE\u00c7O: Avenida Henry Wall de Carvalho, s\/n, bairro Saci, Teresina-PI<\/p>\n\n\n\n<p>EMAIL: <a href=\"mailto:deamnorte.te@pc.pi.gov.br\">deamsul.te@pc.pi.gov.br<\/a><\/p>\n\n\n\n<p>CIRCUNSCRI\u00c7\u00c3O =&gt; os bairros Areias, Bela Vista, Catarina, Distrito Industrial, Lourival Parente, Morada Nova, Parque Piau\u00ed, Parque S\u00e3o Jo\u00e3o, Parque Sul, Promorar, Saci, Santa Cruz, Santa Luzia, Santo Ant\u00f4nio, S\u00e3o Louren\u00e7o e Triunfo; Ang\u00e9lica, Angelim, Brasilar, Esplanada, Parque Jacinta, Parque Juliana, Pedra Mi\u00fada e Portal da Alegria, bem como a Zona RURAL Sul, tendo como limitante leste o Rio Poti.<\/p>\n<\/div><\/div><\/div><\/div><\/div><\/div>\n\n\n\n<div class=\"wp-block-ugb-accordion ugb-accordion ugb-3b6624b ugb-accordion--v2 ugb-accordion--design-basic ugb-main-block\" aria-expanded=\"false\"><div class=\"ugb-inner-block\"><div class=\"ugb-block-content\"><div class=\"ugb-accordion__item\"><div class=\"ugb-accordion__heading\" role=\"button\" tabindex=\"0\"><h4 class=\"ugb-accordion__title\">4\u00aa DELEGACIA ESPECIALIZADA NO ATENDIMENTO \u00c0 MULHER DE TERESINA (AISP SUDESTE 1 E AISP SUDESTE 2)<\/h4><svg xmlns=\"http:\/\/www.w3.org\/2000\/svg\" viewBox=\"0 0 20 20\" class=\"ugb-accordion__arrow\" width=\"20\" height=\"20\"><path d=\"M16.7 3.3L10 10 3.3 3.4 0 6.7l10 10v-.1l10-9.9z\"><\/path><\/svg><\/div><div class=\"ugb-accordion__content\" role=\"region\"><div class=\"ugb-accordion__content-inner\">\n<p>DELEGADA: Alexsandra de Sousa Alves da Silva<\/p>\n\n\n\n<p>ENDERE\u00c7O: Conj. Dirceu Arcoverde (por tr\u00e1s 8\u00ba DP), Teresina-PI<\/p>\n\n\n\n<p>EMAIL: <a href=\"mailto:deamsudeste.te@pc.pi.gov.br\">deamsudeste.te@pc.pi.gov.br<\/a><\/p>\n\n\n\n<p>CIRCUNSCRI\u00c7\u00c3O =&gt; abrange os bairros Beira Rio, Comprida, Extrema, Itarar\u00e9, Livramento, Novo Horizonte, Parque Ideal, Parque Poti, Redonda, Renascen\u00e7a, S\u00e3o Raimundo, Tancredo Neves; Bom Princ\u00edpio, Colorado, Flor do Campo, Gurupi, S\u00e3o Sebasti\u00e3o, Todos os Santos, Verdecap, bem como a Zona Rural Sudeste, tendo como limitante norte a BR-343, e como limitante Oeste o Rio Poti.<\/p>\n<\/div><\/div><\/div><\/div><\/div><\/div>\n\n\n\n<div class=\"wp-block-ugb-accordion ugb-accordion ugb-a25c73e ugb-accordion--v2 ugb-accordion--design-basic ugb-main-block\" aria-expanded=\"false\"><div class=\"ugb-inner-block\"><div class=\"ugb-block-content\"><div class=\"ugb-accordion__item\"><div class=\"ugb-accordion__heading\" role=\"button\" tabindex=\"0\"><h4 class=\"ugb-accordion__title\">DELEGACIA ESPECIALIZADA NO ATENDIMENTO \u00c0 MULHER &#8211; UNIDADE CASA DA MULHER BRASISEIRA (AISP LESTE 1, AISP LESTE 2 E PLANT\u00c3O 24 HORAS)<\/h4><svg xmlns=\"http:\/\/www.w3.org\/2000\/svg\" viewBox=\"0 0 20 20\" class=\"ugb-accordion__arrow\" width=\"20\" height=\"20\"><path d=\"M16.7 3.3L10 10 3.3 3.4 0 6.7l10 10v-.1l10-9.9z\"><\/path><\/svg><\/div><div class=\"ugb-accordion__content\" role=\"region\"><div class=\"ugb-accordion__content-inner\">\n<p>DELEGADA: Luciv\u00e2nia Vidal <\/p>\n\n\n\n<p>ENDERE\u00c7O:  Av. Roraima, 2563, bairro Aeroporto, Teresina &#8211; PI<\/p>\n\n\n\n<p>EMAIL: <\/p>\n\n\n\n<p>CIRCUNSCRI\u00c7\u00c3O =&gt; os bairros Campestre, Cidade Jardim, F\u00e1tima, Horto, Ininga, J\u00f3quei, Morada do Sol, Noivos, Pedra Mole, Pi\u00e7arreira, Planalto, Recanto Das Palmeiras, Santa Isabel, Santa Lia, S\u00e3o Cristov\u00e3o, S\u00e3o Jo\u00e3o, Tabajaras, Zoobot\u00e2nico; \u00c1rvores Verdes, Morros, Novo Uruguai, Porto do Centro, Samapi, Sat\u00e9lite, Socopo, Uruguai, Vale do Gavi\u00e3o, Vale Quem tem, Verde Lar bem como a zona rural Leste, que tem como limitante Norte a PI-363, Oeste a PI-112 e limitante Sul a BR-343.<\/p>\n<\/div><\/div><\/div><\/div><\/div><\/div>\n\n\n\n<div class=\"wp-block-ugb-accordion ugb-accordion ugb-7a3b181 ugb-accordion--v2 ugb-accordion--design-basic ugb-main-block\" aria-expanded=\"false\"><div class=\"ugb-inner-block\"><div class=\"ugb-block-content\"><div class=\"ugb-accordion__item\"><div class=\"ugb-accordion__heading\" role=\"button\" tabindex=\"0\"><h4 class=\"ugb-accordion__title\">DELEGACIA ESPECIALIZADA EM FEMINIC\u00cdDIO<\/h4><svg xmlns=\"http:\/\/www.w3.org\/2000\/svg\" viewBox=\"0 0 20 20\" class=\"ugb-accordion__arrow\" width=\"20\" height=\"20\"><path d=\"M16.7 3.3L10 10 3.3 3.4 0 6.7l10 10v-.1l10-9.9z\"><\/path><\/svg><\/div><div class=\"ugb-accordion__content\" role=\"region\"><div class=\"ugb-accordion__content-inner\">\n<p>DELEGADA: Nath\u00e1lia Sampaio de Figueiredo<\/p>\n\n\n\n<p>ENDERE\u00c7O: Avenida Pedro Freitas, s\/n, Centro-Norte, bairro Vermelha, Teresina-PI.<\/p>\n\n\n\n<p>EMAIL: delegaciafeminicidio@pc.pi.gov.br<\/p>\n\n\n\n<p>CIRCUNSCRI\u00c7\u00c3O =&gt; Abrange todo Estado do Piau\u00ed.<\/p>\n<\/div><\/div><\/div><\/div><\/div><\/div>\n\n\n\n<div class=\"wp-block-ugb-accordion ugb-accordion ugb-1f55037 ugb-accordion--v2 ugb-accordion--design-basic ugb-main-block\" aria-expanded=\"false\"><div class=\"ugb-inner-block\"><div class=\"ugb-block-content\"><div class=\"ugb-accordion__item\"><div class=\"ugb-accordion__heading\" role=\"button\" tabindex=\"0\"><h4 class=\"ugb-accordion__title\">DELEGACIA DE SEGURAN\u00c7A E PROTE\u00c7\u00c3O AO IDOSO &#8211; DSPI<\/h4><svg xmlns=\"http:\/\/www.w3.org\/2000\/svg\" viewBox=\"0 0 20 20\" class=\"ugb-accordion__arrow\" width=\"20\" height=\"20\"><path d=\"M16.7 3.3L10 10 3.3 3.4 0 6.7l10 10v-.1l10-9.9z\"><\/path><\/svg><\/div><div class=\"ugb-accordion__content\" role=\"region\"><div class=\"ugb-accordion__content-inner\">\n<p>DELEGADA: Eliane Morgado Sanches<\/p>\n\n\n\n<p>ENDERE\u00c7O:  Gov. Arthur Vasconcelos, 971, bairro Marqu\u00eas, Teresina-PI<\/p>\n\n\n\n<p>EMAIL: <a href=\"mailto:franciscoccosta@ig.com.br\">dspi.te@pc.pi.gov.br<\/a><\/p>\n\n\n\n<p>CIRCUNSCRI\u00c7\u00c3O =&gt; Abrange toda a cidade de Teresina-PI.<\/p>\n<\/div><\/div><\/div><\/div><\/div><\/div>\n\n\n\n<div class=\"wp-block-ugb-accordion ugb-accordion ugb-f18e004 ugb-accordion--v2 ugb-accordion--design-basic ugb-main-block\" aria-expanded=\"false\"><div class=\"ugb-inner-block\"><div class=\"ugb-block-content\"><div class=\"ugb-accordion__item\"><div class=\"ugb-accordion__heading\" role=\"button\" tabindex=\"0\"><h4 class=\"ugb-accordion__title\">DELEGACIA DE PROTE\u00c7\u00c3O \u00c0 CRIAN\u00c7A E AO ADOLESCENTE &#8211; DPCA <\/h4><svg xmlns=\"http:\/\/www.w3.org\/2000\/svg\" viewBox=\"0 0 20 20\" class=\"ugb-accordion__arrow\" width=\"20\" height=\"20\"><path d=\"M16.7 3.3L10 10 3.3 3.4 0 6.7l10 10v-.1l10-9.9z\"><\/path><\/svg><\/div><div class=\"ugb-accordion__content\" role=\"region\"><div class=\"ugb-accordion__content-inner\">\n<p>DELEGADOS: Rosa Chaib (titular)\/ Hugo Alc\u00e2ntara (adjunto)<\/p>\n\n\n\n<p>ENDERE\u00c7O: Rua Engenheiro Ronalde de Carvalho, 640, bairro S\u00e3o Crist\u00f3v\u00e3o, Teresina &#8211; PI<\/p>\n\n\n\n<p>EMAIL: <a href=\"mailto:ddh@pc.pi.gov.br\"><a href=\"mailto:dpca.the@pc.pi.gov.br\"><u>dpca.the@pc.pi.gov.br<\/u><\/a><\/a><\/p>\n\n\n\n<p>CIRCUNSCRI\u00c7\u00c3O =&gt; Abrange toda a cidade de Teresina-PI.<\/p>\n<\/div><\/div><\/div><\/div><\/div><\/div>\n\n\n\n<div class=\"wp-block-ugb-accordion ugb-accordion ugb-7f4548d ugb-accordion--v2 ugb-accordion--design-basic ugb-main-block\" aria-expanded=\"false\"><div class=\"ugb-inner-block\"><div class=\"ugb-block-content\"><div class=\"ugb-accordion__item\"><div class=\"ugb-accordion__heading\" role=\"button\" tabindex=\"0\"><h4 class=\"ugb-accordion__title\">DELEGACIA DE DEFESA E PROTE\u00c7\u00c3O DOS DIREITOS HUMANOS E REPRESS\u00c3O \u00c0S CONDUTAS DISCRIMINAT\u00d3RIAS &#8211; DDH<\/h4><svg xmlns=\"http:\/\/www.w3.org\/2000\/svg\" viewBox=\"0 0 20 20\" class=\"ugb-accordion__arrow\" width=\"20\" height=\"20\"><path d=\"M16.7 3.3L10 10 3.3 3.4 0 6.7l10 10v-.1l10-9.9z\"><\/path><\/svg><\/div><div class=\"ugb-accordion__content\" role=\"region\"><div class=\"ugb-accordion__content-inner\">\n<p>DELEGADA: Syglia Samuelle de Brito Silva<\/p>\n\n\n\n<p>ENDERE\u00c7O: Gov. Arthur Vasconcelos, 971, bairro Marqu\u00eas, Teresina-PI<\/p>\n\n\n\n<p>EMAIL: direitos_humanos@pc.pi.gov.br<\/p>\n\n\n\n<p>CIRCUNSCRI\u00c7\u00c3O =&gt; Abrange toda a cidade de Teresina-PI.<\/p>\n<\/div><\/div><\/div><\/div><\/div><\/div>\n","protected":false},"excerpt":{"rendered":"<p>DELEGADA: Val\u00e9ria Cristina da Silva Cunha ENDERE\u00c7O: Rua Coelho Rodrigues, 760, bairro Centro, Teresina-PI EMAIL: deamcentro.te@pc.pi.gov.br CIRCUNSCRI\u00c7\u00c3O =&gt; os bairros Cabral, Centro, Cidade Nova, Cristo Rei, Frei Serafim, Ilhotas, Maca\u00faba, [&hellip;]<\/p>\n","protected":false},"author":1,"featured_media":0,"parent":0,"menu_order":0,"comment_status":"closed","ping_status":"closed","template":"template-fullwidth.php","meta":[],"featured_image_urls":{"full":"","thumbnail":"","medium":"","medium_large":"","large":"","sgg-420":"","sgg-540":"","sgg-780":"","1536x1536":"","2048x2048":"","homepage-slider":"","homepage-slider-small":"","page-top":"","page-small":"","loop-main":"","thumb-gallery-widget":""},"post_excerpt_stackable":"<p>1\u00aa DELEGACIA ESPECIALIZADA NO ATENDIMENTO \u00c0 MULHER DE TERESINA (AISP CENTRO) DELEGADA: Val\u00e9ria Cristina da Silva Cunha ENDERE\u00c7O: Rua Coelho Rodrigues, 760, bairro Centro, Teresina-PI EMAIL: deamcentro.te@pc.pi.gov.br CIRCUNSCRI\u00c7\u00c3O =&gt; os bairros Cabral, Centro, Cidade Nova, Cristo Rei, Frei Serafim, Ilhotas, Maca\u00faba, Mafu\u00e1, Marqu\u00eas, Matinha, Monte Castelo, Morro da Esperan\u00e7a, Nossa Sra. Das Gra\u00e7as, Pi\u00e7arra, Pio XII, Piraj\u00e1, Porenquanto, Reden\u00e7\u00e3o,S\u00e3o Pedro, Tabuleta, Tr\u00eas Andares, Vermelha e Vila Oper\u00e1ria. 2\u00aa DELEGACIA ESPECIALIZADA NO ATENDIMENTO \u00c0 MULHER DE TERESINA (AISP NORTE 1 E AISP NORTE 2) DELEGADA: Cl\u00e1udia Elisa Ribeiro Pinheiro ENDERE\u00c7O: Av. Roraima, 2563, bairro Aeroporto, Teresina &#8211; PI (localizada dentro da&hellip;<\/p>\n","category_list":"","author_info":{"name":"admin","url":"https:\/\/portal.pi.gov.br\/pc\/author\/admin\/"},"comments_num":"0 coment\u00e1rio","featured_image_urls_v2":{"full":"","thumbnail":"","medium":"","medium_large":"","large":"","sgg-420":"","sgg-540":"","sgg-780":"","1536x1536":"","2048x2048":"","homepage-slider":"","homepage-slider-small":"","page-top":"","page-small":"","loop-main":"","thumb-gallery-widget":""},"post_excerpt_stackable_v2":"<p>1\u00aa DELEGACIA ESPECIALIZADA NO ATENDIMENTO \u00c0 MULHER DE TERESINA (AISP CENTRO) DELEGADA: Val\u00e9ria Cristina da Silva Cunha ENDERE\u00c7O: Rua Coelho Rodrigues, 760, bairro Centro, Teresina-PI EMAIL: deamcentro.te@pc.pi.gov.br CIRCUNSCRI\u00c7\u00c3O =&gt; os bairros Cabral, Centro, Cidade Nova, Cristo Rei, Frei Serafim, Ilhotas, Maca\u00faba, Mafu\u00e1, Marqu\u00eas, Matinha, Monte Castelo, Morro da Esperan\u00e7a, Nossa Sra. Das Gra\u00e7as, Pi\u00e7arra, Pio XII, Piraj\u00e1, Porenquanto, Reden\u00e7\u00e3o,S\u00e3o Pedro, Tabuleta, Tr\u00eas Andares, Vermelha e Vila Oper\u00e1ria. 2\u00aa DELEGACIA ESPECIALIZADA NO ATENDIMENTO \u00c0 MULHER DE TERESINA (AISP NORTE 1 E AISP NORTE 2) DELEGADA: Cl\u00e1udia Elisa Ribeiro Pinheiro ENDERE\u00c7O: Av. Roraima, 2563, bairro Aeroporto, Teresina &#8211; PI (localizada dentro da&hellip;<\/p>\n","category_list_v2":"","author_info_v2":{"name":"admin","url":"https:\/\/portal.pi.gov.br\/pc\/author\/admin\/"},"comments_num_v2":"0 coment\u00e1rio","_links":{"self":[{"href":"https:\/\/portal.pi.gov.br\/pc\/wp-json\/wp\/v2\/pages\/1497"}],"collection":[{"href":"https:\/\/portal.pi.gov.br\/pc\/wp-json\/wp\/v2\/pages"}],"about":[{"href":"https:\/\/portal.pi.gov.br\/pc\/wp-json\/wp\/v2\/types\/page"}],"author":[{"embeddable":true,"href":"https:\/\/portal.pi.gov.br\/pc\/wp-json\/wp\/v2\/users\/1"}],"replies":[{"embeddable":true,"href":"https:\/\/portal.pi.gov.br\/pc\/wp-json\/wp\/v2\/comments?post=1497"}],"version-history":[{"count":33,"href":"https:\/\/portal.pi.gov.br\/pc\/wp-json\/wp\/v2\/pages\/1497\/revisions"}],"predecessor-version":[{"id":16717,"href":"https:\/\/portal.pi.gov.br\/pc\/wp-json\/wp\/v2\/pages\/1497\/revisions\/16717"}],"wp:attachment":[{"href":"https:\/\/portal.pi.gov.br\/pc\/wp-json\/wp\/v2\/media?parent=1497"}],"curies":[{"name":"wp","href":"https:\/\/api.w.org\/{rel}","templated":true}]}}