{"id":1591,"date":"2022-05-19T09:19:39","date_gmt":"2022-05-19T12:19:39","guid":{"rendered":"https:\/\/portal.pi.gov.br\/pc\/?page_id=1591"},"modified":"2022-08-23T09:40:41","modified_gmt":"2022-08-23T12:40:41","slug":"carta-de-servicos","status":"publish","type":"page","link":"https:\/\/portal.pi.gov.br\/pc\/carta-de-servicos\/","title":{"rendered":"Carta de Servi\u00e7os"},"content":{"rendered":"<div class=\"wp-block-image\">\n<figure class=\"aligncenter size-large is-resized\"><img decoding=\"async\" loading=\"lazy\" src=\"https:\/\/portal.pi.gov.br\/pc\/wp-content\/uploads\/sites\/42\/2022\/08\/CARTA-de-1-724x1024.jpg\" alt=\"\" class=\"wp-image-2169\" width=\"292\" height=\"413\" srcset=\"https:\/\/portal.pi.gov.br\/pc\/wp-content\/uploads\/sites\/42\/2022\/08\/CARTA-de-1-724x1024.jpg 724w, https:\/\/portal.pi.gov.br\/pc\/wp-content\/uploads\/sites\/42\/2022\/08\/CARTA-de-1-212x300.jpg 212w, https:\/\/portal.pi.gov.br\/pc\/wp-content\/uploads\/sites\/42\/2022\/08\/CARTA-de-1-768x1086.jpg 768w, https:\/\/portal.pi.gov.br\/pc\/wp-content\/uploads\/sites\/42\/2022\/08\/CARTA-de-1-297x420.jpg 297w, https:\/\/portal.pi.gov.br\/pc\/wp-content\/uploads\/sites\/42\/2022\/08\/CARTA-de-1-382x540.jpg 382w, https:\/\/portal.pi.gov.br\/pc\/wp-content\/uploads\/sites\/42\/2022\/08\/CARTA-de-1-551x780.jpg 551w, https:\/\/portal.pi.gov.br\/pc\/wp-content\/uploads\/sites\/42\/2022\/08\/CARTA-de-1-1086x1536.jpg 1086w, https:\/\/portal.pi.gov.br\/pc\/wp-content\/uploads\/sites\/42\/2022\/08\/CARTA-de-1-947x1339.jpg 947w, https:\/\/portal.pi.gov.br\/pc\/wp-content\/uploads\/sites\/42\/2022\/08\/CARTA-de-1-624x883.jpg 624w, https:\/\/portal.pi.gov.br\/pc\/wp-content\/uploads\/sites\/42\/2022\/08\/CARTA-de-1.jpg 1414w\" sizes=\"(max-width: 292px) 100vw, 292px\" \/><\/figure><\/div>\n\n\n<p class=\"has-text-align-center\"><a href=\"https:\/\/portal.pi.gov.br\/pc\/download\/77\/noticias-internas\/2197\/carta-de-servicos-2.pdf\" data-type=\"URL\" data-id=\"https:\/\/portal.pi.gov.br\/pc\/download\/77\/noticias-internas\/2197\/carta-de-servicos-2.pdf\" target=\"_blank\" rel=\"noreferrer noopener\">CARTA DE SERVI\u00c7OS DA POL\u00cdCIA CIVIL DO ESTADO DO  PIAU\u00cd<\/a><\/p>\n","protected":false},"excerpt":{"rendered":"<p>CARTA DE SERVI\u00c7OS DA POL\u00cdCIA CIVIL DO ESTADO DO PIAU\u00cd<\/p>\n","protected":false},"author":1,"featured_media":0,"parent":0,"menu_order":0,"comment_status":"closed","ping_status":"closed","template":"template-fullwidth.php","meta":[],"featured_image_urls":{"full":"","thumbnail":"","medium":"","medium_large":"","large":"","sgg-420":"","sgg-540":"","sgg-780":"","1536x1536":"","2048x2048":"","homepage-slider":"","homepage-slider-small":"","page-top":"","page-small":"","loop-main":"","thumb-gallery-widget":""},"post_excerpt_stackable":"<p>CARTA DE SERVI\u00c7OS DA POL\u00cdCIA CIVIL DO ESTADO DO PIAU\u00cd<\/p>\n","category_list":"","author_info":{"name":"admin","url":"https:\/\/portal.pi.gov.br\/pc\/author\/admin\/"},"comments_num":"0 coment\u00e1rio","featured_image_urls_v2":{"full":"","thumbnail":"","medium":"","medium_large":"","large":"","sgg-420":"","sgg-540":"","sgg-780":"","1536x1536":"","2048x2048":"","homepage-slider":"","homepage-slider-small":"","page-top":"","page-small":"","loop-main":"","thumb-gallery-widget":""},"post_excerpt_stackable_v2":"<p>CARTA DE SERVI\u00c7OS DA POL\u00cdCIA CIVIL DO ESTADO DO PIAU\u00cd<\/p>\n","category_list_v2":"","author_info_v2":{"name":"admin","url":"https:\/\/portal.pi.gov.br\/pc\/author\/admin\/"},"comments_num_v2":"0 coment\u00e1rio","_links":{"self":[{"href":"https:\/\/portal.pi.gov.br\/pc\/wp-json\/wp\/v2\/pages\/1591"}],"collection":[{"href":"https:\/\/portal.pi.gov.br\/pc\/wp-json\/wp\/v2\/pages"}],"about":[{"href":"https:\/\/portal.pi.gov.br\/pc\/wp-json\/wp\/v2\/types\/page"}],"author":[{"embeddable":true,"href":"https:\/\/portal.pi.gov.br\/pc\/wp-json\/wp\/v2\/users\/1"}],"replies":[{"embeddable":true,"href":"https:\/\/portal.pi.gov.br\/pc\/wp-json\/wp\/v2\/comments?post=1591"}],"version-history":[{"count":13,"href":"https:\/\/portal.pi.gov.br\/pc\/wp-json\/wp\/v2\/pages\/1591\/revisions"}],"predecessor-version":[{"id":2198,"href":"https:\/\/portal.pi.gov.br\/pc\/wp-json\/wp\/v2\/pages\/1591\/revisions\/2198"}],"wp:attachment":[{"href":"https:\/\/portal.pi.gov.br\/pc\/wp-json\/wp\/v2\/media?parent=1591"}],"curies":[{"name":"wp","href":"https:\/\/api.w.org\/{rel}","templated":true}]}}