{"id":1639,"date":"2022-06-12T15:32:26","date_gmt":"2022-06-12T18:32:26","guid":{"rendered":"https:\/\/portal.pi.gov.br\/pc\/?page_id=1639"},"modified":"2022-06-12T15:34:30","modified_gmt":"2022-06-12T18:34:30","slug":"nucleo-central-de-estatistica-e-analise-criminal%ef%bf%bc","status":"publish","type":"page","link":"https:\/\/portal.pi.gov.br\/pc\/nucleo-central-de-estatistica-e-analise-criminal%ef%bf%bc\/","title":{"rendered":"N\u00facleo Central de Estat\u00edstica e An\u00e1lise Criminal\ufffc"},"content":{"rendered":"<script type=\"text\/x-handlebars-template\" id=\"wpfd-template-tree-box\">    {{#with file}}    <div class=\"dropblock\">        <a href=\"javascript:void(null)\" class=\"wpfd-close\"><\/a>        <div class=\"filecontent\">            {{#if file_custom_icon}}                    <div class=\"icon-custom\"><img src=\"{{file_custom_icon}}\"><\/div>                    {{else}}                    <div class=\"ext ext-{{ext}}\"><span class=\"txt\">{{ext}}<\/span><\/div>                    {{\/if}}<h3><a href=\"{{linkdownload}}\"  class=\"wpfd_downloadlink\" title=\"{{post_title}}\">{{{crop_title}}}<\/a><\/h3>            <div class=\"wpfd-extra\">                {{#if description}}<div class=\"file-desc\">{{{description}}}<\/div>{{\/if}}{{#if versionNumber}}<div class=\"file-version\"><span>Vers\u00e3o:<\/span> {{versionNumber}}<\/div>{{\/if}}<div class=\"file-hits\"><span>Hits:<\/span> {{hits}}<\/div>            <\/div>        <\/div>        <div class=\"extra-downloadlink\"><a class=\"downloadlink wpfd_downloadlink\"  href=\"{{linkdownload}}\" style=\"background-color:#284788;color:#ffffff;\">Baixar<i class=\"zmdi zmdi-cloud-download wpfd-download\"><\/i><\/a>{{#if openpdflink}}<a class=\"openlink wpfd_previewlink\" href=\"{{openpdflink}}\" target=\"_blank\">Visualizar                            <i class=\"zmdi zmdi-filter-center-focus wpfd-preview\"><\/i>                        <\/a>{{else}}{{#if viewerlink}}<a                            href=\"{{viewerlink}}\"                            class=\"openlink wpfd_previewlink\"                            target=\"_blank\"                            data-id=\"{{ID}}\"                            data-catid=\"{{catid}}\"                            data-file-type=\"{{ext}}\">Visualizar<i class=\"zmdi zmdi-filter-center-focus wpfd-preview\"><\/i>                        <\/a>{{\/if}}{{\/if}}<\/div>    {{\/with}}<\/script>    <script type=\"text\/x-handlebars-template\" id=\"wpfd-template-tree-categories\">        {{#if categories}}        {{#each categories}}        <li class=\"directory collapsed\">            <a class=\"catlink\" href=\"#\" data-idcat=\"{{term_id}}\">                <div class=\"icon-open-close\" data-id=\"{{term_id}}\"><\/div>                <i class=\"zmdi zmdi-folder wpfd-folder\"><\/i>                <span>{{name}}<\/span>            <\/a>        <\/li>        {{\/each}}        {{\/if}}    <\/script><script type=\"text\/x-handlebars-template\" id=\"wpfd-template-tree-files\">    {{#if files}}    {{#each files}}    <li class=\"ext {{ext}}\">                    {{#if file_custom_icon}}            <span class=\"wpfd-file ext icon-custom\"><img src=\"{{file_custom_icon}}\"><\/span>            {{else}}            <i class=\"wpfd-file ext ext-{{ext}}\"><\/i>            {{\/if}}                        <a class=\"wpfd-file-link\" data-category_id=\"{{catid}}\" href=\"#\" data-id=\"{{ID}}\"           title=\"{{post_title}}\">{{{crop_title}}}<\/a>    <\/li>    {{\/each}}    <\/div>    {{\/if}}<\/script><div class=\"wpfd-content wpfd-content-tree wpfd-content-multi\" data-category=\"56\"><input type=\"hidden\" id=\"root_linkdownload_cat\" value=\"https:\/\/portal.pi.gov.br\/pc\/download\/wpfdcat\/56\/nuceac\"\/>                           <input type=\"hidden\" id=\"root_countfile_cat\" value=\"0\"\/>                           <input type=\"hidden\" id=\"root_category_slug\" value=\"nuceac\"\/><ul>                        <li class=\"directory collapsed\">                <a class=\"catlink\" href=\"#\" data-idcat=\"57\">                    <div class=\"icon-open-close\" data-id=\"57\"><\/div>                    <i class=\"zmdi zmdi-folder wpfd-folder\"><\/i>                    <span>Principais indicadores de criminalidade em 2022<\/span>                <\/a>            <\/li>                    <li class=\"directory collapsed\">                <a class=\"catlink\" href=\"#\" data-idcat=\"58\">                    <div class=\"icon-open-close\" data-id=\"58\"><\/div>                    <i class=\"zmdi zmdi-folder wpfd-folder\"><\/i>                    <span>Principais indicadores de criminalidade em 2021<\/span>                <\/a>            <\/li>                    <li class=\"directory collapsed\">                <a class=\"catlink\" href=\"#\" data-idcat=\"59\">                    <div class=\"icon-open-close\" data-id=\"59\"><\/div>                    <i class=\"zmdi zmdi-folder wpfd-folder\"><\/i>                    <span>Principais indicadores de criminalidade em 2020<\/span>                <\/a>            <\/li>                    <li class=\"directory collapsed\">                <a class=\"catlink\" href=\"#\" data-idcat=\"60\">                    <div class=\"icon-open-close\" data-id=\"60\"><\/div>                    <i class=\"zmdi zmdi-folder wpfd-folder\"><\/i>                    <span>Principais indicadores de criminalidade em 2019<\/span>                <\/a>            <\/li>                    <li class=\"directory collapsed\">                <a class=\"catlink\" href=\"#\" data-idcat=\"61\">                    <div class=\"icon-open-close\" data-id=\"61\"><\/div>                    <i class=\"zmdi zmdi-folder wpfd-folder\"><\/i>                    <span>Principais indicadores de criminalidade em 2018<\/span>                <\/a>            <\/li>                    <li class=\"directory collapsed\">                <a class=\"catlink\" href=\"#\" data-idcat=\"62\">                    <div class=\"icon-open-close\" data-id=\"62\"><\/div>                    <i class=\"zmdi zmdi-folder wpfd-folder\"><\/i>                    <span>Principais indicadores de criminalidade em 2017<\/span>                <\/a>            <\/li>                    <li class=\"directory collapsed\">                <a class=\"catlink\" href=\"#\" data-idcat=\"63\">                    <div class=\"icon-open-close\" data-id=\"63\"><\/div>                    <i class=\"zmdi zmdi-folder wpfd-folder\"><\/i>                    <span>Regulamenta\u00e7\u00f5es<\/span>                <\/a>            <\/li>                <\/ul><\/div>\n","protected":false},"excerpt":{"rendered":"","protected":false},"author":1,"featured_media":0,"parent":0,"menu_order":0,"comment_status":"closed","ping_status":"closed","template":"template-fullwidth.php","meta":[],"featured_image_urls":{"full":"","thumbnail":"","medium":"","medium_large":"","large":"","sgg-420":"","sgg-540":"","sgg-780":"","1536x1536":"","2048x2048":"","homepage-slider":"","homepage-slider-small":"","page-top":"","page-small":"","loop-main":"","thumb-gallery-widget":""},"post_excerpt_stackable":"<p>Principais indicadores de criminalidade em 2022 Principais indicadores de criminalidade em 2021 Principais indicadores de criminalidade em 2020 Principais indicadores de criminalidade em 2019 Principais indicadores de criminalidade em 2018 Principais indicadores de criminalidade em 2017 Regulamenta\u00e7\u00f5es<\/p>\n","category_list":"","author_info":{"name":"admin","url":"https:\/\/portal.pi.gov.br\/pc\/author\/admin\/"},"comments_num":"0 coment\u00e1rio","featured_image_urls_v2":{"full":"","thumbnail":"","medium":"","medium_large":"","large":"","sgg-420":"","sgg-540":"","sgg-780":"","1536x1536":"","2048x2048":"","homepage-slider":"","homepage-slider-small":"","page-top":"","page-small":"","loop-main":"","thumb-gallery-widget":""},"post_excerpt_stackable_v2":"<p>Principais indicadores de criminalidade em 2022 Principais indicadores de criminalidade em 2021 Principais indicadores de criminalidade em 2020 Principais indicadores de criminalidade em 2019 Principais indicadores de criminalidade em 2018 Principais indicadores de criminalidade em 2017 Regulamenta\u00e7\u00f5es<\/p>\n","category_list_v2":"","author_info_v2":{"name":"admin","url":"https:\/\/portal.pi.gov.br\/pc\/author\/admin\/"},"comments_num_v2":"0 coment\u00e1rio","_links":{"self":[{"href":"https:\/\/portal.pi.gov.br\/pc\/wp-json\/wp\/v2\/pages\/1639"}],"collection":[{"href":"https:\/\/portal.pi.gov.br\/pc\/wp-json\/wp\/v2\/pages"}],"about":[{"href":"https:\/\/portal.pi.gov.br\/pc\/wp-json\/wp\/v2\/types\/page"}],"author":[{"embeddable":true,"href":"https:\/\/portal.pi.gov.br\/pc\/wp-json\/wp\/v2\/users\/1"}],"replies":[{"embeddable":true,"href":"https:\/\/portal.pi.gov.br\/pc\/wp-json\/wp\/v2\/comments?post=1639"}],"version-history":[{"count":2,"href":"https:\/\/portal.pi.gov.br\/pc\/wp-json\/wp\/v2\/pages\/1639\/revisions"}],"predecessor-version":[{"id":1641,"href":"https:\/\/portal.pi.gov.br\/pc\/wp-json\/wp\/v2\/pages\/1639\/revisions\/1641"}],"wp:attachment":[{"href":"https:\/\/portal.pi.gov.br\/pc\/wp-json\/wp\/v2\/media?parent=1639"}],"curies":[{"name":"wp","href":"https:\/\/api.w.org\/{rel}","templated":true}]}}