{"id":4872,"date":"2024-05-09T11:53:38","date_gmt":"2024-05-09T14:53:38","guid":{"rendered":"https:\/\/portal.pi.gov.br\/pc\/?page_id=4872"},"modified":"2024-05-09T11:53:39","modified_gmt":"2024-05-09T14:53:39","slug":"historico-de-noticias","status":"publish","type":"page","link":"https:\/\/portal.pi.gov.br\/pc\/historico-de-noticias\/","title":{"rendered":"Hist\u00f3rico de Not\u00edcias"},"content":{"rendered":"\t\t<div class=\"pld-archive-list pld-design-1 pld-clearfix\">\r\n\t\t\t<div class=\"pld-archive-title\">2026<\/div><ul class=\"pld-minimal-list-inr\"><li class=\"pld-list\">\r\n\t\r\n\t<div class=\"pld-list-title\">\r\n\t\t<a href=\"https:\/\/portal.pi.gov.br\/pc\/2026\/04\/02\/policia-civil-cumpre-mandado-de-prisao-por-tentativa-de-homicidio-qualificado-em-teresina\/\">Pol\u00edcia Civil cumpre mandado de pris\u00e3o por tentativa de homic\u00eddio qualificado em Teresina<\/a>\r\n\t<\/div>\r\n\r\n\t<\/li><li class=\"pld-list\">\r\n\t\r\n\t<div class=\"pld-list-title\">\r\n\t\t<a href=\"https:\/\/portal.pi.gov.br\/pc\/2026\/04\/01\/nota-de-pesar-pelo-falecimento-do-esposo-da-delegada-geral-adjunta-adriana-xavier-maximo\/\">Nota de pesar pelo falecimento do esposo da Delegada-geral Adjunta Adriana Xavier M\u00e1ximo<\/a>\r\n\t<\/div>\r\n\r\n\t<\/li><li class=\"pld-list\">\r\n\t\r\n\t<div class=\"pld-list-title\">\r\n\t\t<a href=\"https:\/\/portal.pi.gov.br\/pc\/2026\/04\/01\/policia-civil-prende-suspeitos-por-violencia-domestica-em-teresina\/\">Pol\u00edcia Civil prende suspeitos por viol\u00eancia dom\u00e9stica em Teresina<\/a>\r\n\t<\/div>\r\n\r\n\t<\/li><li class=\"pld-list\">\r\n\t\r\n\t<div class=\"pld-list-title\">\r\n\t\t<a href=\"https:\/\/portal.pi.gov.br\/pc\/2026\/04\/01\/policia-civil-deflagra-operacao-contra-organizacao-criminosa-em-teresina\/\">Pol\u00edcia Civil deflagra opera\u00e7\u00e3o contra organiza\u00e7\u00e3o criminosa em Teresina<\/a>\r\n\t<\/div>\r\n\r\n\t<\/li><li class=\"pld-list\">\r\n\t\r\n\t<div class=\"pld-list-title\">\r\n\t\t<a href=\"https:\/\/portal.pi.gov.br\/pc\/2026\/03\/31\/policias-civil-e-militar-apreendem-5-quilos-de-drogas-na-zona-sul-de-teresina\/\">Pol\u00edcias Civil e Militar apreendem 5 quilos de drogas na zona sul de Teresina<\/a>\r\n\t<\/div>\r\n\r\n\t<\/li><li class=\"pld-list\">\r\n\t\r\n\t<div class=\"pld-list-title\">\r\n\t\t<a href=\"https:\/\/portal.pi.gov.br\/pc\/2026\/03\/31\/policia-civil-prende-suspeitos-por-trafico-de-drogas-e-comercio-ilegal-de-armas-em-esperantina-e-regiao\/\">Pol\u00edcia Civil prende suspeitos por tr\u00e1fico de drogas e com\u00e9rcio ilegal de armas em Esperantina e regi\u00e3o<\/a>\r\n\t<\/div>\r\n\r\n\t<\/li><li class=\"pld-list\">\r\n\t\r\n\t<div class=\"pld-list-title\">\r\n\t\t<a href=\"https:\/\/portal.pi.gov.br\/pc\/2026\/03\/27\/policia-civil-prende-foragido-e-suspeito-de-roubo-majorado-na-zona-leste-da-capital\/\">Pol\u00edcia Civil cumpre mandado contra suspeito de roubo majorado na zona leste da capital<\/a>\r\n\t<\/div>\r\n\r\n\t<\/li><li class=\"pld-list\">\r\n\t\r\n\t<div class=\"pld-list-title\">\r\n\t\t<a href=\"https:\/\/portal.pi.gov.br\/pc\/2026\/03\/27\/policia-civil-prende-suspeito-em-flagrante-e-apreende-1kg-de-crack-em-onibus-interestadual\/\">Pol\u00edcia Civil prende suspeito em flagrante e apreende 1kg de crack em \u00f4nibus interestadual<\/a>\r\n\t<\/div>\r\n\r\n\t<\/li><li class=\"pld-list\">\r\n\t\r\n\t<div class=\"pld-list-title\">\r\n\t\t<a href=\"https:\/\/portal.pi.gov.br\/pc\/2026\/03\/27\/policias-civil-e-militar-deflagram-operacao-contra-o-trafico-no-interior-e-na-capital\/\">Pol\u00edcias Civil e Militar deflagram opera\u00e7\u00e3o contra o tr\u00e1fico no interior e na capital<\/a>\r\n\t<\/div>\r\n\r\n\t<\/li><li class=\"pld-list\">\r\n\t\r\n\t<div class=\"pld-list-title\">\r\n\t\t<a href=\"https:\/\/portal.pi.gov.br\/pc\/2026\/03\/26\/policia-civil-apreende-mais-de-22-quilos-de-drogas-durante-operacao-em-oeiras\/\">Pol\u00edcia Civil apreende mais de 22 quilos de drogas durante opera\u00e7\u00e3o em Oeiras<\/a>\r\n\t<\/div>\r\n\r\n\t<\/li><li class=\"pld-list\">\r\n\t\r\n\t<div class=\"pld-list-title\">\r\n\t\t<a href=\"https:\/\/portal.pi.gov.br\/pc\/2026\/03\/26\/policia-civil-prende-suspeito-de-homicidio-doloso-por-morte-de-motociclista-na-br-343\/\">Pol\u00edcia Civil prende suspeito de homic\u00eddio doloso por morte de motociclista na BR-343<\/a>\r\n\t<\/div>\r\n\r\n\t<\/li><li class=\"pld-list\">\r\n\t\r\n\t<div class=\"pld-list-title\">\r\n\t\t<a href=\"https:\/\/portal.pi.gov.br\/pc\/2026\/03\/26\/policias-civil-e-militar-prendem-grupo-que-usava-redes-sociais-para-comercializar-drogas-em-teresina\/\">Pol\u00edcias Civil e Militar prendem grupo que usava redes sociais para comercializar drogas em Teresina<\/a>\r\n\t<\/div>\r\n\r\n\t<\/li><li class=\"pld-list\">\r\n\t\r\n\t<div class=\"pld-list-title\">\r\n\t\t<a href=\"https:\/\/portal.pi.gov.br\/pc\/2026\/03\/24\/policia-civil-finaliza-operacao-cerco-fechado-com-mais-de-100-mandados-cumpridos-no-estado\/\">Pol\u00edcia Civil finaliza &#8220;Opera\u00e7\u00e3o Cerco Fechado&#8221; com mais de 100 mandados cumpridos no estado<\/a>\r\n\t<\/div>\r\n\r\n\t<\/li><li class=\"pld-list\">\r\n\t\r\n\t<div class=\"pld-list-title\">\r\n\t\t<a href=\"https:\/\/portal.pi.gov.br\/pc\/2026\/03\/24\/policia-civil-deflagra-operacao-cerco-fechado-em-todo-o-piaui\/\">Pol\u00edcia Civil deflagra \u201cOpera\u00e7\u00e3o Cerco Fechado\u201d em todo o Piau\u00ed<\/a>\r\n\t<\/div>\r\n\r\n\t<\/li><li class=\"pld-list\">\r\n\t\r\n\t<div class=\"pld-list-title\">\r\n\t\t<a href=\"https:\/\/portal.pi.gov.br\/pc\/2026\/03\/23\/policia-civil-cumpre-mandado-de-prisao-preventiva-contra-em-floriano\/\">Pol\u00edcia Civil cumpre mandado de pris\u00e3o preventiva em Floriano<\/a>\r\n\t<\/div>\r\n\r\n\t<\/li><li class=\"pld-list\">\r\n\t\r\n\t<div class=\"pld-list-title\">\r\n\t\t<a href=\"https:\/\/portal.pi.gov.br\/pc\/2026\/03\/22\/policia-civil-realiza-prisao-por-descumprimento-de-medida-protetiva\/\">Pol\u00edcia Civil realiza pris\u00e3o por descumprimento de medida protetiva<\/a>\r\n\t<\/div>\r\n\r\n\t<\/li><li class=\"pld-list\">\r\n\t\r\n\t<div class=\"pld-list-title\">\r\n\t\t<a href=\"https:\/\/portal.pi.gov.br\/pc\/2026\/03\/21\/policias-civil-e-militar-prendem-tres-homens-durante-operacao-integrada-em-altos\/\">Pol\u00edcias Civil e Militar prendem tr\u00eas homens durante opera\u00e7\u00e3o integrada em Altos<\/a>\r\n\t<\/div>\r\n\r\n\t<\/li><li class=\"pld-list\">\r\n\t\r\n\t<div class=\"pld-list-title\">\r\n\t\t<a href=\"https:\/\/portal.pi.gov.br\/pc\/2026\/03\/21\/policia-civil-prende-homem-condenado-por-homicidio-em-teresina\/\">Pol\u00edcia Civil prende homem condenado por homic\u00eddio em Teresina<\/a>\r\n\t<\/div>\r\n\r\n\t<\/li><li class=\"pld-list\">\r\n\t\r\n\t<div class=\"pld-list-title\">\r\n\t\t<a href=\"https:\/\/portal.pi.gov.br\/pc\/2026\/03\/20\/policia-civil-realiza-prisao-por-furtos-no-centro-da-capital\/\">Pol\u00edcia Civil realiza pris\u00e3o por furtos no Centro da capital<\/a>\r\n\t<\/div>\r\n\r\n\t<\/li><li class=\"pld-list\">\r\n\t\r\n\t<div class=\"pld-list-title\">\r\n\t\t<a href=\"https:\/\/portal.pi.gov.br\/pc\/2026\/03\/19\/policias-civil-e-militar-realizam-operacao-integrada-em-demerval-lobao\/\">Pol\u00edcias Civil e Militar realizam opera\u00e7\u00e3o integrada em Demerval Lob\u00e3o<\/a>\r\n\t<\/div>\r\n\r\n\t<\/li><\/ul>\r\n\t\t\t\t\t<div class=\"pld-pagination pld-clearfix\">\r\n\t\t\t\t<span aria-current=\"page\" class=\"page-numbers current\">1<\/span>\n<a class=\"page-numbers\" href=\"https:\/\/portal.pi.gov.br\/pc\/wp-json\/wp\/v2\/pages\/4872\/page\/2\/\">2<\/a>\n<a class=\"page-numbers\" href=\"https:\/\/portal.pi.gov.br\/pc\/wp-json\/wp\/v2\/pages\/4872\/page\/3\/\">3<\/a>\n<span class=\"page-numbers dots\">&hellip;<\/span>\n<a class=\"page-numbers\" href=\"https:\/\/portal.pi.gov.br\/pc\/wp-json\/wp\/v2\/pages\/4872\/page\/125\/\">125<\/a>\n<a class=\"next page-numbers\" href=\"https:\/\/portal.pi.gov.br\/pc\/wp-json\/wp\/v2\/pages\/4872\/page\/2\/\">Pr\u00f3xima &raquo;<\/a>\t\t\t<\/div>\r\n\t\t\t\t<\/div>\r\n\t\n","protected":false},"excerpt":{"rendered":"","protected":false},"author":1,"featured_media":0,"parent":0,"menu_order":0,"comment_status":"closed","ping_status":"closed","template":"template-fullwidth.php","meta":[],"featured_image_urls":{"full":"","thumbnail":"","medium":"","medium_large":"","large":"","sgg-420":"","sgg-540":"","sgg-780":"","1536x1536":"","2048x2048":"","homepage-slider":"","homepage-slider-small":"","page-top":"","page-small":"","loop-main":"","thumb-gallery-widget":""},"post_excerpt_stackable":"<p>2026 Pol\u00edcia Civil cumpre mandado de pris\u00e3o por tentativa de homic\u00eddio qualificado em Teresina Nota de pesar pelo falecimento do esposo da Delegada-geral Adjunta Adriana Xavier M\u00e1ximo Pol\u00edcia Civil prende suspeitos por viol\u00eancia dom\u00e9stica em Teresina Pol\u00edcia Civil deflagra opera\u00e7\u00e3o contra organiza\u00e7\u00e3o criminosa em Teresina Pol\u00edcias Civil e Militar apreendem 5 quilos de drogas na zona sul de Teresina Pol\u00edcia Civil prende suspeitos por tr\u00e1fico de drogas e com\u00e9rcio ilegal de armas em Esperantina e regi\u00e3o Pol\u00edcia Civil cumpre mandado contra suspeito de roubo majorado na zona leste da capital Pol\u00edcia Civil prende suspeito em flagrante e apreende 1kg de&hellip;<\/p>\n","category_list":"","author_info":{"name":"admin","url":"https:\/\/portal.pi.gov.br\/pc\/author\/admin\/"},"comments_num":"0 coment\u00e1rio","featured_image_urls_v2":{"full":"","thumbnail":"","medium":"","medium_large":"","large":"","sgg-420":"","sgg-540":"","sgg-780":"","1536x1536":"","2048x2048":"","homepage-slider":"","homepage-slider-small":"","page-top":"","page-small":"","loop-main":"","thumb-gallery-widget":""},"post_excerpt_stackable_v2":"<p>2026 Pol\u00edcia Civil cumpre mandado de pris\u00e3o por tentativa de homic\u00eddio qualificado em Teresina Nota de pesar pelo falecimento do esposo da Delegada-geral Adjunta Adriana Xavier M\u00e1ximo Pol\u00edcia Civil prende suspeitos por viol\u00eancia dom\u00e9stica em Teresina Pol\u00edcia Civil deflagra opera\u00e7\u00e3o contra organiza\u00e7\u00e3o criminosa em Teresina Pol\u00edcias Civil e Militar apreendem 5 quilos de drogas na zona sul de Teresina Pol\u00edcia Civil prende suspeitos por tr\u00e1fico de drogas e com\u00e9rcio ilegal de armas em Esperantina e regi\u00e3o Pol\u00edcia Civil cumpre mandado contra suspeito de roubo majorado na zona leste da capital Pol\u00edcia Civil prende suspeito em flagrante e apreende 1kg de&hellip;<\/p>\n","category_list_v2":"","author_info_v2":{"name":"admin","url":"https:\/\/portal.pi.gov.br\/pc\/author\/admin\/"},"comments_num_v2":"0 coment\u00e1rio","_links":{"self":[{"href":"https:\/\/portal.pi.gov.br\/pc\/wp-json\/wp\/v2\/pages\/4872"}],"collection":[{"href":"https:\/\/portal.pi.gov.br\/pc\/wp-json\/wp\/v2\/pages"}],"about":[{"href":"https:\/\/portal.pi.gov.br\/pc\/wp-json\/wp\/v2\/types\/page"}],"author":[{"embeddable":true,"href":"https:\/\/portal.pi.gov.br\/pc\/wp-json\/wp\/v2\/users\/1"}],"replies":[{"embeddable":true,"href":"https:\/\/portal.pi.gov.br\/pc\/wp-json\/wp\/v2\/comments?post=4872"}],"version-history":[{"count":1,"href":"https:\/\/portal.pi.gov.br\/pc\/wp-json\/wp\/v2\/pages\/4872\/revisions"}],"predecessor-version":[{"id":4873,"href":"https:\/\/portal.pi.gov.br\/pc\/wp-json\/wp\/v2\/pages\/4872\/revisions\/4873"}],"wp:attachment":[{"href":"https:\/\/portal.pi.gov.br\/pc\/wp-json\/wp\/v2\/media?parent=4872"}],"curies":[{"name":"wp","href":"https:\/\/api.w.org\/{rel}","templated":true}]}}