{"id":5082,"date":"2023-07-27T12:05:09","date_gmt":"2023-07-27T15:05:09","guid":{"rendered":"https:\/\/portal.pi.gov.br\/pc\/?page_id=5082"},"modified":"2023-07-28T11:03:38","modified_gmt":"2023-07-28T14:03:38","slug":"formulario-solicitacao-certidao","status":"publish","type":"page","link":"https:\/\/portal.pi.gov.br\/pc\/formulario-solicitacao-certidao\/","title":{"rendered":"Formul\u00e1rio Solicita\u00e7\u00e3o de Certid\u00f5es"},"content":{"rendered":"<div id=\"quform-a6b1ac\" class=\"quform quform-5 quform-support-page-caching\"><form id=\"quform-form-a6b1ac\" class=\"quform-form quform-form-5\" action=\"\/pc\/wp-json\/wp\/v2\/pages\/5082#quform-a6b1ac\" method=\"post\" enctype=\"multipart\/form-data\" novalidate=\"novalidate\" data-options=\"{&quot;id&quot;:5,&quot;uniqueId&quot;:&quot;a6b1ac&quot;,&quot;theme&quot;:&quot;&quot;,&quot;ajax&quot;:true,&quot;logic&quot;:{&quot;logic&quot;:[],&quot;dependents&quot;:[],&quot;elementIds&quot;:[],&quot;dependentElementIds&quot;:[],&quot;animate&quot;:true},&quot;currentPageId&quot;:1,&quot;errorsIcon&quot;:&quot;&quot;,&quot;updateFancybox&quot;:true,&quot;hasPages&quot;:false,&quot;pages&quot;:[1],&quot;pageProgressType&quot;:&quot;numbers&quot;,&quot;tooltipsEnabled&quot;:true,&quot;tooltipClasses&quot;:&quot;qtip-quform-dark qtip-shadow&quot;,&quot;tooltipMy&quot;:&quot;left center&quot;,&quot;tooltipAt&quot;:&quot;right center&quot;,&quot;isRtl&quot;:false,&quot;scrollOffset&quot;:-50,&quot;scrollSpeed&quot;:800}\"><button class=\"quform-default-submit\" name=\"quform_submit\" type=\"submit\" value=\"submit\" aria-hidden=\"true\" tabindex=\"-1\"><\/button><div class=\"quform-form-inner quform-form-inner-5\"><input type=\"hidden\" name=\"quform_form_id\" value=\"5\" \/><input type=\"hidden\" name=\"quform_form_uid\" value=\"a6b1ac\" \/><input type=\"hidden\" name=\"quform_count\" value=\"1\" \/><input type=\"hidden\" name=\"form_url\" value=\"https:\/\/portal.pi.gov.br\/pc\/wp-json\/wp\/v2\/pages\/5082\" \/><input type=\"hidden\" name=\"referring_url\" value=\"\" \/><input type=\"hidden\" name=\"post_id\" value=\"\" \/><input type=\"hidden\" name=\"post_title\" value=\"\" \/><input type=\"hidden\" name=\"quform_current_page_id\" value=\"1\" \/><input type=\"hidden\" name=\"quform_csrf_token\" value=\"7YQSTz4cPC8xBhCR9eTWk8sDDcju8e2wYfJQIvgg\" \/><div class=\"quform-elements quform-elements-5 quform-cf quform-responsive-elements-phone-landscape\"><div class=\"quform-element quform-element-page quform-page-1 quform-page-5_1 quform-cf quform-group-style-plain quform-first-page quform-last-page quform-current-page\"><div class=\"quform-child-elements\"><div class=\"quform-element quform-element-select quform-element-5_26 quform-cf quform-element-required\"><div class=\"quform-spacer\"><div class=\"quform-label quform-label-5_26\"><label class=\"quform-label-text\" for=\"quform_5_26_a6b1ac\">Tipo de Certid\u00e3o<span class=\"quform-required\">*<\/span><\/label><\/div><div class=\"quform-inner quform-inner-select quform-inner-5_26\"><div class=\"quform-input quform-input-select quform-input-5_26 quform-cf\"><select id=\"quform_5_26_a6b1ac\" name=\"quform_5_26\" class=\"quform-field quform-field-select quform-field-5_26\"><option value=\"\" selected=\"selected\">Selecione<\/option><option value=\"Antecedentes Criminais\">Antecedentes Criminais<\/option><option value=\"Certid\u00e3o de Inqu\u00e9rito Policial\">Certid\u00e3o de Inqu\u00e9rito Policial<\/option><option value=\"Documento de Identidade\">Documento de Identidade<\/option><option value=\"C\u00fatis Declarada\">C\u00fatis Declarada<\/option><option value=\"Profiss\u00e3o Declarada\">Profiss\u00e3o Declarada<\/option><\/select><\/div><\/div><\/div><\/div><div class=\"quform-element quform-element-row quform-element-row-5_33 quform-2-columns quform-element-row-size-fixed quform-responsive-columns-phone-landscape\"><div class=\"quform-element quform-element-column quform-element-5_34\"><div class=\"quform-element quform-element-text quform-element-5_3 quform-cf quform-element-required\"><div class=\"quform-spacer\"><div class=\"quform-label quform-label-5_3\"><label class=\"quform-label-text\" for=\"quform_5_3_a6b1ac\">Nome Completo<span class=\"quform-required\">*<\/span><\/label><\/div><div class=\"quform-inner quform-inner-text quform-inner-5_3\"><div class=\"quform-input quform-input-text quform-input-5_3 quform-cf\"><input type=\"text\" id=\"quform_5_3_a6b1ac\" name=\"quform_5_3\" class=\"quform-field quform-field-text quform-field-5_3\" \/><\/div><\/div><\/div><\/div><\/div><div class=\"quform-element quform-element-column quform-element-5_35\"><div class=\"quform-element quform-element-email quform-element-5_36 quform-cf quform-element-required\"><div class=\"quform-spacer\"><div class=\"quform-label quform-label-5_36\"><label class=\"quform-label-text\" for=\"quform_5_36_a6b1ac\">Endere\u00e7o de e-mail<span class=\"quform-required\">*<\/span><\/label><\/div><div class=\"quform-inner quform-inner-email quform-inner-5_36\"><div class=\"quform-input quform-input-email quform-input-5_36 quform-cf\"><input type=\"email\" id=\"quform_5_36_a6b1ac\" name=\"quform_5_36\" class=\"quform-field quform-field-email quform-field-5_36\" \/><\/div><\/div><\/div><\/div><\/div><\/div><div class=\"quform-element quform-element-group quform-element-5_4 quform-cf quform-group-style-plain\"><div class=\"quform-spacer\"><div class=\"quform-child-elements\"><div class=\"quform-element quform-element-row quform-element-row-5_6 quform-2-columns quform-element-row-size-fixed quform-responsive-columns-phone-landscape\"><div class=\"quform-element quform-element-column quform-element-5_7\"><div class=\"quform-element quform-element-text quform-element-5_10 quform-cf quform-element-required\"><div class=\"quform-spacer\"><div class=\"quform-label quform-label-5_10\"><label class=\"quform-label-text\" for=\"quform_5_10_a6b1ac\">Filia\u00e7\u00e3o 01<span class=\"quform-required\">*<\/span><\/label><\/div><div class=\"quform-inner quform-inner-text quform-inner-5_10\"><div class=\"quform-input quform-input-text quform-input-5_10 quform-cf\"><input type=\"text\" id=\"quform_5_10_a6b1ac\" name=\"quform_5_10\" class=\"quform-field quform-field-text quform-field-5_10\" \/><\/div><\/div><\/div><\/div><\/div><div class=\"quform-element quform-element-column quform-element-5_8\"><div class=\"quform-element quform-element-text quform-element-5_11 quform-cf quform-element-optional\"><div class=\"quform-spacer\"><div class=\"quform-label quform-label-5_11\"><label class=\"quform-label-text\" for=\"quform_5_11_a6b1ac\">Filia\u00e7\u00e3o 02<\/label><\/div><div class=\"quform-inner quform-inner-text quform-inner-5_11\"><div class=\"quform-input quform-input-text quform-input-5_11 quform-cf\"><input type=\"text\" id=\"quform_5_11_a6b1ac\" name=\"quform_5_11\" class=\"quform-field quform-field-text quform-field-5_11\" \/><\/div><\/div><\/div><\/div><\/div><\/div><div class=\"quform-element quform-element-row quform-element-row-5_12 quform-2-columns quform-element-row-size-fixed quform-responsive-columns-phone-landscape\"><div class=\"quform-element quform-element-column quform-element-5_13\"><div class=\"quform-element quform-element-text quform-element-5_15 quform-cf quform-element-required\"><div class=\"quform-spacer\"><div class=\"quform-label quform-label-5_15\"><label class=\"quform-label-text\" for=\"quform_5_15_a6b1ac\">Nacionalidade<span class=\"quform-required\">*<\/span><\/label><\/div><div class=\"quform-inner quform-inner-text quform-inner-5_15\"><div class=\"quform-input quform-input-text quform-input-5_15 quform-cf\"><input type=\"text\" id=\"quform_5_15_a6b1ac\" name=\"quform_5_15\" class=\"quform-field quform-field-text quform-field-5_15\" \/><\/div><\/div><\/div><\/div><div class=\"quform-element quform-element-text quform-element-5_17 quform-cf quform-element-optional\"><div class=\"quform-spacer\"><div class=\"quform-label quform-label-5_17\"><label class=\"quform-label-text\" for=\"quform_5_17_a6b1ac\">Documento de Identifica\u00e7\u00e3o<\/label><\/div><div class=\"quform-inner quform-inner-text quform-inner-5_17\"><div class=\"quform-input quform-input-text quform-input-5_17 quform-cf\"><input type=\"text\" id=\"quform_5_17_a6b1ac\" name=\"quform_5_17\" class=\"quform-field quform-field-text quform-field-5_17\" \/><\/div><\/div><\/div><\/div><div class=\"quform-element quform-element-date quform-element-5_25 quform-cf quform-element-required\"><div class=\"quform-spacer\"><div class=\"quform-label quform-label-5_25\"><label class=\"quform-label-text\" for=\"quform_5_25_a6b1ac\">Data de Nascimento<span class=\"quform-required\">*<\/span><\/label><\/div><div class=\"quform-inner quform-inner-date quform-inner-5_25\"><div class=\"quform-input quform-input-date quform-input-5_25 quform-cf quform-has-field-icon-right\"><input type=\"text\" id=\"quform_5_25_a6b1ac\" name=\"quform_5_25\" class=\"quform-field quform-field-date quform-field-5_25\" placeholder=\"YYYY-MM-DD\" data-options=\"{&quot;format&quot;:&quot;&quot;,&quot;min&quot;:&quot;&quot;,&quot;max&quot;:&quot;&quot;,&quot;start&quot;:&quot;month&quot;,&quot;depth&quot;:&quot;month&quot;,&quot;showFooter&quot;:false,&quot;locale&quot;:&quot;pt-BR&quot;,&quot;placeholder&quot;:&quot;&quot;,&quot;autoOpen&quot;:true,&quot;identifier&quot;:&quot;5_25&quot;}\" \/><span class=\"quform-field-icon quform-field-icon-right\"><i class=\"qicon-calendar\"><\/i><\/span><\/div><\/div><\/div><\/div><\/div><div class=\"quform-element quform-element-column quform-element-5_14\"><div class=\"quform-element quform-element-text quform-element-5_16 quform-cf quform-element-required\"><div class=\"quform-spacer\"><div class=\"quform-label quform-label-5_16\"><label class=\"quform-label-text\" for=\"quform_5_16_a6b1ac\">Naturalidade<span class=\"quform-required\">*<\/span><\/label><\/div><div class=\"quform-inner quform-inner-text quform-inner-5_16\"><div class=\"quform-input quform-input-text quform-input-5_16 quform-cf\"><input type=\"text\" id=\"quform_5_16_a6b1ac\" name=\"quform_5_16\" class=\"quform-field quform-field-text quform-field-5_16\" \/><\/div><\/div><\/div><\/div><div class=\"quform-element quform-element-text quform-element-5_18 quform-cf quform-element-optional\"><div class=\"quform-spacer\"><div class=\"quform-label quform-label-5_18\"><label class=\"quform-label-text\" for=\"quform_5_18_a6b1ac\">\u00d3rg\u00e3o Emissor<\/label><\/div><div class=\"quform-inner quform-inner-text quform-inner-5_18\"><div class=\"quform-input quform-input-text quform-input-5_18 quform-cf\"><input type=\"text\" id=\"quform_5_18_a6b1ac\" name=\"quform_5_18\" class=\"quform-field quform-field-text quform-field-5_18\" \/><\/div><\/div><\/div><\/div><div class=\"quform-element quform-element-text quform-element-5_22 quform-cf quform-element-optional\"><div class=\"quform-spacer\"><div class=\"quform-label quform-label-5_22\"><label class=\"quform-label-text\" for=\"quform_5_22_a6b1ac\">CPF<\/label><\/div><div class=\"quform-inner quform-inner-text quform-inner-5_22\"><div class=\"quform-input quform-input-text quform-input-5_22 quform-cf\"><input type=\"text\" id=\"quform_5_22_a6b1ac\" name=\"quform_5_22\" class=\"quform-field quform-field-text quform-field-5_22\" \/><\/div><\/div><\/div><\/div><\/div><\/div><\/div><\/div><\/div><div class=\"quform-element quform-element-row quform-element-row-5_29 quform-1-columns quform-element-row-size-fixed quform-responsive-columns-phone-landscape\"><div class=\"quform-element quform-element-column quform-element-5_30\"><div class=\"quform-element quform-element-file quform-element-5_28 quform-cf quform-element-required\"><div class=\"quform-spacer\"><div class=\"quform-label quform-label-5_28\"><label class=\"quform-label-text\" for=\"quform_5_28_a6b1ac\">Envio de Documento de Identifica\u00e7\u00e3o<span class=\"quform-required\">*<\/span><\/label><\/div><div class=\"quform-inner quform-inner-file quform-inner-5_28\"><div class=\"quform-input quform-input-file quform-input-5_28 quform-cf quform-button-style-theme\"><input type=\"file\" id=\"quform_5_28_a6b1ac\" name=\"quform_5_28[]\" class=\"quform-field quform-field-file quform-field-5_28 quform-field-file-enhanced\" data-config=\"{&quot;id&quot;:28,&quot;identifier&quot;:&quot;5_28&quot;,&quot;name&quot;:&quot;quform_5_28&quot;,&quot;max&quot;:1,&quot;size&quot;:4194304,&quot;allowedExtensions&quot;:[&quot;jpg&quot;,&quot;jpeg&quot;,&quot;png&quot;,&quot;pdf&quot;],&quot;notAllowedTypeWithFilename&quot;:&quot;File type of &#039;%filename%&#039; is not allowed&quot;,&quot;tooBigWithFilename&quot;:&quot;O arquivo &#039;%filename%&#039;  excede o tamanho m\\u00e1ximo permitido&quot;,&quot;tooMany&quot;:&quot;Voc\\u00ea n\\u00e3o pode enviar mais do que %max% arquivo(s)&quot;,&quot;buttonType&quot;:&quot;button&quot;,&quot;buttonText&quot;:&quot;Procurar ...&quot;,&quot;buttonIcon&quot;:&quot;qicon-file_upload&quot;,&quot;buttonIconPosition&quot;:&quot;right&quot;}\" \/><\/div><label id=\"quform_5_28_a6b1ac_sub_label_below\" class=\"quform-sub-label quform-sub-label-below\">Tamanho m\u00e1ximo do arquivo permitido \u00e9 de 5MB<\/label><\/div><\/div><\/div><\/div><\/div><div class=\"quform-element quform-element-recaptcha quform-element-5_24 quform-cf quform-element-required\"><div class=\"quform-spacer\"><div class=\"quform-label quform-label-5_24\"><label class=\"quform-label-text\">Voc\u00ea \u00e9 humano?<span class=\"quform-required\">*<\/span><\/label><\/div><div class=\"quform-inner quform-inner-recaptcha quform-inner-5_24\"><div class=\"quform-input quform-input-recaptcha quform-input-5_24 quform-cf\"><div class=\"quform-recaptcha\" data-config=\"{&quot;sitekey&quot;:&quot;6Ldm8CEoAAAAAHFAqekhMs6wH7VTLejOKQC23JEQ&quot;,&quot;_version&quot;:&quot;v2&quot;,&quot;size&quot;:&quot;normal&quot;,&quot;type&quot;:&quot;image&quot;,&quot;theme&quot;:&quot;light&quot;,&quot;badge&quot;:&quot;bottomright&quot;}\"><\/div><noscript><div><div style=\"width: 302px; height: 422px; position: relative;\"><div style=\"width: 302px; height: 422px; position: absolute;\"><iframe src=\"https:\/\/www.google.com\/recaptcha\/api\/fallback?k=6Ldm8CEoAAAAAHFAqekhMs6wH7VTLejOKQC23JEQ\" frameborder=\"0\" scrolling=\"no\" style=\"width: 302px; height:422px; border-style: none;\"><\/iframe><\/div><\/div><div style=\"width: 300px; height: 60px; border-style: none; bottom: 12px; left: 25px; margin: 0px; padding: 0px; right: 25px; background: #f9f9f9; border: 1px solid #c1c1c1; border-radius: 3px;\"><textarea name=\"g-recaptcha-response\" class=\"g-recaptcha-response\" style=\"width: 250px; height: 40px; border: 1px solid #c1c1c1; margin: 10px 25px; padding: 0px; resize: none;\"><\/textarea><\/div><\/div><\/noscript><\/div><\/div><\/div><\/div><div class=\"quform-element quform-element-submit quform-element-5_2 quform-cf quform-button-style-theme\"><div class=\"quform-button-submit quform-button-submit-default quform-button-submit-5_2\"><button name=\"quform_submit\" type=\"submit\" class=\"quform-submit\" value=\"submit\"><span class=\"quform-button-text quform-button-submit-text\">Enviar<\/span><\/button><\/div><div class=\"quform-loading quform-loading-position-left quform-loading-type-spinner-1\"><div class=\"quform-loading-inner\"><div class=\"quform-loading-spinner\"><div class=\"quform-loading-spinner-inner\"><\/div><\/div><\/div><\/div><\/div><div class=\"quform-element-tree\"><label for=\"quform_5_0_a6b1ac\">Este campo deve ser deixado em branco<\/label><input type=\"text\" id=\"quform_5_0_a6b1ac\" name=\"quform_5_0\" class=\"quform-field quform-field-tree quform-field-5_0\" tabindex=\"-1\" autocomplete=\"off\" \/><\/div><\/div><\/div><\/div><div class=\"quform-upload-progress-wrap\"><div class=\"quform-upload-progress-bar-wrap\"><div class=\"quform-upload-progress-bar\"><\/div><\/div><div class=\"quform-upload-info quform-cf\"><div class=\"quform-upload-filename\"><\/div><\/div><\/div><\/div><\/form><\/div>\n","protected":false},"excerpt":{"rendered":"","protected":false},"author":1,"featured_media":0,"parent":0,"menu_order":0,"comment_status":"closed","ping_status":"closed","template":"template-fullwidth.php","meta":[],"featured_image_urls":{"full":"","thumbnail":"","medium":"","medium_large":"","large":"","sgg-420":"","sgg-540":"","sgg-780":"","1536x1536":"","2048x2048":"","homepage-slider":"","homepage-slider-small":"","page-top":"","page-small":"","loop-main":"","thumb-gallery-widget":""},"post_excerpt_stackable":"<p>Tipo de Certid\u00e3o*SelecioneAntecedentes CriminaisCertid\u00e3o de Inqu\u00e9rito PolicialDocumento de IdentidadeC\u00fatis DeclaradaProfiss\u00e3o DeclaradaNome Completo*Endere\u00e7o de e-mail*Filia\u00e7\u00e3o 01*Filia\u00e7\u00e3o 02Nacionalidade*Documento de Identifica\u00e7\u00e3oData de Nascimento*Naturalidade*\u00d3rg\u00e3o EmissorCPFEnvio de Documento de Identifica\u00e7\u00e3o*Tamanho m\u00e1ximo do arquivo permitido \u00e9 de 5MBVoc\u00ea \u00e9 humano?*EnviarEste campo deve ser deixado em branco<\/p>\n","category_list":"","author_info":{"name":"admin","url":"https:\/\/portal.pi.gov.br\/pc\/author\/admin\/"},"comments_num":"0 coment\u00e1rio","featured_image_urls_v2":{"full":"","thumbnail":"","medium":"","medium_large":"","large":"","sgg-420":"","sgg-540":"","sgg-780":"","1536x1536":"","2048x2048":"","homepage-slider":"","homepage-slider-small":"","page-top":"","page-small":"","loop-main":"","thumb-gallery-widget":""},"post_excerpt_stackable_v2":"<p>Tipo de Certid\u00e3o*SelecioneAntecedentes CriminaisCertid\u00e3o de Inqu\u00e9rito PolicialDocumento de IdentidadeC\u00fatis DeclaradaProfiss\u00e3o DeclaradaNome Completo*Endere\u00e7o de e-mail*Filia\u00e7\u00e3o 01*Filia\u00e7\u00e3o 02Nacionalidade*Documento de Identifica\u00e7\u00e3oData de Nascimento*Naturalidade*\u00d3rg\u00e3o EmissorCPFEnvio de Documento de Identifica\u00e7\u00e3o*Tamanho m\u00e1ximo do arquivo permitido \u00e9 de 5MBVoc\u00ea \u00e9 humano?*EnviarEste campo deve ser deixado em branco<\/p>\n","category_list_v2":"","author_info_v2":{"name":"admin","url":"https:\/\/portal.pi.gov.br\/pc\/author\/admin\/"},"comments_num_v2":"0 coment\u00e1rio","_links":{"self":[{"href":"https:\/\/portal.pi.gov.br\/pc\/wp-json\/wp\/v2\/pages\/5082"}],"collection":[{"href":"https:\/\/portal.pi.gov.br\/pc\/wp-json\/wp\/v2\/pages"}],"about":[{"href":"https:\/\/portal.pi.gov.br\/pc\/wp-json\/wp\/v2\/types\/page"}],"author":[{"embeddable":true,"href":"https:\/\/portal.pi.gov.br\/pc\/wp-json\/wp\/v2\/users\/1"}],"replies":[{"embeddable":true,"href":"https:\/\/portal.pi.gov.br\/pc\/wp-json\/wp\/v2\/comments?post=5082"}],"version-history":[{"count":2,"href":"https:\/\/portal.pi.gov.br\/pc\/wp-json\/wp\/v2\/pages\/5082\/revisions"}],"predecessor-version":[{"id":5098,"href":"https:\/\/portal.pi.gov.br\/pc\/wp-json\/wp\/v2\/pages\/5082\/revisions\/5098"}],"wp:attachment":[{"href":"https:\/\/portal.pi.gov.br\/pc\/wp-json\/wp\/v2\/media?parent=5082"}],"curies":[{"name":"wp","href":"https:\/\/api.w.org\/{rel}","templated":true}]}}