{"id":5804,"date":"2023-09-13T16:21:08","date_gmt":"2023-09-13T19:21:08","guid":{"rendered":"https:\/\/portal.pi.gov.br\/pc\/?page_id=5804"},"modified":"2023-10-24T09:24:31","modified_gmt":"2023-10-24T12:24:31","slug":"gestores-pcpi","status":"publish","type":"page","link":"https:\/\/portal.pi.gov.br\/pc\/gestores-pcpi\/","title":{"rendered":"Gestores PC-PI"},"content":{"rendered":"\t<div class=\"ex-tplist list-layout fct- list-style-1 style-classic\" id =\"extp-4404\">\r\n\t\t                <div class=\"extp-search \">\r\n        <form role=\"search\" method=\"get\" id=\"searchform\" class=\"etp-search-form \" action=\"https:\/\/portal.pi.gov.br\/pc\/\">\r\n        \t<div class=\"extp-search-group\">\r\n            \r\n            \t            \t\t                <select name=\"extp_cat\">\r\n\t                \t<option value=\"\">All Categories<\/option>\r\n\t                  \t<option value=\"delegados\" >Delegados<\/option>\t                <\/select>\r\n\t            \t          \r\n            <\/div>\r\n        <\/form>\r\n        <style type=\"text\/css\">\r\n\t\t\t\r\n\t\t<\/style>\r\n        <\/div>\r\n        \r\n                \t\t<div class=\"ctlist\">\r\n\t\t<div class=\"tpitem-list item-grid\" data-id=\"ex_id-extp-4404-5801\"> \t\t\t\t\t<div class=\"exp-arrow \" \r\n\t\t\t\t\t >\r\n\t\t\t\t\t\t\t\t\t\t\t\t<figure class=\"tpstyle-list-1 tppost-5801\">\r\n  <div class=\"tplist-1-info\">\r\n    <div class=\"tplist-1-image\">\r\n        <a href=\"https:\/\/portal.pi.gov.br\/pc\/member\/luccy-keiko-leal-paraiba\/\"><div class=\"image-bg-circle\" style=\"background-image: url(https:\/\/portal.pi.gov.br\/pc\/wp-content\/uploads\/sites\/42\/2023\/09\/WhatsApp-Image-2023-10-23-at-15.15.23.jpeg)\"><\/div><\/a>\r\n    <\/div><figcaption>\r\n      <h3><a href=\"https:\/\/portal.pi.gov.br\/pc\/member\/luccy-keiko-leal-paraiba\/\">Luccy Keiko Leal Para\u00edba<\/a><\/h3>\r\n                <h5>Delegado Geral<\/h5>\r\n                  <p>Pol\u00edcia Civil do Estado do Piau\u00ed<\/p>\r\n            <ul class ='ex-social-account'><li class='teampress-instagram'><a href='http:\/\/luccykeiko'><i class='fab fa-instagram'><\/i><\/a><\/li><li class='teampress-email'><a href='mailto:delegaciageral@pc.pi.gov.br'><i class='far fa-envelope'><\/i><\/a><\/li><li class='tp-ctsocial teampress-Curr\u00edculo'><a href='https:\/\/www.google.com'><i class=\"fa-solid fa-id-card\" style=\"color: #585858;\"><\/i><\/a><\/li><\/ul>    <\/figcaption>\r\n  <\/div>\r\n  <\/figure>\t\t\t\t\t<div class=\"exclearfix\"><\/div>\r\n\t\t\t\t\t<\/div>\r\n\t\t\t\t\t<\/div><div class=\"tpitem-list item-grid\" data-id=\"ex_id-extp-4404-6535\"> \t\t\t\t\t<div class=\"exp-arrow \" \r\n\t\t\t\t\t >\r\n\t\t\t\t\t\t\t\t\t\t\t\t<figure class=\"tpstyle-list-1 tppost-6535\">\r\n  <div class=\"tplist-1-info\">\r\n    <div class=\"tplist-1-image\">\r\n        <a href=\"https:\/\/portal.pi.gov.br\/pc\/member\/adriana-maria-xavier-fontes-maximo\/\"><div class=\"image-bg-circle\" style=\"background-image: url(https:\/\/portal.pi.gov.br\/pc\/wp-content\/uploads\/sites\/42\/2023\/10\/Design-sem-nome-3-3-e1699627901142.jpg)\"><\/div><\/a>\r\n    <\/div><figcaption>\r\n      <h3><a href=\"https:\/\/portal.pi.gov.br\/pc\/member\/adriana-maria-xavier-fontes-maximo\/\">ADRIANA MARIA XAVIER FONTES MAXIMO<\/a><\/h3>\r\n                <h5>Delegada-Geral Adjunta<\/h5>\r\n                  <p>Pol\u00edcia Civil do Estado do Piau\u00ed<\/p>\r\n            <ul class ='ex-social-account'><li class='teampress-email'><a href='mailto:adriana.maximo@pc.pi.gov.br'><i class='far fa-envelope'><\/i><\/a><\/li><\/ul>    <\/figcaption>\r\n  <\/div>\r\n  <\/figure>\t\t\t\t\t<div class=\"exclearfix\"><\/div>\r\n\t\t\t\t\t<\/div>\r\n\t\t\t\t\t<\/div><div class=\"tpitem-list item-grid\" data-id=\"ex_id-extp-4404-6537\"> \t\t\t\t\t<div class=\"exp-arrow \" \r\n\t\t\t\t\t >\r\n\t\t\t\t\t\t\t\t\t\t\t\t<figure class=\"tpstyle-list-1 tppost-6537\">\r\n  <div class=\"tplist-1-info\">\r\n    <div class=\"tplist-1-image\">\r\n        <a href=\"https:\/\/portal.pi.gov.br\/pc\/member\/alfredo-cadena-junior\/\"><div class=\"image-bg-circle\" style=\"background-image: url(https:\/\/portal.pi.gov.br\/pc\/wp-content\/uploads\/sites\/42\/2023\/10\/WhatsApp-Image-2023-11-10-at-10.54.00-1-e1699628041113.jpeg)\"><\/div><\/a>\r\n    <\/div><figcaption>\r\n      <h3><a href=\"https:\/\/portal.pi.gov.br\/pc\/member\/alfredo-cadena-junior\/\">ALFREDO CADENA J\u00daNIOR<\/a><\/h3>\r\n                <h5>Corregedor Geral<\/h5>\r\n                  <p>Pol\u00edcia Civil do Estado do Piau\u00ed<\/p>\r\n            <ul class ='ex-social-account'><li class='teampress-email'><a href='mailto:cadena@pc.pi.gov.br'><i class='far fa-envelope'><\/i><\/a><\/li><\/ul>    <\/figcaption>\r\n  <\/div>\r\n  <\/figure>\t\t\t\t\t<div class=\"exclearfix\"><\/div>\r\n\t\t\t\t\t<\/div>\r\n\t\t\t\t\t<\/div><div class=\"tpitem-list item-grid\" data-id=\"ex_id-extp-4404-6538\"> \t\t\t\t\t<div class=\"exp-arrow \" \r\n\t\t\t\t\t >\r\n\t\t\t\t\t\t\t\t\t\t\t\t<figure class=\"tpstyle-list-1 tppost-6538\">\r\n  <div class=\"tplist-1-info\">\r\n    <div class=\"tplist-1-image\">\r\n        <a href=\"https:\/\/portal.pi.gov.br\/pc\/member\/anamelka-albuquerque-formiga\/\"><div class=\"image-bg-circle\" style=\"background-image: url(https:\/\/portal.pi.gov.br\/pc\/wp-content\/uploads\/sites\/42\/2023\/10\/WhatsApp-Image-2023-10-24-at-09.01.54.jpeg)\"><\/div><\/a>\r\n    <\/div><figcaption>\r\n      <h3><a href=\"https:\/\/portal.pi.gov.br\/pc\/member\/anamelka-albuquerque-formiga\/\">ANAMELKA ALBUQUERQUE FORMIGA<\/a><\/h3>\r\n                <h5>Diretora da Academia da Pol\u00edcia Civil - ACADEPOL<\/h5>\r\n                  <p>Pol\u00edcia Civil do Estado do Piau\u00ed<\/p>\r\n            <ul class ='ex-social-account'><li class='teampress-email'><a href='mailto:anamelka@pc.pi.gov.br'><i class='far fa-envelope'><\/i><\/a><\/li><\/ul>    <\/figcaption>\r\n  <\/div>\r\n  <\/figure>\t\t\t\t\t<div class=\"exclearfix\"><\/div>\r\n\t\t\t\t\t<\/div>\r\n\t\t\t\t\t<\/div><div class=\"tpitem-list item-grid\" data-id=\"ex_id-extp-4404-6539\"> \t\t\t\t\t<div class=\"exp-arrow \" \r\n\t\t\t\t\t >\r\n\t\t\t\t\t\t\t\t\t\t\t\t<figure class=\"tpstyle-list-1 tppost-6539\">\r\n  <div class=\"tplist-1-info\">\r\n    <div class=\"tplist-1-image\">\r\n        <a href=\"https:\/\/portal.pi.gov.br\/pc\/member\/carla-caldas-fontenele-brizzi-lima\/\"><div class=\"image-bg-circle\" style=\"background-image: url(https:\/\/portal.pi.gov.br\/pc\/wp-content\/uploads\/sites\/42\/2023\/10\/Carla-1.png)\"><\/div><\/a>\r\n    <\/div><figcaption>\r\n      <h3><a href=\"https:\/\/portal.pi.gov.br\/pc\/member\/carla-caldas-fontenele-brizzi-lima\/\">CARLA CALDAS FONTENELE BRIZZI LIMA<\/a><\/h3>\r\n                <h5>Diretora Administrativa<\/h5>\r\n                  <p>Pol\u00edcia Civil do Estado Piau\u00ed<\/p>\r\n            <ul class ='ex-social-account'><\/ul>    <\/figcaption>\r\n  <\/div>\r\n  <\/figure>\t\t\t\t\t<div class=\"exclearfix\"><\/div>\r\n\t\t\t\t\t<\/div>\r\n\t\t\t\t\t<\/div><div class=\"tpitem-list item-grid\" data-id=\"ex_id-extp-4404-6543\"> \t\t\t\t\t<div class=\"exp-arrow \" \r\n\t\t\t\t\t >\r\n\t\t\t\t\t\t\t\t\t\t\t\t<figure class=\"tpstyle-list-1 tppost-6543\">\r\n  <div class=\"tplist-1-info\">\r\n    <div class=\"tplist-1-image\">\r\n        <a href=\"https:\/\/portal.pi.gov.br\/pc\/member\/yan-rego-brayner\/\"><div class=\"image-bg-circle\" style=\"background-image: url(https:\/\/portal.pi.gov.br\/pc\/wp-content\/uploads\/sites\/42\/2023\/10\/delegado-yan.jpeg)\"><\/div><\/a>\r\n    <\/div><figcaption>\r\n      <h3><a href=\"https:\/\/portal.pi.gov.br\/pc\/member\/yan-rego-brayner\/\">YAN R\u00caGO BRAYNER<\/a><\/h3>\r\n                <h5>Diretor de Intelig\u00eancia<\/h5>\r\n                  <p>Pol\u00edcia Civil do Estado Piau\u00ed<\/p>\r\n            <ul class ='ex-social-account'><li class='teampress-email'><a href='mailto:yan.brainer@pc.pi.gov.br'><i class='far fa-envelope'><\/i><\/a><\/li><\/ul>    <\/figcaption>\r\n  <\/div>\r\n  <\/figure>\t\t\t\t\t<div class=\"exclearfix\"><\/div>\r\n\t\t\t\t\t<\/div>\r\n\t\t\t\t\t<\/div><div class=\"tpitem-list item-grid\" data-id=\"ex_id-extp-4404-6544\"> \t\t\t\t\t<div class=\"exp-arrow \" \r\n\t\t\t\t\t >\r\n\t\t\t\t\t\t\t\t\t\t\t\t<figure class=\"tpstyle-list-1 tppost-6544\">\r\n  <div class=\"tplist-1-info\">\r\n    <div class=\"tplist-1-image\">\r\n        <a href=\"https:\/\/portal.pi.gov.br\/pc\/member\/marcelo-cruz-araujo-leal\/\"><div class=\"image-bg-circle\" style=\"background-image: url(https:\/\/portal.pi.gov.br\/pc\/wp-content\/uploads\/sites\/42\/2023\/10\/delegado-marcelo.jpeg)\"><\/div><\/a>\r\n    <\/div><figcaption>\r\n      <h3><a href=\"https:\/\/portal.pi.gov.br\/pc\/member\/marcelo-cruz-araujo-leal\/\">MARCELO CRUZ ARA\u00daJO LEAL<\/a><\/h3>\r\n                <h5>Diretor de Pol\u00edcia Metropolitana<\/h5>\r\n                  <p>Pol\u00edcia Civil do Estado do Piau\u00ed<\/p>\r\n            <ul class ='ex-social-account'><li class='teampress-email'><a href='mailto:marcelo.araujo@pc.pi.gov.br'><i class='far fa-envelope'><\/i><\/a><\/li><\/ul>    <\/figcaption>\r\n  <\/div>\r\n  <\/figure>\t\t\t\t\t<div class=\"exclearfix\"><\/div>\r\n\t\t\t\t\t<\/div>\r\n\t\t\t\t\t<\/div><div class=\"tpitem-list item-grid\" data-id=\"ex_id-extp-4404-6545\"> \t\t\t\t\t<div class=\"exp-arrow \" \r\n\t\t\t\t\t >\r\n\t\t\t\t\t\t\t\t\t\t\t\t<figure class=\"tpstyle-list-1 tppost-6545\">\r\n  <div class=\"tplist-1-info\">\r\n    <div class=\"tplist-1-image\">\r\n        <a href=\"https:\/\/portal.pi.gov.br\/pc\/member\/francisco-celio-campos-goncalves-benicio\/\"><div class=\"image-bg-circle\" style=\"background-image: url(https:\/\/portal.pi.gov.br\/pc\/wp-content\/uploads\/sites\/42\/2023\/10\/delegado-ce\u0301lio.jpeg)\"><\/div><\/a>\r\n    <\/div><figcaption>\r\n      <h3><a href=\"https:\/\/portal.pi.gov.br\/pc\/member\/francisco-celio-campos-goncalves-benicio\/\">FRANCISCO CELIO CAMPOS GON\u00c7ALVES BEN\u00cdCIO<\/a><\/h3>\r\n                <h5>Diretor de Pol\u00edcia do Interior<\/h5>\r\n                  <p>Pol\u00edcia Civil do Estado do Piau\u00ed<\/p>\r\n            <ul class ='ex-social-account'><li class='teampress-email'><a href='mailto:celio.benicio@pc.pi.gov.br'><i class='far fa-envelope'><\/i><\/a><\/li><\/ul>    <\/figcaption>\r\n  <\/div>\r\n  <\/figure>\t\t\t\t\t<div class=\"exclearfix\"><\/div>\r\n\t\t\t\t\t<\/div>\r\n\t\t\t\t\t<\/div><div class=\"tpitem-list item-grid\" data-id=\"ex_id-extp-4404-6546\"> \t\t\t\t\t<div class=\"exp-arrow \" \r\n\t\t\t\t\t >\r\n\t\t\t\t\t\t\t\t\t\t\t\t<figure class=\"tpstyle-list-1 tppost-6546\">\r\n  <div class=\"tplist-1-info\">\r\n    <div class=\"tplist-1-image\">\r\n        <a href=\"https:\/\/portal.pi.gov.br\/pc\/member\/tales-de-moura-gomes\/\"><div class=\"image-bg-circle\" style=\"background-image: url(https:\/\/portal.pi.gov.br\/pc\/wp-content\/uploads\/sites\/42\/2023\/10\/delegado-tales.png)\"><\/div><\/a>\r\n    <\/div><figcaption>\r\n      <h3><a href=\"https:\/\/portal.pi.gov.br\/pc\/member\/tales-de-moura-gomes\/\">TALES DE MOURA GOMES<\/a><\/h3>\r\n                <h5>Diretor Especializado em Opera\u00e7\u00f5es Policiais (DEOP)<\/h5>\r\n                  <p>Pol\u00edcia Civil do Estado do Piau\u00ed<\/p>\r\n            <ul class ='ex-social-account'><li class='teampress-email'><a href='mailto:tales.gomes@pc.pi.gov.br'><i class='far fa-envelope'><\/i><\/a><\/li><\/ul>    <\/figcaption>\r\n  <\/div>\r\n  <\/figure>\t\t\t\t\t<div class=\"exclearfix\"><\/div>\r\n\t\t\t\t\t<\/div>\r\n\t\t\t\t\t<\/div><div class=\"tpitem-list item-grid\" data-id=\"ex_id-extp-4404-6547\"> \t\t\t\t\t<div class=\"exp-arrow \" \r\n\t\t\t\t\t >\r\n\t\t\t\t\t\t\t\t\t\t\t\t<figure class=\"tpstyle-list-1 tppost-6547\">\r\n  <div class=\"tplist-1-info\">\r\n    <div class=\"tplist-1-image\">\r\n        <a href=\"https:\/\/portal.pi.gov.br\/pc\/member\/bruna-verena-brito-do-rosario-fontenele\/\"><div class=\"image-bg-circle\" style=\"background-image: url(https:\/\/portal.pi.gov.br\/pc\/wp-content\/uploads\/sites\/42\/2023\/10\/Delegada-Bruna.jpeg)\"><\/div><\/a>\r\n    <\/div><figcaption>\r\n      <h3><a href=\"https:\/\/portal.pi.gov.br\/pc\/member\/bruna-verena-brito-do-rosario-fontenele\/\">BRUNA VERENA BRITO DO ROS\u00c1RIO FONTENELE<\/a><\/h3>\r\n                <h5>Diretora de Prote\u00e7\u00e3o \u00e0 Mulher e aos Grupos Vulner\u00e1veis <\/h5>\r\n                  <p>Pol\u00edcia Civil do Estado do Piau\u00ed<\/p>\r\n            <ul class ='ex-social-account'><li class='teampress-email'><a href='mailto:brunaverena@pc.pi.gov.br'><i class='far fa-envelope'><\/i><\/a><\/li><\/ul>    <\/figcaption>\r\n  <\/div>\r\n  <\/figure>\t\t\t\t\t<div class=\"exclearfix\"><\/div>\r\n\t\t\t\t\t<\/div>\r\n\t\t\t\t\t<\/div><div class=\"tpitem-list item-grid\" data-id=\"ex_id-extp-4404-6548\"> \t\t\t\t\t<div class=\"exp-arrow \" \r\n\t\t\t\t\t >\r\n\t\t\t\t\t\t\t\t\t\t\t\t<figure class=\"tpstyle-list-1 tppost-6548\">\r\n  <div class=\"tplist-1-info\">\r\n    <div class=\"tplist-1-image\">\r\n        <a href=\"https:\/\/portal.pi.gov.br\/pc\/member\/antonio-nunes-nunes-pereira\/\"><div class=\"image-bg-circle\" style=\"background-image: url(https:\/\/portal.pi.gov.br\/pc\/wp-content\/uploads\/sites\/42\/2023\/10\/delegado-nunes.jpeg)\"><\/div><\/a>\r\n    <\/div><figcaption>\r\n      <h3><a href=\"https:\/\/portal.pi.gov.br\/pc\/member\/antonio-nunes-nunes-pereira\/\">ANTONIO NUNES NUNES PEREIRA<\/a><\/h3>\r\n                <h5>Departamento de Policia Cientifica(DEPOC)<\/h5>\r\n                  <p>Pol\u00edcia Civil do Estado do Piau\u00ed<\/p>\r\n            <ul class ='ex-social-account'><li class='teampress-email'><a href='mailto:antonio.nunes@pc.pi.gov.br'><i class='far fa-envelope'><\/i><\/a><\/li><\/ul>    <\/figcaption>\r\n  <\/div>\r\n  <\/figure>\t\t\t\t\t<div class=\"exclearfix\"><\/div>\r\n\t\t\t\t\t<\/div>\r\n\t\t\t\t\t<\/div><div class=\"tpitem-list item-grid\" data-id=\"ex_id-extp-4404-6551\"> \t\t\t\t\t<div class=\"exp-arrow \" \r\n\t\t\t\t\t >\r\n\t\t\t\t\t\t\t\t\t\t\t\t<figure class=\"tpstyle-list-1 tppost-6551\">\r\n  <div class=\"tplist-1-info\">\r\n    <div class=\"tplist-1-image\">\r\n        <a href=\"https:\/\/portal.pi.gov.br\/pc\/member\/christiane-araujo-fonteles-vasconcelos\/\"><div class=\"image-bg-circle\" style=\"background-image: url(https:\/\/portal.pi.gov.br\/pc\/wp-content\/uploads\/sites\/42\/2023\/10\/WhatsApp-Image-2023-10-30-at-14.35.18-e1698782927249.jpeg)\"><\/div><\/a>\r\n    <\/div><figcaption>\r\n      <h3><a href=\"https:\/\/portal.pi.gov.br\/pc\/member\/christiane-araujo-fonteles-vasconcelos\/\">CHRISTIANE ARA\u00daJO FONTELES VASCONCELOS<\/a><\/h3>\r\n                <h5>Departamento Financeiro e Or\u00e7ament\u00e1rio<\/h5>\r\n                  <p>Pol\u00edcia Civil do Estado do Piau\u00ed<\/p>\r\n            <ul class ='ex-social-account'><\/ul>    <\/figcaption>\r\n  <\/div>\r\n  <\/figure>\t\t\t\t\t<div class=\"exclearfix\"><\/div>\r\n\t\t\t\t\t<\/div>\r\n\t\t\t\t\t<\/div>\t\t<\/div>\r\n\t\t        \t<\/div>\r\n\t\r\n\t\n","protected":false},"excerpt":{"rendered":"","protected":false},"author":1,"featured_media":0,"parent":0,"menu_order":0,"comment_status":"closed","ping_status":"closed","template":"template-fullwidth.php","meta":[],"featured_image_urls":{"full":"","thumbnail":"","medium":"","medium_large":"","large":"","sgg-420":"","sgg-540":"","sgg-780":"","1536x1536":"","2048x2048":"","homepage-slider":"","homepage-slider-small":"","page-top":"","page-small":"","loop-main":"","thumb-gallery-widget":""},"post_excerpt_stackable":"<p>All Categories Delegados Luccy Keiko Leal Para\u00edba Delegado Geral Pol\u00edcia Civil do Estado do Piau\u00ed ADRIANA MARIA XAVIER FONTES MAXIMO Delegada-Geral Adjunta Pol\u00edcia Civil do Estado do Piau\u00ed ALFREDO CADENA J\u00daNIOR Corregedor Geral Pol\u00edcia Civil do Estado do Piau\u00ed ANAMELKA ALBUQUERQUE FORMIGA Diretora da Academia da Pol\u00edcia Civil &#8211; ACADEPOL Pol\u00edcia Civil do Estado do Piau\u00ed CARLA CALDAS FONTENELE BRIZZI LIMA Diretora Administrativa Pol\u00edcia Civil do Estado Piau\u00ed YAN R\u00caGO BRAYNER Diretor de Intelig\u00eancia Pol\u00edcia Civil do Estado Piau\u00ed MARCELO CRUZ ARA\u00daJO LEAL Diretor de Pol\u00edcia Metropolitana Pol\u00edcia Civil do Estado do Piau\u00ed FRANCISCO CELIO CAMPOS GON\u00c7ALVES BEN\u00cdCIO Diretor de&hellip;<\/p>\n","category_list":"","author_info":{"name":"admin","url":"https:\/\/portal.pi.gov.br\/pc\/author\/admin\/"},"comments_num":"0 coment\u00e1rio","featured_image_urls_v2":{"full":"","thumbnail":"","medium":"","medium_large":"","large":"","sgg-420":"","sgg-540":"","sgg-780":"","1536x1536":"","2048x2048":"","homepage-slider":"","homepage-slider-small":"","page-top":"","page-small":"","loop-main":"","thumb-gallery-widget":""},"post_excerpt_stackable_v2":"<p>All Categories Delegados Luccy Keiko Leal Para\u00edba Delegado Geral Pol\u00edcia Civil do Estado do Piau\u00ed ADRIANA MARIA XAVIER FONTES MAXIMO Delegada-Geral Adjunta Pol\u00edcia Civil do Estado do Piau\u00ed ALFREDO CADENA J\u00daNIOR Corregedor Geral Pol\u00edcia Civil do Estado do Piau\u00ed ANAMELKA ALBUQUERQUE FORMIGA Diretora da Academia da Pol\u00edcia Civil &#8211; ACADEPOL Pol\u00edcia Civil do Estado do Piau\u00ed CARLA CALDAS FONTENELE BRIZZI LIMA Diretora Administrativa Pol\u00edcia Civil do Estado Piau\u00ed YAN R\u00caGO BRAYNER Diretor de Intelig\u00eancia Pol\u00edcia Civil do Estado Piau\u00ed MARCELO CRUZ ARA\u00daJO LEAL Diretor de Pol\u00edcia Metropolitana Pol\u00edcia Civil do Estado do Piau\u00ed FRANCISCO CELIO CAMPOS GON\u00c7ALVES BEN\u00cdCIO Diretor de&hellip;<\/p>\n","category_list_v2":"","author_info_v2":{"name":"admin","url":"https:\/\/portal.pi.gov.br\/pc\/author\/admin\/"},"comments_num_v2":"0 coment\u00e1rio","_links":{"self":[{"href":"https:\/\/portal.pi.gov.br\/pc\/wp-json\/wp\/v2\/pages\/5804"}],"collection":[{"href":"https:\/\/portal.pi.gov.br\/pc\/wp-json\/wp\/v2\/pages"}],"about":[{"href":"https:\/\/portal.pi.gov.br\/pc\/wp-json\/wp\/v2\/types\/page"}],"author":[{"embeddable":true,"href":"https:\/\/portal.pi.gov.br\/pc\/wp-json\/wp\/v2\/users\/1"}],"replies":[{"embeddable":true,"href":"https:\/\/portal.pi.gov.br\/pc\/wp-json\/wp\/v2\/comments?post=5804"}],"version-history":[{"count":4,"href":"https:\/\/portal.pi.gov.br\/pc\/wp-json\/wp\/v2\/pages\/5804\/revisions"}],"predecessor-version":[{"id":6575,"href":"https:\/\/portal.pi.gov.br\/pc\/wp-json\/wp\/v2\/pages\/5804\/revisions\/6575"}],"wp:attachment":[{"href":"https:\/\/portal.pi.gov.br\/pc\/wp-json\/wp\/v2\/media?parent=5804"}],"curies":[{"name":"wp","href":"https:\/\/api.w.org\/{rel}","templated":true}]}}