{"id":897,"date":"2022-01-29T16:26:09","date_gmt":"2022-01-29T19:26:09","guid":{"rendered":"https:\/\/portal.pi.gov.br\/pc\/?page_id=897"},"modified":"2025-12-10T12:02:17","modified_gmt":"2025-12-10T15:02:17","slug":"apresentacao","status":"publish","type":"page","link":"https:\/\/portal.pi.gov.br\/pc\/apresentacao\/","title":{"rendered":"Apresenta\u00e7\u00e3o"},"content":{"rendered":"<div class=\"wp-block-image\">\n<figure class=\"alignright size-large is-resized\"><img decoding=\"async\" loading=\"lazy\" src=\"https:\/\/portal.pi.gov.br\/pc\/wp-content\/uploads\/sites\/42\/2022\/01\/braza\u0303o-pc-1024x809.jpeg\" alt=\"\" class=\"wp-image-1021\" width=\"385\" height=\"303\" \/><\/figure><\/div>\n\n\n<p>A Pol\u00edcia Civil do Estado do Piau\u00ed surgiu quando da cria\u00e7\u00e3o das Chefaturas de Pol\u00edcia, por for\u00e7a do Decreto de 03\/12\/1841 e do Regulamento de 02\/02\/1842, mantidas pela Constitui\u00e7\u00e3o de 18\/07\/1935. O mais alto cargo dessa institui\u00e7\u00e3o policial era denominado Chefe de Pol\u00edcia ou Secret\u00e1rio de Pol\u00edcia (art. 51, da Constitui\u00e7\u00e3o de 27\/05\/1891).<\/p>\n\n\n\n<p>Contudo, somente no Governo Imperial de 22\/04\/1843, \u00e9 que foi confirmada a nomea\u00e7\u00e3o do Dr. Manoel Joaquim Ba\u00eda \u2013 Juiz do C\u00edvel e dos Feitos da Fazenda, da Comarca de Oeiras-PI, para exercer interinamente o cargo de Chefe de Pol\u00edcia, designado pela Portaria da Presid\u00eancia da Prov\u00edncia, de 09\/05\/1842, em cuja data foi instalada a Secretaria de Pol\u00edcia, embora sua denomina\u00e7\u00e3o somente tenha sido regulamentada pelo Decreto n\u00b0 1.898, de 21\/02\/1857.&nbsp;<\/p>\n\n\n\n<p>Dirigida por Delegado de Pol\u00edcia, a Pol\u00edcia Civil do Piau\u00ed teve suas diretrizes tra\u00e7adas pelo Decreto-Lei n\u00b0 772, de 09\/03\/1944, tendo sido reorganizado pelo Decreto-Lei n\u00b0 1.263, de 02\/08\/1946.<br>Esta institui\u00e7\u00e3o tem primado pelo desenvolvimento constante de suas atribui\u00e7\u00f5es de Pol\u00edcia Judici\u00e1ria e Cient\u00edfica, com \u00eanfase nas atividades investigativas e de apura\u00e7\u00e3o de infra\u00e7\u00f5es penais, aprimorando as \u00e1reas da intelig\u00eancia policial e pol\u00edcia t\u00e9cnica.<\/p>\n\n\n\n<p>A Pol\u00edcia Civil do Piau\u00ed \u00e9 uma institui\u00e7\u00e3o permanente de Estado que atua na investiga\u00e7\u00e3o criminal e promo\u00e7\u00e3o de pol\u00edticas p\u00fablicas voltadas \u00e0 garantia da Lei e da Ordem Social, conforme estabelecido na Constitui\u00e7\u00e3o Federal. \u00c9 \u00f3rg\u00e3o da Seguran\u00e7a P\u00fablica que assume o compromisso irrestrito e incondicionado de pautar sua atua\u00e7\u00e3o nos ditames da \u00e9tica e probidade, respeito aos direitos humanos, efetivo compromisso social e constante inova\u00e7\u00e3o, assumindo o absoluto compromisso inalien\u00e1vel de preserva\u00e7\u00e3o da ordem e patrim\u00f4nio p\u00fablicos, bem como assegurar a incolumidade das pessoas, em constante integra\u00e7\u00e3o com a sociedade.<\/p>\n\n\n\n<p>Exerceram o cargo de Delegado-Geral da Pol\u00edcia Civil do Estado do Piau\u00ed os seguintes Delegados: Nilson Cunha e Silva, Luiz Evangelista de Sousa, Raimundo Nonato Leite Barbosa, Francisco Carlos do Bonfim Filho, Cipriano Jos\u00e9 Leite Neto, Marcos Antonio Pereira Bastos, Mamede Rodrigues Cardoso Vieira Neto (2001), Eduardo Alves Ferreira (2002), Francisco das Chagas Santos Costa (2002), Mamede Rodrigues Cardoso Vieira Neto (reconduzido ao cargo no per\u00edodo de janeiro\/2003 a junho\/2004), Laercio Eulalio de Araujo Lima (junho\/2004 a 14\/02\/2007), Francisca Hildeth Leal Evangelista Nunes (fevereiro\/2007 a fevereiro\/2008), James Guerra J\u00fanior (fevereiro\/2008 at\u00e9 31\/12\/2014) e Riedel Batista dos Santos Reinaldo (janeiro\/2015 a 02\/12\/2018).&nbsp;<\/p>\n\n\n\n<p>Em 03\/12\/2018, assumiu a titularidade da Delegacia-Geral, o Delegado Luccy Keiko Leal Para\u00edba.<\/p>\n\n\n\n<p><\/p>\n\n\n\n<p><strong><u>Luccy Keiko Leal Para\u00edba<\/u><\/strong><\/p>\n\n\n\n<p>Delegado-Geral da Pol\u00edcia Civil do Estado do Piau\u00ed<\/p>\n\n\n\n<p><\/p>\n\n\n\n<p><strong>Endere\u00e7o da Delegacia-Geral:<\/strong><\/p>\n\n\n\n<p>Rua Mato Grosso, 912, bairro Ilhotas, Teresina-PI, CEP.: 64.00-710<\/p>\n\n\n\n<p>E-mail: delegaciageral@pc.pi.gov.br\u00a0 \u00a0 \u00a0<\/p>\n","protected":false},"excerpt":{"rendered":"<p>A Pol\u00edcia Civil do Estado do Piau\u00ed surgiu quando da cria\u00e7\u00e3o das Chefaturas de Pol\u00edcia, por for\u00e7a do Decreto de 03\/12\/1841 e do Regulamento de 02\/02\/1842, mantidas pela Constitui\u00e7\u00e3o de [&hellip;]<\/p>\n","protected":false},"author":1,"featured_media":0,"parent":0,"menu_order":0,"comment_status":"closed","ping_status":"closed","template":"template-fullwidth.php","meta":[],"featured_image_urls":{"full":"","thumbnail":"","medium":"","medium_large":"","large":"","sgg-420":"","sgg-540":"","sgg-780":"","1536x1536":"","2048x2048":"","homepage-slider":"","homepage-slider-small":"","page-top":"","page-small":"","loop-main":"","thumb-gallery-widget":""},"post_excerpt_stackable":"<p>A Pol\u00edcia Civil do Estado do Piau\u00ed surgiu quando da cria\u00e7\u00e3o das Chefaturas de Pol\u00edcia, por for\u00e7a do Decreto de 03\/12\/1841 e do Regulamento de 02\/02\/1842, mantidas pela Constitui\u00e7\u00e3o de 18\/07\/1935. O mais alto cargo dessa institui\u00e7\u00e3o policial era denominado Chefe de Pol\u00edcia ou Secret\u00e1rio de Pol\u00edcia (art. 51, da Constitui\u00e7\u00e3o de 27\/05\/1891). Contudo, somente no Governo Imperial de 22\/04\/1843, \u00e9 que foi confirmada a nomea\u00e7\u00e3o do Dr. Manoel Joaquim Ba\u00eda \u2013 Juiz do C\u00edvel e dos Feitos da Fazenda, da Comarca de Oeiras-PI, para exercer interinamente o cargo de Chefe de Pol\u00edcia, designado pela Portaria da Presid\u00eancia da Prov\u00edncia,&hellip;<\/p>\n","category_list":"","author_info":{"name":"admin","url":"https:\/\/portal.pi.gov.br\/pc\/author\/admin\/"},"comments_num":"0 coment\u00e1rio","featured_image_urls_v2":{"full":"","thumbnail":"","medium":"","medium_large":"","large":"","sgg-420":"","sgg-540":"","sgg-780":"","1536x1536":"","2048x2048":"","homepage-slider":"","homepage-slider-small":"","page-top":"","page-small":"","loop-main":"","thumb-gallery-widget":""},"post_excerpt_stackable_v2":"<p>A Pol\u00edcia Civil do Estado do Piau\u00ed surgiu quando da cria\u00e7\u00e3o das Chefaturas de Pol\u00edcia, por for\u00e7a do Decreto de 03\/12\/1841 e do Regulamento de 02\/02\/1842, mantidas pela Constitui\u00e7\u00e3o de 18\/07\/1935. O mais alto cargo dessa institui\u00e7\u00e3o policial era denominado Chefe de Pol\u00edcia ou Secret\u00e1rio de Pol\u00edcia (art. 51, da Constitui\u00e7\u00e3o de 27\/05\/1891). Contudo, somente no Governo Imperial de 22\/04\/1843, \u00e9 que foi confirmada a nomea\u00e7\u00e3o do Dr. Manoel Joaquim Ba\u00eda \u2013 Juiz do C\u00edvel e dos Feitos da Fazenda, da Comarca de Oeiras-PI, para exercer interinamente o cargo de Chefe de Pol\u00edcia, designado pela Portaria da Presid\u00eancia da Prov\u00edncia,&hellip;<\/p>\n","category_list_v2":"","author_info_v2":{"name":"admin","url":"https:\/\/portal.pi.gov.br\/pc\/author\/admin\/"},"comments_num_v2":"0 coment\u00e1rio","_links":{"self":[{"href":"https:\/\/portal.pi.gov.br\/pc\/wp-json\/wp\/v2\/pages\/897"}],"collection":[{"href":"https:\/\/portal.pi.gov.br\/pc\/wp-json\/wp\/v2\/pages"}],"about":[{"href":"https:\/\/portal.pi.gov.br\/pc\/wp-json\/wp\/v2\/types\/page"}],"author":[{"embeddable":true,"href":"https:\/\/portal.pi.gov.br\/pc\/wp-json\/wp\/v2\/users\/1"}],"replies":[{"embeddable":true,"href":"https:\/\/portal.pi.gov.br\/pc\/wp-json\/wp\/v2\/comments?post=897"}],"version-history":[{"count":9,"href":"https:\/\/portal.pi.gov.br\/pc\/wp-json\/wp\/v2\/pages\/897\/revisions"}],"predecessor-version":[{"id":16018,"href":"https:\/\/portal.pi.gov.br\/pc\/wp-json\/wp\/v2\/pages\/897\/revisions\/16018"}],"wp:attachment":[{"href":"https:\/\/portal.pi.gov.br\/pc\/wp-json\/wp\/v2\/media?parent=897"}],"curies":[{"name":"wp","href":"https:\/\/api.w.org\/{rel}","templated":true}]}}