{"id":899,"date":"2022-01-29T16:26:44","date_gmt":"2022-01-29T19:26:44","guid":{"rendered":"https:\/\/portal.pi.gov.br\/pc\/?page_id=899"},"modified":"2026-01-07T11:24:32","modified_gmt":"2026-01-07T14:24:32","slug":"estrutura-organizacional","status":"publish","type":"page","link":"https:\/\/portal.pi.gov.br\/pc\/estrutura-organizacional\/","title":{"rendered":"Estrutura Organizacional"},"content":{"rendered":"\n<p><strong><em><a rel=\"noreferrer noopener\" href=\"https:\/\/portal.pi.gov.br\/pc\/download\/210\/noticias\/15188\/decreto-n-22-223-2023.pdf\" data-type=\"URL\" data-id=\"https:\/\/portal.pi.gov.br\/pc\/download\/210\/noticias\/15188\/decreto-n-22-223-2023.pdf\" target=\"_blank\">CLIQUE AQUI <\/a><\/em><\/strong> para conhecer o inteiro teor do Decreto 22.223 de 14 de julho de 2023 que disp\u00f5e da <em>Estrutura Organizacional da Pol\u00edcia Civil, regulamentando o previsto no art. 5\u00ba-B da Lei Complementar n\u00ba 37, de 09 de mar\u00e7o de 2004 (Estatuto da Pol\u00edcia Civil do Estado do Piau\u00ed).<\/em><\/p>\n\n\n\n<p><\/p>\n\n\n\n<p><strong><em><a rel=\"noreferrer noopener\" href=\"https:\/\/portal.pi.gov.br\/pc\/download\/223\/identidade-visual-pcpi\/16285\/organograma-pc-pi.pdf\" data-type=\"URL\" data-id=\"https:\/\/portal.pi.gov.br\/pc\/download\/223\/identidade-visual-pcpi\/16285\/organograma-pc-pi.pdf\" target=\"_blank\">CLIQUE AQUI <\/a><\/em><\/strong> para acessar Organograma completo da Pol\u00edcia Civil do Estado do Piau\u00ed.<\/p>\n\n\n\n<p><\/p>\n\n\n\n<figure class=\"wp-block-image size-large\"><img decoding=\"async\" loading=\"lazy\" width=\"1024\" height=\"768\" src=\"https:\/\/portal.pi.gov.br\/pc\/wp-content\/uploads\/sites\/42\/2026\/01\/ESTRUTURA-ORGANIZACIONAL-7-1024x768.jpg\" alt=\"\" class=\"wp-image-16230\" srcset=\"https:\/\/portal.pi.gov.br\/pc\/wp-content\/uploads\/sites\/42\/2026\/01\/ESTRUTURA-ORGANIZACIONAL-7-1024x768.jpg 1024w, https:\/\/portal.pi.gov.br\/pc\/wp-content\/uploads\/sites\/42\/2026\/01\/ESTRUTURA-ORGANIZACIONAL-7-300x225.jpg 300w, https:\/\/portal.pi.gov.br\/pc\/wp-content\/uploads\/sites\/42\/2026\/01\/ESTRUTURA-ORGANIZACIONAL-7-768x576.jpg 768w, https:\/\/portal.pi.gov.br\/pc\/wp-content\/uploads\/sites\/42\/2026\/01\/ESTRUTURA-ORGANIZACIONAL-7-420x315.jpg 420w, https:\/\/portal.pi.gov.br\/pc\/wp-content\/uploads\/sites\/42\/2026\/01\/ESTRUTURA-ORGANIZACIONAL-7-540x405.jpg 540w, https:\/\/portal.pi.gov.br\/pc\/wp-content\/uploads\/sites\/42\/2026\/01\/ESTRUTURA-ORGANIZACIONAL-7-780x585.jpg 780w, https:\/\/portal.pi.gov.br\/pc\/wp-content\/uploads\/sites\/42\/2026\/01\/ESTRUTURA-ORGANIZACIONAL-7-947x710.jpg 947w, https:\/\/portal.pi.gov.br\/pc\/wp-content\/uploads\/sites\/42\/2026\/01\/ESTRUTURA-ORGANIZACIONAL-7-624x468.jpg 624w, https:\/\/portal.pi.gov.br\/pc\/wp-content\/uploads\/sites\/42\/2026\/01\/ESTRUTURA-ORGANIZACIONAL-7.jpg 1200w\" sizes=\"(max-width: 1024px) 100vw, 1024px\" \/><\/figure>\n\n\n\n<p><\/p>\n\n\n\n<p><\/p>\n\n\n\n<p><\/p>\n\n\n\n<p><\/p>\n\n\n\n<p><\/p>\n\n\n\n<p><\/p>\n\n\n\n<p><\/p>\n\n\n\n<figure class=\"wp-block-image size-large\"><img decoding=\"async\" loading=\"lazy\" width=\"1024\" height=\"768\" src=\"https:\/\/portal.pi.gov.br\/pc\/wp-content\/uploads\/sites\/42\/2026\/01\/ESTRUTURA-ORGANIZACIONAL-6-1-1024x768.jpg\" alt=\"\" class=\"wp-image-16259\" srcset=\"https:\/\/portal.pi.gov.br\/pc\/wp-content\/uploads\/sites\/42\/2026\/01\/ESTRUTURA-ORGANIZACIONAL-6-1-1024x768.jpg 1024w, https:\/\/portal.pi.gov.br\/pc\/wp-content\/uploads\/sites\/42\/2026\/01\/ESTRUTURA-ORGANIZACIONAL-6-1-300x225.jpg 300w, https:\/\/portal.pi.gov.br\/pc\/wp-content\/uploads\/sites\/42\/2026\/01\/ESTRUTURA-ORGANIZACIONAL-6-1-768x576.jpg 768w, https:\/\/portal.pi.gov.br\/pc\/wp-content\/uploads\/sites\/42\/2026\/01\/ESTRUTURA-ORGANIZACIONAL-6-1-420x315.jpg 420w, https:\/\/portal.pi.gov.br\/pc\/wp-content\/uploads\/sites\/42\/2026\/01\/ESTRUTURA-ORGANIZACIONAL-6-1-540x405.jpg 540w, https:\/\/portal.pi.gov.br\/pc\/wp-content\/uploads\/sites\/42\/2026\/01\/ESTRUTURA-ORGANIZACIONAL-6-1-780x585.jpg 780w, https:\/\/portal.pi.gov.br\/pc\/wp-content\/uploads\/sites\/42\/2026\/01\/ESTRUTURA-ORGANIZACIONAL-6-1-947x710.jpg 947w, https:\/\/portal.pi.gov.br\/pc\/wp-content\/uploads\/sites\/42\/2026\/01\/ESTRUTURA-ORGANIZACIONAL-6-1-624x468.jpg 624w, https:\/\/portal.pi.gov.br\/pc\/wp-content\/uploads\/sites\/42\/2026\/01\/ESTRUTURA-ORGANIZACIONAL-6-1.jpg 1200w\" sizes=\"(max-width: 1024px) 100vw, 1024px\" \/><\/figure>\n\n\n\n<ul>\n<li>A Delegacia-Geral (DGPC) \u00e9 dirigida pelo Delegado-Geral da Pol\u00edcia Civil do Piau\u00ed.<\/li>\n\n\n\n<li>O Gabinete do Delegado-Geral \u00e9 coordenado pelo Delegado-Geral Adjunto.<\/li>\n\n\n\n<li>A Corregedoria-Geral da Pol\u00edcia Civil (CGPC) \u00e9 dirigida pelo Corregedor-Geral tem a seguinte estrutura: I &#8211; Gabinete do Corregedor; II &#8211; Departamento de Consultoria e Assessoramento; III &#8211; Departamento de Correi\u00e7\u00e3o e Inspe\u00e7\u00e3o; IV &#8211; Departamento de Processo Administrativo e Disciplinar. <\/li>\n\n\n\n<li>A Academia da Pol\u00edcia Civil (ACADEPOL) dirigida pelo Diretor e possui a seguinte estrutura: I &#8211; Diretoria; II \u2013 Ger\u00eancia; III &#8211; Coordena\u00e7\u00e3o Pedag\u00f3gica; IV &#8211; Coordena\u00e7\u00e3o Operacional; V &#8211; Secretaria.<\/li>\n\n\n\n<li>O Departamento de Pol\u00edcia Cient\u00edfica \u2013 DEPOC \u00e9 dirigido pelo Perito-Geral e tem a seguinte estrutura: I \u2013 Gabinete do Perito-Geral; II \u2013 Instituto de Criminal\u00edstica \u201cPerito Criminal Vital Ara\u00fajo\u201d \u2013 IC; III &#8211; Instituto de Medicina Legal \u201cGerardo Vasconcelos\u201d &#8211; IML; IV &#8211; Instituto de DNA Forense \u201cPerito Criminal Raimundo Jorge de Andrade J\u00fanior\u201d \u2013 IDNA; V &#8211; Departamento de Biometria Forense \u201cJo\u00e3o de Deus Martins\u201d \u2013 IBF; V &#8211; N\u00facleos Regionais de Pol\u00edcia Cient\u00edfica.<\/li>\n<\/ul>\n\n\n\n<p><\/p>\n\n\n\n<p><\/p>\n\n\n\n<p><\/p>\n","protected":false},"excerpt":{"rendered":"<p>CLIQUE AQUI para conhecer o inteiro teor do Decreto 22.223 de 14 de julho de 2023 que disp\u00f5e da Estrutura Organizacional da Pol\u00edcia Civil, regulamentando o previsto no art. 5\u00ba-B [&hellip;]<\/p>\n","protected":false},"author":1,"featured_media":0,"parent":0,"menu_order":0,"comment_status":"closed","ping_status":"closed","template":"template-fullwidth.php","meta":[],"featured_image_urls":{"full":"","thumbnail":"","medium":"","medium_large":"","large":"","sgg-420":"","sgg-540":"","sgg-780":"","1536x1536":"","2048x2048":"","homepage-slider":"","homepage-slider-small":"","page-top":"","page-small":"","loop-main":"","thumb-gallery-widget":""},"post_excerpt_stackable":"<p>CLIQUE AQUI para conhecer o inteiro teor do Decreto 22.223 de 14 de julho de 2023 que disp\u00f5e da Estrutura Organizacional da Pol\u00edcia Civil, regulamentando o previsto no art. 5\u00ba-B da Lei Complementar n\u00ba 37, de 09 de mar\u00e7o de 2004 (Estatuto da Pol\u00edcia Civil do Estado do Piau\u00ed). CLIQUE AQUI para acessar Organograma completo da Pol\u00edcia Civil do Estado do Piau\u00ed. A Delegacia-Geral (DGPC) \u00e9 dirigida pelo Delegado-Geral da Pol\u00edcia Civil do Piau\u00ed. O Gabinete do Delegado-Geral \u00e9 coordenado pelo Delegado-Geral Adjunto. A Corregedoria-Geral da Pol\u00edcia Civil (CGPC) \u00e9 dirigida pelo Corregedor-Geral tem a seguinte estrutura: I &#8211; Gabinete&hellip;<\/p>\n","category_list":"","author_info":{"name":"admin","url":"https:\/\/portal.pi.gov.br\/pc\/author\/admin\/"},"comments_num":"0 coment\u00e1rio","featured_image_urls_v2":{"full":"","thumbnail":"","medium":"","medium_large":"","large":"","sgg-420":"","sgg-540":"","sgg-780":"","1536x1536":"","2048x2048":"","homepage-slider":"","homepage-slider-small":"","page-top":"","page-small":"","loop-main":"","thumb-gallery-widget":""},"post_excerpt_stackable_v2":"<p>CLIQUE AQUI para conhecer o inteiro teor do Decreto 22.223 de 14 de julho de 2023 que disp\u00f5e da Estrutura Organizacional da Pol\u00edcia Civil, regulamentando o previsto no art. 5\u00ba-B da Lei Complementar n\u00ba 37, de 09 de mar\u00e7o de 2004 (Estatuto da Pol\u00edcia Civil do Estado do Piau\u00ed). CLIQUE AQUI para acessar Organograma completo da Pol\u00edcia Civil do Estado do Piau\u00ed. A Delegacia-Geral (DGPC) \u00e9 dirigida pelo Delegado-Geral da Pol\u00edcia Civil do Piau\u00ed. O Gabinete do Delegado-Geral \u00e9 coordenado pelo Delegado-Geral Adjunto. A Corregedoria-Geral da Pol\u00edcia Civil (CGPC) \u00e9 dirigida pelo Corregedor-Geral tem a seguinte estrutura: I &#8211; Gabinete&hellip;<\/p>\n","category_list_v2":"","author_info_v2":{"name":"admin","url":"https:\/\/portal.pi.gov.br\/pc\/author\/admin\/"},"comments_num_v2":"0 coment\u00e1rio","_links":{"self":[{"href":"https:\/\/portal.pi.gov.br\/pc\/wp-json\/wp\/v2\/pages\/899"}],"collection":[{"href":"https:\/\/portal.pi.gov.br\/pc\/wp-json\/wp\/v2\/pages"}],"about":[{"href":"https:\/\/portal.pi.gov.br\/pc\/wp-json\/wp\/v2\/types\/page"}],"author":[{"embeddable":true,"href":"https:\/\/portal.pi.gov.br\/pc\/wp-json\/wp\/v2\/users\/1"}],"replies":[{"embeddable":true,"href":"https:\/\/portal.pi.gov.br\/pc\/wp-json\/wp\/v2\/comments?post=899"}],"version-history":[{"count":19,"href":"https:\/\/portal.pi.gov.br\/pc\/wp-json\/wp\/v2\/pages\/899\/revisions"}],"predecessor-version":[{"id":16286,"href":"https:\/\/portal.pi.gov.br\/pc\/wp-json\/wp\/v2\/pages\/899\/revisions\/16286"}],"wp:attachment":[{"href":"https:\/\/portal.pi.gov.br\/pc\/wp-json\/wp\/v2\/media?parent=899"}],"curies":[{"name":"wp","href":"https:\/\/api.w.org\/{rel}","templated":true}]}}