{"id":901,"date":"2022-01-29T16:27:37","date_gmt":"2022-01-29T19:27:37","guid":{"rendered":"https:\/\/portal.pi.gov.br\/pc\/?page_id=901"},"modified":"2025-12-10T12:10:10","modified_gmt":"2025-12-10T15:10:10","slug":"delegacia-geral","status":"publish","type":"page","link":"https:\/\/portal.pi.gov.br\/pc\/delegacia-geral\/","title":{"rendered":"Delegacia-Geral"},"content":{"rendered":"\n<p>A Delegacia-Geral \u00e9 \u00f3rg\u00e3o central da Pol\u00edcia Civil do Piau\u00ed, institui\u00e7\u00e3o dirigida pelo Delegado-Geral , que tem como atribui\u00e7\u00f5es superiores: orienta\u00e7\u00e3o, coordena\u00e7\u00e3o e supervis\u00e3o da Pol\u00edcia Civil, dirigindo, controlando e planejando suas atividades, dentre outras compet\u00eancias previstas no Art. 73 da Lei Complementar n\u00ba 037, de 09\/03\/2004, que disp\u00f5e sobre o Estatuto da Pol\u00edcia Civil do Estado do Piau\u00ed.<\/p>\n\n\n\n<p>Exerceram o cargo de Delegado-Geral da Pol\u00edcia Civil do Estado do Piau\u00ed: Nilson Cunha e Silva, Luiz Evangelista de Sousa, Raimundo Nonato Leite Barbosa, Francisco Carlos do Bonfim Filho, Cipriano Jos\u00e9 Leite Neto, Marcos Antonio Pereira Bastos, Mamede Rodrigues Cardoso Vieira Neto (2001), Eduardo Alves Ferreira (2002), Francisco das Chagas Santos Costa (2002), Mamede Rodrigues Cardoso Vieira Neto (reconduzido ao cargo no per\u00edodo de janeiro\/2003 a junho\/2004), Laercio Eulalio de Araujo Lima (junho\/2004 a 14\/02\/2007), Francisca Hildeth Leal Evangelista Nunes (fevereiro\/2007 a fevereiro de 2008), James Guerra J\u00fanior (fevereiro de 2008 at\u00e9 31\/12\/2014) e Riedel Batista dos Santos Reinaldo (01\/\/01\/2015 a 02\/12\/2018).Atualmente assume o cargo de Delegado-Geral, o DPC Luccy Keiko Leal Para\u00edba.&nbsp;<\/p>\n\n\n\n<p>A qualifica\u00e7\u00e3o para o exerc\u00edcio da atividade policial \u00e9 feita na Academia de Pol\u00edcia Civil, onde os pretensos policiais s\u00e3o submetidos a curso de forma\u00e7\u00e3o profissional e teste psicot\u00e9cnico, como etapas de concurso p\u00fablico, indispens\u00e1veis ao ingresso na carreira.<br><br><\/p>\n\n\n\n<p><strong>Endere\u00e7o da Delegacia-Geral:<\/strong><br>Rua Mato Grosso, 912, bairro Ilhotas, Teresina-PI, CEP.: 64.000-710.<br>E-mail: delegaciageral@pc.pi.gov.br<\/p>\n\n\n\n<p><strong>CNPJ: <\/strong>06.553.549\/002729<br><\/p>\n","protected":false},"excerpt":{"rendered":"<p>A Delegacia-Geral \u00e9 \u00f3rg\u00e3o central da Pol\u00edcia Civil do Piau\u00ed, institui\u00e7\u00e3o dirigida pelo Delegado-Geral , que tem como atribui\u00e7\u00f5es superiores: orienta\u00e7\u00e3o, coordena\u00e7\u00e3o e supervis\u00e3o da Pol\u00edcia Civil, dirigindo, controlando e [&hellip;]<\/p>\n","protected":false},"author":1,"featured_media":0,"parent":0,"menu_order":0,"comment_status":"closed","ping_status":"closed","template":"template-fullwidth.php","meta":[],"featured_image_urls":{"full":"","thumbnail":"","medium":"","medium_large":"","large":"","sgg-420":"","sgg-540":"","sgg-780":"","1536x1536":"","2048x2048":"","homepage-slider":"","homepage-slider-small":"","page-top":"","page-small":"","loop-main":"","thumb-gallery-widget":""},"post_excerpt_stackable":"<p>A Delegacia-Geral \u00e9 \u00f3rg\u00e3o central da Pol\u00edcia Civil do Piau\u00ed, institui\u00e7\u00e3o dirigida pelo Delegado-Geral , que tem como atribui\u00e7\u00f5es superiores: orienta\u00e7\u00e3o, coordena\u00e7\u00e3o e supervis\u00e3o da Pol\u00edcia Civil, dirigindo, controlando e planejando suas atividades, dentre outras compet\u00eancias previstas no Art. 73 da Lei Complementar n\u00ba 037, de 09\/03\/2004, que disp\u00f5e sobre o Estatuto da Pol\u00edcia Civil do Estado do Piau\u00ed. Exerceram o cargo de Delegado-Geral da Pol\u00edcia Civil do Estado do Piau\u00ed: Nilson Cunha e Silva, Luiz Evangelista de Sousa, Raimundo Nonato Leite Barbosa, Francisco Carlos do Bonfim Filho, Cipriano Jos\u00e9 Leite Neto, Marcos Antonio Pereira Bastos, Mamede Rodrigues Cardoso Vieira&hellip;<\/p>\n","category_list":"","author_info":{"name":"admin","url":"https:\/\/portal.pi.gov.br\/pc\/author\/admin\/"},"comments_num":"0 coment\u00e1rio","featured_image_urls_v2":{"full":"","thumbnail":"","medium":"","medium_large":"","large":"","sgg-420":"","sgg-540":"","sgg-780":"","1536x1536":"","2048x2048":"","homepage-slider":"","homepage-slider-small":"","page-top":"","page-small":"","loop-main":"","thumb-gallery-widget":""},"post_excerpt_stackable_v2":"<p>A Delegacia-Geral \u00e9 \u00f3rg\u00e3o central da Pol\u00edcia Civil do Piau\u00ed, institui\u00e7\u00e3o dirigida pelo Delegado-Geral , que tem como atribui\u00e7\u00f5es superiores: orienta\u00e7\u00e3o, coordena\u00e7\u00e3o e supervis\u00e3o da Pol\u00edcia Civil, dirigindo, controlando e planejando suas atividades, dentre outras compet\u00eancias previstas no Art. 73 da Lei Complementar n\u00ba 037, de 09\/03\/2004, que disp\u00f5e sobre o Estatuto da Pol\u00edcia Civil do Estado do Piau\u00ed. Exerceram o cargo de Delegado-Geral da Pol\u00edcia Civil do Estado do Piau\u00ed: Nilson Cunha e Silva, Luiz Evangelista de Sousa, Raimundo Nonato Leite Barbosa, Francisco Carlos do Bonfim Filho, Cipriano Jos\u00e9 Leite Neto, Marcos Antonio Pereira Bastos, Mamede Rodrigues Cardoso Vieira&hellip;<\/p>\n","category_list_v2":"","author_info_v2":{"name":"admin","url":"https:\/\/portal.pi.gov.br\/pc\/author\/admin\/"},"comments_num_v2":"0 coment\u00e1rio","_links":{"self":[{"href":"https:\/\/portal.pi.gov.br\/pc\/wp-json\/wp\/v2\/pages\/901"}],"collection":[{"href":"https:\/\/portal.pi.gov.br\/pc\/wp-json\/wp\/v2\/pages"}],"about":[{"href":"https:\/\/portal.pi.gov.br\/pc\/wp-json\/wp\/v2\/types\/page"}],"author":[{"embeddable":true,"href":"https:\/\/portal.pi.gov.br\/pc\/wp-json\/wp\/v2\/users\/1"}],"replies":[{"embeddable":true,"href":"https:\/\/portal.pi.gov.br\/pc\/wp-json\/wp\/v2\/comments?post=901"}],"version-history":[{"count":9,"href":"https:\/\/portal.pi.gov.br\/pc\/wp-json\/wp\/v2\/pages\/901\/revisions"}],"predecessor-version":[{"id":16022,"href":"https:\/\/portal.pi.gov.br\/pc\/wp-json\/wp\/v2\/pages\/901\/revisions\/16022"}],"wp:attachment":[{"href":"https:\/\/portal.pi.gov.br\/pc\/wp-json\/wp\/v2\/media?parent=901"}],"curies":[{"name":"wp","href":"https:\/\/api.w.org\/{rel}","templated":true}]}}