{"id":905,"date":"2022-01-29T16:28:55","date_gmt":"2022-01-29T19:28:55","guid":{"rendered":"https:\/\/portal.pi.gov.br\/pc\/?page_id=905"},"modified":"2026-01-09T09:49:09","modified_gmt":"2026-01-09T12:49:09","slug":"identidade-visual","status":"publish","type":"page","link":"https:\/\/portal.pi.gov.br\/pc\/identidade-visual\/","title":{"rendered":"Identidade Visual"},"content":{"rendered":"\n<div class=\"alignfull wp-block-ugb-feature-grid ugb-feature-grid ugb-7a142f9 ugb-feature-grid--v2 ugb-feature-grid--columns-3 ugb-feature-grid--design-basic ugb-main-block ugb-main-block--inner-center ugb--has-block-background\"><style>.ugb-7a142f9 .ugb-feature-grid__item{border-radius:16px !important}.ugb-7a142f9 .ugb-feature-grid__title{font-size:25px !important;text-align:center}.ugb-7a142f9 .ugb-feature-grid__description{text-align:center}.ugb-7a142f9 .ugb-button .ugb-button--inner{font-family:-apple-system,BlinkMacSystemFont,\"Segoe UI\",Roboto,Helvetica,Arial,sans-serif,\"Apple Color Emoji\",\"Segoe UI Emoji\",\"Segoe UI Symbol\" !important;font-size:18px !important}.ugb-7a142f9 .ugb-button{background-color:var(--stk-global-color-4603,#313131);border-radius:0px !important}.ugb-7a142f9 .ugb-button .ugb-button--inner,.ugb-7a142f9 .ugb-button svg:not(.ugb-custom-icon){color:#ffffff !important}.ugb-7a142f9 .ugb-button:before{border-radius:0px !important}.ugb-7a142f9 .ugb-button-container{text-align:center !important}.ugb-7a142f9 .ugb-inner-block{text-align:center}<\/style><div class=\"ugb-inner-block ugb-inner-block--center\"><div class=\"ugb-block-content\"><div class=\"ugb-feature-grid__item ugb-feature-grid__item1 ugb--shadow-3\"><div class=\"ugb-feature-grid__content\"><h5 class=\"ugb-feature-grid__title\">Slide<\/h5><p class=\"ugb-feature-grid__description\">Modelo Padr\u00e3o Slide Pol\u00edcia Civil.<\/p><div class=\"ugb-button-container\"><a class=\"ugb-button ugb-button--size-small\" href=\"https:\/\/portal.pi.gov.br\/pc\/wp-content\/uploads\/sites\/42\/2022\/01\/PC28_3c742284a6.pptx\" target=\"_blank\" rel=\"noopener noreferrer\" title=\"\"><span class=\"ugb-button--inner\">Download<\/span><\/a><\/div><\/div><\/div><div class=\"ugb-feature-grid__item ugb-feature-grid__item2 ugb--shadow-3\"><div class=\"ugb-feature-grid__content\"><h5 class=\"ugb-feature-grid__title\">Papel Timbrado<\/h5><p class=\"ugb-feature-grid__description\">Modelo Papel Timbrado da Pol\u00edcia Civil.<\/p><div class=\"ugb-button-container\"><a class=\"ugb-button ugb-button--size-small\" href=\"https:\/\/portal.pi.gov.br\/pc\/download\/223\/identidade-visual-pcpi\/16351\/papel-timbrado.docx\" target=\"_blank\" rel=\"noopener noreferrer\" title=\"\"><span class=\"ugb-button--inner\">Download<\/span><\/a><\/div><\/div><\/div><div class=\"ugb-feature-grid__item ugb-feature-grid__item3 ugb--shadow-3\"><div class=\"ugb-feature-grid__content\"><h5 class=\"ugb-feature-grid__title\">Lei<\/h5><p class=\"ugb-feature-grid__description\">Institui o Hino e a Bandeira da Pol\u00edcia Civil.<\/p><div class=\"ugb-button-container\"><a class=\"ugb-button ugb-button--size-small\" href=\"https:\/\/portal.pi.gov.br\/pc\/wp-content\/uploads\/sites\/42\/2022\/01\/Lei-Bandeira-page-1.pdf\" target=\"_blank\" rel=\"noopener noreferrer\" title=\"\"><span class=\"ugb-button--inner\">Download<\/span><\/a><\/div><\/div><\/div><\/div><\/div><\/div>\n\n\n\n<div class=\"alignfull wp-block-ugb-feature-grid ugb-feature-grid ugb-88588cc ugb-feature-grid--v2 ugb-feature-grid--columns-3 ugb-feature-grid--design-basic ugb-main-block ugb-main-block--inner-center ugb--has-block-background\"><style>.ugb-88588cc .ugb-feature-grid__item{border-radius:16px !important}.ugb-88588cc .ugb-feature-grid__title{font-size:25px !important;text-align:center}.ugb-88588cc .ugb-feature-grid__description{text-align:center}.ugb-88588cc .ugb-button .ugb-button--inner{font-family:-apple-system,BlinkMacSystemFont,\"Segoe UI\",Roboto,Helvetica,Arial,sans-serif,\"Apple Color Emoji\",\"Segoe UI Emoji\",\"Segoe UI Symbol\" !important;font-size:18px !important}.ugb-88588cc .ugb-button{background-color:var(--stk-global-color-4603,#313131);border-radius:0px !important}.ugb-88588cc .ugb-button .ugb-button--inner,.ugb-88588cc .ugb-button svg:not(.ugb-custom-icon){color:#ffffff !important}.ugb-88588cc .ugb-button:before{border-radius:0px !important}.ugb-88588cc .ugb-button-container{text-align:center !important}.ugb-88588cc .ugb-inner-block{text-align:center}@media screen and (min-width:768px){.ugb-88588cc.ugb-feature-grid{margin-top:-127px !important}}<\/style><div class=\"ugb-inner-block ugb-inner-block--center\"><div class=\"ugb-block-content\"><div class=\"ugb-feature-grid__item ugb-feature-grid__item1 ugb--shadow-3\"><div class=\"ugb-feature-grid__content\"><h5 class=\"ugb-feature-grid__title\">Manual<\/h5><p class=\"ugb-feature-grid__description\">Manual de Identidade Visual da Pol\u00edcia Civil.<\/p><div class=\"ugb-button-container\"><a class=\"ugb-button ugb-button--size-small\" href=\"https:\/\/portal.pi.gov.br\/pc\/download\/223\/identidade-visual-pcpi\/14415\/manual-de-identidade-visual-da-policia-civil-do-piaui-4-2025.pdf\" target=\"_blank\" rel=\"noopener noreferrer\" title=\"\"><span class=\"ugb-button--inner\">Download<\/span><\/a><\/div><\/div><\/div><div class=\"ugb-feature-grid__item ugb-feature-grid__item2 ugb--shadow-3\"><div class=\"ugb-feature-grid__content\"><h5 class=\"ugb-feature-grid__title\">Portaria<\/h5><p class=\"ugb-feature-grid__description\">Portaria de Padroniza\u00e7\u00e3o Visual da Pol\u00edcia Civil.<\/p><div class=\"ugb-button-container\"><a class=\"ugb-button ugb-button--size-small\" href=\"https:\/\/portal.pi.gov.br\/pc\/wp-content\/uploads\/sites\/42\/2022\/01\/PC09_b1091b9501.pdf\" target=\"_blank\" rel=\"noopener noreferrer\" title=\"\"><span class=\"ugb-button--inner\">Download<\/span><\/a><\/div><\/div><\/div><div class=\"ugb-feature-grid__item ugb-feature-grid__item3 ugb--shadow-3\"><div class=\"ugb-feature-grid__content\"><h5 class=\"ugb-feature-grid__title\">Decreto<\/h5><p class=\"ugb-feature-grid__description\">Decreto Bras\u00e3o da Pol\u00edcia Civil.<\/p><div class=\"ugb-button-container\"><a class=\"ugb-button ugb-button--size-small\" href=\"https:\/\/portal.pi.gov.br\/pc\/wp-content\/uploads\/sites\/42\/2022\/01\/Decreto-Braza\u0303o.pdf\" target=\"_blank\" rel=\"noopener noreferrer\" title=\"\"><span class=\"ugb-button--inner\">Download<\/span><\/a><\/div><\/div><\/div><\/div><\/div><\/div>\n\n\n\n<div class=\"alignfull wp-block-ugb-feature-grid ugb-feature-grid ugb-5826d42 ugb-feature-grid--v2 ugb-feature-grid--columns-1 ugb-feature-grid--design-basic ugb-main-block ugb-main-block--inner-center ugb--has-block-background\"><style>.ugb-5826d42 .ugb-feature-grid__item{border-radius:16px !important}.ugb-5826d42 .ugb-feature-grid__title{font-size:25px !important;text-align:center}.ugb-5826d42 .ugb-feature-grid__description{text-align:center}.ugb-5826d42 .ugb-button .ugb-button--inner{font-family:-apple-system,BlinkMacSystemFont,\"Segoe UI\",Roboto,Helvetica,Arial,sans-serif,\"Apple Color Emoji\",\"Segoe UI Emoji\",\"Segoe UI Symbol\" !important;font-size:18px !important}.ugb-5826d42 .ugb-button{background-color:var(--stk-global-color-4603,#313131);border-radius:0px !important}.ugb-5826d42 .ugb-button .ugb-button--inner,.ugb-5826d42 .ugb-button svg:not(.ugb-custom-icon){color:#ffffff !important}.ugb-5826d42 .ugb-button:before{border-radius:0px !important}.ugb-5826d42 .ugb-button-container{text-align:center !important}.ugb-5826d42 .ugb-inner-block{text-align:center}@media screen and (min-width:768px){.ugb-5826d42.ugb-feature-grid{margin-top:-127px !important}}<\/style><div class=\"ugb-inner-block ugb-inner-block--center\"><div class=\"ugb-block-content\"><div class=\"ugb-feature-grid__item ugb-feature-grid__item1 ugb--shadow-3\"><div class=\"ugb-feature-grid__content\"><h5 class=\"ugb-feature-grid__title\">Empresas Credenciadas<\/h5><p class=\"ugb-feature-grid__description\">Rela\u00e7\u00e3o de empresas credenciadas a fornecerem materiais para a PC-PI<\/p><div class=\"ugb-button-container\"><a class=\"ugb-button ugb-button--size-small\" href=\"https:\/\/portal.pi.gov.br\/pc\/wp-content\/uploads\/sites\/42\/2022\/04\/PC08_6de67d55fc-1.pdf\" target=\"_blank\" rel=\"noopener noreferrer\" title=\"\"><span class=\"ugb-button--inner\">Download<\/span><\/a><\/div><\/div><\/div><\/div><\/div><\/div>\n","protected":false},"excerpt":{"rendered":"<p>Slide Modelo Padr\u00e3o Slide Pol\u00edcia Civil. Download Papel Timbrado Modelo Papel Timbrado da Pol\u00edcia Civil. Download Lei Institui o Hino e a Bandeira da Pol\u00edcia Civil. Download Manual Manual de [&hellip;]<\/p>\n","protected":false},"author":1,"featured_media":0,"parent":0,"menu_order":0,"comment_status":"closed","ping_status":"closed","template":"template-fullwidth.php","meta":[],"featured_image_urls":{"full":"","thumbnail":"","medium":"","medium_large":"","large":"","sgg-420":"","sgg-540":"","sgg-780":"","1536x1536":"","2048x2048":"","homepage-slider":"","homepage-slider-small":"","page-top":"","page-small":"","loop-main":"","thumb-gallery-widget":""},"post_excerpt_stackable":"<p>SlideModelo Padr\u00e3o Slide Pol\u00edcia Civil.DownloadPapel TimbradoModelo Papel Timbrado da Pol\u00edcia Civil.DownloadLeiInstitui o Hino e a Bandeira da Pol\u00edcia Civil.Download ManualManual de Identidade Visual da Pol\u00edcia Civil.DownloadPortariaPortaria de Padroniza\u00e7\u00e3o Visual da Pol\u00edcia Civil.DownloadDecretoDecreto Bras\u00e3o da Pol\u00edcia Civil.Download Empresas CredenciadasRela\u00e7\u00e3o de empresas credenciadas a fornecerem materiais para a PC-PIDownload<\/p>\n","category_list":"","author_info":{"name":"admin","url":"https:\/\/portal.pi.gov.br\/pc\/author\/admin\/"},"comments_num":"0 coment\u00e1rio","featured_image_urls_v2":{"full":"","thumbnail":"","medium":"","medium_large":"","large":"","sgg-420":"","sgg-540":"","sgg-780":"","1536x1536":"","2048x2048":"","homepage-slider":"","homepage-slider-small":"","page-top":"","page-small":"","loop-main":"","thumb-gallery-widget":""},"post_excerpt_stackable_v2":"<p>SlideModelo Padr\u00e3o Slide Pol\u00edcia Civil.DownloadPapel TimbradoModelo Papel Timbrado da Pol\u00edcia Civil.DownloadLeiInstitui o Hino e a Bandeira da Pol\u00edcia Civil.Download ManualManual de Identidade Visual da Pol\u00edcia Civil.DownloadPortariaPortaria de Padroniza\u00e7\u00e3o Visual da Pol\u00edcia Civil.DownloadDecretoDecreto Bras\u00e3o da Pol\u00edcia Civil.Download Empresas CredenciadasRela\u00e7\u00e3o de empresas credenciadas a fornecerem materiais para a PC-PIDownload<\/p>\n","category_list_v2":"","author_info_v2":{"name":"admin","url":"https:\/\/portal.pi.gov.br\/pc\/author\/admin\/"},"comments_num_v2":"0 coment\u00e1rio","_links":{"self":[{"href":"https:\/\/portal.pi.gov.br\/pc\/wp-json\/wp\/v2\/pages\/905"}],"collection":[{"href":"https:\/\/portal.pi.gov.br\/pc\/wp-json\/wp\/v2\/pages"}],"about":[{"href":"https:\/\/portal.pi.gov.br\/pc\/wp-json\/wp\/v2\/types\/page"}],"author":[{"embeddable":true,"href":"https:\/\/portal.pi.gov.br\/pc\/wp-json\/wp\/v2\/users\/1"}],"replies":[{"embeddable":true,"href":"https:\/\/portal.pi.gov.br\/pc\/wp-json\/wp\/v2\/comments?post=905"}],"version-history":[{"count":16,"href":"https:\/\/portal.pi.gov.br\/pc\/wp-json\/wp\/v2\/pages\/905\/revisions"}],"predecessor-version":[{"id":16352,"href":"https:\/\/portal.pi.gov.br\/pc\/wp-json\/wp\/v2\/pages\/905\/revisions\/16352"}],"wp:attachment":[{"href":"https:\/\/portal.pi.gov.br\/pc\/wp-json\/wp\/v2\/media?parent=905"}],"curies":[{"name":"wp","href":"https:\/\/api.w.org\/{rel}","templated":true}]}}