{"id":907,"date":"2022-01-29T16:29:27","date_gmt":"2022-01-29T19:29:27","guid":{"rendered":"https:\/\/portal.pi.gov.br\/pc\/?page_id=907"},"modified":"2025-01-10T09:41:14","modified_gmt":"2025-01-10T12:41:14","slug":"manuais-orientativos","status":"publish","type":"page","link":"https:\/\/portal.pi.gov.br\/pc\/manuais-orientativos\/","title":{"rendered":"Manuais Orientativos"},"content":{"rendered":"\n<p>CLIQUE PARA VISUALIZAR OS DOCUMENTOS:<\/p>\n\n\n\n<ul>\n<li><a href=\"https:\/\/portal.pi.gov.br\/pc\/download\/210\/noticias\/12183\/enderecos-unidades-policiais-sei.pdf\" data-type=\"URL\" data-id=\"https:\/\/portal.pi.gov.br\/pc\/download\/210\/noticias\/12183\/enderecos-unidades-policiais-sei.pdf\" target=\"_blank\" rel=\"noreferrer noopener\">ENDERE\u00c7OS UNIDADES POLICIAIS SEI<\/a><\/li>\n\n\n\n<li><a href=\"https:\/\/portal.pi.gov.br\/pc\/download\/210\/noticias\/12185\/codigo-de-etica-2024.pdf\" data-type=\"URL\" data-id=\"https:\/\/portal.pi.gov.br\/pc\/download\/210\/noticias\/12185\/codigo-de-etica-2024.pdf\" target=\"_blank\" rel=\"noreferrer noopener\">C\u00d3DIGO DE \u00c9TICA 2024<\/a><\/li>\n\n\n\n<li><a href=\"https:\/\/portal.pi.gov.br\/pc\/download\/210\/noticias\/12187\/pop-registro-boletim.pdf\" data-type=\"URL\" data-id=\"https:\/\/portal.pi.gov.br\/pc\/download\/210\/noticias\/12187\/pop-registro-boletim.pdf\" target=\"_blank\" rel=\"noreferrer noopener\">POP REGISTRO DE BOLETIM DE OCORR\u00caNCIA<\/a><\/li>\n\n\n\n<li><a href=\"https:\/\/portal.pi.gov.br\/pc\/download\/210\/noticias\/12188\/manual-tipificacao-de-crimes.pdf\" data-type=\"URL\" data-id=\"https:\/\/portal.pi.gov.br\/pc\/download\/210\/noticias\/12188\/manual-tipificacao-de-crimes.pdf\" target=\"_blank\" rel=\"noreferrer noopener\">MANUAL TIPIFICA\u00c7\u00c3O DE CRIMES<\/a><\/li>\n<\/ul>\n","protected":false},"excerpt":{"rendered":"<p>CLIQUE PARA VISUALIZAR OS DOCUMENTOS:<\/p>\n","protected":false},"author":1,"featured_media":0,"parent":0,"menu_order":0,"comment_status":"closed","ping_status":"closed","template":"template-fullwidth.php","meta":[],"featured_image_urls":{"full":"","thumbnail":"","medium":"","medium_large":"","large":"","sgg-420":"","sgg-540":"","sgg-780":"","1536x1536":"","2048x2048":"","homepage-slider":"","homepage-slider-small":"","page-top":"","page-small":"","loop-main":"","thumb-gallery-widget":""},"post_excerpt_stackable":"<p>CLIQUE PARA VISUALIZAR OS DOCUMENTOS: ENDERE\u00c7OS UNIDADES POLICIAIS SEI C\u00d3DIGO DE \u00c9TICA 2024 POP REGISTRO DE BOLETIM DE OCORR\u00caNCIA MANUAL TIPIFICA\u00c7\u00c3O DE CRIMES<\/p>\n","category_list":"","author_info":{"name":"admin","url":"https:\/\/portal.pi.gov.br\/pc\/author\/admin\/"},"comments_num":"0 coment\u00e1rio","featured_image_urls_v2":{"full":"","thumbnail":"","medium":"","medium_large":"","large":"","sgg-420":"","sgg-540":"","sgg-780":"","1536x1536":"","2048x2048":"","homepage-slider":"","homepage-slider-small":"","page-top":"","page-small":"","loop-main":"","thumb-gallery-widget":""},"post_excerpt_stackable_v2":"<p>CLIQUE PARA VISUALIZAR OS DOCUMENTOS: ENDERE\u00c7OS UNIDADES POLICIAIS SEI C\u00d3DIGO DE \u00c9TICA 2024 POP REGISTRO DE BOLETIM DE OCORR\u00caNCIA MANUAL TIPIFICA\u00c7\u00c3O DE CRIMES<\/p>\n","category_list_v2":"","author_info_v2":{"name":"admin","url":"https:\/\/portal.pi.gov.br\/pc\/author\/admin\/"},"comments_num_v2":"0 coment\u00e1rio","_links":{"self":[{"href":"https:\/\/portal.pi.gov.br\/pc\/wp-json\/wp\/v2\/pages\/907"}],"collection":[{"href":"https:\/\/portal.pi.gov.br\/pc\/wp-json\/wp\/v2\/pages"}],"about":[{"href":"https:\/\/portal.pi.gov.br\/pc\/wp-json\/wp\/v2\/types\/page"}],"author":[{"embeddable":true,"href":"https:\/\/portal.pi.gov.br\/pc\/wp-json\/wp\/v2\/users\/1"}],"replies":[{"embeddable":true,"href":"https:\/\/portal.pi.gov.br\/pc\/wp-json\/wp\/v2\/comments?post=907"}],"version-history":[{"count":6,"href":"https:\/\/portal.pi.gov.br\/pc\/wp-json\/wp\/v2\/pages\/907\/revisions"}],"predecessor-version":[{"id":12189,"href":"https:\/\/portal.pi.gov.br\/pc\/wp-json\/wp\/v2\/pages\/907\/revisions\/12189"}],"wp:attachment":[{"href":"https:\/\/portal.pi.gov.br\/pc\/wp-json\/wp\/v2\/media?parent=907"}],"curies":[{"name":"wp","href":"https:\/\/api.w.org\/{rel}","templated":true}]}}