{"id":971,"date":"2022-01-29T20:35:50","date_gmt":"2022-01-29T23:35:50","guid":{"rendered":"https:\/\/portal.pi.gov.br\/pc\/?page_id=971"},"modified":"2025-06-02T08:53:50","modified_gmt":"2025-06-02T11:53:50","slug":"certidao-de-antecedentes-criminais","status":"publish","type":"page","link":"https:\/\/portal.pi.gov.br\/pc\/certidao-de-antecedentes-criminais\/","title":{"rendered":"Solicita\u00e7\u00e3o de Certid\u00f5es"},"content":{"rendered":"\n<p class=\"has-text-align-left\"><br>As solicita\u00e7\u00f5es de certid\u00f5es podem ser feitas na Sede do Instituto de Biometria Forense \u201cJo\u00e3o de Deus Martins\u201d ou preenchendo o formul\u00e1rio para cada tipo de certid\u00e3o, anexando c\u00f3pias do documento de identifica\u00e7\u00e3o do interessado.<\/p>\n\n\n\n<p class=\"has-text-align-left\">As certid\u00f5es s\u00e3o emitidas de acordo com os artigos 7\u00ba e 11\u00ba da Lei n\u00ba 13.709\/2018 a pedido do titular dos dados ou representante legal.<\/p>\n\n\n\n<p class=\"has-text-align-left\">As Certid\u00f5es emitidas pelo Instituto de Biometria Forense \u201cJo\u00e3o de Deus Martins\u201d s\u00e3o gratuitas. <\/p>\n\n\n\n<p><\/p>\n\n\n\n<p class=\"has-text-align-left\"><\/p>\n\n\n\n<div class=\"wp-block-ugb-accordion ugb-accordion ugb-9c899b7 ugb-accordion--v2 ugb-accordion--design-basic ugb-main-block\" aria-expanded=\"false\"><style>.ugb-9c899b7 .ugb-accordion__title{font-size:12px !important}<\/style><div class=\"ugb-inner-block\"><div class=\"ugb-block-content\"><div class=\"ugb-accordion__item\"><div class=\"ugb-accordion__heading\" role=\"button\" tabindex=\"0\"><h4 class=\"ugb-accordion__title\">Certid\u00e3o de Antecedentes Criminais<\/h4><svg xmlns=\"http:\/\/www.w3.org\/2000\/svg\" viewBox=\"0 0 20 20\" class=\"ugb-accordion__arrow\" width=\"20\" height=\"20\"><path d=\"M16.7 3.3L10 10 3.3 3.4 0 6.7l10 10v-.1l10-9.9z\"><\/path><\/svg><\/div><div class=\"ugb-accordion__content\" role=\"region\"><div class=\"ugb-accordion__content-inner\">\n<p><strong>Certid\u00e3o de Antecedentes Criminais &#8211; Documento referente aos antecedentes criminais do requerente.<\/strong><\/p>\n\n\n\n<p><br> <a rel=\"noreferrer noopener\" href=\"https:\/\/portal.pi.gov.br\/pc\/formulario-solicitacao-certidao\/\" data-type=\"URL\" data-id=\"https:\/\/portal.pi.gov.br\/pc\/formulario-solicitacao-certidao\/\" target=\"_blank\">Clique Aqui<\/a> para preencher o formul\u00e1rio solicitando a Certid\u00e3o de Antecedentes Criminais anexando c\u00f3pias<\/p>\n\n\n\n<ul>\n<li>Documento de identifica\u00e7\u00e3o pessoal<\/li>\n<\/ul>\n<\/div><\/div><\/div><\/div><\/div><\/div>\n\n\n\n<div class=\"wp-block-ugb-accordion ugb-accordion ugb-0cad090 ugb-accordion--v2 ugb-accordion--design-basic ugb-main-block\" aria-expanded=\"false\"><style>.ugb-0cad090 .ugb-accordion__title{font-size:12px !important}<\/style><div class=\"ugb-inner-block\"><div class=\"ugb-block-content\"><div class=\"ugb-accordion__item\"><div class=\"ugb-accordion__heading\" role=\"button\" tabindex=\"0\"><h4 class=\"ugb-accordion__title\">Certid\u00e3o de Inqu\u00e9rito Policial<\/h4><svg xmlns=\"http:\/\/www.w3.org\/2000\/svg\" viewBox=\"0 0 20 20\" class=\"ugb-accordion__arrow\" width=\"20\" height=\"20\"><path d=\"M16.7 3.3L10 10 3.3 3.4 0 6.7l10 10v-.1l10-9.9z\"><\/path><\/svg><\/div><div class=\"ugb-accordion__content\" role=\"region\"><div class=\"ugb-accordion__content-inner\">\n<p><strong>Certid\u00e3o de Inqu\u00e9rito Policial &#8211; espec\u00edfica para processos de aquisi\u00e7\u00e3o\/registro de arma de fogo, certificado de registro para CAC, processos de posse e porte de arma de fogo. Art. 4\u00ba, I da lei 10826 de 2003 e Art. 12\u00ba, III do Decreto 9.847 de 2019<\/strong>.<\/p>\n\n\n\n<p><br> <a rel=\"noreferrer noopener\" href=\"https:\/\/portal.pi.gov.br\/pc\/formulario-solicitacao-certidao\/\" data-type=\"URL\" data-id=\"https:\/\/portal.pi.gov.br\/pc\/formulario-solicitacao-certidao\/\" target=\"_blank\">Clique Aqui<\/a> para preencher o formul\u00e1rio solicitando\u00a0 a Certid\u00e3o de Inqu\u00e9rito Policial anexando c\u00f3pias:<\/p>\n\n\n\n<ul>\n<li>Documento de identifica\u00e7\u00e3o civil, atualizado, leg\u00edvel, sem rasuras, emendas ou perfura\u00e7\u00f5es<\/li>\n\n\n\n<li>Procura\u00e7\u00e3o e c\u00f3pia do RG do procurador, se for o caso<\/li>\n<\/ul>\n<\/div><\/div><\/div><\/div><\/div><\/div>\n\n\n\n<div class=\"wp-block-ugb-accordion ugb-accordion ugb-b06b576 ugb-accordion--v2 ugb-accordion--design-basic ugb-main-block\" aria-expanded=\"false\"><style>.ugb-b06b576 .ugb-accordion__title{font-size:12px !important}<\/style><div class=\"ugb-inner-block\"><div class=\"ugb-block-content\"><div class=\"ugb-accordion__item\"><div class=\"ugb-accordion__heading\" role=\"button\" tabindex=\"0\"><h4 class=\"ugb-accordion__title\">Certid\u00e3o de Profiss\u00e3o Declarada<\/h4><svg xmlns=\"http:\/\/www.w3.org\/2000\/svg\" viewBox=\"0 0 20 20\" class=\"ugb-accordion__arrow\" width=\"20\" height=\"20\"><path d=\"M16.7 3.3L10 10 3.3 3.4 0 6.7l10 10v-.1l10-9.9z\"><\/path><\/svg><\/div><div class=\"ugb-accordion__content\" role=\"region\"><div class=\"ugb-accordion__content-inner\">\n<p><strong>Certid\u00e3o de Profiss\u00e3o Declarada &#8211; Para fins de juntada de documentos em processo de<\/strong> <strong>solicita\u00e7\u00e3o de benef\u00edcios previdenci\u00e1rios junto ao INSS, como segurado especial.<\/strong><\/p>\n\n\n\n<p>1.  <a rel=\"noreferrer noopener\" href=\"https:\/\/portal.pi.gov.br\/pc\/formulario-solicitacao-certidao\/\" data-type=\"URL\" data-id=\"https:\/\/portal.pi.gov.br\/pc\/formulario-solicitacao-certidao\/\" target=\"_blank\">Clique Aqui<\/a> para preencher o formul\u00e1rio solicitando a Certid\u00e3o de Profiss\u00e3o Declarada anexando c\u00f3pias:<\/p>\n\n\n\n<ul>\n<li>Documento de identifica\u00e7\u00e3o civil, atualizado, leg\u00edvel, sem rasuras, emendas ou perfura\u00e7\u00f5es;<\/li>\n\n\n\n<li>Procura\u00e7\u00e3o e c\u00f3pia do RG do procurador, se for o caso.<\/li>\n<\/ul>\n<\/div><\/div><\/div><\/div><\/div><\/div>\n\n\n\n<div class=\"wp-block-ugb-accordion ugb-accordion ugb-87cfcdd ugb-accordion--v2 ugb-accordion--design-basic ugb-main-block\" aria-expanded=\"false\"><style>.ugb-87cfcdd .ugb-accordion__title{font-size:12px !important}<\/style><div class=\"ugb-inner-block\"><div class=\"ugb-block-content\"><div class=\"ugb-accordion__item\"><div class=\"ugb-accordion__heading\" role=\"button\" tabindex=\"0\"><h4 class=\"ugb-accordion__title\">Certid\u00e3o de Documento de Identidade<\/h4><svg xmlns=\"http:\/\/www.w3.org\/2000\/svg\" viewBox=\"0 0 20 20\" class=\"ugb-accordion__arrow\" width=\"20\" height=\"20\"><path d=\"M16.7 3.3L10 10 3.3 3.4 0 6.7l10 10v-.1l10-9.9z\"><\/path><\/svg><\/div><div class=\"ugb-accordion__content\" role=\"region\"><div class=\"ugb-accordion__content-inner\">\n<p><strong>Certid\u00e3o de Documento de Identidade (RG) &#8211; Informa a exist\u00eancia ou n\u00e3o de RG emitido pelo Instituto de Identifica\u00e7\u00e3o Digital &#8220;F\u00e9lix Pacheco&#8221; para a execu\u00e7\u00e3o de contrato ou de procedimentos preliminares  relacionados a contrato no qual aquele seja parte<\/strong>. <\/p>\n\n\n\n<p>1.  <a rel=\"noreferrer noopener\" href=\"https:\/\/portal.pi.gov.br\/pc\/formulario-solicitacao-certidao\/\" data-type=\"URL\" data-id=\"https:\/\/portal.pi.gov.br\/pc\/formulario-solicitacao-certidao\/\" target=\"_blank\">Clique Aqui<\/a> para preencher o formul\u00e1rio solicitando a Certid\u00e3o de Documento de Identidade (RG anexando c\u00f3pias):<\/p>\n\n\n\n<ul>\n<li>Documento de identifica\u00e7\u00e3o civil, atualizado, leg\u00edvel, sem rasuras, emendas ou perfura\u00e7\u00f5es;<\/li>\n\n\n\n<li>Procura\u00e7\u00e3o e c\u00f3pia do RG do procurador, se for o caso.<\/li>\n<\/ul>\n<\/div><\/div><\/div><\/div><\/div><\/div>\n\n\n\n<div class=\"wp-block-ugb-accordion ugb-accordion ugb-b6369bc ugb-accordion--v2 ugb-accordion--design-basic ugb-main-block\" aria-expanded=\"false\"><style>.ugb-b6369bc .ugb-accordion__title{font-size:12px !important}<\/style><div class=\"ugb-inner-block\"><div class=\"ugb-block-content\"><div class=\"ugb-accordion__item\"><div class=\"ugb-accordion__heading\" role=\"button\" tabindex=\"0\"><h4 class=\"ugb-accordion__title\">Certid\u00e3o de C\u00fatis Declarada<\/h4><svg xmlns=\"http:\/\/www.w3.org\/2000\/svg\" viewBox=\"0 0 20 20\" class=\"ugb-accordion__arrow\" width=\"20\" height=\"20\"><path d=\"M16.7 3.3L10 10 3.3 3.4 0 6.7l10 10v-.1l10-9.9z\"><\/path><\/svg><\/div><div class=\"ugb-accordion__content\" role=\"region\"><div class=\"ugb-accordion__content-inner\">\n<p><strong>Certid\u00e3o de C\u00fatis Declarada &#8211; Para fins de juntada de documentos em processo no qual o solicitante est\u00e1 concorrendo a cotas raciais em concursos p\u00fablicos.<\/strong><\/p>\n\n\n\n<p>Orienta\u00e7\u00f5es:<\/p>\n\n\n\n<ol>\n<li> <a rel=\"noreferrer noopener\" href=\"https:\/\/portal.pi.gov.br\/pc\/formulario-solicitacao-certidao\/\" data-type=\"URL\" data-id=\"https:\/\/portal.pi.gov.br\/pc\/formulario-solicitacao-certidao\/\" target=\"_blank\">Clique Aqui<\/a> para preencher o formul\u00e1rio solicitando a Certid\u00e3o de C\u00fatis Declarada anexando:<\/li>\n<\/ol>\n\n\n\n<ul>\n<li>Documento de identifica\u00e7\u00e3o civil, atualizado, leg\u00edvel, sem rasuras, emendas ou perfura\u00e7\u00f5es.<\/li>\n<\/ul>\n<\/div><\/div><\/div><\/div><\/div><\/div>\n\n\n\n<div class=\"wp-block-ugb-accordion ugb-accordion ugb-4bc0854 ugb-accordion--v2 ugb-accordion--design-basic ugb-main-block\" aria-expanded=\"false\"><style>.ugb-4bc0854 .ugb-accordion__title{font-size:12px !important}<\/style><div class=\"ugb-inner-block\"><div class=\"ugb-block-content\"><div class=\"ugb-accordion__item\"><div class=\"ugb-accordion__heading\" role=\"button\" tabindex=\"0\"><h4 class=\"ugb-accordion__title\">Termo de Consentimento<\/h4><svg xmlns=\"http:\/\/www.w3.org\/2000\/svg\" viewBox=\"0 0 20 20\" class=\"ugb-accordion__arrow\" width=\"20\" height=\"20\"><path d=\"M16.7 3.3L10 10 3.3 3.4 0 6.7l10 10v-.1l10-9.9z\"><\/path><\/svg><\/div><div class=\"ugb-accordion__content\" role=\"region\"><div class=\"ugb-accordion__content-inner\">\n<p class=\"has-cyan-bluish-gray-background-color has-background\"><strong>TERMO DE CONSENTIMENTO PARA TRATAMENTO DE DADOS<\/strong><\/p>\n\n\n\n<p class=\"has-black-color has-cyan-bluish-gray-background-color has-text-color has-background\">Este documento visa registrar a manifesta\u00e7\u00e3o livre, informada e inequ\u00edvoca pela qual o Titular (pessoa a quem se referem os dados pessoais que s\u00e3o objeto de tratamento) concorda com o tratamento de seus dados pessoais para finalidade espec\u00edfica, em conformidade com a Lei n\u00ba 13.709 \u2013 Lei Geral de Prote\u00e7\u00e3o de Dados Pessoais (LGPD).<\/p>\n\n\n\n<p class=\"has-black-color has-cyan-bluish-gray-background-color has-text-color has-background\">Ao manifestar sua aceita\u00e7\u00e3o para com o presente termo, o Titular consente e concorda que o respons\u00e1vel por coletar os dados pessoais deste formul\u00e1rio e dos documentos encaminhados via upload, denominado Controlador, tome decis\u00f5es referentes ao tratamento de seus dados pessoais, bem como realize o tratamento de seus dados pessoais, envolvendo opera\u00e7\u00f5es como as que se referem a coleta, produ\u00e7\u00e3o, recep\u00e7\u00e3o, classifica\u00e7\u00e3o, utiliza\u00e7\u00e3o, acesso, reprodu\u00e7\u00e3o, transmiss\u00e3o, distribui\u00e7\u00e3o, processamento, arquivamento, armazenamento, elimina\u00e7\u00e3o, avalia\u00e7\u00e3o ou controle da informa\u00e7\u00e3o, modifica\u00e7\u00e3o, comunica\u00e7\u00e3o, transfer\u00eancia, difus\u00e3o ou extra\u00e7\u00e3o.<\/p>\n\n\n\n<p class=\"has-black-color has-cyan-bluish-gray-background-color has-text-color has-background\"><strong>\u2014 Dados Pessoais<br><\/strong>O Controlador fica autorizado a tomar decis\u00f5es referentes ao tratamento e a realizar o tratamento dos seguintes dados pessoais do Titular:<\/p>\n\n\n\n<p class=\"has-black-color has-cyan-bluish-gray-background-color has-text-color has-background\">\u2013 Nome completo<br>\u2013 CPF<br>\u2013 RG<br>\u2013 Endere\u00e7os de e-mail<br>\u2013 Telefone de contato<\/p>\n\n\n\n<p class=\"has-black-color has-cyan-bluish-gray-background-color has-text-color has-background\"><strong>\u2014 Finalidades do Tratamento dos Dados<br><\/strong>O tratamento dos dados pessoais listados neste termo tem as seguintes finalidades:<\/p>\n\n\n\n<p class=\"has-black-color has-cyan-bluish-gray-background-color has-text-color has-background\">\u2013 Possibilitar que o Controlador identifique e valide a exist\u00eancia do Titular para fins de atendimento da demanda do Titular de Dados Pessoais.<\/p>\n\n\n\n<p class=\"has-black-color has-cyan-bluish-gray-background-color has-text-color has-background\">\u2013 Possibilitar que o Controlador possa manter contato telef\u00f4nico ou por correio eletr\u00f4nico para atender a demanda do Titular de Dados Pessoais.<\/p>\n\n\n\n<p class=\"has-black-color has-cyan-bluish-gray-background-color has-text-color has-background\">\u2013 Possibilitar que o Controlador mantenha registro da demanda do Titular de Dados Pessoais e seu devido atendimento.<\/p>\n\n\n\n<p class=\"has-black-color has-cyan-bluish-gray-background-color has-text-color has-background\"><strong>\u2014 Compartilhamento de Dados<br><\/strong>O Controlador fica autorizado a compartilhar os dados pessoais do Titular com outros agentes de tratamento de dados, caso seja necess\u00e1rio para as finalidades listadas neste termo, observados os princ\u00edpios e as garantias estabelecidas pela Lei n\u00ba 13.709.<\/p>\n\n\n\n<p class=\"has-black-color has-cyan-bluish-gray-background-color has-text-color has-background\"><strong>\u2014 Seguran\u00e7a dos Dados<\/strong><br>O Controlador responsabiliza-se pela manuten\u00e7\u00e3o de medidas de seguran\u00e7a, t\u00e9cnicas e administrativas aptas a proteger os dados pessoais de acessos n\u00e3o autorizados e de situa\u00e7\u00f5es acidentais ou il\u00edcitas de destrui\u00e7\u00e3o, perda, altera\u00e7\u00e3o, comunica\u00e7\u00e3o ou qualquer forma de tratamento inadequado ou il\u00edcito. Em conformidade ao art. 48 da Lei n\u00ba 13.709, o Controlador comunicar\u00e1 ao Titular e \u00e0 Autoridade Nacional de Prote\u00e7\u00e3o de Dados (ANPD) a ocorr\u00eancia de incidente de seguran\u00e7a que possa acarretar risco ou dano relevante ao Titular.<\/p>\n\n\n\n<p class=\"has-black-color has-cyan-bluish-gray-background-color has-text-color has-background\"><strong>\u2014 T\u00e9rmino do Tratamento dos Dados<br><\/strong>O Controlador poder\u00e1 manter e tratar os dados pessoais do Titular durante 12 (doze) meses, contados da data de registro do titular por meio da \u00e1rea de contato do web site (<a rel=\"noreferrer noopener\" href=\"https:\/\/portal.pi.gov.br\/ati\/\" target=\"_blank\">https:\/\/portal.pi.go v.br\/pc<\/a><a rel=\"noreferrer noopener\" href=\"http:\/\/www.plmconsultoria.com.br\/\" target=\"_blank\">\/<\/a>). Dados pessoais anonimizados, sem possibilidade de associa\u00e7\u00e3o ao indiv\u00edduo, poder\u00e3o ser mantidos por per\u00edodo indefinido.<\/p>\n\n\n\n<p class=\"has-black-color has-cyan-bluish-gray-background-color has-text-color has-background\">O Titular poder\u00e1 solicitar via e-mail (<a href=\"mailto:dpo@ati.pi.gov.br\">dpo@ati.pi.gov.br<\/a>) ao Controlador, a qualquer momento, que sejam eliminados os dados pessoais n\u00e3o anonimizados do Titular.<\/p>\n\n\n\n<p class=\"has-black-color has-cyan-bluish-gray-background-color has-text-color has-background\">O Titular fica ciente de que poder\u00e1 ser invi\u00e1vel ao Controlador continuar com as finalidades descritas neste termo a partir da elimina\u00e7\u00e3o dos dados pessoais.<\/p>\n\n\n\n<p class=\"has-black-color has-cyan-bluish-gray-background-color has-text-color has-background\"><strong>\u2014 Direitos do Titular<br><\/strong>O Titular tem direito a obter do Controlador, em rela\u00e7\u00e3o aos dados por ele tratados, a qualquer momento e mediante requisi\u00e7\u00e3o:<\/p>\n\n\n\n<p class=\"has-black-color has-cyan-bluish-gray-background-color has-text-color has-background\">I \u2013 confirma\u00e7\u00e3o da exist\u00eancia de tratamento;<br>II \u2013 acesso aos dados;<br>III \u2013 corre\u00e7\u00e3o de dados incompletos, inexatos ou desatualizados;<br>IV \u2013 anonimiza\u00e7\u00e3o, bloqueio ou elimina\u00e7\u00e3o de dados desnecess\u00e1rios, excessivos ou tratados em desconformidade com o disposto na Lei n\u00ba 13.709;<br>V \u2013 portabilidade dos dados a outro fornecedor de servi\u00e7o ou produto, mediante requisi\u00e7\u00e3o expressa e observados os segredos comercial e industrial, de acordo com a regulamenta\u00e7\u00e3o do \u00f3rg\u00e3o controlador;<br>VI \u2013 portabilidade dos dados a outro fornecedor de servi\u00e7o ou produto, mediante requisi\u00e7\u00e3o expressa, de acordo com a regulamenta\u00e7\u00e3o da autoridade nacional, observados os segredos comercial e industrial;<br>VII \u2013 elimina\u00e7\u00e3o dos dados pessoais tratados com o consentimento do titular, exceto nas hip\u00f3teses previstas no art. 16 da Lei n\u00ba 13.709;<br>VIII \u2013 informa\u00e7\u00e3o das entidades p\u00fablicas e privadas com as quais o controlador realizou uso compartilhado de dados;<br>IX \u2013 informa\u00e7\u00e3o sobre a possibilidade de n\u00e3o fornecer consentimento e sobre as consequ\u00eancias da negativa;<br>X \u2013 revoga\u00e7\u00e3o do consentimento, nos termos do \u00a7 5\u00ba do art. 8\u00ba da Lei n\u00ba 13.709.<\/p>\n\n\n\n<p class=\"has-black-color has-cyan-bluish-gray-background-color has-text-color has-background\"><strong>\u2014 Direito de Revoga\u00e7\u00e3o do Consentimento<br><\/strong>Este consentimento poder\u00e1 ser revogado pelo Titular, a qualquer momento, mediante solicita\u00e7\u00e3o via e-mail (<a href=\"mailto:dpo@pc.pi.gov.br\">dpo@pc.pi.gov.br<\/a>).<\/p>\n<\/div><\/div><\/div><\/div><\/div><\/div>\n","protected":false},"excerpt":{"rendered":"<p>As solicita\u00e7\u00f5es de certid\u00f5es podem ser feitas na Sede do Instituto de Biometria Forense \u201cJo\u00e3o de Deus Martins\u201d ou preenchendo o formul\u00e1rio para cada tipo de certid\u00e3o, anexando c\u00f3pias do [&hellip;]<\/p>\n","protected":false},"author":1,"featured_media":0,"parent":0,"menu_order":0,"comment_status":"closed","ping_status":"closed","template":"template-fullwidth.php","meta":[],"featured_image_urls":{"full":"","thumbnail":"","medium":"","medium_large":"","large":"","sgg-420":"","sgg-540":"","sgg-780":"","1536x1536":"","2048x2048":"","homepage-slider":"","homepage-slider-small":"","page-top":"","page-small":"","loop-main":"","thumb-gallery-widget":""},"post_excerpt_stackable":"<p>As solicita\u00e7\u00f5es de certid\u00f5es podem ser feitas na Sede do Instituto de Biometria Forense \u201cJo\u00e3o de Deus Martins\u201d ou preenchendo o formul\u00e1rio para cada tipo de certid\u00e3o, anexando c\u00f3pias do documento de identifica\u00e7\u00e3o do interessado. As certid\u00f5es s\u00e3o emitidas de acordo com os artigos 7\u00ba e 11\u00ba da Lei n\u00ba 13.709\/2018 a pedido do titular dos dados ou representante legal. As Certid\u00f5es emitidas pelo Instituto de Biometria Forense \u201cJo\u00e3o de Deus Martins\u201d s\u00e3o gratuitas. Certid\u00e3o de Antecedentes Criminais Certid\u00e3o de Antecedentes Criminais &#8211; Documento referente aos antecedentes criminais do requerente. Clique Aqui para preencher o formul\u00e1rio solicitando a Certid\u00e3o de&hellip;<\/p>\n","category_list":"","author_info":{"name":"admin","url":"https:\/\/portal.pi.gov.br\/pc\/author\/admin\/"},"comments_num":"0 coment\u00e1rio","featured_image_urls_v2":{"full":"","thumbnail":"","medium":"","medium_large":"","large":"","sgg-420":"","sgg-540":"","sgg-780":"","1536x1536":"","2048x2048":"","homepage-slider":"","homepage-slider-small":"","page-top":"","page-small":"","loop-main":"","thumb-gallery-widget":""},"post_excerpt_stackable_v2":"<p>As solicita\u00e7\u00f5es de certid\u00f5es podem ser feitas na Sede do Instituto de Biometria Forense \u201cJo\u00e3o de Deus Martins\u201d ou preenchendo o formul\u00e1rio para cada tipo de certid\u00e3o, anexando c\u00f3pias do documento de identifica\u00e7\u00e3o do interessado. As certid\u00f5es s\u00e3o emitidas de acordo com os artigos 7\u00ba e 11\u00ba da Lei n\u00ba 13.709\/2018 a pedido do titular dos dados ou representante legal. As Certid\u00f5es emitidas pelo Instituto de Biometria Forense \u201cJo\u00e3o de Deus Martins\u201d s\u00e3o gratuitas. Certid\u00e3o de Antecedentes Criminais Certid\u00e3o de Antecedentes Criminais &#8211; Documento referente aos antecedentes criminais do requerente. Clique Aqui para preencher o formul\u00e1rio solicitando a Certid\u00e3o de&hellip;<\/p>\n","category_list_v2":"","author_info_v2":{"name":"admin","url":"https:\/\/portal.pi.gov.br\/pc\/author\/admin\/"},"comments_num_v2":"0 coment\u00e1rio","_links":{"self":[{"href":"https:\/\/portal.pi.gov.br\/pc\/wp-json\/wp\/v2\/pages\/971"}],"collection":[{"href":"https:\/\/portal.pi.gov.br\/pc\/wp-json\/wp\/v2\/pages"}],"about":[{"href":"https:\/\/portal.pi.gov.br\/pc\/wp-json\/wp\/v2\/types\/page"}],"author":[{"embeddable":true,"href":"https:\/\/portal.pi.gov.br\/pc\/wp-json\/wp\/v2\/users\/1"}],"replies":[{"embeddable":true,"href":"https:\/\/portal.pi.gov.br\/pc\/wp-json\/wp\/v2\/comments?post=971"}],"version-history":[{"count":32,"href":"https:\/\/portal.pi.gov.br\/pc\/wp-json\/wp\/v2\/pages\/971\/revisions"}],"predecessor-version":[{"id":13942,"href":"https:\/\/portal.pi.gov.br\/pc\/wp-json\/wp\/v2\/pages\/971\/revisions\/13942"}],"wp:attachment":[{"href":"https:\/\/portal.pi.gov.br\/pc\/wp-json\/wp\/v2\/media?parent=971"}],"curies":[{"name":"wp","href":"https:\/\/api.w.org\/{rel}","templated":true}]}}