{"id":974,"date":"2022-01-29T20:38:52","date_gmt":"2022-01-29T23:38:52","guid":{"rendered":"https:\/\/portal.pi.gov.br\/pc\/?page_id=974"},"modified":"2022-04-13T10:14:26","modified_gmt":"2022-04-13T13:14:26","slug":"denuncia-anonima","status":"publish","type":"page","link":"https:\/\/portal.pi.gov.br\/pc\/denuncia-anonima\/","title":{"rendered":"Den\u00fancia An\u00f4nima"},"content":{"rendered":"<div id=\"quform-4a1779\" class=\"quform quform-1 quform-support-page-caching\"><form id=\"quform-form-4a1779\" class=\"quform-form quform-form-1\" action=\"\/pc\/wp-json\/wp\/v2\/pages\/974#quform-4a1779\" method=\"post\" enctype=\"multipart\/form-data\" novalidate=\"novalidate\" data-options=\"{&quot;id&quot;:1,&quot;uniqueId&quot;:&quot;4a1779&quot;,&quot;theme&quot;:&quot;&quot;,&quot;ajax&quot;:true,&quot;logic&quot;:{&quot;logic&quot;:[],&quot;dependents&quot;:[],&quot;elementIds&quot;:[],&quot;dependentElementIds&quot;:[],&quot;animate&quot;:true},&quot;currentPageId&quot;:1,&quot;errorsIcon&quot;:&quot;&quot;,&quot;updateFancybox&quot;:true,&quot;hasPages&quot;:false,&quot;pages&quot;:[1],&quot;pageProgressType&quot;:&quot;numbers&quot;,&quot;tooltipsEnabled&quot;:true,&quot;tooltipClasses&quot;:&quot;qtip-quform-dark qtip-shadow&quot;,&quot;tooltipMy&quot;:&quot;left center&quot;,&quot;tooltipAt&quot;:&quot;right center&quot;,&quot;isRtl&quot;:false,&quot;scrollOffset&quot;:-50,&quot;scrollSpeed&quot;:800}\"><button class=\"quform-default-submit\" name=\"quform_submit\" type=\"submit\" value=\"submit\" aria-hidden=\"true\" tabindex=\"-1\"><\/button><div class=\"quform-form-inner quform-form-inner-1\"><input type=\"hidden\" name=\"quform_form_id\" value=\"1\" \/><input type=\"hidden\" name=\"quform_form_uid\" value=\"4a1779\" \/><input type=\"hidden\" name=\"quform_count\" value=\"1\" \/><input type=\"hidden\" name=\"form_url\" value=\"https:\/\/portal.pi.gov.br\/pc\/wp-json\/wp\/v2\/pages\/974\" \/><input type=\"hidden\" name=\"referring_url\" value=\"\" \/><input type=\"hidden\" name=\"post_id\" value=\"\" \/><input type=\"hidden\" name=\"post_title\" value=\"\" \/><input type=\"hidden\" name=\"quform_current_page_id\" value=\"1\" \/><input type=\"hidden\" name=\"quform_csrf_token\" value=\"yQ7XaqX5scj4YXa3y58cuvwitqmEvjU0hRRaghG6\" \/><div class=\"quform-elements quform-elements-1 quform-cf quform-responsive-elements-phone-landscape\"><div class=\"quform-element quform-element-page quform-page-1 quform-page-1_1 quform-cf quform-group-style-plain quform-first-page quform-last-page quform-current-page\"><div class=\"quform-child-elements\"><div class=\"quform-element quform-element-select quform-element-1_3 quform-cf quform-element-required\"><div class=\"quform-spacer\"><div class=\"quform-label quform-label-1_3\"><label class=\"quform-label-text\" for=\"quform_1_3_4a1779\">Tipo de Den\u00fancia<span class=\"quform-required\">*<\/span><\/label><\/div><div class=\"quform-inner quform-inner-select quform-inner-1_3\"><div class=\"quform-input quform-input-select quform-input-1_3 quform-cf\"><select id=\"quform_1_3_4a1779\" name=\"quform_1_3\" class=\"quform-field quform-field-select quform-field-1_3\"><option value=\"\" selected=\"selected\">Selecione<\/option><option value=\"Drogas\">Drogas<\/option><option value=\"Roubo\/Furto\">Roubo\/Furto<\/option><option value=\"Homic\u00eddio\">Homic\u00eddio<\/option><option value=\"Sequestro\">Sequestro<\/option><option value=\"Corrup\u00e7\u00e3o\">Corrup\u00e7\u00e3o<\/option><option value=\"Pedofilia\">Pedofilia<\/option><option value=\"Viol\u00eancia Dom\u00e9stica\">Viol\u00eancia Dom\u00e9stica<\/option><option value=\"Estelionato\">Estelionato<\/option><option value=\"Outro\">Outro<\/option><\/select><\/div><\/div><\/div><\/div><div class=\"quform-element quform-element-textarea quform-element-1_4 quform-cf quform-element-required\"><div class=\"quform-spacer\"><div class=\"quform-label quform-label-1_4\"><label class=\"quform-label-text\" for=\"quform_1_4_4a1779\">Den\u00fancia<span class=\"quform-required\">*<\/span><\/label><\/div><div class=\"quform-inner quform-inner-textarea quform-inner-1_4\"><div class=\"quform-input quform-input-textarea quform-input-1_4 quform-cf\"><textarea id=\"quform_1_4_4a1779\" name=\"quform_1_4\" class=\"quform-field quform-field-textarea quform-field-1_4\"><\/textarea><\/div><\/div><\/div><\/div><div class=\"quform-element quform-element-file quform-element-1_7 quform-cf quform-element-optional\"><div class=\"quform-spacer\"><div class=\"quform-label quform-label-1_7\"><label class=\"quform-label-text\" for=\"quform_1_7_4a1779\">Arquivo (Foto, \u00c1udio ou V\u00eddeo)<\/label><\/div><div class=\"quform-inner quform-inner-file quform-inner-1_7\"><div class=\"quform-input quform-input-file quform-input-1_7 quform-cf quform-button-style-theme\"><input type=\"file\" id=\"quform_1_7_4a1779\" name=\"quform_1_7[]\" class=\"quform-field quform-field-file quform-field-1_7 quform-field-file-enhanced\" data-config=\"{&quot;id&quot;:7,&quot;identifier&quot;:&quot;1_7&quot;,&quot;name&quot;:&quot;quform_1_7&quot;,&quot;max&quot;:1,&quot;size&quot;:10485760,&quot;allowedExtensions&quot;:[&quot;jpg&quot;,&quot;jpeg&quot;,&quot;png&quot;,&quot;gif&quot;,&quot;mp4&quot;,&quot;m4a&quot;,&quot;mp3&quot;,&quot;flac&quot;,&quot;ogg&quot;],&quot;notAllowedTypeWithFilename&quot;:&quot;File type of &#039;%filename%&#039; is not allowed&quot;,&quot;tooBigWithFilename&quot;:&quot;O arquivo &#039;%filename%&#039;  excede o tamanho m\\u00e1ximo permitido&quot;,&quot;tooMany&quot;:&quot;Voc\\u00ea n\\u00e3o pode enviar mais do que %max% arquivo(s)&quot;,&quot;buttonType&quot;:&quot;button&quot;,&quot;buttonText&quot;:&quot;Procurar ...&quot;,&quot;buttonIcon&quot;:&quot;qicon-file_upload&quot;,&quot;buttonIconPosition&quot;:&quot;right&quot;}\" \/><\/div><\/div><\/div><\/div><div class=\"quform-element quform-element-recaptcha quform-element-1_5 quform-cf quform-element-required\"><div class=\"quform-spacer\"><div class=\"quform-label quform-label-1_5\"><label class=\"quform-label-text\">Voc\u00ea \u00e9 humano?<span class=\"quform-required\">*<\/span><\/label><\/div><div class=\"quform-inner quform-inner-recaptcha quform-inner-1_5\"><div class=\"quform-input quform-input-recaptcha quform-input-1_5 quform-cf\"><div class=\"quform-recaptcha\" data-config=\"{&quot;sitekey&quot;:&quot;6Ldm8CEoAAAAAHFAqekhMs6wH7VTLejOKQC23JEQ&quot;,&quot;_version&quot;:&quot;v2&quot;,&quot;size&quot;:&quot;normal&quot;,&quot;type&quot;:&quot;image&quot;,&quot;theme&quot;:&quot;light&quot;,&quot;badge&quot;:&quot;bottomright&quot;}\"><\/div><noscript><div><div style=\"width: 302px; height: 422px; position: relative;\"><div style=\"width: 302px; height: 422px; position: absolute;\"><iframe src=\"https:\/\/www.google.com\/recaptcha\/api\/fallback?k=6Ldm8CEoAAAAAHFAqekhMs6wH7VTLejOKQC23JEQ\" frameborder=\"0\" scrolling=\"no\" style=\"width: 302px; height:422px; border-style: none;\"><\/iframe><\/div><\/div><div style=\"width: 300px; height: 60px; border-style: none; bottom: 12px; left: 25px; margin: 0px; padding: 0px; right: 25px; background: #f9f9f9; border: 1px solid #c1c1c1; border-radius: 3px;\"><textarea name=\"g-recaptcha-response\" class=\"g-recaptcha-response\" style=\"width: 250px; height: 40px; border: 1px solid #c1c1c1; margin: 10px 25px; padding: 0px; resize: none;\"><\/textarea><\/div><\/div><\/noscript><\/div><\/div><\/div><\/div><div class=\"quform-element quform-element-submit quform-element-1_2 quform-cf quform-button-style-theme\"><div class=\"quform-button-submit quform-button-submit-default quform-button-submit-1_2\"><button name=\"quform_submit\" type=\"submit\" class=\"quform-submit\" value=\"submit\"><span class=\"quform-button-text quform-button-submit-text\">Enviar<\/span><\/button><\/div><div class=\"quform-loading quform-loading-position-left quform-loading-type-spinner-1\"><div class=\"quform-loading-inner\"><div class=\"quform-loading-spinner\"><div class=\"quform-loading-spinner-inner\"><\/div><\/div><\/div><\/div><\/div><div class=\"quform-element-tree\"><label for=\"quform_1_0_4a1779\">Este campo deve ser deixado em branco<\/label><input type=\"text\" id=\"quform_1_0_4a1779\" name=\"quform_1_0\" class=\"quform-field quform-field-tree quform-field-1_0\" tabindex=\"-1\" autocomplete=\"off\" \/><\/div><\/div><\/div><\/div><div class=\"quform-upload-progress-wrap\"><div class=\"quform-upload-progress-bar-wrap\"><div class=\"quform-upload-progress-bar\"><\/div><\/div><div class=\"quform-upload-info quform-cf\"><div class=\"quform-upload-filename\"><\/div><\/div><\/div><\/div><\/form><\/div>\n\n\n\n<p><\/p>\n","protected":false},"excerpt":{"rendered":"","protected":false},"author":1,"featured_media":0,"parent":0,"menu_order":0,"comment_status":"closed","ping_status":"closed","template":"template-fullwidth.php","meta":[],"featured_image_urls":{"full":"","thumbnail":"","medium":"","medium_large":"","large":"","sgg-420":"","sgg-540":"","sgg-780":"","1536x1536":"","2048x2048":"","homepage-slider":"","homepage-slider-small":"","page-top":"","page-small":"","loop-main":"","thumb-gallery-widget":""},"post_excerpt_stackable":"<p>Tipo de Den\u00fancia*SelecioneDrogasRoubo\/FurtoHomic\u00eddioSequestroCorrup\u00e7\u00e3oPedofiliaViol\u00eancia Dom\u00e9sticaEstelionatoOutroDen\u00fancia*Arquivo (Foto, \u00c1udio ou V\u00eddeo)Voc\u00ea \u00e9 humano?*EnviarEste campo deve ser deixado em branco<\/p>\n","category_list":"","author_info":{"name":"admin","url":"https:\/\/portal.pi.gov.br\/pc\/author\/admin\/"},"comments_num":"0 coment\u00e1rio","featured_image_urls_v2":{"full":"","thumbnail":"","medium":"","medium_large":"","large":"","sgg-420":"","sgg-540":"","sgg-780":"","1536x1536":"","2048x2048":"","homepage-slider":"","homepage-slider-small":"","page-top":"","page-small":"","loop-main":"","thumb-gallery-widget":""},"post_excerpt_stackable_v2":"<p>Tipo de Den\u00fancia*SelecioneDrogasRoubo\/FurtoHomic\u00eddioSequestroCorrup\u00e7\u00e3oPedofiliaViol\u00eancia Dom\u00e9sticaEstelionatoOutroDen\u00fancia*Arquivo (Foto, \u00c1udio ou V\u00eddeo)Voc\u00ea \u00e9 humano?*EnviarEste campo deve ser deixado em branco<\/p>\n","category_list_v2":"","author_info_v2":{"name":"admin","url":"https:\/\/portal.pi.gov.br\/pc\/author\/admin\/"},"comments_num_v2":"0 coment\u00e1rio","_links":{"self":[{"href":"https:\/\/portal.pi.gov.br\/pc\/wp-json\/wp\/v2\/pages\/974"}],"collection":[{"href":"https:\/\/portal.pi.gov.br\/pc\/wp-json\/wp\/v2\/pages"}],"about":[{"href":"https:\/\/portal.pi.gov.br\/pc\/wp-json\/wp\/v2\/types\/page"}],"author":[{"embeddable":true,"href":"https:\/\/portal.pi.gov.br\/pc\/wp-json\/wp\/v2\/users\/1"}],"replies":[{"embeddable":true,"href":"https:\/\/portal.pi.gov.br\/pc\/wp-json\/wp\/v2\/comments?post=974"}],"version-history":[{"count":3,"href":"https:\/\/portal.pi.gov.br\/pc\/wp-json\/wp\/v2\/pages\/974\/revisions"}],"predecessor-version":[{"id":1321,"href":"https:\/\/portal.pi.gov.br\/pc\/wp-json\/wp\/v2\/pages\/974\/revisions\/1321"}],"wp:attachment":[{"href":"https:\/\/portal.pi.gov.br\/pc\/wp-json\/wp\/v2\/media?parent=974"}],"curies":[{"name":"wp","href":"https:\/\/api.w.org\/{rel}","templated":true}]}}