{"id":978,"date":"2022-01-29T20:50:35","date_gmt":"2022-01-29T23:50:35","guid":{"rendered":"https:\/\/portal.pi.gov.br\/pc\/?page_id=978"},"modified":"2023-06-06T09:06:17","modified_gmt":"2023-06-06T12:06:17","slug":"denuncia-condominio","status":"publish","type":"page","link":"https:\/\/portal.pi.gov.br\/pc\/denuncia-condominio\/","title":{"rendered":"Den\u00fancia Condom\u00ednio"},"content":{"rendered":"\n<p class=\"has-text-align-center\">Para fazer sua\u00a0<strong>DEN\u00daNCIA<\/strong>, relacionada a crimes cometidos contra\u00a0<strong>crian\u00e7a, mulher, idoso e animais<\/strong>, no interior de condom\u00ednios residenciais e comerciais, preencha o formul\u00e1rio abaixo e clique em &#8220;Enviar&#8221;.Campos marcados com asterisco s\u00e3o obrigat\u00f3rios.<\/p>\n\n\n<div id=\"quform-8e13c6\" class=\"quform quform-2 quform-support-page-caching\"><form id=\"quform-form-8e13c6\" class=\"quform-form quform-form-2\" action=\"\/pc\/wp-json\/wp\/v2\/pages\/978#quform-8e13c6\" method=\"post\" enctype=\"multipart\/form-data\" novalidate=\"novalidate\" data-options=\"{&quot;id&quot;:2,&quot;uniqueId&quot;:&quot;8e13c6&quot;,&quot;theme&quot;:&quot;&quot;,&quot;ajax&quot;:true,&quot;logic&quot;:{&quot;logic&quot;:[],&quot;dependents&quot;:[],&quot;elementIds&quot;:[],&quot;dependentElementIds&quot;:[],&quot;animate&quot;:true},&quot;currentPageId&quot;:1,&quot;errorsIcon&quot;:&quot;&quot;,&quot;updateFancybox&quot;:true,&quot;hasPages&quot;:false,&quot;pages&quot;:[1],&quot;pageProgressType&quot;:&quot;numbers&quot;,&quot;tooltipsEnabled&quot;:true,&quot;tooltipClasses&quot;:&quot;qtip-quform-dark qtip-shadow&quot;,&quot;tooltipMy&quot;:&quot;left center&quot;,&quot;tooltipAt&quot;:&quot;right center&quot;,&quot;isRtl&quot;:false,&quot;scrollOffset&quot;:-50,&quot;scrollSpeed&quot;:800}\"><button class=\"quform-default-submit\" name=\"quform_submit\" type=\"submit\" value=\"submit\" aria-hidden=\"true\" tabindex=\"-1\"><\/button><div class=\"quform-form-inner quform-form-inner-2\"><input type=\"hidden\" name=\"quform_form_id\" value=\"2\" \/><input type=\"hidden\" name=\"quform_form_uid\" value=\"8e13c6\" \/><input type=\"hidden\" name=\"quform_count\" value=\"1\" \/><input type=\"hidden\" name=\"form_url\" value=\"https:\/\/portal.pi.gov.br\/pc\/wp-json\/wp\/v2\/pages\/978\" \/><input type=\"hidden\" name=\"referring_url\" value=\"\" \/><input type=\"hidden\" name=\"post_id\" value=\"\" \/><input type=\"hidden\" name=\"post_title\" value=\"\" \/><input type=\"hidden\" name=\"quform_current_page_id\" value=\"1\" \/><input type=\"hidden\" name=\"quform_csrf_token\" value=\"aBjbyN1m3doc37ninmRX0rdcrG5BTA5c2XE6G42C\" \/><div class=\"quform-elements quform-elements-2 quform-cf quform-responsive-elements-phone-landscape\"><div class=\"quform-element quform-element-page quform-page-1 quform-page-2_1 quform-cf quform-group-style-plain quform-first-page quform-last-page quform-current-page\"><div class=\"quform-child-elements\"><div class=\"quform-element quform-element-select quform-element-2_3 quform-cf quform-element-required\"><div class=\"quform-spacer\"><div class=\"quform-label quform-label-2_3\"><label class=\"quform-label-text\" for=\"quform_2_3_8e13c6\">Tipo de Den\u00fancia<span class=\"quform-required\">*<\/span><\/label><\/div><div class=\"quform-inner quform-inner-select quform-inner-2_3\"><div class=\"quform-input quform-input-select quform-input-2_3 quform-cf\"><select id=\"quform_2_3_8e13c6\" name=\"quform_2_3\" class=\"quform-field quform-field-select quform-field-2_3\"><option value=\"\" selected=\"selected\">Selecione<\/option><option value=\"Crian\u00e7a\">Crian\u00e7a<\/option><option value=\"Mulher\">Mulher<\/option><option value=\"Idoso\">Idoso<\/option><option value=\"Animais\">Animais<\/option><\/select><\/div><\/div><\/div><\/div><div class=\"quform-element quform-element-email quform-element-2_4 quform-cf quform-element-required\"><div class=\"quform-spacer\"><div class=\"quform-label quform-label-2_4\"><label class=\"quform-label-text\" for=\"quform_2_4_8e13c6\">Endere\u00e7o de e-mail (N\u00e3o utilize Hotmail ou Outlook)<span class=\"quform-required\">*<\/span><\/label><\/div><div class=\"quform-inner quform-inner-email quform-inner-2_4\"><div class=\"quform-input quform-input-email quform-input-2_4 quform-cf\"><input type=\"email\" id=\"quform_2_4_8e13c6\" name=\"quform_2_4\" class=\"quform-field quform-field-email quform-field-2_4\" \/><\/div><\/div><\/div><\/div><div class=\"quform-element quform-element-textarea quform-element-2_5 quform-cf quform-element-required\"><div class=\"quform-spacer\"><div class=\"quform-label quform-label-2_5\"><label class=\"quform-label-text\" for=\"quform_2_5_8e13c6\">Den\u00fancia<span class=\"quform-required\">*<\/span><\/label><\/div><div class=\"quform-inner quform-inner-textarea quform-inner-2_5\"><div class=\"quform-input quform-input-textarea quform-input-2_5 quform-cf\"><textarea id=\"quform_2_5_8e13c6\" name=\"quform_2_5\" class=\"quform-field quform-field-textarea quform-field-2_5\"><\/textarea><\/div><\/div><\/div><\/div><div class=\"quform-element quform-element-recaptcha quform-element-2_6 quform-cf quform-element-required\"><div class=\"quform-spacer\"><div class=\"quform-label quform-label-2_6\"><label class=\"quform-label-text\">Voc\u00ea \u00e9 humano?<span class=\"quform-required\">*<\/span><\/label><\/div><div class=\"quform-inner quform-inner-recaptcha quform-inner-2_6\"><div class=\"quform-input quform-input-recaptcha quform-input-2_6 quform-cf\"><div class=\"quform-recaptcha\" data-config=\"{&quot;sitekey&quot;:&quot;6Ldm8CEoAAAAAHFAqekhMs6wH7VTLejOKQC23JEQ&quot;,&quot;_version&quot;:&quot;v2&quot;,&quot;size&quot;:&quot;normal&quot;,&quot;type&quot;:&quot;image&quot;,&quot;theme&quot;:&quot;light&quot;,&quot;badge&quot;:&quot;bottomright&quot;}\"><\/div><noscript><div><div style=\"width: 302px; height: 422px; position: relative;\"><div style=\"width: 302px; height: 422px; position: absolute;\"><iframe src=\"https:\/\/www.google.com\/recaptcha\/api\/fallback?k=6Ldm8CEoAAAAAHFAqekhMs6wH7VTLejOKQC23JEQ\" frameborder=\"0\" scrolling=\"no\" style=\"width: 302px; height:422px; border-style: none;\"><\/iframe><\/div><\/div><div style=\"width: 300px; height: 60px; border-style: none; bottom: 12px; left: 25px; margin: 0px; padding: 0px; right: 25px; background: #f9f9f9; border: 1px solid #c1c1c1; border-radius: 3px;\"><textarea name=\"g-recaptcha-response\" class=\"g-recaptcha-response\" style=\"width: 250px; height: 40px; border: 1px solid #c1c1c1; margin: 10px 25px; padding: 0px; resize: none;\"><\/textarea><\/div><\/div><\/noscript><\/div><\/div><\/div><\/div><div class=\"quform-element quform-element-submit quform-element-2_2 quform-cf quform-button-style-theme\"><div class=\"quform-button-submit quform-button-submit-default quform-button-submit-2_2\"><button name=\"quform_submit\" type=\"submit\" class=\"quform-submit\" value=\"submit\"><span class=\"quform-button-text quform-button-submit-text\">Enviar<\/span><\/button><\/div><div class=\"quform-loading quform-loading-position-left quform-loading-type-spinner-1\"><div class=\"quform-loading-inner\"><div class=\"quform-loading-spinner\"><div class=\"quform-loading-spinner-inner\"><\/div><\/div><\/div><\/div><\/div><div class=\"quform-element-tree\"><label for=\"quform_2_0_8e13c6\">Este campo deve ser deixado em branco<\/label><input type=\"text\" id=\"quform_2_0_8e13c6\" name=\"quform_2_0\" class=\"quform-field quform-field-tree quform-field-2_0\" tabindex=\"-1\" autocomplete=\"off\" \/><\/div><\/div><\/div><\/div><\/div><\/form><\/div>\n","protected":false},"excerpt":{"rendered":"<p>Para fazer sua\u00a0DEN\u00daNCIA, relacionada a crimes cometidos contra\u00a0crian\u00e7a, mulher, idoso e animais, no interior de condom\u00ednios residenciais e comerciais, preencha o formul\u00e1rio abaixo e clique em &#8220;Enviar&#8221;.Campos marcados com asterisco [&hellip;]<\/p>\n","protected":false},"author":1,"featured_media":0,"parent":0,"menu_order":0,"comment_status":"closed","ping_status":"closed","template":"template-fullwidth.php","meta":[],"featured_image_urls":{"full":"","thumbnail":"","medium":"","medium_large":"","large":"","sgg-420":"","sgg-540":"","sgg-780":"","1536x1536":"","2048x2048":"","homepage-slider":"","homepage-slider-small":"","page-top":"","page-small":"","loop-main":"","thumb-gallery-widget":""},"post_excerpt_stackable":"<p>Para fazer sua\u00a0DEN\u00daNCIA, relacionada a crimes cometidos contra\u00a0crian\u00e7a, mulher, idoso e animais, no interior de condom\u00ednios residenciais e comerciais, preencha o formul\u00e1rio abaixo e clique em &#8220;Enviar&#8221;.Campos marcados com asterisco s\u00e3o obrigat\u00f3rios. Tipo de Den\u00fancia*SelecioneCrian\u00e7aMulherIdosoAnimaisEndere\u00e7o de e-mail (N\u00e3o utilize Hotmail ou Outlook)*Den\u00fancia*Voc\u00ea \u00e9 humano?*EnviarEste campo deve ser deixado em branco<\/p>\n","category_list":"","author_info":{"name":"admin","url":"https:\/\/portal.pi.gov.br\/pc\/author\/admin\/"},"comments_num":"0 coment\u00e1rio","featured_image_urls_v2":{"full":"","thumbnail":"","medium":"","medium_large":"","large":"","sgg-420":"","sgg-540":"","sgg-780":"","1536x1536":"","2048x2048":"","homepage-slider":"","homepage-slider-small":"","page-top":"","page-small":"","loop-main":"","thumb-gallery-widget":""},"post_excerpt_stackable_v2":"<p>Para fazer sua\u00a0DEN\u00daNCIA, relacionada a crimes cometidos contra\u00a0crian\u00e7a, mulher, idoso e animais, no interior de condom\u00ednios residenciais e comerciais, preencha o formul\u00e1rio abaixo e clique em &#8220;Enviar&#8221;.Campos marcados com asterisco s\u00e3o obrigat\u00f3rios. Tipo de Den\u00fancia*SelecioneCrian\u00e7aMulherIdosoAnimaisEndere\u00e7o de e-mail (N\u00e3o utilize Hotmail ou Outlook)*Den\u00fancia*Voc\u00ea \u00e9 humano?*EnviarEste campo deve ser deixado em branco<\/p>\n","category_list_v2":"","author_info_v2":{"name":"admin","url":"https:\/\/portal.pi.gov.br\/pc\/author\/admin\/"},"comments_num_v2":"0 coment\u00e1rio","_links":{"self":[{"href":"https:\/\/portal.pi.gov.br\/pc\/wp-json\/wp\/v2\/pages\/978"}],"collection":[{"href":"https:\/\/portal.pi.gov.br\/pc\/wp-json\/wp\/v2\/pages"}],"about":[{"href":"https:\/\/portal.pi.gov.br\/pc\/wp-json\/wp\/v2\/types\/page"}],"author":[{"embeddable":true,"href":"https:\/\/portal.pi.gov.br\/pc\/wp-json\/wp\/v2\/users\/1"}],"replies":[{"embeddable":true,"href":"https:\/\/portal.pi.gov.br\/pc\/wp-json\/wp\/v2\/comments?post=978"}],"version-history":[{"count":4,"href":"https:\/\/portal.pi.gov.br\/pc\/wp-json\/wp\/v2\/pages\/978\/revisions"}],"predecessor-version":[{"id":4433,"href":"https:\/\/portal.pi.gov.br\/pc\/wp-json\/wp\/v2\/pages\/978\/revisions\/4433"}],"wp:attachment":[{"href":"https:\/\/portal.pi.gov.br\/pc\/wp-json\/wp\/v2\/media?parent=978"}],"curies":[{"name":"wp","href":"https:\/\/api.w.org\/{rel}","templated":true}]}}