{"id":982,"date":"2022-01-29T20:58:17","date_gmt":"2022-01-29T23:58:17","guid":{"rendered":"https:\/\/portal.pi.gov.br\/pc\/?page_id=982"},"modified":"2025-12-10T12:04:55","modified_gmt":"2025-12-10T15:04:55","slug":"ouvidoria","status":"publish","type":"page","link":"https:\/\/portal.pi.gov.br\/pc\/ouvidoria\/","title":{"rendered":"Ouvidoria"},"content":{"rendered":"\n<p>Por entender a import\u00e2ncia da Ouvidoria Setorial, a Pol\u00edcia Civil do Piau\u00ed implantou este Canal de Comunica\u00e7\u00e3o em abril de 2018.<\/p>\n\n\n\n<p>A Ouvidoria da Pol\u00edcia Civil do Piau\u00ed tem por objetivo receber den\u00fancias e reclama\u00e7\u00f5es sobre atos que violem direitos de cidad\u00e3os, assim como receber elogios sobre as formas de atendimento e sugest\u00f5es quanto o funcionamento e qualidade dos servi\u00e7os de todas as unidades de pol\u00edcia do Piau\u00ed, assim como das unidades referentes ao Departamento de Pol\u00edcia T\u00e9cnico-Cient\u00edfica da PC-PI, sendo um meio de comunica\u00e7\u00e3o entre a sociedade e a institui\u00e7\u00e3o.<\/p>\n\n\n\n<p>A popula\u00e7\u00e3o em geral e servidores da institui\u00e7\u00e3o podem procurar o servi\u00e7o gratuitamente.<\/p>\n\n\n\n<p>A Ouvidoria da PC-PI pode ser acessada pelos seguintes canais:<\/p>\n\n\n\n<p><strong>PRESENCIALMENTE NO ENDERE\u00c7O<\/strong>:Rua Mato Grosso, 912, bairro Ilhotas, Teresina-PI, CEP.: 64.00-710<\/p>\n\n\n\n<p><strong>TELEFONE GRATUITO<\/strong>: 162<\/p>\n\n\n\n<p><strong>WHATSAPP<\/strong>: (86) 99485-0192<\/p>\n\n\n\n<p><strong>ENVIO DE EMAIL:<\/strong>&nbsp;ouvidoria@pc.pi.gov.br&nbsp;<\/p>\n\n\n\n<p><\/p>\n\n\n\n<p><strong>SITES:&nbsp;<\/strong><\/p>\n\n\n\n<p><a rel=\"noreferrer noopener\" href=\"https:\/\/portal.pi.gov.br\/pc\/ouvidoria-2\/\" data-type=\"URL\" data-id=\"https:\/\/portal.pi.gov.br\/pc\/ouvidoria-2\/\" target=\"_blank\">http:\/\/www.pc.pi.gov.br<\/a> e clique em OUVIDORIA<\/p>\n\n\n\n<p><a href=\"http:\/\/eouv.pi.gov.br\/publico\/Manifestacao\/RegistrarManifestacao.aspx\">http:\/\/eouv.pi.gov.br<\/a>&nbsp;(e-OUV: para reclama\u00e7\u00f5es, sugest\u00f5es, den\u00fancias, elogios e solicita\u00e7\u00f5es de provid\u00eancia \u2013 conforme Lei Federal N\u00ba 13.460\/2017);<\/p>\n\n\n\n<p><strong>INFORMA\u00c7\u00d5ES P\u00daBLICAS:<\/strong><\/p>\n\n\n\n<p><a href=\"http:\/\/acessoainformacao.pi.gov.br\/sigep\/\">acessoainformacao.pi.gov.br<\/a>&nbsp;(e-SIC: para pedidos de acesso \u00e0 informa\u00e7\u00e3o p\u00fablica \u2013 conforme Lei Federal N\u00b0 12.527\/2011)<\/p>\n\n\n\n<p><\/p>\n\n\n\n<p>As mensagens ser\u00e3o respondidas conforme ordem de chegada, no prazo estipulado pela Lei de Acesso a Informa\u00e7\u00e3o (Lei 12.527\/2011), ficando resguardado o anonimato do denunciante.<\/p>\n","protected":false},"excerpt":{"rendered":"<p>Por entender a import\u00e2ncia da Ouvidoria Setorial, a Pol\u00edcia Civil do Piau\u00ed implantou este Canal de Comunica\u00e7\u00e3o em abril de 2018. A Ouvidoria da Pol\u00edcia Civil do Piau\u00ed tem por [&hellip;]<\/p>\n","protected":false},"author":1,"featured_media":0,"parent":0,"menu_order":0,"comment_status":"closed","ping_status":"closed","template":"","meta":[],"featured_image_urls":{"full":"","thumbnail":"","medium":"","medium_large":"","large":"","sgg-420":"","sgg-540":"","sgg-780":"","1536x1536":"","2048x2048":"","homepage-slider":"","homepage-slider-small":"","page-top":"","page-small":"","loop-main":"","thumb-gallery-widget":""},"post_excerpt_stackable":"<p>Por entender a import\u00e2ncia da Ouvidoria Setorial, a Pol\u00edcia Civil do Piau\u00ed implantou este Canal de Comunica\u00e7\u00e3o em abril de 2018. A Ouvidoria da Pol\u00edcia Civil do Piau\u00ed tem por objetivo receber den\u00fancias e reclama\u00e7\u00f5es sobre atos que violem direitos de cidad\u00e3os, assim como receber elogios sobre as formas de atendimento e sugest\u00f5es quanto o funcionamento e qualidade dos servi\u00e7os de todas as unidades de pol\u00edcia do Piau\u00ed, assim como das unidades referentes ao Departamento de Pol\u00edcia T\u00e9cnico-Cient\u00edfica da PC-PI, sendo um meio de comunica\u00e7\u00e3o entre a sociedade e a institui\u00e7\u00e3o. A popula\u00e7\u00e3o em geral e servidores da institui\u00e7\u00e3o podem&hellip;<\/p>\n","category_list":"","author_info":{"name":"admin","url":"https:\/\/portal.pi.gov.br\/pc\/author\/admin\/"},"comments_num":"0 coment\u00e1rio","featured_image_urls_v2":{"full":"","thumbnail":"","medium":"","medium_large":"","large":"","sgg-420":"","sgg-540":"","sgg-780":"","1536x1536":"","2048x2048":"","homepage-slider":"","homepage-slider-small":"","page-top":"","page-small":"","loop-main":"","thumb-gallery-widget":""},"post_excerpt_stackable_v2":"<p>Por entender a import\u00e2ncia da Ouvidoria Setorial, a Pol\u00edcia Civil do Piau\u00ed implantou este Canal de Comunica\u00e7\u00e3o em abril de 2018. A Ouvidoria da Pol\u00edcia Civil do Piau\u00ed tem por objetivo receber den\u00fancias e reclama\u00e7\u00f5es sobre atos que violem direitos de cidad\u00e3os, assim como receber elogios sobre as formas de atendimento e sugest\u00f5es quanto o funcionamento e qualidade dos servi\u00e7os de todas as unidades de pol\u00edcia do Piau\u00ed, assim como das unidades referentes ao Departamento de Pol\u00edcia T\u00e9cnico-Cient\u00edfica da PC-PI, sendo um meio de comunica\u00e7\u00e3o entre a sociedade e a institui\u00e7\u00e3o. A popula\u00e7\u00e3o em geral e servidores da institui\u00e7\u00e3o podem&hellip;<\/p>\n","category_list_v2":"","author_info_v2":{"name":"admin","url":"https:\/\/portal.pi.gov.br\/pc\/author\/admin\/"},"comments_num_v2":"0 coment\u00e1rio","_links":{"self":[{"href":"https:\/\/portal.pi.gov.br\/pc\/wp-json\/wp\/v2\/pages\/982"}],"collection":[{"href":"https:\/\/portal.pi.gov.br\/pc\/wp-json\/wp\/v2\/pages"}],"about":[{"href":"https:\/\/portal.pi.gov.br\/pc\/wp-json\/wp\/v2\/types\/page"}],"author":[{"embeddable":true,"href":"https:\/\/portal.pi.gov.br\/pc\/wp-json\/wp\/v2\/users\/1"}],"replies":[{"embeddable":true,"href":"https:\/\/portal.pi.gov.br\/pc\/wp-json\/wp\/v2\/comments?post=982"}],"version-history":[{"count":5,"href":"https:\/\/portal.pi.gov.br\/pc\/wp-json\/wp\/v2\/pages\/982\/revisions"}],"predecessor-version":[{"id":16020,"href":"https:\/\/portal.pi.gov.br\/pc\/wp-json\/wp\/v2\/pages\/982\/revisions\/16020"}],"wp:attachment":[{"href":"https:\/\/portal.pi.gov.br\/pc\/wp-json\/wp\/v2\/media?parent=982"}],"curies":[{"name":"wp","href":"https:\/\/api.w.org\/{rel}","templated":true}]}}