{"id":986,"date":"2022-01-29T21:06:41","date_gmt":"2022-01-30T00:06:41","guid":{"rendered":"https:\/\/portal.pi.gov.br\/pc\/?page_id=986"},"modified":"2024-01-23T10:34:48","modified_gmt":"2024-01-23T13:34:48","slug":"atas-de-registros-de-preco","status":"publish","type":"page","link":"https:\/\/portal.pi.gov.br\/pc\/atas-de-registros-de-preco\/","title":{"rendered":"Licita\u00e7\u00f5es"},"content":{"rendered":"\n<p><\/p>\n\n\n\n<p>Em conson\u00e2ncia com os objetivos dispostos no Decreto Estadual n\u00ba 19.522\/2021, o qual autoriza a Delegacia Geral de Pol\u00edcia Civil do Estado do Piau\u00ed, a realizar licita\u00e7\u00f5es, compras e celebrar contratos administrativos e visando cumprir o Planejamento Estrat\u00e9gico da Pol\u00edcia Civil atrav\u00e9s de uma gest\u00e3o mais efici\u00eancia, o Delegado Geral Luccy Keiko Leal Para\u00edba, criou por meio da Portaria n\u00b0038-GDG\/AN\/2020, a Ger\u00eancia de Licita\u00e7\u00f5es e Contratos da Pol\u00edcia Civil do Estado do Piau\u00ed\/GLC-PCPI.<\/p>\n\n\n\n<p>Nessa perspectiva, a referida Ger\u00eancia abrange as atribui\u00e7\u00f5es relacionadas aos processos licitat\u00f3rios e Contratos administrativos no \u00e2mbito da Pol\u00edcia Civil, notadamente, cabendo-lhe, principalmente, as fun\u00e7\u00f5es de: receber, examinar e julgar todos os documentos e procedimentos relativos ao cadastramento de licitantes, \u00e0 habilita\u00e7\u00e3o e ao julgamento das licita\u00e7\u00f5es; bem como instruir os processos licitat\u00f3rios, anexando a documenta\u00e7\u00e3o pertinente, al\u00e9m de realizar a publica\u00e7\u00e3o dos atos, e promover ou determinar a realiza\u00e7\u00e3o de dilig\u00eancias afetas ao tema e instruir processos referentes aos contratos firmados pela Delegacia Geral, seus Termos Aditivos e demais documentos relativos \u00e0s contrata\u00e7\u00f5es.<\/p>\n\n\n\n<p>&nbsp;Atual Gerente:&nbsp;<strong>Marcelo de Oliveira Santos<\/strong>&nbsp;(Agente de Pol\u00edcia Civil-1\u00aaClasse)<\/p>\n\n\n\n<p><em>Endere\u00e7o da GCL: Rua Barroso n\u00ba 241, Centro\/Sul, Pra\u00e7a Saraiva, CEP.: 64.001-130, Teresina-PI<\/em><\/p>\n\n\n\n<p><em>E-mail: glc@pc.pi.gov.br&nbsp;<\/em><\/p>\n\n\n\n<p><\/p>\n\n\n\n<p><strong>DISPENSA DE LICITA\u00c7\u00c3O EM 2023<\/strong><\/p>\n\n\n\n<p><\/p>\n\n\n\n<p><em><a href=\"https:\/\/portal.pi.gov.br\/pc\/download\/82\/licitacoes-e-contratos\/4594\/minuta_aviso_de_intencao_de_dispensa_de_licitacao-2.pdf\" data-type=\"URL\" data-id=\"https:\/\/portal.pi.gov.br\/pc\/download\/82\/licitacoes-e-contratos\/4594\/minuta_aviso_de_intencao_de_dispensa_de_licitacao-2.pdf\">Aviso de Inten\u00e7\u00e3o de Dispensa de Licita\u00e7\u00e3o (ART. 75, INCISO II, \u00a7 3\u00ba DA LEI FEDERAL N\u00ba 14.133\/2021) &#8211; Papel Sulfite A4<\/a><\/em><\/p>\n\n\n\n<p><\/p>\n\n\n\n<p><em><a href=\"https:\/\/portal.pi.gov.br\/pc\/atas-de-registros-de-preco\/\" data-type=\"URL\" data-id=\"https:\/\/portal.pi.gov.br\/pc\/atas-de-registros-de-preco\/\">Termo de Refer\u00eancia &#8211; Registro de Pre\u00e7o para Aquisi\u00e7\u00e3o de papel A4 branco<\/a><\/em><\/p>\n\n\n\n<p><\/p>\n\n\n\n<p><strong>RELA\u00c7\u00c3O DE LICITA\u00c7\u00d5ES EM 2023<\/strong><\/p>\n\n\n\n<p><strong>RELA\u00c7\u00c3O DE LICITA\u00c7\u00d5ES EM 2022<\/strong><\/p>\n\n\n\n<p><a href=\"https:\/\/portal.pi.gov.br\/pc\/download\/83\/licitacoes\/2147\/arquivo-pe-001-2002-ascom.pdf\" data-type=\"URL\" data-id=\"https:\/\/portal.pi.gov.br\/pc\/download\/83\/licitacoes\/2147\/arquivo-pe-001-2002-ascom.pdf\">Preg\u00e3o Eletronico 001 2022 DGPC-PI: Aquisi\u00e7\u00e3o de microcomputador port\u00e1til tipo Notebook, para atender \u00e0s necessidades das unidades policiais que comp\u00f5em a Pol\u00edcia Civil do Estado do Piau\u00ed, conforme Edital e Termo de Refer\u00eancia.<\/a><\/p>\n\n\n\n<p><em><a href=\"https:\/\/portal.pi.gov.br\/pc\/download\/83\/licitacoes\/2138\/pe-003-2021-nova-data.pdf\" data-type=\"URL\" data-id=\"https:\/\/portal.pi.gov.br\/pc\/download\/83\/licitacoes\/2138\/pe-003-2021-nova-data.pdf\">Edital 003 -Preg\u00e3o N\u00ba 003 2021 DGPC_PI NOVA DATA: Aquisi\u00e7\u00e3o de ve\u00edculos policiais ostensivos caracterizados e ve\u00edculos de apoio operacional descaracterizados, visando suprir a demanda do Departamento Estadual de Prote\u00e7\u00e3o \u00e0 Mulher-DEPM, da Pol\u00edcia Civil do Estado do Piau\u00ed, conforme especifica\u00e7\u00f5es descritas neste Termo de Refer\u00eancia.<\/a><\/em><\/p>\n\n\n\n<p><strong>PLANO ANUAL DE CONTRATA\u00c7\u00d5ES DA POL\u00cdCIA CIVIL DO PIAU\u00cd &#8211; 2024<\/strong><\/p>\n\n\n\n<p><a href=\"https:\/\/portal.pi.gov.br\/pc\/download\/82\/licitacoes-e-contratos\/8048\/planejamento-anual-de-contratacoes-da-policia-civil-do-piaui-2024.pdf\" data-type=\"URL\" data-id=\"https:\/\/portal.pi.gov.br\/pc\/download\/82\/licitacoes-e-contratos\/8048\/planejamento-anual-de-contratacoes-da-policia-civil-do-piaui-2024.pdf\" target=\"_blank\" rel=\"noreferrer noopener\">https:\/\/portal.pi.gov.br\/pc\/download\/82\/licitacoes-e-contratos\/8048\/planejamento-anual-de-contratacoes-da-policia-civil-do-piaui-2024.pdf<\/a><\/p>\n","protected":false},"excerpt":{"rendered":"<p>Em conson\u00e2ncia com os objetivos dispostos no Decreto Estadual n\u00ba 19.522\/2021, o qual autoriza a Delegacia Geral de Pol\u00edcia Civil do Estado do Piau\u00ed, a realizar licita\u00e7\u00f5es, compras e celebrar [&hellip;]<\/p>\n","protected":false},"author":1,"featured_media":0,"parent":0,"menu_order":0,"comment_status":"closed","ping_status":"closed","template":"template-fullwidth.php","meta":[],"featured_image_urls":{"full":"","thumbnail":"","medium":"","medium_large":"","large":"","sgg-420":"","sgg-540":"","sgg-780":"","1536x1536":"","2048x2048":"","homepage-slider":"","homepage-slider-small":"","page-top":"","page-small":"","loop-main":"","thumb-gallery-widget":""},"post_excerpt_stackable":"<p>Em conson\u00e2ncia com os objetivos dispostos no Decreto Estadual n\u00ba 19.522\/2021, o qual autoriza a Delegacia Geral de Pol\u00edcia Civil do Estado do Piau\u00ed, a realizar licita\u00e7\u00f5es, compras e celebrar contratos administrativos e visando cumprir o Planejamento Estrat\u00e9gico da Pol\u00edcia Civil atrav\u00e9s de uma gest\u00e3o mais efici\u00eancia, o Delegado Geral Luccy Keiko Leal Para\u00edba, criou por meio da Portaria n\u00b0038-GDG\/AN\/2020, a Ger\u00eancia de Licita\u00e7\u00f5es e Contratos da Pol\u00edcia Civil do Estado do Piau\u00ed\/GLC-PCPI. Nessa perspectiva, a referida Ger\u00eancia abrange as atribui\u00e7\u00f5es relacionadas aos processos licitat\u00f3rios e Contratos administrativos no \u00e2mbito da Pol\u00edcia Civil, notadamente, cabendo-lhe, principalmente, as fun\u00e7\u00f5es de: receber,&hellip;<\/p>\n","category_list":"","author_info":{"name":"admin","url":"https:\/\/portal.pi.gov.br\/pc\/author\/admin\/"},"comments_num":"0 coment\u00e1rio","featured_image_urls_v2":{"full":"","thumbnail":"","medium":"","medium_large":"","large":"","sgg-420":"","sgg-540":"","sgg-780":"","1536x1536":"","2048x2048":"","homepage-slider":"","homepage-slider-small":"","page-top":"","page-small":"","loop-main":"","thumb-gallery-widget":""},"post_excerpt_stackable_v2":"<p>Em conson\u00e2ncia com os objetivos dispostos no Decreto Estadual n\u00ba 19.522\/2021, o qual autoriza a Delegacia Geral de Pol\u00edcia Civil do Estado do Piau\u00ed, a realizar licita\u00e7\u00f5es, compras e celebrar contratos administrativos e visando cumprir o Planejamento Estrat\u00e9gico da Pol\u00edcia Civil atrav\u00e9s de uma gest\u00e3o mais efici\u00eancia, o Delegado Geral Luccy Keiko Leal Para\u00edba, criou por meio da Portaria n\u00b0038-GDG\/AN\/2020, a Ger\u00eancia de Licita\u00e7\u00f5es e Contratos da Pol\u00edcia Civil do Estado do Piau\u00ed\/GLC-PCPI. Nessa perspectiva, a referida Ger\u00eancia abrange as atribui\u00e7\u00f5es relacionadas aos processos licitat\u00f3rios e Contratos administrativos no \u00e2mbito da Pol\u00edcia Civil, notadamente, cabendo-lhe, principalmente, as fun\u00e7\u00f5es de: receber,&hellip;<\/p>\n","category_list_v2":"","author_info_v2":{"name":"admin","url":"https:\/\/portal.pi.gov.br\/pc\/author\/admin\/"},"comments_num_v2":"0 coment\u00e1rio","_links":{"self":[{"href":"https:\/\/portal.pi.gov.br\/pc\/wp-json\/wp\/v2\/pages\/986"}],"collection":[{"href":"https:\/\/portal.pi.gov.br\/pc\/wp-json\/wp\/v2\/pages"}],"about":[{"href":"https:\/\/portal.pi.gov.br\/pc\/wp-json\/wp\/v2\/types\/page"}],"author":[{"embeddable":true,"href":"https:\/\/portal.pi.gov.br\/pc\/wp-json\/wp\/v2\/users\/1"}],"replies":[{"embeddable":true,"href":"https:\/\/portal.pi.gov.br\/pc\/wp-json\/wp\/v2\/comments?post=986"}],"version-history":[{"count":36,"href":"https:\/\/portal.pi.gov.br\/pc\/wp-json\/wp\/v2\/pages\/986\/revisions"}],"predecessor-version":[{"id":8052,"href":"https:\/\/portal.pi.gov.br\/pc\/wp-json\/wp\/v2\/pages\/986\/revisions\/8052"}],"wp:attachment":[{"href":"https:\/\/portal.pi.gov.br\/pc\/wp-json\/wp\/v2\/media?parent=986"}],"curies":[{"name":"wp","href":"https:\/\/api.w.org\/{rel}","templated":true}]}}