{"id":1386,"date":"2023-06-21T10:11:21","date_gmt":"2023-06-21T13:11:21","guid":{"rendered":"https:\/\/portal.pi.gov.br\/piauiprev\/?page_id=1386"},"modified":"2025-07-21T10:30:32","modified_gmt":"2025-07-21T13:30:32","slug":"lei-geral-de-protecao-de-dados-lgpd","status":"publish","type":"page","link":"https:\/\/portal.pi.gov.br\/piauiprev\/lei-geral-de-protecao-de-dados-lgpd\/","title":{"rendered":"Lei Geral de Prote\u00e7\u00e3o de Dados &#8211; LGPD"},"content":{"rendered":"\n<h5 class=\"wp-block-heading\"><a href=\"https:\/\/portal.pi.gov.br\/piauiprev\/transparencia\/\">&lt;Voltar<\/a><\/h5>\n\n\n\n<div class=\"wp-block-stackable-heading stk-block-heading stk-block-heading--v2 stk-block stk-92bed2f\" id=\"legislacao\" data-block-id=\"92bed2f\"><style>.stk-92bed2f{margin-bottom:23px !important}<\/style><h2 class=\"stk-block-heading__text stk-block-heading--use-theme-margins\">Legisla\u00e7\u00e3o<\/h2><div class=\"stk-block-heading__bottom-line\"><\/div><\/div>\n\n\n\n<ul>\n<li class=\"has-medium-font-size\"><a href=\"https:\/\/portal.pi.gov.br\/piauiprev\/wp-content\/uploads\/sites\/45\/2025\/07\/Politica_de_Seguranca_da_Informacao_2025_07_PIAUIPREV.pdf\" target=\"_blank\" rel=\"noreferrer noopener\">Pol\u00edtica de Seguran\u00e7a da Informa\u00e7\u00e3o<\/a><\/li>\n\n\n\n<li class=\"has-medium-font-size\"><a rel=\"noreferrer noopener\" href=\"https:\/\/portal.pi.gov.br\/piauiprev\/wp-content\/uploads\/sites\/45\/2025\/04\/1-017423981_Anexo_Politica_de_Privacidade.pdf\" data-type=\"URL\" data-id=\"https:\/\/portal.pi.gov.br\/piauiprev\/wp-content\/uploads\/sites\/45\/2025\/04\/1-017423981_Anexo_Politica_de_Privacidade.pdf\" target=\"_blank\">Pol\u00edtica de Privacidade<\/a><\/li>\n\n\n\n<li class=\"has-medium-font-size\"><a rel=\"noreferrer noopener\" href=\"https:\/\/portal.pi.gov.br\/piauiprev\/wp-content\/uploads\/sites\/45\/2025\/04\/2-017424323_Anexo_Termos_de_Uso.pdf\" data-type=\"URL\" data-id=\"https:\/\/portal.pi.gov.br\/piauiprev\/wp-content\/uploads\/sites\/45\/2025\/04\/2-017424323_Anexo_Termos_de_Uso.pdf\" target=\"_blank\">Termos de Uso<\/a><\/li>\n\n\n\n<li class=\"has-medium-font-size\"><a href=\"https:\/\/portal.pi.gov.br\/piauiprev\/wp-content\/uploads\/sites\/45\/2025\/04\/3-017424406_Anexo_Politica_de_Cookies.pdf\" data-type=\"URL\" data-id=\"https:\/\/portal.pi.gov.br\/piauiprev\/wp-content\/uploads\/sites\/45\/2025\/04\/3-017424406_Anexo_Politica_de_Cookies.pdf\" target=\"_blank\" rel=\"noreferrer noopener\">Pol\u00edtica de Cookies<\/a><\/li>\n<\/ul>\n\n\n\n<div class=\"wp-block-stackable-heading stk-block-heading stk-block-heading--v2 stk-block stk-abd0aa7\" id=\"encarregado-de-protecao-de-dados-dpo\" data-block-id=\"abd0aa7\"><h2 class=\"stk-block-heading__text stk-block-heading--use-theme-margins\">Encarregado de Prote\u00e7\u00e3o de Dados \u2013 DPO<\/h2><div class=\"stk-block-heading__bottom-line\"><\/div><\/div>\n\n\n\n<div class=\"wp-block-stackable-text stk-block-text stk-block stk-a5f404a\" data-block-id=\"a5f404a\"><p class=\"stk-block-text__text\">O encarregado pelo tratamento de dados pessoais, internacionalmente conhecido como Data Protection Officer (DPO), possui a fun\u00e7\u00e3o de atuar como canal de comunica\u00e7\u00e3o entre institui\u00e7\u00e3o, os titulares dos dados e a Autoridade Nacional de Prote\u00e7\u00e3o de Dados (ANPD).<\/p><\/div>\n\n\n\n<div class=\"wp-block-stackable-text stk-block-text stk-block stk-4bd2ed6\" data-block-id=\"4bd2ed6\"><p class=\"stk-block-text__text\"><strong>Encarregado<\/strong>: Eder Agnelo Vanju Carvalho<\/p><\/div>\n\n\n\n<div class=\"wp-block-stackable-text stk-block-text stk-block stk-7f193a7\" data-block-id=\"7f193a7\"><p class=\"stk-block-text__text\"><strong>E-mail:<\/strong> dpo@piauiprev.pi.gov.br<\/p><\/div>\n\n\n\n<h4 class=\"wp-block-heading\"><strong><span style=\"font-weight: 600\"><u>Previs\u00e3o legal:<\/u><\/span><\/strong><\/h4>\n\n\n\n<div class=\"wp-block-stackable-text stk-block-text stk-block stk-e5d7ae2\" data-block-id=\"e5d7ae2\"><p class=\"stk-block-text__text\">LGPD, art. 5\u00ba, VIII<br><a href=\"https:\/\/portal.pi.gov.br\/piauiprev\/wp-content\/uploads\/sites\/45\/2025\/04\/DIARIO_OFICIAL_DO_ESTADO_DO_PIAUI_PUBLICACAO_N_91_84.pdf\" target=\"_blank\" rel=\"noreferrer noopener\">Portaria de Nomea\u00e7\u00e3o do Encarregado de Prote\u00e7\u00e3o de Dados da Funda\u00e7\u00e3o Piau\u00ed Previd\u00eancia &#8211; PIAUIPREV<\/a><\/p><\/div>\n\n\n\n<h4 class=\"wp-block-heading\"><strong><span style=\"font-weight: 600\"><u>Atribui\u00e7\u00f5es:<\/u><\/span><\/strong><\/h4>\n\n\n\n<div class=\"wp-block-stackable-text stk-block-text stk-block stk-a7c304b\" data-block-id=\"a7c304b\"><p class=\"stk-block-text__text\">Artigo 41, \u00a72\u00ba, da LGPD<br>I &#8211; aceitar reclama\u00e7\u00f5es e comunica\u00e7\u00f5es dos titulares, prestar esclarecimentos e adotar provid\u00eancias;<br>II &#8211; receber comunica\u00e7\u00f5es da autoridade nacional e adotar provid\u00eancias;<br>III &#8211; orientar os funcion\u00e1rios e os contratados da entidade a respeito das pr\u00e1ticas a serem tomadas em rela\u00e7\u00e3o \u00e0 prote\u00e7\u00e3o de dados pessoais; e<br>IV &#8211; executar as demais atribui\u00e7\u00f5es determinadas pelo controlador ou estabelecidas em normas complementares.<\/p><\/div>\n\n\n\n<p><\/p>\n","protected":false},"excerpt":{"rendered":"<p>&lt;Voltar Legisla\u00e7\u00e3o Encarregado de Prote\u00e7\u00e3o de Dados \u2013 DPO O encarregado pelo tratamento de dados pessoais, internacionalmente conhecido como Data Protection Officer (DPO), possui a fun\u00e7\u00e3o de atuar como canal [&hellip;]<\/p>\n","protected":false},"author":1,"featured_media":0,"parent":0,"menu_order":0,"comment_status":"closed","ping_status":"closed","template":"template-fullwidth.php","meta":[],"featured_image_urls":{"full":"","thumbnail":"","medium":"","medium_large":"","large":"","sgg-420":"","sgg-540":"","sgg-780":"","1536x1536":"","2048x2048":"","homepage-slider":"","homepage-slider-small":"","page-top":"","page-small":"","loop-main":"","thumb-gallery-widget":""},"post_excerpt_stackable":"<p>&lt;Voltar Legisla\u00e7\u00e3o Pol\u00edtica de Seguran\u00e7a da Informa\u00e7\u00e3o Pol\u00edtica de Privacidade Termos de Uso Pol\u00edtica de Cookies Encarregado de Prote\u00e7\u00e3o de Dados \u2013 DPO O encarregado pelo tratamento de dados pessoais, internacionalmente conhecido como Data Protection Officer (DPO), possui a fun\u00e7\u00e3o de atuar como canal de comunica\u00e7\u00e3o entre institui\u00e7\u00e3o, os titulares dos dados e a Autoridade Nacional de Prote\u00e7\u00e3o de Dados (ANPD). Encarregado: Eder Agnelo Vanju Carvalho E-mail: dpo@piauiprev.pi.gov.br Previs\u00e3o legal: LGPD, art. 5\u00ba, VIIIPortaria de Nomea\u00e7\u00e3o do Encarregado de Prote\u00e7\u00e3o de Dados da Funda\u00e7\u00e3o Piau\u00ed Previd\u00eancia &#8211; PIAUIPREV Atribui\u00e7\u00f5es: Artigo 41, \u00a72\u00ba, da LGPDI &#8211; aceitar reclama\u00e7\u00f5es e comunica\u00e7\u00f5es dos&hellip;<\/p>\n","category_list":"","author_info":{"name":"admin","url":"https:\/\/portal.pi.gov.br\/piauiprev\/author\/admin\/"},"comments_num":"0 coment\u00e1rio","featured_image_urls_v2":{"full":"","thumbnail":"","medium":"","medium_large":"","large":"","sgg-420":"","sgg-540":"","sgg-780":"","1536x1536":"","2048x2048":"","homepage-slider":"","homepage-slider-small":"","page-top":"","page-small":"","loop-main":"","thumb-gallery-widget":""},"post_excerpt_stackable_v2":"<p>&lt;Voltar Legisla\u00e7\u00e3o Pol\u00edtica de Seguran\u00e7a da Informa\u00e7\u00e3o Pol\u00edtica de Privacidade Termos de Uso Pol\u00edtica de Cookies Encarregado de Prote\u00e7\u00e3o de Dados \u2013 DPO O encarregado pelo tratamento de dados pessoais, internacionalmente conhecido como Data Protection Officer (DPO), possui a fun\u00e7\u00e3o de atuar como canal de comunica\u00e7\u00e3o entre institui\u00e7\u00e3o, os titulares dos dados e a Autoridade Nacional de Prote\u00e7\u00e3o de Dados (ANPD). Encarregado: Eder Agnelo Vanju Carvalho E-mail: dpo@piauiprev.pi.gov.br Previs\u00e3o legal: LGPD, art. 5\u00ba, VIIIPortaria de Nomea\u00e7\u00e3o do Encarregado de Prote\u00e7\u00e3o de Dados da Funda\u00e7\u00e3o Piau\u00ed Previd\u00eancia &#8211; PIAUIPREV Atribui\u00e7\u00f5es: Artigo 41, \u00a72\u00ba, da LGPDI &#8211; aceitar reclama\u00e7\u00f5es e comunica\u00e7\u00f5es dos&hellip;<\/p>\n","category_list_v2":"","author_info_v2":{"name":"admin","url":"https:\/\/portal.pi.gov.br\/piauiprev\/author\/admin\/"},"comments_num_v2":"0 coment\u00e1rio","_links":{"self":[{"href":"https:\/\/portal.pi.gov.br\/piauiprev\/wp-json\/wp\/v2\/pages\/1386"}],"collection":[{"href":"https:\/\/portal.pi.gov.br\/piauiprev\/wp-json\/wp\/v2\/pages"}],"about":[{"href":"https:\/\/portal.pi.gov.br\/piauiprev\/wp-json\/wp\/v2\/types\/page"}],"author":[{"embeddable":true,"href":"https:\/\/portal.pi.gov.br\/piauiprev\/wp-json\/wp\/v2\/users\/1"}],"replies":[{"embeddable":true,"href":"https:\/\/portal.pi.gov.br\/piauiprev\/wp-json\/wp\/v2\/comments?post=1386"}],"version-history":[{"count":24,"href":"https:\/\/portal.pi.gov.br\/piauiprev\/wp-json\/wp\/v2\/pages\/1386\/revisions"}],"predecessor-version":[{"id":3793,"href":"https:\/\/portal.pi.gov.br\/piauiprev\/wp-json\/wp\/v2\/pages\/1386\/revisions\/3793"}],"wp:attachment":[{"href":"https:\/\/portal.pi.gov.br\/piauiprev\/wp-json\/wp\/v2\/media?parent=1386"}],"curies":[{"name":"wp","href":"https:\/\/api.w.org\/{rel}","templated":true}]}}