{"id":1492,"date":"2024-03-04T10:58:31","date_gmt":"2024-03-04T13:58:31","guid":{"rendered":"https:\/\/portal.pi.gov.br\/piauiprev\/?page_id=1492"},"modified":"2026-04-14T11:18:57","modified_gmt":"2026-04-14T14:18:57","slug":"licitacoes-e-contratos","status":"publish","type":"page","link":"https:\/\/portal.pi.gov.br\/piauiprev\/licitacoes-e-contratos\/","title":{"rendered":"Licita\u00e7\u00f5es e Contratos"},"content":{"rendered":"\n<h5 class=\"wp-block-heading\"><a href=\"https:\/\/portal.pi.gov.br\/piauiprev\/transparencia\/\">&lt;Voltar<\/a><\/h5>\n\n\n\n<p><\/p>\n\n\n\n<details class=\"wp-block-stackable-accordion stk-block-accordion stk-inner-blocks stk-block-content stk-block stk-2f9bff1 is-style-default\" data-block-id=\"2f9bff1\">\n<summary class=\"wp-block-stackable-column stk-block-column stk-column stk-block stk-41592b9 stk-block-background stk--container-small stk-block-accordion__heading\" data-v=\"4\" data-block-id=\"41592b9\"><div class=\"stk-column-wrapper stk-block-column__content stk-container stk-41592b9-container stk-hover-parent\"><div class=\"stk-block-content stk-inner-blocks stk-41592b9-inner-blocks\">\n<div class=\"wp-block-stackable-icon-label stk-block-icon-label stk-block stk-f0ca4db\" data-block-id=\"f0ca4db\"><div class=\"stk-row stk-inner-blocks stk-block-content\">\n<div class=\"wp-block-stackable-heading stk-block-heading stk-block-heading--v2 stk-block stk-d255f8c\" id=\"strong-span-style-color-0693-e-3-class-stk-highlight-licitacoes-da-piauiprev-span-strong\" data-block-id=\"d255f8c\"><h4 class=\"stk-block-heading__text\"><strong><span style=\"color: #0693e3\" class=\"stk-highlight\">LICITA\u00c7\u00d5ES DA PIAUIPREV<\/span><\/strong><\/h4><\/div>\n\n\n\n<div class=\"wp-block-stackable-icon stk-block-icon stk-block stk-fe98c3c\" data-block-id=\"fe98c3c\"><span class=\"stk--svg-wrapper\"><div class=\"stk--inner-svg\"><svg style=\"height:0;width:0\"><defs><linearGradient id=\"linear-gradient-fe98c3c\" x1=\"0\" x2=\"100%\" y1=\"0\" y2=\"0\"><stop offset=\"0%\" style=\"stop-opacity:1;stop-color:var(--linear-gradient-fe-98-c-3-c-color-1)\"><\/stop><stop offset=\"100%\" style=\"stop-opacity:1;stop-color:var(--linear-gradient-fe-98-c-3-c-color-2)\"><\/stop><\/linearGradient><\/defs><\/svg><svg data-prefix=\"fas\" data-icon=\"chevron-down\" class=\"svg-inline--fa fa-chevron-down fa-w-14\" xmlns=\"http:\/\/www.w3.org\/2000\/svg\" viewBox=\"0 0 448 512\" aria-hidden=\"true\" width=\"32\" height=\"32\"><path fill=\"currentColor\" d=\"M207.029 381.476L12.686 187.132c-9.373-9.373-9.373-24.569 0-33.941l22.667-22.667c9.357-9.357 24.522-9.375 33.901-.04L224 284.505l154.745-154.021c9.379-9.335 24.544-9.317 33.901.04l22.667 22.667c9.373 9.373 9.373 24.569 0 33.941L240.971 381.476c-9.373 9.372-24.569 9.372-33.942 0z\"><\/path><\/svg><\/div><\/span><\/div>\n<\/div><\/div>\n<\/div><\/div><\/summary>\n\n\n\n<div class=\"wp-block-stackable-column stk-block-column stk-column stk-block stk-cef32c4 stk-block-background stk-block-accordion__content\" data-v=\"4\" data-block-id=\"cef32c4\"><div class=\"stk-column-wrapper stk-block-column__content stk-container stk-cef32c4-container stk--no-background stk--no-padding\"><div class=\"stk-block-content stk-inner-blocks stk-cef32c4-inner-blocks\">\n<div class=\"wp-block-stackable-text stk-block-text stk-block stk-f8348c2\" data-block-id=\"f8348c2\"><p class=\"stk-block-text__text\"><strong>Nenhum registro encontrado<\/strong>.<\/p><\/div>\n<\/div><\/div><\/div>\n<\/details>\n\n\n\n<details class=\"wp-block-stackable-accordion stk-block-accordion stk-inner-blocks stk-block-content stk-block stk-459927b is-style-default\" data-block-id=\"459927b\">\n<summary class=\"wp-block-stackable-column stk-block-column stk-column stk-block stk-ae2219c stk-block-background stk--container-small stk-block-accordion__heading\" data-v=\"4\" data-block-id=\"ae2219c\"><div class=\"stk-column-wrapper stk-block-column__content stk-container stk-ae2219c-container stk-hover-parent\"><div class=\"stk-block-content stk-inner-blocks stk-ae2219c-inner-blocks\">\n<div class=\"wp-block-stackable-icon-label stk-block-icon-label stk-block stk-f5edf9c\" data-block-id=\"f5edf9c\"><div class=\"stk-row stk-inner-blocks stk-block-content\">\n<div class=\"wp-block-stackable-heading stk-block-heading stk-block-heading--v2 stk-block stk-b00220b\" id=\"strong-span-style-color-0693-e-3-class-stk-highlight-contratos-da-piauiprev-span-strong\" data-block-id=\"b00220b\"><h4 class=\"stk-block-heading__text\"><strong><span style=\"color: #0693e3\" class=\"stk-highlight\">CONTRATOS DA PIAUIPREV<\/span><\/strong><\/h4><\/div>\n\n\n\n<div class=\"wp-block-stackable-icon stk-block-icon stk-block stk-b602c19\" data-block-id=\"b602c19\"><span class=\"stk--svg-wrapper\"><div class=\"stk--inner-svg\"><svg style=\"height:0;width:0\"><defs><linearGradient id=\"linear-gradient-b602c19\" x1=\"0\" x2=\"100%\" y1=\"0\" y2=\"0\"><stop offset=\"0%\" style=\"stop-opacity:1;stop-color:var(--linear-gradient-b-602-c-19-color-1)\"><\/stop><stop offset=\"100%\" style=\"stop-opacity:1;stop-color:var(--linear-gradient-b-602-c-19-color-2)\"><\/stop><\/linearGradient><\/defs><\/svg><svg data-prefix=\"fas\" data-icon=\"chevron-down\" class=\"svg-inline--fa fa-chevron-down fa-w-14\" xmlns=\"http:\/\/www.w3.org\/2000\/svg\" viewBox=\"0 0 448 512\" aria-hidden=\"true\" width=\"32\" height=\"32\"><path fill=\"currentColor\" d=\"M207.029 381.476L12.686 187.132c-9.373-9.373-9.373-24.569 0-33.941l22.667-22.667c9.357-9.357 24.522-9.375 33.901-.04L224 284.505l154.745-154.021c9.379-9.335 24.544-9.317 33.901.04l22.667 22.667c9.373 9.373 9.373 24.569 0 33.941L240.971 381.476c-9.373 9.372-24.569 9.372-33.942 0z\"><\/path><\/svg><\/div><\/span><\/div>\n<\/div><\/div>\n<\/div><\/div><\/summary>\n\n\n\n<div class=\"wp-block-stackable-column stk-block-column stk-column stk-block stk-17db584 stk-block-background stk-block-accordion__content\" data-v=\"4\" data-block-id=\"17db584\"><div class=\"stk-column-wrapper stk-block-column__content stk-container stk-17db584-container stk--no-background stk--no-padding\"><div class=\"stk-block-content stk-inner-blocks stk-17db584-inner-blocks\">\n<div class=\"wp-block-stackable-text stk-block-text stk-block stk-1b63abe\" data-block-id=\"1b63abe\"><p class=\"stk-block-text__text\"><strong><a href=\"https:\/\/sistemas.tce.pi.gov.br\/muralcon\/detalheContrato.xhtml?id=864696\" target=\"_blank\" rel=\"noreferrer noopener\">Contrato n\u00ba <strong>9912714675<\/strong>\/2025<\/a><\/strong><\/p><\/div>\n\n\n\n<div class=\"wp-block-stackable-text stk-block-text stk-block stk-ad53bc4\" data-block-id=\"ad53bc4\"><p class=\"stk-block-text__text\"><strong><a href=\"https:\/\/sistemas.tce.pi.gov.br\/muralcon\/detalheContrato.xhtml?id=913170\" target=\"_blank\" rel=\"noreferrer noopener\">Contrato n\u00ba 17\/2025<\/a><\/strong><\/p><\/div>\n\n\n\n<div class=\"wp-block-stackable-text stk-block-text stk-block stk-1325523\" data-block-id=\"1325523\"><p class=\"stk-block-text__text\"><strong><a href=\"https:\/\/sistemas.tce.pi.gov.br\/muralcon\/detalheContrato.xhtml?id=889272\" target=\"_blank\" rel=\"noreferrer noopener\">Contrato n\u00ba 16\/2025<\/a><\/strong><\/p><\/div>\n\n\n\n<div class=\"wp-block-stackable-text stk-block-text stk-block stk-255e69f\" data-block-id=\"255e69f\"><p class=\"stk-block-text__text\"><strong><a href=\"https:\/\/sistemas.tce.pi.gov.br\/muralcon\/detalheContrato.xhtml?id=889113\" target=\"_blank\" rel=\"noreferrer noopener\">Contrato n\u00ba 15\/2025<\/a><\/strong><\/p><\/div>\n\n\n\n<div class=\"wp-block-stackable-text stk-block-text stk-block stk-44c671e\" data-block-id=\"44c671e\"><p class=\"stk-block-text__text\"><strong><a href=\"https:\/\/sistemas.tce.pi.gov.br\/muralcon\/detalheContrato.xhtml?id=889389\" target=\"_blank\" rel=\"noreferrer noopener\">Contrato n\u00ba 14\/2025<\/a><\/strong><\/p><\/div>\n\n\n\n<div class=\"wp-block-stackable-text stk-block-text stk-block stk-e8d6cd6\" data-block-id=\"e8d6cd6\"><p class=\"stk-block-text__text\"><strong><a href=\"https:\/\/sistemas.tce.pi.gov.br\/muralcon\/detalheContrato.xhtml?id=889282\" target=\"_blank\" rel=\"noreferrer noopener\">Contrato n\u00ba 13\/2025<\/a><\/strong><\/p><\/div>\n\n\n\n<div class=\"wp-block-stackable-text stk-block-text stk-block stk-7161b07\" data-block-id=\"7161b07\"><p class=\"stk-block-text__text\"><strong><strong><a href=\"https:\/\/sistemas.tce.pi.gov.br\/muralcon\/detalheContrato.xhtml?id=889383\" target=\"_blank\" rel=\"noreferrer noopener\">Contrato n\u00ba 12\/2025<\/a><\/strong><\/strong><\/p><\/div>\n\n\n\n<div class=\"wp-block-stackable-text stk-block-text stk-block stk-cb0dcef\" data-block-id=\"cb0dcef\"><p class=\"stk-block-text__text\"><strong><a href=\"https:\/\/sistemas.tce.pi.gov.br\/muralcon\/detalheContrato.xhtml?id=889371\" target=\"_blank\" rel=\"noreferrer noopener\">Contrato n\u00ba 11\/2025<\/a><\/strong><\/p><\/div>\n\n\n\n<div class=\"wp-block-stackable-text stk-block-text stk-block stk-cfc2812\" data-block-id=\"cfc2812\"><p class=\"stk-block-text__text\"><strong><a href=\"https:\/\/sistemas.tce.pi.gov.br\/muralcon\/detalheContrato.xhtml?id=889277\" target=\"_blank\" rel=\"noreferrer noopener\">Contrato n\u00ba 10\/2025<\/a><\/strong><\/p><\/div>\n\n\n\n<div class=\"wp-block-stackable-text stk-block-text stk-block stk-56eafdf\" data-block-id=\"56eafdf\"><p class=\"stk-block-text__text\"><strong><a href=\"https:\/\/sistemas.tce.pi.gov.br\/muralcon\/detalheContrato.xhtml?id=888361\" target=\"_blank\" rel=\"noreferrer noopener\">Contrato n\u00ba 09\/2025<\/a><\/strong><\/p><\/div>\n\n\n\n<div class=\"wp-block-stackable-text stk-block-text stk-block stk-d50c2f8\" data-block-id=\"d50c2f8\"><p class=\"stk-block-text__text\"><strong><a href=\"https:\/\/sistemas.tce.pi.gov.br\/muralcon\/detalheContrato.xhtml?id=865509\" target=\"_blank\" rel=\"noreferrer noopener\">Contrato n\u00ba 08\/2025<\/a><\/strong><\/p><\/div>\n\n\n\n<div class=\"wp-block-stackable-text stk-block-text stk-block stk-51a274f\" data-block-id=\"51a274f\"><p class=\"stk-block-text__text\"><strong><a href=\"https:\/\/sistemas.tce.pi.gov.br\/muralcon\/detalheContrato.xhtml?id=888470\" target=\"_blank\" rel=\"noreferrer noopener\">Contrato n\u00ba 07\/2025<\/a><\/strong><\/p><\/div>\n\n\n\n<div class=\"wp-block-stackable-text stk-block-text stk-block stk-cb372ba\" data-block-id=\"cb372ba\"><p class=\"stk-block-text__text\"><strong><a href=\"https:\/\/sistemas.tce.pi.gov.br\/muralcon\/detalheContrato.xhtml?id=885922\" target=\"_blank\" rel=\"noreferrer noopener\">Contrato n\u00ba 06\/2025<\/a><\/strong><\/p><\/div>\n\n\n\n<div class=\"wp-block-stackable-text stk-block-text stk-block stk-4d745e8\" data-block-id=\"4d745e8\"><p class=\"stk-block-text__text\"><strong><a href=\"https:\/\/sistemas.tce.pi.gov.br\/muralcon\/detalheContrato.xhtml?id=850258\" target=\"_blank\" rel=\"noreferrer noopener\">Contrato n\u00ba 05\/2025<\/a><\/strong><\/p><\/div>\n\n\n\n<div class=\"wp-block-stackable-text stk-block-text stk-block stk-07eaadd\" data-block-id=\"07eaadd\"><p class=\"stk-block-text__text\"><strong><a href=\"https:\/\/sistemas.tce.pi.gov.br\/muralcon\/detalheContrato.xhtml?id=741473\" target=\"_blank\" rel=\"noreferrer noopener\">Contrato n\u00ba 025\/2024.D\/2024<\/a><\/strong><\/p><\/div>\n\n\n\n<div class=\"wp-block-stackable-text stk-block-text stk-block stk-008d451\" data-block-id=\"008d451\"><p class=\"stk-block-text__text\"><strong><a href=\"https:\/\/sistemas.tce.pi.gov.br\/muralcon\/detalheContrato.xhtml?id=729380\" target=\"_blank\" rel=\"noreferrer noopener\">Contrato n\u00ba 16\/2024<\/a><\/strong><\/p><\/div>\n\n\n\n<div class=\"wp-block-stackable-text stk-block-text stk-block stk-764a2ca\" data-block-id=\"764a2ca\"><p class=\"stk-block-text__text\"><strong><a href=\"https:\/\/sistemas.tce.pi.gov.br\/muralcon\/detalheContrato.xhtml?id=761957\" target=\"_blank\" rel=\"noreferrer noopener\">Contrato n\u00ba 015\/2024<\/a><\/strong><\/p><\/div>\n\n\n\n<div class=\"wp-block-stackable-text stk-block-text stk-block stk-81192e4\" data-block-id=\"81192e4\"><p class=\"stk-block-text__text\"><strong><a href=\"https:\/\/sistemas.tce.pi.gov.br\/muralcon\/detalheContrato.xhtml?id=762305\" target=\"_blank\" rel=\"noreferrer noopener\">Contrato n\u00ba 013\/2024<\/a><\/strong><\/p><\/div>\n\n\n\n<div class=\"wp-block-stackable-text stk-block-text stk-block stk-99f3f20\" data-block-id=\"99f3f20\"><p class=\"stk-block-text__text\"><strong><a href=\"https:\/\/sistemas.tce.pi.gov.br\/muralcon\/detalheContrato.xhtml?id=706150\" target=\"_blank\" rel=\"noreferrer noopener\">Contrato n\u00ba 05\/2024<\/a><\/strong><\/p><\/div>\n\n\n\n<div class=\"wp-block-stackable-text stk-block-text stk-block stk-f3b21ed\" data-block-id=\"f3b21ed\"><p class=\"stk-block-text__text\"><strong><a href=\"https:\/\/sistemas.tce.pi.gov.br\/muralcon\/detalheContrato.xhtml?id=617063\" target=\"_blank\" rel=\"noreferrer noopener\">Contrato n\u00ba 16\/2023<\/a><\/strong><\/p><\/div>\n\n\n\n<div class=\"wp-block-stackable-text stk-block-text stk-block stk-048e75c\" data-block-id=\"048e75c\"><p class=\"stk-block-text__text\"><strong><a href=\"https:\/\/sistemas.tce.pi.gov.br\/muralcon\/detalheContrato.xhtml?id=573816\" target=\"_blank\" rel=\"noreferrer noopener\">Contrato n\u00ba 08\/2023<\/a><\/strong><\/p><\/div>\n\n\n\n<div class=\"wp-block-stackable-text stk-block-text stk-block stk-29db4e8\" data-block-id=\"29db4e8\"><p class=\"stk-block-text__text\"><strong><a href=\"https:\/\/sistemas.tce.pi.gov.br\/muralcon\/detalheContrato.xhtml?id=483562\" target=\"_blank\" rel=\"noreferrer noopener\">Contrato n\u00ba 03\/2023<\/a><\/strong><\/p><\/div>\n\n\n\n<div class=\"wp-block-stackable-text stk-block-text stk-block stk-1cfe9b1\" data-block-id=\"1cfe9b1\"><p class=\"stk-block-text__text\"><strong><a href=\"https:\/\/sistemas.tce.pi.gov.br\/muralcon\/detalheContrato.xhtml?id=350323\" target=\"_blank\" rel=\"noreferrer noopener\">Contrato n\u00ba <strong>1084044<\/strong>\/2022\/2022<\/a><\/strong><\/p><\/div>\n\n\n\n<div class=\"wp-block-stackable-text stk-block-text stk-block stk-9074560\" data-block-id=\"9074560\"><p class=\"stk-block-text__text\"><strong><a href=\"https:\/\/sistemas.tce.pi.gov.br\/muralcon\/detalheContrato.xhtml?id=504115\" target=\"_blank\" rel=\"noreferrer noopener\">Contrato n\u00ba 22\/2022<\/a><\/strong><\/p><\/div>\n\n\n\n<div class=\"wp-block-stackable-text stk-block-text stk-block stk-785341e\" data-block-id=\"785341e\"><p class=\"stk-block-text__text\"><strong><a href=\"https:\/\/sistemas.tce.pi.gov.br\/muralcon\/detalheContrato.xhtml?id=460928\" target=\"_blank\" rel=\"noreferrer noopener\">Contrato n\u00ba 21\/2022<\/a><\/strong><\/p><\/div>\n\n\n\n<div class=\"wp-block-stackable-text stk-block-text stk-block stk-80729df\" data-block-id=\"80729df\"><p class=\"stk-block-text__text\"><strong><a href=\"https:\/\/sistemas.tce.pi.gov.br\/muralcon\/detalheContrato.xhtml?id=351687\" target=\"_blank\" rel=\"noreferrer noopener\">Contrato n\u00ba <strong>006668\/2022.P<\/strong>\/2021<\/a><\/strong><\/p><\/div>\n\n\n\n<div class=\"wp-block-stackable-text stk-block-text stk-block stk-f4e54dd\" data-block-id=\"f4e54dd\"><p class=\"stk-block-text__text\"><strong><a href=\"https:\/\/sistemas.tce.pi.gov.br\/muralcon\/detalheContrato.xhtml?id=316781\" target=\"_blank\" rel=\"noreferrer noopener\">Contrato n\u00ba 07\/2021<\/a><\/strong><\/p><\/div>\n\n\n\n<div class=\"wp-block-stackable-text stk-block-text stk-block stk-1ed11cf\" data-block-id=\"1ed11cf\"><p class=\"stk-block-text__text\"><strong><a href=\"https:\/\/sistemas.tce.pi.gov.br\/muralcon\/detalheContrato.xhtml?id=316216\" target=\"_blank\" rel=\"noreferrer noopener\">Contrato n\u00ba 06\/2021<\/a><\/strong><\/p><\/div>\n\n\n\n<div class=\"wp-block-stackable-text stk-block-text stk-block stk-81442d7\" data-block-id=\"81442d7\"><p class=\"stk-block-text__text\"><strong><a href=\"https:\/\/sistemas.tce.pi.gov.br\/muralcon\/detalheContrato.xhtml?id=316197\" target=\"_blank\" rel=\"noreferrer noopener\">Contrato n\u00ba 04\/2021<\/a><\/strong><\/p><\/div>\n<\/div><\/div><\/div>\n<\/details>\n\n\n\n<p>Esta se\u00e7\u00e3o re\u00fane informa\u00e7\u00f5es sobre os processos de licita\u00e7\u00e3o, atas de registro de pre\u00e7os e contratos firmados pela Funda\u00e7\u00e3o Piau\u00ed Previd\u00eancia (PIAUIPREV-PI).<\/p>\n\n\n\n<p>A obrigatoriedade de licitar est\u00e1 fundamentada no art. 37, XXI, da Constitui\u00e7\u00e3o Federal para contrata\u00e7\u00e3o de obras, servi\u00e7os, compras e aliena\u00e7\u00f5es, ressalvados os casos especificados na legisla\u00e7\u00e3o. &nbsp;<\/p>\n\n\n\n<p>A Lei N.\u00ba 14.133\/2021 (atualiza\u00e7\u00e3o da Lei N.\u00ba 8.666\/93), em seu artigo 2\u00ba, estabelece a aplica\u00e7\u00e3o nos seguintes casos:<\/p>\n\n\n\n<blockquote class=\"wp-block-quote\">\n<p class=\"has-white-background-color has-background\"><em>I \u2013 aliena\u00e7\u00e3o e concess\u00e3o de direito real de uso de bens;<br>II \u2013 compra, inclusive por encomenda;<br>III \u2013 loca\u00e7\u00e3o;<br>IV \u2013 concess\u00e3o e permiss\u00e3o de uso de bens p\u00fablicos;<br>V \u2013 presta\u00e7\u00e3o de servi\u00e7os, inclusive os t\u00e9cnico-profissionais especializados;<br>VI \u2013 obras e servi\u00e7os de arquitetura e engenharia;<br>VII \u2013 contrata\u00e7\u00f5es de tecnologia da informa\u00e7\u00e3o e de comunica\u00e7\u00e3o.<\/em><\/p>\n<\/blockquote>\n\n\n\n<pre id=\"block-4eb81280-c58f-4e29-9ad1-c601d00cb8c3\" class=\"wp-block-preformatted has-background\" style=\"background:linear-gradient(360deg,rgb(238,238,238) 0%,rgb(169,184,195) 100%);font-size:16px\"><strong>Transpar\u00eancia<\/strong>\n\nAs informa\u00e7\u00f5es relativas aos&nbsp;<strong>processos licitat\u00f3rios<\/strong>&nbsp;podem ser acessados por meio do&nbsp;<strong>Mural de Licita\u00e7\u00f5es<\/strong> e do <strong>Mural de Contratos<\/strong> do Tribunal de Contas do Estado do Piau\u00ed (TCE-PI), onde podem ser consultadas as informa\u00e7\u00f5es por status de andamento, bem como dados relacionados aos participantes da licita\u00e7\u00e3o, os empenhos emitidos, os contratos, entre outras informa\u00e7\u00f5es.<\/pre>\n\n\n\n<p><br>Para encontrar as informa\u00e7\u00f5es sobre <strong>Licita\u00e7\u00f5es<\/strong> da PIAUIPREV no Mural de Licita\u00e7\u00f5es basta efetuar o passo a passo a seguir:<\/p>\n\n\n\n<p class=\"has-white-background-color has-background\" style=\"font-size:16px\">1 \u2013 Acesse o <strong>Mural de Licita\u00e7\u00f5es<\/strong>:<strong>&nbsp;<a rel=\"noreferrer noopener\" href=\"https:\/\/sistemas.tce.pi.gov.br\/muralic\" target=\"_blank\"><span style=\"color: #0693e3\" class=\"stk-highlight\">https:\/\/sistemas.tce.pi.gov.br\/muralic<\/span><\/a><\/strong>;<br>2 \u2013 Para acessar os dados da PIAUIPREV, basta colocar no filtro \u201c\u00d3rg\u00e3o\/UG\u201d, o nome <strong>Funda\u00e7\u00e3o Piau\u00ed Previd\u00eancia<\/strong>;<br>3 \u2013 Depois \u00e9 s\u00f3 clicar em <strong>Pesquisar<\/strong>.<\/p>\n\n\n\n<p>Para encontrar as informa\u00e7\u00f5es sobre&nbsp;<strong>Contratos<\/strong>&nbsp;da PIAUIPREV no Mural de Contratos basta efetuar o passo a passo a seguir:<\/p>\n\n\n\n<p class=\"has-white-background-color has-background\" style=\"font-size:16px\">1 \u2013 Acesse o <strong>Mural de Contratos<\/strong>:<strong> <\/strong><a rel=\"noreferrer noopener\" href=\"https:\/\/sistemas.tce.pi.gov.br\/muralcon\" target=\"_blank\"><strong><span style=\"color: #0693e3\" class=\"stk-highlight\">https:\/\/sistemas.tce.pi.gov.br\/muralcon<\/span><\/strong><\/a>;<br>2 \u2013 Para acessar os dados da PIAUIPREV, basta colocar no filtro \u201c\u00d3rg\u00e3o\/UG\u201d, o nome <strong>Funda\u00e7\u00e3o Piau\u00ed Previd\u00eancia<\/strong>;<br>3 \u2013 Depois \u00e9 s\u00f3 clicar em <strong>Pesquisar<\/strong>.<\/p>\n","protected":false},"excerpt":{"rendered":"<p>&lt;Voltar LICITA\u00c7\u00d5ES DA PIAUIPREV Nenhum registro encontrado. CONTRATOS DA PIAUIPREV Contrato n\u00ba 9912714675\/2025 Contrato n\u00ba 17\/2025 Contrato n\u00ba 16\/2025 Contrato n\u00ba 15\/2025 Contrato n\u00ba 14\/2025 Contrato n\u00ba 13\/2025 Contrato n\u00ba [&hellip;]<\/p>\n","protected":false},"author":1,"featured_media":0,"parent":0,"menu_order":0,"comment_status":"closed","ping_status":"closed","template":"template-fullwidth.php","meta":[],"featured_image_urls":{"full":"","thumbnail":"","medium":"","medium_large":"","large":"","sgg-420":"","sgg-540":"","sgg-780":"","1536x1536":"","2048x2048":"","homepage-slider":"","homepage-slider-small":"","page-top":"","page-small":"","loop-main":"","thumb-gallery-widget":""},"post_excerpt_stackable":"<p>&lt;Voltar LICITA\u00c7\u00d5ES DA PIAUIPREV Nenhum registro encontrado. CONTRATOS DA PIAUIPREV Contrato n\u00ba 9912714675\/2025 Contrato n\u00ba 17\/2025 Contrato n\u00ba 16\/2025 Contrato n\u00ba 15\/2025 Contrato n\u00ba 14\/2025 Contrato n\u00ba 13\/2025 Contrato n\u00ba 12\/2025 Contrato n\u00ba 11\/2025 Contrato n\u00ba 10\/2025 Contrato n\u00ba 09\/2025 Contrato n\u00ba 08\/2025 Contrato n\u00ba 07\/2025 Contrato n\u00ba 06\/2025 Contrato n\u00ba 05\/2025 Contrato n\u00ba 025\/2024.D\/2024 Contrato n\u00ba 16\/2024 Contrato n\u00ba 015\/2024 Contrato n\u00ba 013\/2024 Contrato n\u00ba 05\/2024 Contrato n\u00ba 16\/2023 Contrato n\u00ba 08\/2023 Contrato n\u00ba 03\/2023 Contrato n\u00ba 1084044\/2022\/2022 Contrato n\u00ba 22\/2022 Contrato n\u00ba 21\/2022 Contrato n\u00ba 006668\/2022.P\/2021 Contrato n\u00ba 07\/2021 Contrato n\u00ba 06\/2021 Contrato n\u00ba 04\/2021 Esta se\u00e7\u00e3o re\u00fane&hellip;<\/p>\n","category_list":"","author_info":{"name":"admin","url":"https:\/\/portal.pi.gov.br\/piauiprev\/author\/admin\/"},"comments_num":"0 coment\u00e1rio","featured_image_urls_v2":{"full":"","thumbnail":"","medium":"","medium_large":"","large":"","sgg-420":"","sgg-540":"","sgg-780":"","1536x1536":"","2048x2048":"","homepage-slider":"","homepage-slider-small":"","page-top":"","page-small":"","loop-main":"","thumb-gallery-widget":""},"post_excerpt_stackable_v2":"<p>&lt;Voltar LICITA\u00c7\u00d5ES DA PIAUIPREV Nenhum registro encontrado. CONTRATOS DA PIAUIPREV Contrato n\u00ba 9912714675\/2025 Contrato n\u00ba 17\/2025 Contrato n\u00ba 16\/2025 Contrato n\u00ba 15\/2025 Contrato n\u00ba 14\/2025 Contrato n\u00ba 13\/2025 Contrato n\u00ba 12\/2025 Contrato n\u00ba 11\/2025 Contrato n\u00ba 10\/2025 Contrato n\u00ba 09\/2025 Contrato n\u00ba 08\/2025 Contrato n\u00ba 07\/2025 Contrato n\u00ba 06\/2025 Contrato n\u00ba 05\/2025 Contrato n\u00ba 025\/2024.D\/2024 Contrato n\u00ba 16\/2024 Contrato n\u00ba 015\/2024 Contrato n\u00ba 013\/2024 Contrato n\u00ba 05\/2024 Contrato n\u00ba 16\/2023 Contrato n\u00ba 08\/2023 Contrato n\u00ba 03\/2023 Contrato n\u00ba 1084044\/2022\/2022 Contrato n\u00ba 22\/2022 Contrato n\u00ba 21\/2022 Contrato n\u00ba 006668\/2022.P\/2021 Contrato n\u00ba 07\/2021 Contrato n\u00ba 06\/2021 Contrato n\u00ba 04\/2021 Esta se\u00e7\u00e3o re\u00fane&hellip;<\/p>\n","category_list_v2":"","author_info_v2":{"name":"admin","url":"https:\/\/portal.pi.gov.br\/piauiprev\/author\/admin\/"},"comments_num_v2":"0 coment\u00e1rio","_links":{"self":[{"href":"https:\/\/portal.pi.gov.br\/piauiprev\/wp-json\/wp\/v2\/pages\/1492"}],"collection":[{"href":"https:\/\/portal.pi.gov.br\/piauiprev\/wp-json\/wp\/v2\/pages"}],"about":[{"href":"https:\/\/portal.pi.gov.br\/piauiprev\/wp-json\/wp\/v2\/types\/page"}],"author":[{"embeddable":true,"href":"https:\/\/portal.pi.gov.br\/piauiprev\/wp-json\/wp\/v2\/users\/1"}],"replies":[{"embeddable":true,"href":"https:\/\/portal.pi.gov.br\/piauiprev\/wp-json\/wp\/v2\/comments?post=1492"}],"version-history":[{"count":63,"href":"https:\/\/portal.pi.gov.br\/piauiprev\/wp-json\/wp\/v2\/pages\/1492\/revisions"}],"predecessor-version":[{"id":4689,"href":"https:\/\/portal.pi.gov.br\/piauiprev\/wp-json\/wp\/v2\/pages\/1492\/revisions\/4689"}],"wp:attachment":[{"href":"https:\/\/portal.pi.gov.br\/piauiprev\/wp-json\/wp\/v2\/media?parent=1492"}],"curies":[{"name":"wp","href":"https:\/\/api.w.org\/{rel}","templated":true}]}}