{"id":1558,"date":"2024-04-05T09:15:48","date_gmt":"2024-04-05T12:15:48","guid":{"rendered":"https:\/\/portal.pi.gov.br\/piauiprev\/?page_id=1558"},"modified":"2025-04-02T13:59:43","modified_gmt":"2025-04-02T16:59:43","slug":"conselho-de-administracao-cronograma-de-reunioes","status":"publish","type":"page","link":"https:\/\/portal.pi.gov.br\/piauiprev\/conselho-de-administracao-cronograma-de-reunioes\/","title":{"rendered":"Conselho de Administra\u00e7\u00e3o &#8211; Cronograma de Reuni\u00f5es"},"content":{"rendered":"\n<h5 class=\"wp-block-heading\"><a href=\"http:\/\/portal.pi.gov.br\/piauiprev\/conselho-administrativo\">&lt;Voltar<\/a><\/h5>\n\n\n\n<p class=\"has-text-align-center\"><a href=\"https:\/\/portal.pi.gov.br\/piauiprev\/wp-content\/uploads\/sites\/45\/2024\/05\/CALENDARIO_ANUAL_DE_REUNIOES_DO_CONAD_2024__1_.pdf\" target=\"_blank\" rel=\"noreferrer noopener\">Calend\u00e1rio Anual 2024<\/a><\/p>\n\n\n\n<p class=\"has-text-align-center\"><\/p>\n","protected":false},"excerpt":{"rendered":"<p>&lt;Voltar Calend\u00e1rio Anual 2024<\/p>\n","protected":false},"author":1,"featured_media":0,"parent":0,"menu_order":0,"comment_status":"closed","ping_status":"closed","template":"template-fullwidth.php","meta":[],"featured_image_urls":{"full":"","thumbnail":"","medium":"","medium_large":"","large":"","sgg-420":"","sgg-540":"","sgg-780":"","1536x1536":"","2048x2048":"","homepage-slider":"","homepage-slider-small":"","page-top":"","page-small":"","loop-main":"","thumb-gallery-widget":""},"post_excerpt_stackable":"<p>&lt;Voltar Calend\u00e1rio Anual 2024<\/p>\n","category_list":"","author_info":{"name":"admin","url":"https:\/\/portal.pi.gov.br\/piauiprev\/author\/admin\/"},"comments_num":"0 coment\u00e1rio","featured_image_urls_v2":{"full":"","thumbnail":"","medium":"","medium_large":"","large":"","sgg-420":"","sgg-540":"","sgg-780":"","1536x1536":"","2048x2048":"","homepage-slider":"","homepage-slider-small":"","page-top":"","page-small":"","loop-main":"","thumb-gallery-widget":""},"post_excerpt_stackable_v2":"<p>&lt;Voltar Calend\u00e1rio Anual 2024<\/p>\n","category_list_v2":"","author_info_v2":{"name":"admin","url":"https:\/\/portal.pi.gov.br\/piauiprev\/author\/admin\/"},"comments_num_v2":"0 coment\u00e1rio","_links":{"self":[{"href":"https:\/\/portal.pi.gov.br\/piauiprev\/wp-json\/wp\/v2\/pages\/1558"}],"collection":[{"href":"https:\/\/portal.pi.gov.br\/piauiprev\/wp-json\/wp\/v2\/pages"}],"about":[{"href":"https:\/\/portal.pi.gov.br\/piauiprev\/wp-json\/wp\/v2\/types\/page"}],"author":[{"embeddable":true,"href":"https:\/\/portal.pi.gov.br\/piauiprev\/wp-json\/wp\/v2\/users\/1"}],"replies":[{"embeddable":true,"href":"https:\/\/portal.pi.gov.br\/piauiprev\/wp-json\/wp\/v2\/comments?post=1558"}],"version-history":[{"count":6,"href":"https:\/\/portal.pi.gov.br\/piauiprev\/wp-json\/wp\/v2\/pages\/1558\/revisions"}],"predecessor-version":[{"id":3180,"href":"https:\/\/portal.pi.gov.br\/piauiprev\/wp-json\/wp\/v2\/pages\/1558\/revisions\/3180"}],"wp:attachment":[{"href":"https:\/\/portal.pi.gov.br\/piauiprev\/wp-json\/wp\/v2\/media?parent=1558"}],"curies":[{"name":"wp","href":"https:\/\/api.w.org\/{rel}","templated":true}]}}