{"id":1560,"date":"2024-04-05T09:16:19","date_gmt":"2024-04-05T12:16:19","guid":{"rendered":"https:\/\/portal.pi.gov.br\/piauiprev\/?page_id=1560"},"modified":"2024-06-25T08:55:22","modified_gmt":"2024-06-25T11:55:22","slug":"conselho-de-administracao-membros","status":"publish","type":"page","link":"https:\/\/portal.pi.gov.br\/piauiprev\/conselho-de-administracao-membros\/","title":{"rendered":"Conselho de Administra\u00e7\u00e3o &#8211; Membros"},"content":{"rendered":"\n<h5 class=\"wp-block-heading\"><a href=\"http:\/\/portal.pi.gov.br\/piauiprev\/conselho-administrativo\">&lt;Voltar<\/a><\/h5>\n\n\n\n<div class=\"wp-block-buttons is-content-justification-center is-layout-flex wp-container-1\">\n<div class=\"wp-block-button\"><a class=\"wp-block-button__link has-background wp-element-button\" href=\"https:\/\/portal.pi.gov.br\/piauiprev\/conselho-de-administracao-membros-certidoes\" style=\"background:linear-gradient(360deg,rgb(2,3,129) 0%,rgb(40,116,252) 100%)\">Certid\u00f5es<\/a><\/div>\n\n\n\n<div class=\"wp-block-button\"><a class=\"wp-block-button__link has-background wp-element-button\" href=\"https:\/\/portal.pi.gov.br\/piauiprev\/conselho-de-administracao-membros-certificacoes\" style=\"background:linear-gradient(360deg,rgb(2,3,129) 0%,rgb(40,116,252) 100%)\">Certifica\u00e7\u00f5es<\/a><\/div>\n<\/div>\n","protected":false},"excerpt":{"rendered":"<p>&lt;Voltar<\/p>\n","protected":false},"author":1,"featured_media":0,"parent":0,"menu_order":0,"comment_status":"closed","ping_status":"closed","template":"template-fullwidth.php","meta":[],"featured_image_urls":{"full":"","thumbnail":"","medium":"","medium_large":"","large":"","sgg-420":"","sgg-540":"","sgg-780":"","1536x1536":"","2048x2048":"","homepage-slider":"","homepage-slider-small":"","page-top":"","page-small":"","loop-main":"","thumb-gallery-widget":""},"post_excerpt_stackable":"<p>&lt;Voltar Certid\u00f5es Certifica\u00e7\u00f5es<\/p>\n","category_list":"","author_info":{"name":"admin","url":"https:\/\/portal.pi.gov.br\/piauiprev\/author\/admin\/"},"comments_num":"0 coment\u00e1rio","featured_image_urls_v2":{"full":"","thumbnail":"","medium":"","medium_large":"","large":"","sgg-420":"","sgg-540":"","sgg-780":"","1536x1536":"","2048x2048":"","homepage-slider":"","homepage-slider-small":"","page-top":"","page-small":"","loop-main":"","thumb-gallery-widget":""},"post_excerpt_stackable_v2":"<p>&lt;Voltar Certid\u00f5es Certifica\u00e7\u00f5es<\/p>\n","category_list_v2":"","author_info_v2":{"name":"admin","url":"https:\/\/portal.pi.gov.br\/piauiprev\/author\/admin\/"},"comments_num_v2":"0 coment\u00e1rio","_links":{"self":[{"href":"https:\/\/portal.pi.gov.br\/piauiprev\/wp-json\/wp\/v2\/pages\/1560"}],"collection":[{"href":"https:\/\/portal.pi.gov.br\/piauiprev\/wp-json\/wp\/v2\/pages"}],"about":[{"href":"https:\/\/portal.pi.gov.br\/piauiprev\/wp-json\/wp\/v2\/types\/page"}],"author":[{"embeddable":true,"href":"https:\/\/portal.pi.gov.br\/piauiprev\/wp-json\/wp\/v2\/users\/1"}],"replies":[{"embeddable":true,"href":"https:\/\/portal.pi.gov.br\/piauiprev\/wp-json\/wp\/v2\/comments?post=1560"}],"version-history":[{"count":11,"href":"https:\/\/portal.pi.gov.br\/piauiprev\/wp-json\/wp\/v2\/pages\/1560\/revisions"}],"predecessor-version":[{"id":1990,"href":"https:\/\/portal.pi.gov.br\/piauiprev\/wp-json\/wp\/v2\/pages\/1560\/revisions\/1990"}],"wp:attachment":[{"href":"https:\/\/portal.pi.gov.br\/piauiprev\/wp-json\/wp\/v2\/media?parent=1560"}],"curies":[{"name":"wp","href":"https:\/\/api.w.org\/{rel}","templated":true}]}}