{"id":1566,"date":"2024-04-05T09:17:27","date_gmt":"2024-04-05T12:17:27","guid":{"rendered":"https:\/\/portal.pi.gov.br\/piauiprev\/?page_id=1566"},"modified":"2024-07-31T08:05:54","modified_gmt":"2024-07-31T11:05:54","slug":"conselho-de-administracao-resolucoes","status":"publish","type":"page","link":"https:\/\/portal.pi.gov.br\/piauiprev\/conselho-de-administracao-resolucoes\/","title":{"rendered":"Conselho de Administra\u00e7\u00e3o &#8211; Resolu\u00e7\u00f5es"},"content":{"rendered":"\n<h5 class=\"wp-block-heading\"><a href=\"https:\/\/portal.pi.gov.br\/piauiprev\/conselho-administrativo\">&lt;Voltar<\/a><\/h5>\n\n\n\n<p class=\"has-text-align-center\"><a href=\"https:\/\/portal.pi.gov.br\/piauiprev\/wp-content\/uploads\/sites\/45\/2024\/05\/RESOLUCAO_N__01_2024___CONAD_RPPS_PI___Cronograma_de_Reunioes.pdf\" target=\"_blank\" rel=\"noreferrer noopener\">Resolu\u00e7\u00e3o n\u00ba 01\/2024 &#8211; CONAD\/RPPS-PI &#8211;&nbsp;Cronograma de Reuni\u00f5es<\/a><\/p>\n\n\n\n<p class=\"has-text-align-center\"><a href=\"https:\/\/portal.pi.gov.br\/piauiprev\/wp-content\/uploads\/sites\/45\/2024\/05\/RESOLUCAO_N__02_2024___CONAD_RPPS_PI___Aprova_o_Codigo_de_Conduta_Etica_da_PIAUIPREV.pdf\" target=\"_blank\" rel=\"noreferrer noopener\">Resolu\u00e7\u00e3o n\u00ba 02\/2024 &#8211; CONAD\/RPPS-PI &#8211;&nbsp; Aprova o C\u00f3digo de Conduta \u00c9tica da PIAUIPREV<\/a><\/p>\n\n\n\n<p class=\"has-text-align-center\"><a href=\"https:\/\/portal.pi.gov.br\/piauiprev\/wp-content\/uploads\/sites\/45\/2024\/05\/RESOLUCAO_N__03_2024___CONAD_RPPS_PI___Aprova_Planejamento_Estrategico.pdf\" target=\"_blank\" rel=\"noreferrer noopener\">Resolu\u00e7\u00e3o n\u00ba 03\/2024 &#8211; CONAD\/RPPS-PI &#8211;&nbsp;Aprova Planejamento Estrat\u00e9gico da PIAUIPREV &#8211; 2024\/2027<\/a><\/p>\n\n\n\n<p class=\"has-text-align-center\"><a href=\"https:\/\/portal.pi.gov.br\/piauiprev\/wp-content\/uploads\/sites\/45\/2024\/05\/RESOLUCAO_N__04_2024___CONAD_RPPS_PI___Aprova_o_Relatorio_de_Gestao_de_2023.pdf\" target=\"_blank\" rel=\"noreferrer noopener\">Resolu\u00e7\u00e3o n\u00ba 04\/2024 &#8211; CONAD\/RPPS-PI &#8211;&nbsp;Aprova o Relat\u00f3rio de Gest\u00e3o de 2023 da PIAUIPREV<\/a><\/p>\n\n\n\n<p class=\"has-text-align-center\"><a rel=\"noreferrer noopener\" href=\"https:\/\/portal.pi.gov.br\/piauiprev\/wp-content\/uploads\/sites\/45\/2024\/05\/RESOLUCAO_N__05_2024___CONAD_RPPS_PI___Aprova_Contratacao_de_Empresa_para_realizar_o_Censo_Previdenciario.pdf\" target=\"_blank\">Resolu\u00e7\u00e3o n\u00ba 05\/2024 &#8211; CONAD\/RPPS-PI &#8211;\u00a0Aprova a abertura do Processo de contrata\u00e7\u00e3o de empresa para realiza\u00e7\u00e3o do Censo Previdenci\u00e1rio<\/a><\/p>\n\n\n\n<p class=\"has-text-align-center\"><a rel=\"noreferrer noopener\" href=\"https:\/\/portal.pi.gov.br\/piauiprev\/wp-content\/uploads\/sites\/45\/2024\/05\/RESOLUCAO_N__06_2024___CONAD_RPPS_PI___Regimento_Internoi_Conselho_de_Administracao.pdf\" target=\"_blank\">Resolu\u00e7\u00e3o n\u00ba 06\/2024 &#8211; CONAD\/RPPS-PI &#8211;\u00a0Institui o Regimento Interno do Conselho de Administra\u00e7\u00e3o do RPPS do Estado do Piau\u00ed<\/a><\/p>\n","protected":false},"excerpt":{"rendered":"<p>&lt;Voltar Resolu\u00e7\u00e3o n\u00ba 01\/2024 &#8211; CONAD\/RPPS-PI &#8211;&nbsp;Cronograma de Reuni\u00f5es Resolu\u00e7\u00e3o n\u00ba 02\/2024 &#8211; CONAD\/RPPS-PI &#8211;&nbsp; Aprova o C\u00f3digo de Conduta \u00c9tica da PIAUIPREV Resolu\u00e7\u00e3o n\u00ba 03\/2024 &#8211; CONAD\/RPPS-PI &#8211;&nbsp;Aprova Planejamento [&hellip;]<\/p>\n","protected":false},"author":1,"featured_media":0,"parent":0,"menu_order":0,"comment_status":"closed","ping_status":"closed","template":"template-fullwidth.php","meta":[],"featured_image_urls":{"full":"","thumbnail":"","medium":"","medium_large":"","large":"","sgg-420":"","sgg-540":"","sgg-780":"","1536x1536":"","2048x2048":"","homepage-slider":"","homepage-slider-small":"","page-top":"","page-small":"","loop-main":"","thumb-gallery-widget":""},"post_excerpt_stackable":"<p>&lt;Voltar Resolu\u00e7\u00e3o n\u00ba 01\/2024 &#8211; CONAD\/RPPS-PI &#8211;&nbsp;Cronograma de Reuni\u00f5es Resolu\u00e7\u00e3o n\u00ba 02\/2024 &#8211; CONAD\/RPPS-PI &#8211;&nbsp; Aprova o C\u00f3digo de Conduta \u00c9tica da PIAUIPREV Resolu\u00e7\u00e3o n\u00ba 03\/2024 &#8211; CONAD\/RPPS-PI &#8211;&nbsp;Aprova Planejamento Estrat\u00e9gico da PIAUIPREV &#8211; 2024\/2027 Resolu\u00e7\u00e3o n\u00ba 04\/2024 &#8211; CONAD\/RPPS-PI &#8211;&nbsp;Aprova o Relat\u00f3rio de Gest\u00e3o de 2023 da PIAUIPREV Resolu\u00e7\u00e3o n\u00ba 05\/2024 &#8211; CONAD\/RPPS-PI &#8211;\u00a0Aprova a abertura do Processo de contrata\u00e7\u00e3o de empresa para realiza\u00e7\u00e3o do Censo Previdenci\u00e1rio Resolu\u00e7\u00e3o n\u00ba 06\/2024 &#8211; CONAD\/RPPS-PI &#8211;\u00a0Institui o Regimento Interno do Conselho de Administra\u00e7\u00e3o do RPPS do Estado do Piau\u00ed<\/p>\n","category_list":"","author_info":{"name":"admin","url":"https:\/\/portal.pi.gov.br\/piauiprev\/author\/admin\/"},"comments_num":"0 coment\u00e1rio","featured_image_urls_v2":{"full":"","thumbnail":"","medium":"","medium_large":"","large":"","sgg-420":"","sgg-540":"","sgg-780":"","1536x1536":"","2048x2048":"","homepage-slider":"","homepage-slider-small":"","page-top":"","page-small":"","loop-main":"","thumb-gallery-widget":""},"post_excerpt_stackable_v2":"<p>&lt;Voltar Resolu\u00e7\u00e3o n\u00ba 01\/2024 &#8211; CONAD\/RPPS-PI &#8211;&nbsp;Cronograma de Reuni\u00f5es Resolu\u00e7\u00e3o n\u00ba 02\/2024 &#8211; CONAD\/RPPS-PI &#8211;&nbsp; Aprova o C\u00f3digo de Conduta \u00c9tica da PIAUIPREV Resolu\u00e7\u00e3o n\u00ba 03\/2024 &#8211; CONAD\/RPPS-PI &#8211;&nbsp;Aprova Planejamento Estrat\u00e9gico da PIAUIPREV &#8211; 2024\/2027 Resolu\u00e7\u00e3o n\u00ba 04\/2024 &#8211; CONAD\/RPPS-PI &#8211;&nbsp;Aprova o Relat\u00f3rio de Gest\u00e3o de 2023 da PIAUIPREV Resolu\u00e7\u00e3o n\u00ba 05\/2024 &#8211; CONAD\/RPPS-PI &#8211;\u00a0Aprova a abertura do Processo de contrata\u00e7\u00e3o de empresa para realiza\u00e7\u00e3o do Censo Previdenci\u00e1rio Resolu\u00e7\u00e3o n\u00ba 06\/2024 &#8211; CONAD\/RPPS-PI &#8211;\u00a0Institui o Regimento Interno do Conselho de Administra\u00e7\u00e3o do RPPS do Estado do Piau\u00ed<\/p>\n","category_list_v2":"","author_info_v2":{"name":"admin","url":"https:\/\/portal.pi.gov.br\/piauiprev\/author\/admin\/"},"comments_num_v2":"0 coment\u00e1rio","_links":{"self":[{"href":"https:\/\/portal.pi.gov.br\/piauiprev\/wp-json\/wp\/v2\/pages\/1566"}],"collection":[{"href":"https:\/\/portal.pi.gov.br\/piauiprev\/wp-json\/wp\/v2\/pages"}],"about":[{"href":"https:\/\/portal.pi.gov.br\/piauiprev\/wp-json\/wp\/v2\/types\/page"}],"author":[{"embeddable":true,"href":"https:\/\/portal.pi.gov.br\/piauiprev\/wp-json\/wp\/v2\/users\/1"}],"replies":[{"embeddable":true,"href":"https:\/\/portal.pi.gov.br\/piauiprev\/wp-json\/wp\/v2\/comments?post=1566"}],"version-history":[{"count":11,"href":"https:\/\/portal.pi.gov.br\/piauiprev\/wp-json\/wp\/v2\/pages\/1566\/revisions"}],"predecessor-version":[{"id":2537,"href":"https:\/\/portal.pi.gov.br\/piauiprev\/wp-json\/wp\/v2\/pages\/1566\/revisions\/2537"}],"wp:attachment":[{"href":"https:\/\/portal.pi.gov.br\/piauiprev\/wp-json\/wp\/v2\/media?parent=1566"}],"curies":[{"name":"wp","href":"https:\/\/api.w.org\/{rel}","templated":true}]}}