{"id":1572,"date":"2024-04-05T09:18:33","date_gmt":"2024-04-05T12:18:33","guid":{"rendered":"https:\/\/portal.pi.gov.br\/piauiprev\/?page_id=1572"},"modified":"2025-04-02T13:51:40","modified_gmt":"2025-04-02T16:51:40","slug":"conselho-de-administracao-pauta-das-reunioes","status":"publish","type":"page","link":"https:\/\/portal.pi.gov.br\/piauiprev\/conselho-de-administracao-pauta-das-reunioes\/","title":{"rendered":"Conselho de Administra\u00e7\u00e3o &#8211; Pauta das Reuni\u00f5es"},"content":{"rendered":"\n<h5 class=\"wp-block-heading\"><a href=\"https:\/\/portal.pi.gov.br\/piauiprev\/conselho-administrativo\">&lt;Voltar<\/a><\/h5>\n\n\n\n<p class=\"has-text-align-center\"><a href=\"https:\/\/portal.pi.gov.br\/piauiprev\/wp-content\/uploads\/sites\/45\/2024\/05\/PAUTA_DA_1__REUNIAO_ORDINARIA_DE_2024_DO_CONSELHO_DE_ADMINISTRACAO_DO_RPPS.pdf\" target=\"_blank\" rel=\"noreferrer noopener\">Pauta da 1\u00aa Reuni\u00e3o Ordin\u00e1ria de 2024 do Conselho de Administra\u00e7\u00e3o do RPPS\/PI<\/a><\/p>\n\n\n\n<p class=\"has-text-align-center\"><a href=\"https:\/\/portal.pi.gov.br\/piauiprev\/wp-content\/uploads\/sites\/45\/2024\/05\/PAUTA_DA_2__REUNIAO_ORDINARIA_DE_2024_DO_CONSELHO_DE_ADMINISTRACAO_DO_RPPS.pdf\" target=\"_blank\" rel=\"noreferrer noopener\">Pauta da 2\u00aa Reuni\u00e3o Ordin\u00e1ria de 2024 do Conselho de Administra\u00e7\u00e3o do RPPS\/PI<\/a><\/p>\n\n\n\n<p class=\"has-text-align-center\"><a href=\"https:\/\/portal.pi.gov.br\/piauiprev\/wp-content\/uploads\/sites\/45\/2025\/04\/PAUTA_DA_3__REUNIAO_ORDINARIA_DE_2024_DO_CONSELHO_DE_ADMINISTRACAO_DO_RPPS_PI-1.pdf\" data-type=\"URL\" data-id=\"https:\/\/portal.pi.gov.br\/piauiprev\/wp-content\/uploads\/sites\/45\/2025\/04\/PAUTA_DA_3__REUNIAO_ORDINARIA_DE_2024_DO_CONSELHO_DE_ADMINISTRACAO_DO_RPPS_PI-1.pdf\" target=\"_blank\" rel=\"noreferrer noopener\">Pauta da 3\u00aa Reuni\u00e3o Ordin\u00e1ria de 2024 do Conselho de Administra\u00e7\u00e3o do RPPS\/PI<\/a><\/p>\n\n\n\n<p class=\"has-text-align-center\"><a href=\"https:\/\/portal.pi.gov.br\/piauiprev\/wp-content\/uploads\/sites\/45\/2025\/04\/PAUTA_DA_4__REUNIAO_ORDINARIA_DE_2024_DO_CONSELHO_DE_ADMINISTRACAO_DO_RPPS_PI-1.pdf\" data-type=\"URL\" data-id=\"https:\/\/portal.pi.gov.br\/piauiprev\/wp-content\/uploads\/sites\/45\/2025\/04\/PAUTA_DA_4__REUNIAO_ORDINARIA_DE_2024_DO_CONSELHO_DE_ADMINISTRACAO_DO_RPPS_PI-1.pdf\" target=\"_blank\" rel=\"noreferrer noopener\">Pauta da 4\u00aa Reuni\u00e3o Ordin\u00e1ria de 2024 do Conselho de Administra\u00e7\u00e3o do RPPS\/PI<\/a><\/p>\n\n\n\n<p class=\"has-text-align-center\"><a href=\"https:\/\/portal.pi.gov.br\/piauiprev\/wp-content\/uploads\/sites\/45\/2025\/04\/PAUTA_DA_5__REUNIAO_ORDINARIA_DE_2024_DO_CONSELHO_DE_ADMINISTRACAO_DO_RPPS_PI-1.pdf\" data-type=\"URL\" data-id=\"https:\/\/portal.pi.gov.br\/piauiprev\/wp-content\/uploads\/sites\/45\/2025\/04\/PAUTA_DA_5__REUNIAO_ORDINARIA_DE_2024_DO_CONSELHO_DE_ADMINISTRACAO_DO_RPPS_PI-1.pdf\" target=\"_blank\" rel=\"noreferrer noopener\">Pauta da 5\u00aa Reuni\u00e3o Ordin\u00e1ria de 2024 do Conselho de Administra\u00e7\u00e3o do RPPS\/PI<\/a><\/p>\n","protected":false},"excerpt":{"rendered":"<p>&lt;Voltar Pauta da 1\u00aa Reuni\u00e3o Ordin\u00e1ria de 2024 do Conselho de Administra\u00e7\u00e3o do RPPS\/PI Pauta da 2\u00aa Reuni\u00e3o Ordin\u00e1ria de 2024 do Conselho de Administra\u00e7\u00e3o do RPPS\/PI Pauta da 3\u00aa [&hellip;]<\/p>\n","protected":false},"author":1,"featured_media":0,"parent":0,"menu_order":0,"comment_status":"closed","ping_status":"closed","template":"template-fullwidth.php","meta":[],"featured_image_urls":{"full":"","thumbnail":"","medium":"","medium_large":"","large":"","sgg-420":"","sgg-540":"","sgg-780":"","1536x1536":"","2048x2048":"","homepage-slider":"","homepage-slider-small":"","page-top":"","page-small":"","loop-main":"","thumb-gallery-widget":""},"post_excerpt_stackable":"<p>&lt;Voltar Pauta da 1\u00aa Reuni\u00e3o Ordin\u00e1ria de 2024 do Conselho de Administra\u00e7\u00e3o do RPPS\/PI Pauta da 2\u00aa Reuni\u00e3o Ordin\u00e1ria de 2024 do Conselho de Administra\u00e7\u00e3o do RPPS\/PI Pauta da 3\u00aa Reuni\u00e3o Ordin\u00e1ria de 2024 do Conselho de Administra\u00e7\u00e3o do RPPS\/PI Pauta da 4\u00aa Reuni\u00e3o Ordin\u00e1ria de 2024 do Conselho de Administra\u00e7\u00e3o do RPPS\/PI Pauta da 5\u00aa Reuni\u00e3o Ordin\u00e1ria de 2024 do Conselho de Administra\u00e7\u00e3o do RPPS\/PI<\/p>\n","category_list":"","author_info":{"name":"admin","url":"https:\/\/portal.pi.gov.br\/piauiprev\/author\/admin\/"},"comments_num":"0 coment\u00e1rio","featured_image_urls_v2":{"full":"","thumbnail":"","medium":"","medium_large":"","large":"","sgg-420":"","sgg-540":"","sgg-780":"","1536x1536":"","2048x2048":"","homepage-slider":"","homepage-slider-small":"","page-top":"","page-small":"","loop-main":"","thumb-gallery-widget":""},"post_excerpt_stackable_v2":"<p>&lt;Voltar Pauta da 1\u00aa Reuni\u00e3o Ordin\u00e1ria de 2024 do Conselho de Administra\u00e7\u00e3o do RPPS\/PI Pauta da 2\u00aa Reuni\u00e3o Ordin\u00e1ria de 2024 do Conselho de Administra\u00e7\u00e3o do RPPS\/PI Pauta da 3\u00aa Reuni\u00e3o Ordin\u00e1ria de 2024 do Conselho de Administra\u00e7\u00e3o do RPPS\/PI Pauta da 4\u00aa Reuni\u00e3o Ordin\u00e1ria de 2024 do Conselho de Administra\u00e7\u00e3o do RPPS\/PI Pauta da 5\u00aa Reuni\u00e3o Ordin\u00e1ria de 2024 do Conselho de Administra\u00e7\u00e3o do RPPS\/PI<\/p>\n","category_list_v2":"","author_info_v2":{"name":"admin","url":"https:\/\/portal.pi.gov.br\/piauiprev\/author\/admin\/"},"comments_num_v2":"0 coment\u00e1rio","_links":{"self":[{"href":"https:\/\/portal.pi.gov.br\/piauiprev\/wp-json\/wp\/v2\/pages\/1572"}],"collection":[{"href":"https:\/\/portal.pi.gov.br\/piauiprev\/wp-json\/wp\/v2\/pages"}],"about":[{"href":"https:\/\/portal.pi.gov.br\/piauiprev\/wp-json\/wp\/v2\/types\/page"}],"author":[{"embeddable":true,"href":"https:\/\/portal.pi.gov.br\/piauiprev\/wp-json\/wp\/v2\/users\/1"}],"replies":[{"embeddable":true,"href":"https:\/\/portal.pi.gov.br\/piauiprev\/wp-json\/wp\/v2\/comments?post=1572"}],"version-history":[{"count":7,"href":"https:\/\/portal.pi.gov.br\/piauiprev\/wp-json\/wp\/v2\/pages\/1572\/revisions"}],"predecessor-version":[{"id":3173,"href":"https:\/\/portal.pi.gov.br\/piauiprev\/wp-json\/wp\/v2\/pages\/1572\/revisions\/3173"}],"wp:attachment":[{"href":"https:\/\/portal.pi.gov.br\/piauiprev\/wp-json\/wp\/v2\/media?parent=1572"}],"curies":[{"name":"wp","href":"https:\/\/api.w.org\/{rel}","templated":true}]}}