{"id":1574,"date":"2024-04-05T09:18:58","date_gmt":"2024-04-05T12:18:58","guid":{"rendered":"https:\/\/portal.pi.gov.br\/piauiprev\/?page_id=1574"},"modified":"2026-04-17T12:49:40","modified_gmt":"2026-04-17T15:49:40","slug":"conselho-fiscal-atas-das-reunioes","status":"publish","type":"page","link":"https:\/\/portal.pi.gov.br\/piauiprev\/conselho-fiscal-atas-das-reunioes\/","title":{"rendered":"Conselho Fiscal &#8211; Atas das Reuni\u00f5es"},"content":{"rendered":"\n<h5 class=\"wp-block-heading\"><a href=\"https:\/\/portal.pi.gov.br\/piauiprev\/conselho-fiscal\">&lt;Voltar<\/a><\/h5>\n\n\n\n<p class=\"has-text-align-center\"><a href=\"https:\/\/portal.pi.gov.br\/piauiprev\/wp-content\/uploads\/sites\/45\/2026\/04\/PUBLICACAO___ATA_DA_SEXTA_REUNIAO_2025___CONFIS.pdf\" target=\"_blank\" rel=\"noreferrer noopener\"><strong>ATA DA SEXTA REUNI\u00c3O ORDIN\u00c1RIA DO CONSELHO FISCAL DO REGIME PR\u00d3PRIO DE PREVID\u00caNCIA SOCIAL DO ESTADO DO PIAU\u00cd -RPPS\/PI, EXERC\u00cdCIO 2025<\/strong><\/a><\/p>\n\n\n\n<p class=\"has-text-align-center\"><a href=\"https:\/\/portal.pi.gov.br\/piauiprev\/wp-content\/uploads\/sites\/45\/2026\/04\/PUBLICACAO___ATA_DA_QUINTA_REUNIAO_2025___CONFIS.pdf\" target=\"_blank\" rel=\"noreferrer noopener\"><strong>ATA DA QUINTA REUNI\u00c3O ORDIN\u00c1RIA DO CONSELHO FISCAL DO REGIME PR\u00d3PRIO DE PREVID\u00caNCIA SOCIAL DO ESTADO DO PIAU\u00cd -RPPS\/PI, EXERC\u00cdCIO 2025<\/strong><\/a><\/p>\n\n\n\n<p class=\"has-text-align-center\"><a href=\"https:\/\/portal.pi.gov.br\/piauiprev\/wp-content\/uploads\/sites\/45\/2026\/04\/PUBLICACAO___ATA_DA_QUARTA_REUNIAO_2025___CONFIS.pdf\" target=\"_blank\" rel=\"noreferrer noopener\"><strong>ATA DA QUARTA REUNI\u00c3O ORDIN\u00c1RIA DO CONSELHO FISCAL DO REGIME PR\u00d3PRIO DE PREVID\u00caNCIA SOCIAL DO ESTADO DO PIAU\u00cd -RPPS\/PI, EXERC\u00cdCIO 2025<\/strong><\/a><\/p>\n\n\n\n<p class=\"has-text-align-center\"><a href=\"https:\/\/portal.pi.gov.br\/piauiprev\/wp-content\/uploads\/sites\/45\/2026\/04\/PUBLICACAO___ATA_DA_TERCEIRA_REUNIAO_2025___CONFIS.pdf\" target=\"_blank\" rel=\"noreferrer noopener\"><strong>ATA DA TERCEIRA REUNI\u00c3O ORDIN\u00c1RIA DO CONSELHO FISCAL DO REGIME PR\u00d3PRIO DE PREVID\u00caNCIA SOCIAL DO ESTADO DO PIAU\u00cd -RPPS\/PI, EXERC\u00cdCIO 2025<\/strong><\/a><\/p>\n\n\n\n<p class=\"has-text-align-center\"><a href=\"https:\/\/portal.pi.gov.br\/piauiprev\/wp-content\/uploads\/sites\/45\/2026\/04\/PUBLICACAO___ATA_DA_SEGUNDA_REUNIAO_2025___CONFIS.pdf\" target=\"_blank\" rel=\"noreferrer noopener\"><strong>ATA DA SEGUNDA REUNI\u00c3O ORDIN\u00c1RIA DO CONSELHO FISCAL DO REGIME PR\u00d3PRIO DE PREVID\u00caNCIA SOCIAL DO ESTADO DO PIAU\u00cd -RPPS\/PI, EXERC\u00cdCIO 2025<\/strong><\/a><\/p>\n\n\n\n<p class=\"has-text-align-center\"><a href=\"https:\/\/portal.pi.gov.br\/piauiprev\/wp-content\/uploads\/sites\/45\/2026\/04\/PUBLICACAO___ATA_DA_PRIMEIRA_REUNIAO_2025___CONFIS.pdf\" target=\"_blank\" rel=\"noreferrer noopener\"><strong>ATA DA PRIMEIRA REUNI\u00c3O ORDIN\u00c1RIA DO CONSELHO FISCAL DO REGIME PR\u00d3PRIO DE PREVID\u00caNCIA SOCIAL DO ESTADO DO PIAU\u00cd -RPPS\/PI, EXERC\u00cdCIO 2025<\/strong><\/a><\/p>\n\n\n\n<p class=\"has-text-align-center\"><em><strong><a href=\"https:\/\/portal.pi.gov.br\/piauiprev\/wp-content\/uploads\/sites\/45\/2026\/04\/PUBLICACAO___ATA_DA_TERCEIRA_REUNIAO_2024___CONFIS.pdf\" target=\"_blank\" rel=\"noreferrer noopener\">ATA DA TERCEIRA REUNI\u00c3O ORDIN\u00c1RIA DO CONSELHO FISCAL DO REGIME PR\u00d3PRIO DE PREVID\u00caNCIA SOCIAL DO ESTADO DO PIAU\u00cd -RPPS\/PI, EXERC\u00cdCIO 2024<\/a><\/strong><\/em><\/p>\n\n\n\n<p class=\"has-text-align-center\"><em><strong><a rel=\"noreferrer noopener\" href=\"https:\/\/portal.pi.gov.br\/piauiprev\/wp-content\/uploads\/sites\/45\/2024\/10\/PUBLICACAO_DA_ATA_DA_PRIMEIRA_REUNIAO_ORDINARIA_DO_CONFIS___2024.pdf\" target=\"_blank\">ATA DA PRIMEIRA REUNI\u00c3O ORDIN\u00c1RIA DO CONSELHO FISCAL DO REGIME PR\u00d3PRIO DE PREVID\u00caNCIA SOCIAL DO ESTADO DO PIAU\u00cd -RPPS\/PI, EXERC\u00cdCIO 2024<\/a><\/strong><\/em><\/p>\n\n\n\n<p class=\"has-text-align-center\"><strong><em><a rel=\"noreferrer noopener\" href=\"https:\/\/portal.pi.gov.br\/piauiprev\/wp-content\/uploads\/sites\/45\/2024\/10\/PUBLICACAO_DA_ATA_DA_SEGUNDA_REUNIAO_ORDINARIA_DO_CONFIS.pdf\" target=\"_blank\">ATA DA SEGUNDA REUNI\u00c3O ORDIN\u00c1RIA DO CONSELHO FISCAL DO REGIME PR\u00d3PRIO DE PREVID\u00caNCIA SOCIAL DO ESTADO DO PIAU\u00cd, EXERC\u00cdCIO DE 2024<\/a><\/em><\/strong><\/p>\n\n\n\n<p class=\"has-text-align-center\"><strong><em><a href=\"https:\/\/portal.pi.gov.br\/piauiprev\/wp-content\/uploads\/sites\/45\/2025\/04\/PUBLICACAO_DA_ATA_DA_4__REUNIAO_ORDINARIA_DE_2024___CONFIS.pdf\" data-type=\"URL\" data-id=\"https:\/\/portal.pi.gov.br\/piauiprev\/wp-content\/uploads\/sites\/45\/2025\/04\/PUBLICACAO_DA_ATA_DA_4__REUNIAO_ORDINARIA_DE_2024___CONFIS.pdf\" target=\"_blank\" rel=\"noreferrer noopener\">ATA DA QUARTA REUNI\u00c3O ORDIN\u00c1RIA DO CONSELHO FISCAL DO REGIME PR\u00d3PRIO DE PREVID\u00caNCIA SOCIAL DO ESTADO DO PIAU\u00cd, EXERC\u00cdCIO DE 2024<\/a><\/em><\/strong><\/p>\n\n\n\n<p class=\"has-text-align-center\"><strong><em><a href=\"https:\/\/portal.pi.gov.br\/piauiprev\/wp-content\/uploads\/sites\/45\/2025\/04\/PUBLICACAO_DA_ATA_DA_5__REUNIAO_ORDINARIA_DE_2024___CONFIS.pdf\" data-type=\"URL\" data-id=\"https:\/\/portal.pi.gov.br\/piauiprev\/wp-content\/uploads\/sites\/45\/2025\/04\/PUBLICACAO_DA_ATA_DA_5__REUNIAO_ORDINARIA_DE_2024___CONFIS.pdf\" target=\"_blank\" rel=\"noreferrer noopener\">ATA DA QUINTA REUNI\u00c3O ORDIN\u00c1RIA DO CONSELHO FISCAL DO REGIME PR\u00d3PRIO DE PREVID\u00caNCIA SOCIAL DO ESTADO DO PIAU\u00cd, EXERC\u00cdCIO DE 2024<\/a><\/em><\/strong><\/p>\n\n\n\n<p class=\"has-text-align-center\"><strong><em><a href=\"https:\/\/portal.pi.gov.br\/piauiprev\/wp-content\/uploads\/sites\/45\/2025\/01\/Ata_da_6__Reuniao_Ordinaria_de_2024.pdf\" target=\"_blank\" rel=\"noreferrer noopener\">ATA DA SEXTA REUNI\u00c3O ORDIN\u00c1RIA DO CONSELHO FISCAL DO REGIME PR\u00d3PRIO DE PREVID\u00caNCIA SOCIAL DO ESTADO DO PIAU\u00cd, EXERC\u00cdCIO DE 2024<\/a><\/em><\/strong><\/p>\n","protected":false},"excerpt":{"rendered":"<p>&lt;Voltar ATA DA SEXTA REUNI\u00c3O ORDIN\u00c1RIA DO CONSELHO FISCAL DO REGIME PR\u00d3PRIO DE PREVID\u00caNCIA SOCIAL DO ESTADO DO PIAU\u00cd -RPPS\/PI, EXERC\u00cdCIO 2025 ATA DA QUINTA REUNI\u00c3O ORDIN\u00c1RIA DO CONSELHO FISCAL [&hellip;]<\/p>\n","protected":false},"author":1,"featured_media":0,"parent":0,"menu_order":0,"comment_status":"closed","ping_status":"closed","template":"template-fullwidth.php","meta":[],"featured_image_urls":{"full":"","thumbnail":"","medium":"","medium_large":"","large":"","sgg-420":"","sgg-540":"","sgg-780":"","1536x1536":"","2048x2048":"","homepage-slider":"","homepage-slider-small":"","page-top":"","page-small":"","loop-main":"","thumb-gallery-widget":""},"post_excerpt_stackable":"<p>&lt;Voltar ATA DA SEXTA REUNI\u00c3O ORDIN\u00c1RIA DO CONSELHO FISCAL DO REGIME PR\u00d3PRIO DE PREVID\u00caNCIA SOCIAL DO ESTADO DO PIAU\u00cd -RPPS\/PI, EXERC\u00cdCIO 2025 ATA DA QUINTA REUNI\u00c3O ORDIN\u00c1RIA DO CONSELHO FISCAL DO REGIME PR\u00d3PRIO DE PREVID\u00caNCIA SOCIAL DO ESTADO DO PIAU\u00cd -RPPS\/PI, EXERC\u00cdCIO 2025 ATA DA QUARTA REUNI\u00c3O ORDIN\u00c1RIA DO CONSELHO FISCAL DO REGIME PR\u00d3PRIO DE PREVID\u00caNCIA SOCIAL DO ESTADO DO PIAU\u00cd -RPPS\/PI, EXERC\u00cdCIO 2025 ATA DA TERCEIRA REUNI\u00c3O ORDIN\u00c1RIA DO CONSELHO FISCAL DO REGIME PR\u00d3PRIO DE PREVID\u00caNCIA SOCIAL DO ESTADO DO PIAU\u00cd -RPPS\/PI, EXERC\u00cdCIO 2025 ATA DA SEGUNDA REUNI\u00c3O ORDIN\u00c1RIA DO CONSELHO FISCAL DO REGIME PR\u00d3PRIO DE PREVID\u00caNCIA SOCIAL DO&hellip;<\/p>\n","category_list":"","author_info":{"name":"admin","url":"https:\/\/portal.pi.gov.br\/piauiprev\/author\/admin\/"},"comments_num":"0 coment\u00e1rio","featured_image_urls_v2":{"full":"","thumbnail":"","medium":"","medium_large":"","large":"","sgg-420":"","sgg-540":"","sgg-780":"","1536x1536":"","2048x2048":"","homepage-slider":"","homepage-slider-small":"","page-top":"","page-small":"","loop-main":"","thumb-gallery-widget":""},"post_excerpt_stackable_v2":"<p>&lt;Voltar ATA DA SEXTA REUNI\u00c3O ORDIN\u00c1RIA DO CONSELHO FISCAL DO REGIME PR\u00d3PRIO DE PREVID\u00caNCIA SOCIAL DO ESTADO DO PIAU\u00cd -RPPS\/PI, EXERC\u00cdCIO 2025 ATA DA QUINTA REUNI\u00c3O ORDIN\u00c1RIA DO CONSELHO FISCAL DO REGIME PR\u00d3PRIO DE PREVID\u00caNCIA SOCIAL DO ESTADO DO PIAU\u00cd -RPPS\/PI, EXERC\u00cdCIO 2025 ATA DA QUARTA REUNI\u00c3O ORDIN\u00c1RIA DO CONSELHO FISCAL DO REGIME PR\u00d3PRIO DE PREVID\u00caNCIA SOCIAL DO ESTADO DO PIAU\u00cd -RPPS\/PI, EXERC\u00cdCIO 2025 ATA DA TERCEIRA REUNI\u00c3O ORDIN\u00c1RIA DO CONSELHO FISCAL DO REGIME PR\u00d3PRIO DE PREVID\u00caNCIA SOCIAL DO ESTADO DO PIAU\u00cd -RPPS\/PI, EXERC\u00cdCIO 2025 ATA DA SEGUNDA REUNI\u00c3O ORDIN\u00c1RIA DO CONSELHO FISCAL DO REGIME PR\u00d3PRIO DE PREVID\u00caNCIA SOCIAL DO&hellip;<\/p>\n","category_list_v2":"","author_info_v2":{"name":"admin","url":"https:\/\/portal.pi.gov.br\/piauiprev\/author\/admin\/"},"comments_num_v2":"0 coment\u00e1rio","_links":{"self":[{"href":"https:\/\/portal.pi.gov.br\/piauiprev\/wp-json\/wp\/v2\/pages\/1574"}],"collection":[{"href":"https:\/\/portal.pi.gov.br\/piauiprev\/wp-json\/wp\/v2\/pages"}],"about":[{"href":"https:\/\/portal.pi.gov.br\/piauiprev\/wp-json\/wp\/v2\/types\/page"}],"author":[{"embeddable":true,"href":"https:\/\/portal.pi.gov.br\/piauiprev\/wp-json\/wp\/v2\/users\/1"}],"replies":[{"embeddable":true,"href":"https:\/\/portal.pi.gov.br\/piauiprev\/wp-json\/wp\/v2\/comments?post=1574"}],"version-history":[{"count":11,"href":"https:\/\/portal.pi.gov.br\/piauiprev\/wp-json\/wp\/v2\/pages\/1574\/revisions"}],"predecessor-version":[{"id":4734,"href":"https:\/\/portal.pi.gov.br\/piauiprev\/wp-json\/wp\/v2\/pages\/1574\/revisions\/4734"}],"wp:attachment":[{"href":"https:\/\/portal.pi.gov.br\/piauiprev\/wp-json\/wp\/v2\/media?parent=1574"}],"curies":[{"name":"wp","href":"https:\/\/api.w.org\/{rel}","templated":true}]}}