{"id":1945,"date":"2024-06-24T12:02:29","date_gmt":"2024-06-24T15:02:29","guid":{"rendered":"https:\/\/portal.pi.gov.br\/piauiprev\/?page_id=1945"},"modified":"2025-09-03T10:13:10","modified_gmt":"2025-09-03T13:13:10","slug":"estudos-atuariais","status":"publish","type":"page","link":"https:\/\/portal.pi.gov.br\/piauiprev\/estudos-atuariais\/","title":{"rendered":"Estudos Atuariais"},"content":{"rendered":"\n<h5 class=\"wp-block-heading\"><a href=\"https:\/\/portal.pi.gov.br\/piauiprev\/transparencia\/\">&lt;Voltar<\/a><\/h5>\n\n\n\n<p><\/p>\n\n\n\n<p class=\"has-text-align-center has-medium-font-size\"><strong><em><a href=\"https:\/\/portal.pi.gov.br\/piauiprev\/wp-content\/uploads\/sites\/45\/2025\/09\/Relatorio_de_Gestao_Atuarial_2025.pdf\" target=\"_blank\" rel=\"noreferrer noopener\">Relat\u00f3rio de Gest\u00e3o Atuarial de 2025<\/a><\/em><\/strong><\/p>\n\n\n\n<p class=\"has-text-align-center has-medium-font-size\"><strong><em><a href=\"https:\/\/portal.pi.gov.br\/piauiprev\/wp-content\/uploads\/sites\/45\/2025\/05\/Reavaliacao_Piaui_2025_Civil_v2_envio-1.pdf\" data-type=\"URL\" data-id=\"https:\/\/portal.pi.gov.br\/piauiprev\/wp-content\/uploads\/sites\/45\/2025\/05\/Reavaliacao_Piaui_2025_Civil_v2_envio-1.pdf\" target=\"_blank\" rel=\"noreferrer noopener\">Relat\u00f3rio de Avalia\u00e7\u00e3o Atuarial de 2025 &#8211; Civis<\/a><\/em><\/strong><\/p>\n\n\n\n<p class=\"has-text-align-center has-medium-font-size\"><em><strong><a href=\"https:\/\/portal.pi.gov.br\/piauiprev\/wp-content\/uploads\/sites\/45\/2025\/05\/Reavaliacao_Piaui_2025_Militares_v2_envio-1.pdf\" data-type=\"URL\" data-id=\"https:\/\/portal.pi.gov.br\/piauiprev\/wp-content\/uploads\/sites\/45\/2025\/05\/Reavaliacao_Piaui_2025_Militares_v2_envio-1.pdf\" target=\"_blank\" rel=\"noreferrer noopener\">Relat\u00f3rio de Avalia\u00e7\u00e3o Atuarial de 2025 &#8211; Militares<\/a><\/strong><\/em><\/p>\n\n\n\n<p class=\"has-text-align-center has-medium-font-size\"><strong><em><a href=\"https:\/\/portal.pi.gov.br\/piauiprev\/wp-content\/uploads\/sites\/45\/2024\/07\/RGA_Piaui_2024_assinado.pdf\" target=\"_blank\" rel=\"noreferrer noopener\">Relat\u00f3rio de Gest\u00e3o Atuarial de 2024<\/a><\/em><\/strong><\/p>\n\n\n\n<p class=\"has-text-align-center has-medium-font-size\"><strong><em><a rel=\"noreferrer noopener\" href=\"https:\/\/portal.pi.gov.br\/piauiprev\/wp-content\/uploads\/sites\/45\/2024\/06\/AVALIACAO_ATUARIAL_DE_2024.pdf\" target=\"_blank\">Relat\u00f3rio de Avalia\u00e7\u00e3o Atuarial de 2024<\/a><\/em><\/strong><\/p>\n\n\n\n<p class=\"has-text-align-center has-medium-font-size\"><strong><em><a href=\"https:\/\/portal.pi.gov.br\/piauiprev\/wp-content\/uploads\/sites\/45\/2024\/06\/AVALIACAO_ATUARIAL_DE_2023.pdf\" target=\"_blank\" rel=\"noreferrer noopener\">Relat\u00f3rio de Avalia\u00e7\u00e3o Atuarial de 2023<\/a><\/em><\/strong><\/p>\n\n\n\n<p class=\"has-text-align-center has-medium-font-size\"><strong><em><a href=\"https:\/\/portal.pi.gov.br\/piauiprev\/wp-content\/uploads\/sites\/45\/2024\/06\/AVALIACAO_ATUARIAL_DE_2022.pdf\" target=\"_blank\" rel=\"noreferrer noopener\">Relat\u00f3rio de Avalia\u00e7\u00e3o Atuarial de 2022<\/a><\/em><\/strong><\/p>\n","protected":false},"excerpt":{"rendered":"<p>&lt;Voltar Relat\u00f3rio de Gest\u00e3o Atuarial de 2025 Relat\u00f3rio de Avalia\u00e7\u00e3o Atuarial de 2025 &#8211; Civis Relat\u00f3rio de Avalia\u00e7\u00e3o Atuarial de 2025 &#8211; Militares Relat\u00f3rio de Gest\u00e3o Atuarial de 2024 Relat\u00f3rio [&hellip;]<\/p>\n","protected":false},"author":1,"featured_media":0,"parent":0,"menu_order":0,"comment_status":"closed","ping_status":"closed","template":"template-fullwidth.php","meta":[],"featured_image_urls":{"full":"","thumbnail":"","medium":"","medium_large":"","large":"","sgg-420":"","sgg-540":"","sgg-780":"","1536x1536":"","2048x2048":"","homepage-slider":"","homepage-slider-small":"","page-top":"","page-small":"","loop-main":"","thumb-gallery-widget":""},"post_excerpt_stackable":"<p>&lt;Voltar Relat\u00f3rio de Gest\u00e3o Atuarial de 2025 Relat\u00f3rio de Avalia\u00e7\u00e3o Atuarial de 2025 &#8211; Civis Relat\u00f3rio de Avalia\u00e7\u00e3o Atuarial de 2025 &#8211; Militares Relat\u00f3rio de Gest\u00e3o Atuarial de 2024 Relat\u00f3rio de Avalia\u00e7\u00e3o Atuarial de 2024 Relat\u00f3rio de Avalia\u00e7\u00e3o Atuarial de 2023 Relat\u00f3rio de Avalia\u00e7\u00e3o Atuarial de 2022<\/p>\n","category_list":"","author_info":{"name":"admin","url":"https:\/\/portal.pi.gov.br\/piauiprev\/author\/admin\/"},"comments_num":"0 coment\u00e1rio","featured_image_urls_v2":{"full":"","thumbnail":"","medium":"","medium_large":"","large":"","sgg-420":"","sgg-540":"","sgg-780":"","1536x1536":"","2048x2048":"","homepage-slider":"","homepage-slider-small":"","page-top":"","page-small":"","loop-main":"","thumb-gallery-widget":""},"post_excerpt_stackable_v2":"<p>&lt;Voltar Relat\u00f3rio de Gest\u00e3o Atuarial de 2025 Relat\u00f3rio de Avalia\u00e7\u00e3o Atuarial de 2025 &#8211; Civis Relat\u00f3rio de Avalia\u00e7\u00e3o Atuarial de 2025 &#8211; Militares Relat\u00f3rio de Gest\u00e3o Atuarial de 2024 Relat\u00f3rio de Avalia\u00e7\u00e3o Atuarial de 2024 Relat\u00f3rio de Avalia\u00e7\u00e3o Atuarial de 2023 Relat\u00f3rio de Avalia\u00e7\u00e3o Atuarial de 2022<\/p>\n","category_list_v2":"","author_info_v2":{"name":"admin","url":"https:\/\/portal.pi.gov.br\/piauiprev\/author\/admin\/"},"comments_num_v2":"0 coment\u00e1rio","_links":{"self":[{"href":"https:\/\/portal.pi.gov.br\/piauiprev\/wp-json\/wp\/v2\/pages\/1945"}],"collection":[{"href":"https:\/\/portal.pi.gov.br\/piauiprev\/wp-json\/wp\/v2\/pages"}],"about":[{"href":"https:\/\/portal.pi.gov.br\/piauiprev\/wp-json\/wp\/v2\/types\/page"}],"author":[{"embeddable":true,"href":"https:\/\/portal.pi.gov.br\/piauiprev\/wp-json\/wp\/v2\/users\/1"}],"replies":[{"embeddable":true,"href":"https:\/\/portal.pi.gov.br\/piauiprev\/wp-json\/wp\/v2\/comments?post=1945"}],"version-history":[{"count":11,"href":"https:\/\/portal.pi.gov.br\/piauiprev\/wp-json\/wp\/v2\/pages\/1945\/revisions"}],"predecessor-version":[{"id":3899,"href":"https:\/\/portal.pi.gov.br\/piauiprev\/wp-json\/wp\/v2\/pages\/1945\/revisions\/3899"}],"wp:attachment":[{"href":"https:\/\/portal.pi.gov.br\/piauiprev\/wp-json\/wp\/v2\/media?parent=1945"}],"curies":[{"name":"wp","href":"https:\/\/api.w.org\/{rel}","templated":true}]}}