{"id":1951,"date":"2024-06-24T13:01:15","date_gmt":"2024-06-24T16:01:15","guid":{"rendered":"https:\/\/portal.pi.gov.br\/piauiprev\/?page_id=1951"},"modified":"2025-11-21T13:19:15","modified_gmt":"2025-11-21T16:19:15","slug":"transparencia","status":"publish","type":"page","link":"https:\/\/portal.pi.gov.br\/piauiprev\/transparencia\/","title":{"rendered":"Transpar\u00eancia"},"content":{"rendered":"\n<div class=\"wp-block-buttons is-content-justification-center is-layout-flex wp-container-1\">\n<div class=\"wp-block-button is-style-fill\"><a class=\"wp-block-button__link has-background wp-element-button\" href=\"https:\/\/portal.pi.gov.br\/piauiprev\/avisos-licitacoes-contratacoes\" style=\"background:linear-gradient(180deg,rgba(255,105,0,1) 0%,rgb(207,46,46) 100%)\">AVISOS DE LICITA\u00c7\u00d5ES E CONTRATA\u00c7\u00d5ES<\/a><\/div>\n\n\n\n<div class=\"wp-block-button is-style-fill\"><a class=\"wp-block-button__link has-background wp-element-button\" href=\"https:\/\/portal.pi.gov.br\/piauiprev\/concursos\/\" style=\"background:linear-gradient(180deg,rgba(255,105,0,1) 0%,rgb(207,46,46) 100%)\">CONCURSOS E EDITAIS<\/a><\/div>\n\n\n\n<div class=\"wp-block-button is-style-fill\"><a class=\"wp-block-button__link has-background wp-element-button\" href=\"https:\/\/portal.pi.gov.br\/piauiprev\/wp-content\/uploads\/sites\/45\/2025\/11\/Edital-de-Credenciamento-Instituicoes-Financeiras.pdf\" style=\"background:linear-gradient(180deg,rgba(255,105,0,1) 0%,rgb(207,46,46) 100%)\" target=\"_blank\" rel=\"noreferrer noopener\">EDITAL DE CREDENCIAMENTO<\/a><\/div>\n<\/div>\n\n\n\n<p class=\"has-text-align-center has-white-color has-text-color\">_<\/p>\n\n\n\n<div class=\"wp-block-buttons is-content-justification-center is-layout-flex wp-container-2\">\n<div class=\"wp-block-button is-style-fill\"><a class=\"wp-block-button__link has-background wp-element-button\" href=\"https:\/\/portal.pi.gov.br\/piauiprev\/wp-content\/uploads\/sites\/45\/2025\/11\/CARTILHA-PREV-A5.pdf\" style=\"background:linear-gradient(360deg,rgb(2,3,129) 0%,rgb(40,116,252) 100%)\" target=\"_blank\" rel=\"noreferrer noopener\">Cartilha Previdenci\u00e1ria<\/a><\/div>\n\n\n\n<div class=\"wp-block-button is-style-fill\"><a class=\"wp-block-button__link has-background wp-element-button\" href=\"https:\/\/portal.pi.gov.br\/piauiprev\/certidoes-e-certificados\/\" style=\"background:linear-gradient(360deg,rgb(2,3,129) 0%,rgb(40,116,252) 100%)\">Certid\u00f5es e Certificados<\/a><\/div>\n\n\n\n<div class=\"wp-block-button is-style-fill\"><a class=\"wp-block-button__link has-background wp-element-button\" href=\"https:\/\/portal.pi.gov.br\/piauiprev\/codigo-de-etica\/\" style=\"background:linear-gradient(360deg,rgb(2,3,129) 0%,rgb(40,116,252) 100%)\">C\u00f3digo de \u00c9tica<\/a><\/div>\n\n\n\n<div class=\"wp-block-button is-style-fill\"><a class=\"wp-block-button__link has-background wp-element-button\" href=\"https:\/\/portal.pi.gov.br\/piauiprev\/comissao-de-etica\/\" style=\"background:linear-gradient(360deg,rgb(2,3,129) 0%,rgb(40,116,252) 100%)\">Comiss\u00e3o de \u00c9tica<\/a><\/div>\n\n\n\n<div class=\"wp-block-button is-style-fill\"><a class=\"wp-block-button__link has-background wp-element-button\" href=\"https:\/\/portal.pi.gov.br\/piauiprev\/comite-de-investimentos\/\" style=\"background:linear-gradient(360deg,rgb(2,3,129) 0%,rgb(40,116,252) 100%)\">Comit\u00ea de Investimentos<\/a><\/div>\n\n\n\n<div class=\"wp-block-button is-style-fill\"><a class=\"wp-block-button__link has-background wp-element-button\" href=\"https:\/\/portal.pi.gov.br\/piauiprev\/conselho-administrativo\/\" style=\"background:linear-gradient(360deg,rgb(2,3,129) 0%,rgb(40,116,252) 100%)\">Conselho de Administra\u00e7\u00e3o<\/a><\/div>\n\n\n\n<div class=\"wp-block-button is-style-fill\"><a class=\"wp-block-button__link has-background wp-element-button\" href=\"https:\/\/portal.pi.gov.br\/piauiprev\/conselho-fiscal\/\" style=\"background:linear-gradient(360deg,rgb(2,3,129) 0%,rgb(40,116,252) 100%)\">Conselho Fiscal<\/a><\/div>\n\n\n\n<div class=\"wp-block-button is-style-fill\"><a class=\"wp-block-button__link has-background wp-element-button\" href=\"https:\/\/portal.pi.gov.br\/piauiprev\/demonstrativos-contabeis\/\" style=\"background:linear-gradient(360deg,rgb(2,3,129) 0%,rgb(40,116,252) 100%)\">Demonstrativos Cont\u00e1beis<\/a><\/div>\n\n\n\n<div class=\"wp-block-button is-style-fill\"><a class=\"wp-block-button__link has-background wp-element-button\" href=\"https:\/\/cadprev.previdencia.gov.br\/Cadprev\/pages\/publico\/demonstrativoPrevidenciario\/pesquisarEnteDemonstrativoPrevidenciario.xhtml\" style=\"background:linear-gradient(360deg,rgb(2,3,129) 0%,rgb(40,116,252) 100%)\" target=\"_blank\" rel=\"noreferrer noopener\">Demonstrativos Previdenci\u00e1rios<\/a><\/div>\n\n\n\n<div class=\"wp-block-button is-style-fill\"><a class=\"wp-block-button__link has-background wp-element-button\" href=\"https:\/\/portal.pi.gov.br\/piauiprev\/dpin\/\" style=\"background:linear-gradient(360deg,rgb(2,3,129) 0%,rgb(40,116,252) 100%)\">DPIN<\/a><\/div>\n\n\n\n<div class=\"wp-block-button is-style-fill\"><a class=\"wp-block-button__link has-background wp-element-button\" href=\"https:\/\/portal.pi.gov.br\/piauiprev\/dipr\/\" style=\"background:linear-gradient(360deg,rgb(2,3,129) 0%,rgb(40,116,252) 100%)\">DIPR<\/a><\/div>\n\n\n\n<div class=\"wp-block-button is-style-fill\"><a class=\"wp-block-button__link has-background wp-element-button\" href=\"https:\/\/portal.pi.gov.br\/piauiprev\/educacao-previdenciaria\/\" style=\"background:linear-gradient(360deg,rgb(2,3,129) 0%,rgb(40,116,252) 100%)\">Educa\u00e7\u00e3o Previdenci\u00e1ria<\/a><\/div>\n\n\n\n<div class=\"wp-block-button is-style-fill\"><a class=\"wp-block-button__link has-background wp-element-button\" href=\"https:\/\/portal.pi.gov.br\/piauiprev\/estudos-atuariais\/\" style=\"background:linear-gradient(360deg,rgb(2,3,129) 0%,rgb(40,116,252) 100%)\">Estudos Atuariais<\/a><\/div>\n\n\n\n<div class=\"wp-block-button is-style-fill\"><a class=\"wp-block-button__link has-background wp-element-button\" href=\"https:\/\/portal.pi.gov.br\/piauiprev\/investimentos\/\" style=\"background:linear-gradient(360deg,rgb(2,3,129) 0%,rgb(40,116,252) 100%)\">Investimentos<\/a><\/div>\n\n\n\n<div class=\"wp-block-button is-style-fill\"><a class=\"wp-block-button__link has-background wp-element-button\" href=\"https:\/\/portal.pi.gov.br\/piauiprev\/julgamento-de-contas\/\" style=\"background:linear-gradient(360deg,rgb(2,3,129) 0%,rgb(40,116,252) 100%)\">Julgamento de Contas<\/a><\/div>\n\n\n\n<div class=\"wp-block-button is-style-fill\"><a class=\"wp-block-button__link has-background wp-element-button\" href=\"https:\/\/portal.pi.gov.br\/piauiprev\/lei-geral-de-protecao-de-dados-lgpd\/\" style=\"background:linear-gradient(360deg,rgb(2,3,129) 0%,rgb(40,116,252) 100%)\">Lei Geral de Prote\u00e7\u00e3o de Dados<\/a><\/div>\n\n\n\n<div class=\"wp-block-button is-style-fill\"><a class=\"wp-block-button__link has-background wp-element-button\" href=\"https:\/\/portal.pi.gov.br\/piauiprev\/licitacoes-e-contratos\/\" style=\"background:linear-gradient(360deg,rgb(2,3,129) 0%,rgb(40,116,252) 100%)\">Licita\u00e7\u00f5es e Contratos<\/a><\/div>\n\n\n\n<div class=\"wp-block-button is-style-fill\"><a class=\"wp-block-button__link has-background wp-element-button\" href=\"https:\/\/portal.pi.gov.br\/piauiprev\/prestacao-de-contas\/\" style=\"background:linear-gradient(360deg,rgb(2,3,129) 0%,rgb(40,116,252) 100%)\">Presta\u00e7\u00e3o de Contas<\/a><\/div>\n<\/div>\n","protected":false},"excerpt":{"rendered":"<p>_<\/p>\n","protected":false},"author":1,"featured_media":0,"parent":0,"menu_order":0,"comment_status":"closed","ping_status":"closed","template":"template-fullwidth.php","meta":[],"featured_image_urls":{"full":"","thumbnail":"","medium":"","medium_large":"","large":"","sgg-420":"","sgg-540":"","sgg-780":"","1536x1536":"","2048x2048":"","homepage-slider":"","homepage-slider-small":"","page-top":"","page-small":"","loop-main":"","thumb-gallery-widget":""},"post_excerpt_stackable":"<p>AVISOS DE LICITA\u00c7\u00d5ES E CONTRATA\u00c7\u00d5ES CONCURSOS E EDITAIS EDITAL DE CREDENCIAMENTO _ Cartilha Previdenci\u00e1ria Certid\u00f5es e Certificados C\u00f3digo de \u00c9tica Comiss\u00e3o de \u00c9tica Comit\u00ea de Investimentos Conselho de Administra\u00e7\u00e3o Conselho Fiscal Demonstrativos Cont\u00e1beis Demonstrativos Previdenci\u00e1rios DPIN DIPR Educa\u00e7\u00e3o Previdenci\u00e1ria Estudos Atuariais Investimentos Julgamento de Contas Lei Geral de Prote\u00e7\u00e3o de Dados Licita\u00e7\u00f5es e Contratos Presta\u00e7\u00e3o de Contas<\/p>\n","category_list":"","author_info":{"name":"admin","url":"https:\/\/portal.pi.gov.br\/piauiprev\/author\/admin\/"},"comments_num":"0 coment\u00e1rio","featured_image_urls_v2":{"full":"","thumbnail":"","medium":"","medium_large":"","large":"","sgg-420":"","sgg-540":"","sgg-780":"","1536x1536":"","2048x2048":"","homepage-slider":"","homepage-slider-small":"","page-top":"","page-small":"","loop-main":"","thumb-gallery-widget":""},"post_excerpt_stackable_v2":"<p>AVISOS DE LICITA\u00c7\u00d5ES E CONTRATA\u00c7\u00d5ES CONCURSOS E EDITAIS EDITAL DE CREDENCIAMENTO _ Cartilha Previdenci\u00e1ria Certid\u00f5es e Certificados C\u00f3digo de \u00c9tica Comiss\u00e3o de \u00c9tica Comit\u00ea de Investimentos Conselho de Administra\u00e7\u00e3o Conselho Fiscal Demonstrativos Cont\u00e1beis Demonstrativos Previdenci\u00e1rios DPIN DIPR Educa\u00e7\u00e3o Previdenci\u00e1ria Estudos Atuariais Investimentos Julgamento de Contas Lei Geral de Prote\u00e7\u00e3o de Dados Licita\u00e7\u00f5es e Contratos Presta\u00e7\u00e3o de Contas<\/p>\n","category_list_v2":"","author_info_v2":{"name":"admin","url":"https:\/\/portal.pi.gov.br\/piauiprev\/author\/admin\/"},"comments_num_v2":"0 coment\u00e1rio","_links":{"self":[{"href":"https:\/\/portal.pi.gov.br\/piauiprev\/wp-json\/wp\/v2\/pages\/1951"}],"collection":[{"href":"https:\/\/portal.pi.gov.br\/piauiprev\/wp-json\/wp\/v2\/pages"}],"about":[{"href":"https:\/\/portal.pi.gov.br\/piauiprev\/wp-json\/wp\/v2\/types\/page"}],"author":[{"embeddable":true,"href":"https:\/\/portal.pi.gov.br\/piauiprev\/wp-json\/wp\/v2\/users\/1"}],"replies":[{"embeddable":true,"href":"https:\/\/portal.pi.gov.br\/piauiprev\/wp-json\/wp\/v2\/comments?post=1951"}],"version-history":[{"count":44,"href":"https:\/\/portal.pi.gov.br\/piauiprev\/wp-json\/wp\/v2\/pages\/1951\/revisions"}],"predecessor-version":[{"id":4251,"href":"https:\/\/portal.pi.gov.br\/piauiprev\/wp-json\/wp\/v2\/pages\/1951\/revisions\/4251"}],"wp:attachment":[{"href":"https:\/\/portal.pi.gov.br\/piauiprev\/wp-json\/wp\/v2\/media?parent=1951"}],"curies":[{"name":"wp","href":"https:\/\/api.w.org\/{rel}","templated":true}]}}