{"id":2014,"date":"2024-06-25T09:49:45","date_gmt":"2024-06-25T12:49:45","guid":{"rendered":"https:\/\/portal.pi.gov.br\/piauiprev\/?page_id=2014"},"modified":"2025-01-08T11:24:54","modified_gmt":"2025-01-08T14:24:54","slug":"politica","status":"publish","type":"page","link":"https:\/\/portal.pi.gov.br\/piauiprev\/politica\/","title":{"rendered":"Pol\u00edtica Anual de Investimentos"},"content":{"rendered":"\n<h5 class=\"wp-block-heading\"><a href=\"https:\/\/portal.pi.gov.br\/piauiprev\/investimentos\/\">&lt;Voltar<\/a><\/h5>\n\n\n\n<h4 class=\"wp-block-heading has-text-align-center\"><span style=\"color: #000000\" class=\"stk-highlight\">2025<\/span><\/h4>\n\n\n\n<p class=\"has-text-align-center\"><a href=\"https:\/\/portal.pi.gov.br\/piauiprev\/wp-content\/uploads\/sites\/45\/2025\/01\/Politica_Invest_2025_com_Atas_Parecer_e_Resolucao.pdf\" target=\"_blank\" rel=\"noreferrer noopener\">Pol\u00edtica de Investimentos &#8211; Exerc\u00edcio 2025<\/a><\/p>\n\n\n\n<h4 class=\"wp-block-heading has-text-align-center\"><span style=\"color: #000000\" class=\"stk-highlight\">2024<\/span><\/h4>\n\n\n\n<p class=\"has-text-align-center\"><a rel=\"noreferrer noopener\" href=\"https:\/\/portal.pi.gov.br\/piauiprev\/wp-content\/uploads\/sites\/45\/2024\/01\/POLITICA-DE-INVESTIMENTOS-2024.pdf\" target=\"_blank\">Pol\u00edtica de Investimentos &#8211; Exerc\u00edcio 2024<\/a><\/p>\n\n\n\n<h4 class=\"wp-block-heading has-text-align-center\"><span style=\"color: #000000\" class=\"stk-highlight\">202<\/span>3<\/h4>\n\n\n\n<p class=\"has-text-align-center\"><a rel=\"noreferrer noopener\" href=\"https:\/\/portal.pi.gov.br\/piauiprev\/wp-content\/uploads\/sites\/45\/2023\/04\/FP22_DPIN-2023-ff60036be5.pdf\" target=\"_blank\">Pol\u00edtica de Investimentos &#8211; Exerc\u00edcio 2023<\/a><\/p>\n\n\n\n<h4 class=\"wp-block-heading has-text-align-center\"><span style=\"color: #000000\" class=\"stk-highlight\">202<\/span>2<\/h4>\n\n\n\n<p class=\"has-text-align-center\"><a rel=\"noreferrer noopener\" href=\"https:\/\/portal.pi.gov.br\/piauiprev\/wp-content\/uploads\/sites\/45\/2023\/04\/FP22_DPIN-2022-3083164f76.pdf\" target=\"_blank\">Pol\u00edtica de Investimentos &#8211; Exerc\u00edcio 2022<\/a><\/p>\n\n\n\n<h4 class=\"wp-block-heading has-text-align-center\"><span style=\"color: #000000\" class=\"stk-highlight\">202<\/span>1<\/h4>\n\n\n\n<p class=\"has-text-align-center\"><a rel=\"noreferrer noopener\" href=\"https:\/\/portal.pi.gov.br\/piauiprev\/wp-content\/uploads\/sites\/45\/2023\/04\/FP22_DPIN-2021-0035e31072.pdf\" target=\"_blank\">Pol\u00edtica de Investimentos &#8211; Exerc\u00edcio 2021<\/a><\/p>\n\n\n\n<h4 class=\"wp-block-heading has-text-align-center\"><span style=\"color: #000000\" class=\"stk-highlight\">202<\/span>0<\/h4>\n\n\n\n<p class=\"has-text-align-center\"><a rel=\"noreferrer noopener\" href=\"https:\/\/portal.pi.gov.br\/piauiprev\/wp-content\/uploads\/sites\/45\/2023\/04\/FP30_DPIN-2020-5a0955b6cf.pdf\" target=\"_blank\">Pol\u00edtica de Investimentos &#8211; Exerc\u00edcio 2020<\/a><\/p>\n","protected":false},"excerpt":{"rendered":"<p>&lt;Voltar 2025 Pol\u00edtica de Investimentos &#8211; Exerc\u00edcio 2025 2024 Pol\u00edtica de Investimentos &#8211; Exerc\u00edcio 2024 2023 Pol\u00edtica de Investimentos &#8211; Exerc\u00edcio 2023 2022 Pol\u00edtica de Investimentos &#8211; Exerc\u00edcio 2022 2021 [&hellip;]<\/p>\n","protected":false},"author":1,"featured_media":0,"parent":0,"menu_order":0,"comment_status":"closed","ping_status":"closed","template":"template-fullwidth.php","meta":[],"featured_image_urls":{"full":"","thumbnail":"","medium":"","medium_large":"","large":"","sgg-420":"","sgg-540":"","sgg-780":"","1536x1536":"","2048x2048":"","homepage-slider":"","homepage-slider-small":"","page-top":"","page-small":"","loop-main":"","thumb-gallery-widget":""},"post_excerpt_stackable":"<p>&lt;Voltar 2025 Pol\u00edtica de Investimentos &#8211; Exerc\u00edcio 2025 2024 Pol\u00edtica de Investimentos &#8211; Exerc\u00edcio 2024 2023 Pol\u00edtica de Investimentos &#8211; Exerc\u00edcio 2023 2022 Pol\u00edtica de Investimentos &#8211; Exerc\u00edcio 2022 2021 Pol\u00edtica de Investimentos &#8211; Exerc\u00edcio 2021 2020 Pol\u00edtica de Investimentos &#8211; Exerc\u00edcio 2020<\/p>\n","category_list":"","author_info":{"name":"admin","url":"https:\/\/portal.pi.gov.br\/piauiprev\/author\/admin\/"},"comments_num":"0 coment\u00e1rio","featured_image_urls_v2":{"full":"","thumbnail":"","medium":"","medium_large":"","large":"","sgg-420":"","sgg-540":"","sgg-780":"","1536x1536":"","2048x2048":"","homepage-slider":"","homepage-slider-small":"","page-top":"","page-small":"","loop-main":"","thumb-gallery-widget":""},"post_excerpt_stackable_v2":"<p>&lt;Voltar 2025 Pol\u00edtica de Investimentos &#8211; Exerc\u00edcio 2025 2024 Pol\u00edtica de Investimentos &#8211; Exerc\u00edcio 2024 2023 Pol\u00edtica de Investimentos &#8211; Exerc\u00edcio 2023 2022 Pol\u00edtica de Investimentos &#8211; Exerc\u00edcio 2022 2021 Pol\u00edtica de Investimentos &#8211; Exerc\u00edcio 2021 2020 Pol\u00edtica de Investimentos &#8211; Exerc\u00edcio 2020<\/p>\n","category_list_v2":"","author_info_v2":{"name":"admin","url":"https:\/\/portal.pi.gov.br\/piauiprev\/author\/admin\/"},"comments_num_v2":"0 coment\u00e1rio","_links":{"self":[{"href":"https:\/\/portal.pi.gov.br\/piauiprev\/wp-json\/wp\/v2\/pages\/2014"}],"collection":[{"href":"https:\/\/portal.pi.gov.br\/piauiprev\/wp-json\/wp\/v2\/pages"}],"about":[{"href":"https:\/\/portal.pi.gov.br\/piauiprev\/wp-json\/wp\/v2\/types\/page"}],"author":[{"embeddable":true,"href":"https:\/\/portal.pi.gov.br\/piauiprev\/wp-json\/wp\/v2\/users\/1"}],"replies":[{"embeddable":true,"href":"https:\/\/portal.pi.gov.br\/piauiprev\/wp-json\/wp\/v2\/comments?post=2014"}],"version-history":[{"count":5,"href":"https:\/\/portal.pi.gov.br\/piauiprev\/wp-json\/wp\/v2\/pages\/2014\/revisions"}],"predecessor-version":[{"id":2936,"href":"https:\/\/portal.pi.gov.br\/piauiprev\/wp-json\/wp\/v2\/pages\/2014\/revisions\/2936"}],"wp:attachment":[{"href":"https:\/\/portal.pi.gov.br\/piauiprev\/wp-json\/wp\/v2\/media?parent=2014"}],"curies":[{"name":"wp","href":"https:\/\/api.w.org\/{rel}","templated":true}]}}