{"id":2018,"date":"2024-06-25T09:50:31","date_gmt":"2024-06-25T12:50:31","guid":{"rendered":"https:\/\/portal.pi.gov.br\/piauiprev\/?page_id=2018"},"modified":"2026-04-07T12:05:18","modified_gmt":"2026-04-07T15:05:18","slug":"certidoes-e-certificados","status":"publish","type":"page","link":"https:\/\/portal.pi.gov.br\/piauiprev\/certidoes-e-certificados\/","title":{"rendered":"Certid\u00f5es e Certificados (Regularidade Fiscal, Econ\u00f4mico-Financeira e Administrativa)"},"content":{"rendered":"\n<h5 class=\"wp-block-heading\"><a href=\"https:\/\/portal.pi.gov.br\/piauiprev\/transparencia\/\">&lt;Voltar<\/a><\/h5>\n\n\n\n<p><\/p>\n\n\n\n<p class=\"has-text-align-center has-medium-font-size\"><strong><em><a href=\"https:\/\/portal.pi.gov.br\/piauiprev\/wp-content\/uploads\/sites\/45\/2026\/04\/1._Certidao_Negativa_Divida_CND___FAZ._MUNICIPAL.pdf\" data-type=\"URL\" target=\"_blank\" rel=\"noreferrer noopener\">Certid\u00e3o Conjunta Negativa e da D\u00edvida Ativa do Munic\u00edpio &#8211; CND da Fazenda Municipal<\/a><\/em><\/strong><\/p>\n\n\n\n<p class=\"has-text-align-center has-medium-font-size\"><strong><em><a href=\"https:\/\/portal.pi.gov.br\/piauiprev\/wp-content\/uploads\/sites\/45\/2026\/04\/2.___INIDONEIDADE___DEBITOS.pdf\" data-type=\"URL\" target=\"_blank\" rel=\"noreferrer noopener\">Certid\u00e3o Conjunta Negativa de D\u00e9bitos\u00a0e\u00a0 Inidoneidade &#8211;\u00a0Tribunal de Contas do Estado do Piau\u00ed<\/a><\/em><\/strong><\/p>\n\n\n\n<p class=\"has-text-align-center has-medium-font-size\"><strong><em><a href=\"https:\/\/portal.pi.gov.br\/piauiprev\/wp-content\/uploads\/sites\/45\/2026\/04\/3._Certidao_negativa___TCU.pdf\" data-type=\"URL\" target=\"_blank\" rel=\"noreferrer noopener\">Certid\u00e3o Conjunta Negativa de\u00a0Licitantes Inid\u00f4neos &#8211;\u00a0Tribunal de Contas\u00a0da\u00a0Uni\u00e3o<\/a><\/em><\/strong><\/p>\n\n\n\n<p class=\"has-text-align-center has-medium-font-size\"><strong><em><a href=\"https:\/\/portal.pi.gov.br\/piauiprev\/wp-content\/uploads\/sites\/45\/2026\/04\/4._Certidao_Trabalhista.pdf\" data-type=\"URL\" target=\"_blank\" rel=\"noreferrer noopener\">Certid\u00e3o Negativa de D\u00e9bitos Trabalhistas<\/a><\/em><\/strong><\/p>\n\n\n\n<p class=\"has-text-align-center has-medium-font-size\"><strong><em><a href=\"https:\/\/portal.pi.gov.br\/piauiprev\/wp-content\/uploads\/sites\/45\/2026\/04\/5._CND_NEGATIVA_DIVIDA_E_DEBITOS.pdf\" data-type=\"URL\" target=\"_blank\" rel=\"noreferrer noopener\">Certid\u00e3o Conjunta Negativa e da D\u00edvida Ativa\u00a0&#8211; CND da Secretaria da Fazenda do Estado<\/a><\/em><\/strong><\/p>\n\n\n\n<p class=\"has-text-align-center has-medium-font-size\"><strong><em><a href=\"https:\/\/portal.pi.gov.br\/piauiprev\/wp-content\/uploads\/sites\/45\/2026\/04\/6._RECEITA_FEDERAL.pdf\" data-type=\"URL\" target=\"_blank\" rel=\"noreferrer noopener\">Regularidade quanto a Tributos, Contribui\u00e7\u00f5es Previdenci\u00e1rias Federais e \u00e0 D\u00edvida Ativa da Uni\u00e3o, comprovada atrav\u00e9s da Certid\u00e3o Negativa de D\u00e9bitos &#8211; CND\u00a0 ou Positiva com efeitos de\u00a0negativa do CNPJ do \u00f3rg\u00e3o ou entidade<\/a><\/em><\/strong><\/p>\n\n\n\n<p class=\"has-text-align-center has-medium-font-size\"><strong><em><a href=\"https:\/\/portal.pi.gov.br\/piauiprev\/wp-content\/uploads\/sites\/45\/2026\/04\/7._CND_Nac._Idoneas_e_Susp.pdf\" data-type=\"URL\" target=\"_blank\" rel=\"noreferrer noopener\">Certid\u00e3o Negativa Cadastro Nacional Inid\u00f4neas e Suspensas &#8211; CEIS &#8211; Portal da Transpar\u00eancia<\/a><\/em><\/strong><\/p>\n\n\n\n<p class=\"has-text-align-center has-medium-font-size\"><em><strong><a href=\"https:\/\/portal.pi.gov.br\/piauiprev\/wp-content\/uploads\/sites\/45\/2026\/04\/8._CND___CGU.pdf\" data-type=\"URL\" target=\"_blank\" rel=\"noreferrer noopener\">Certid\u00e3o Negativa &#8211; Controladoria Geral da Uni\u00e3o<\/a><\/strong><\/em><\/p>\n\n\n\n<p class=\"has-text-align-center has-medium-font-size\"><strong><em><a href=\"https:\/\/portal.pi.gov.br\/piauiprev\/wp-content\/uploads\/sites\/45\/2026\/04\/9._CRF___FGTS.pdf\" data-type=\"URL\" target=\"_blank\" rel=\"noreferrer noopener\">Certid\u00e3o de Regularidade do Fundo de Garantia do Tempo De Servi\u00e7o &#8211; CRF\/FGTS &#8211; CEF<\/a><\/em><\/strong><\/p>\n\n\n\n<p class=\"has-text-align-center has-medium-font-size\"><strong><em><a href=\"https:\/\/portal.pi.gov.br\/piauiprev\/wp-content\/uploads\/sites\/45\/2026\/04\/10._CNPJ.pdf\" data-type=\"URL\" target=\"_blank\" rel=\"noreferrer noopener\">Inscri\u00e7\u00e3o no Cadastro Nacional de Pessoa Jur\u00eddica &#8211; CNPJ na Receita Federal<\/a><\/em><\/strong><\/p>\n\n\n\n<p class=\"has-text-align-center has-medium-font-size\"><\/p>\n","protected":false},"excerpt":{"rendered":"<p>&lt;Voltar Certid\u00e3o Conjunta Negativa e da D\u00edvida Ativa do Munic\u00edpio &#8211; CND da Fazenda Municipal Certid\u00e3o Conjunta Negativa de D\u00e9bitos\u00a0e\u00a0 Inidoneidade &#8211;\u00a0Tribunal de Contas do Estado do Piau\u00ed Certid\u00e3o Conjunta [&hellip;]<\/p>\n","protected":false},"author":1,"featured_media":0,"parent":0,"menu_order":0,"comment_status":"closed","ping_status":"closed","template":"template-fullwidth.php","meta":[],"featured_image_urls":{"full":"","thumbnail":"","medium":"","medium_large":"","large":"","sgg-420":"","sgg-540":"","sgg-780":"","1536x1536":"","2048x2048":"","homepage-slider":"","homepage-slider-small":"","page-top":"","page-small":"","loop-main":"","thumb-gallery-widget":""},"post_excerpt_stackable":"<p>&lt;Voltar Certid\u00e3o Conjunta Negativa e da D\u00edvida Ativa do Munic\u00edpio &#8211; CND da Fazenda Municipal Certid\u00e3o Conjunta Negativa de D\u00e9bitos\u00a0e\u00a0 Inidoneidade &#8211;\u00a0Tribunal de Contas do Estado do Piau\u00ed Certid\u00e3o Conjunta Negativa de\u00a0Licitantes Inid\u00f4neos &#8211;\u00a0Tribunal de Contas\u00a0da\u00a0Uni\u00e3o Certid\u00e3o Negativa de D\u00e9bitos Trabalhistas Certid\u00e3o Conjunta Negativa e da D\u00edvida Ativa\u00a0&#8211; CND da Secretaria da Fazenda do Estado Regularidade quanto a Tributos, Contribui\u00e7\u00f5es Previdenci\u00e1rias Federais e \u00e0 D\u00edvida Ativa da Uni\u00e3o, comprovada atrav\u00e9s da Certid\u00e3o Negativa de D\u00e9bitos &#8211; CND\u00a0 ou Positiva com efeitos de\u00a0negativa do CNPJ do \u00f3rg\u00e3o ou entidade Certid\u00e3o Negativa Cadastro Nacional Inid\u00f4neas e Suspensas &#8211; CEIS &#8211; Portal da&hellip;<\/p>\n","category_list":"","author_info":{"name":"admin","url":"https:\/\/portal.pi.gov.br\/piauiprev\/author\/admin\/"},"comments_num":"0 coment\u00e1rio","featured_image_urls_v2":{"full":"","thumbnail":"","medium":"","medium_large":"","large":"","sgg-420":"","sgg-540":"","sgg-780":"","1536x1536":"","2048x2048":"","homepage-slider":"","homepage-slider-small":"","page-top":"","page-small":"","loop-main":"","thumb-gallery-widget":""},"post_excerpt_stackable_v2":"<p>&lt;Voltar Certid\u00e3o Conjunta Negativa e da D\u00edvida Ativa do Munic\u00edpio &#8211; CND da Fazenda Municipal Certid\u00e3o Conjunta Negativa de D\u00e9bitos\u00a0e\u00a0 Inidoneidade &#8211;\u00a0Tribunal de Contas do Estado do Piau\u00ed Certid\u00e3o Conjunta Negativa de\u00a0Licitantes Inid\u00f4neos &#8211;\u00a0Tribunal de Contas\u00a0da\u00a0Uni\u00e3o Certid\u00e3o Negativa de D\u00e9bitos Trabalhistas Certid\u00e3o Conjunta Negativa e da D\u00edvida Ativa\u00a0&#8211; CND da Secretaria da Fazenda do Estado Regularidade quanto a Tributos, Contribui\u00e7\u00f5es Previdenci\u00e1rias Federais e \u00e0 D\u00edvida Ativa da Uni\u00e3o, comprovada atrav\u00e9s da Certid\u00e3o Negativa de D\u00e9bitos &#8211; CND\u00a0 ou Positiva com efeitos de\u00a0negativa do CNPJ do \u00f3rg\u00e3o ou entidade Certid\u00e3o Negativa Cadastro Nacional Inid\u00f4neas e Suspensas &#8211; CEIS &#8211; Portal da&hellip;<\/p>\n","category_list_v2":"","author_info_v2":{"name":"admin","url":"https:\/\/portal.pi.gov.br\/piauiprev\/author\/admin\/"},"comments_num_v2":"0 coment\u00e1rio","_links":{"self":[{"href":"https:\/\/portal.pi.gov.br\/piauiprev\/wp-json\/wp\/v2\/pages\/2018"}],"collection":[{"href":"https:\/\/portal.pi.gov.br\/piauiprev\/wp-json\/wp\/v2\/pages"}],"about":[{"href":"https:\/\/portal.pi.gov.br\/piauiprev\/wp-json\/wp\/v2\/types\/page"}],"author":[{"embeddable":true,"href":"https:\/\/portal.pi.gov.br\/piauiprev\/wp-json\/wp\/v2\/users\/1"}],"replies":[{"embeddable":true,"href":"https:\/\/portal.pi.gov.br\/piauiprev\/wp-json\/wp\/v2\/comments?post=2018"}],"version-history":[{"count":56,"href":"https:\/\/portal.pi.gov.br\/piauiprev\/wp-json\/wp\/v2\/pages\/2018\/revisions"}],"predecessor-version":[{"id":4661,"href":"https:\/\/portal.pi.gov.br\/piauiprev\/wp-json\/wp\/v2\/pages\/2018\/revisions\/4661"}],"wp:attachment":[{"href":"https:\/\/portal.pi.gov.br\/piauiprev\/wp-json\/wp\/v2\/media?parent=2018"}],"curies":[{"name":"wp","href":"https:\/\/api.w.org\/{rel}","templated":true}]}}