{"id":2432,"date":"2024-07-15T09:17:55","date_gmt":"2024-07-15T12:17:55","guid":{"rendered":"https:\/\/portal.pi.gov.br\/piauiprev\/?page_id=2432"},"modified":"2024-07-16T11:01:27","modified_gmt":"2024-07-16T14:01:27","slug":"comite-investimentos-membros","status":"publish","type":"page","link":"https:\/\/portal.pi.gov.br\/piauiprev\/comite-investimentos-membros\/","title":{"rendered":"Comit\u00ea de Investimentos \u2013 Membros"},"content":{"rendered":"\n<h5 class=\"wp-block-heading\"><a href=\"https:\/\/portal.pi.gov.br\/piauiprev\/comite-de-investimentos\/\">&lt;Voltar<\/a><\/h5>\n\n\n\n<p><\/p>\n\n\n\n<p class=\"has-text-align-center\"><a href=\"https:\/\/portal.pi.gov.br\/piauiprev\/wp-content\/uploads\/sites\/45\/2024\/07\/RELACAO_DOS_MEMBROS_DO_COMITE_DE_INVESTIMENTOS.pdf\" target=\"_blank\" rel=\"noreferrer noopener\">Rela\u00e7\u00e3o dos Membros Efetivos do Comit\u00ea de Investimentos<\/a><\/p>\n","protected":false},"excerpt":{"rendered":"<p>&lt;Voltar Rela\u00e7\u00e3o dos Membros Efetivos do Comit\u00ea de Investimentos<\/p>\n","protected":false},"author":1,"featured_media":0,"parent":0,"menu_order":0,"comment_status":"closed","ping_status":"closed","template":"template-fullwidth.php","meta":[],"featured_image_urls":{"full":"","thumbnail":"","medium":"","medium_large":"","large":"","sgg-420":"","sgg-540":"","sgg-780":"","1536x1536":"","2048x2048":"","homepage-slider":"","homepage-slider-small":"","page-top":"","page-small":"","loop-main":"","thumb-gallery-widget":""},"post_excerpt_stackable":"<p>&lt;Voltar Rela\u00e7\u00e3o dos Membros Efetivos do Comit\u00ea de Investimentos<\/p>\n","category_list":"","author_info":{"name":"admin","url":"https:\/\/portal.pi.gov.br\/piauiprev\/author\/admin\/"},"comments_num":"0 coment\u00e1rio","featured_image_urls_v2":{"full":"","thumbnail":"","medium":"","medium_large":"","large":"","sgg-420":"","sgg-540":"","sgg-780":"","1536x1536":"","2048x2048":"","homepage-slider":"","homepage-slider-small":"","page-top":"","page-small":"","loop-main":"","thumb-gallery-widget":""},"post_excerpt_stackable_v2":"<p>&lt;Voltar Rela\u00e7\u00e3o dos Membros Efetivos do Comit\u00ea de Investimentos<\/p>\n","category_list_v2":"","author_info_v2":{"name":"admin","url":"https:\/\/portal.pi.gov.br\/piauiprev\/author\/admin\/"},"comments_num_v2":"0 coment\u00e1rio","_links":{"self":[{"href":"https:\/\/portal.pi.gov.br\/piauiprev\/wp-json\/wp\/v2\/pages\/2432"}],"collection":[{"href":"https:\/\/portal.pi.gov.br\/piauiprev\/wp-json\/wp\/v2\/pages"}],"about":[{"href":"https:\/\/portal.pi.gov.br\/piauiprev\/wp-json\/wp\/v2\/types\/page"}],"author":[{"embeddable":true,"href":"https:\/\/portal.pi.gov.br\/piauiprev\/wp-json\/wp\/v2\/users\/1"}],"replies":[{"embeddable":true,"href":"https:\/\/portal.pi.gov.br\/piauiprev\/wp-json\/wp\/v2\/comments?post=2432"}],"version-history":[{"count":4,"href":"https:\/\/portal.pi.gov.br\/piauiprev\/wp-json\/wp\/v2\/pages\/2432\/revisions"}],"predecessor-version":[{"id":2482,"href":"https:\/\/portal.pi.gov.br\/piauiprev\/wp-json\/wp\/v2\/pages\/2432\/revisions\/2482"}],"wp:attachment":[{"href":"https:\/\/portal.pi.gov.br\/piauiprev\/wp-json\/wp\/v2\/media?parent=2432"}],"curies":[{"name":"wp","href":"https:\/\/api.w.org\/{rel}","templated":true}]}}