{"id":2436,"date":"2024-07-15T09:18:48","date_gmt":"2024-07-15T12:18:48","guid":{"rendered":"https:\/\/portal.pi.gov.br\/piauiprev\/?page_id=2436"},"modified":"2026-01-08T10:06:10","modified_gmt":"2026-01-08T13:06:10","slug":"comite-investimentos-cronograma-de-reunioes","status":"publish","type":"page","link":"https:\/\/portal.pi.gov.br\/piauiprev\/comite-investimentos-cronograma-de-reunioes\/","title":{"rendered":"Comit\u00ea de Investimentos \u2013 Cronograma de Reuni\u00f5es"},"content":{"rendered":"\n<h5 class=\"wp-block-heading\"><a href=\"https:\/\/portal.pi.gov.br\/piauiprev\/comite-de-investimentos\/\">&lt;Voltar<\/a><\/h5>\n\n\n\n<p class=\"has-text-align-center\"><a href=\"https:\/\/portal.pi.gov.br\/piauiprev\/wp-content\/uploads\/sites\/45\/2026\/01\/Cronograma_Comite_de_investimentos_2026.pdf\" data-type=\"URL\" data-id=\"https:\/\/portal.pi.gov.br\/piauiprev\/wp-content\/uploads\/sites\/45\/2026\/01\/Cronograma_Comite_de_investimentos_2026.pdf\" target=\"_blank\" rel=\"noreferrer noopener\">Cronograma previsto para reuni\u00f5es no ano de 2026<\/a><\/p>\n\n\n\n<p class=\"has-text-align-center\"><a href=\"https:\/\/portal.pi.gov.br\/piauiprev\/wp-content\/uploads\/sites\/45\/2025\/09\/Cronograma_Comite_de_investimentos.pdf\" target=\"_blank\" rel=\"noreferrer noopener\">Cronograma previsto para reuni\u00f5es no ano de 2025<\/a><\/p>\n\n\n\n<p class=\"has-text-align-center\"><a href=\"https:\/\/portal.pi.gov.br\/piauiprev\/wp-content\/uploads\/sites\/45\/2024\/07\/SEI_GOV-PI-013476875-Despacho.pdf\" target=\"_blank\" rel=\"noreferrer noopener\">Cronograma previsto para reuni\u00f5es no Segundo Semestre de 2024<\/a><\/p>\n","protected":false},"excerpt":{"rendered":"<p>&lt;Voltar Cronograma previsto para reuni\u00f5es no ano de 2026 Cronograma previsto para reuni\u00f5es no ano de 2025 Cronograma previsto para reuni\u00f5es no Segundo Semestre de 2024<\/p>\n","protected":false},"author":1,"featured_media":0,"parent":0,"menu_order":0,"comment_status":"closed","ping_status":"closed","template":"template-fullwidth.php","meta":[],"featured_image_urls":{"full":"","thumbnail":"","medium":"","medium_large":"","large":"","sgg-420":"","sgg-540":"","sgg-780":"","1536x1536":"","2048x2048":"","homepage-slider":"","homepage-slider-small":"","page-top":"","page-small":"","loop-main":"","thumb-gallery-widget":""},"post_excerpt_stackable":"<p>&lt;Voltar Cronograma previsto para reuni\u00f5es no ano de 2026 Cronograma previsto para reuni\u00f5es no ano de 2025 Cronograma previsto para reuni\u00f5es no Segundo Semestre de 2024<\/p>\n","category_list":"","author_info":{"name":"admin","url":"https:\/\/portal.pi.gov.br\/piauiprev\/author\/admin\/"},"comments_num":"0 coment\u00e1rio","featured_image_urls_v2":{"full":"","thumbnail":"","medium":"","medium_large":"","large":"","sgg-420":"","sgg-540":"","sgg-780":"","1536x1536":"","2048x2048":"","homepage-slider":"","homepage-slider-small":"","page-top":"","page-small":"","loop-main":"","thumb-gallery-widget":""},"post_excerpt_stackable_v2":"<p>&lt;Voltar Cronograma previsto para reuni\u00f5es no ano de 2026 Cronograma previsto para reuni\u00f5es no ano de 2025 Cronograma previsto para reuni\u00f5es no Segundo Semestre de 2024<\/p>\n","category_list_v2":"","author_info_v2":{"name":"admin","url":"https:\/\/portal.pi.gov.br\/piauiprev\/author\/admin\/"},"comments_num_v2":"0 coment\u00e1rio","_links":{"self":[{"href":"https:\/\/portal.pi.gov.br\/piauiprev\/wp-json\/wp\/v2\/pages\/2436"}],"collection":[{"href":"https:\/\/portal.pi.gov.br\/piauiprev\/wp-json\/wp\/v2\/pages"}],"about":[{"href":"https:\/\/portal.pi.gov.br\/piauiprev\/wp-json\/wp\/v2\/types\/page"}],"author":[{"embeddable":true,"href":"https:\/\/portal.pi.gov.br\/piauiprev\/wp-json\/wp\/v2\/users\/1"}],"replies":[{"embeddable":true,"href":"https:\/\/portal.pi.gov.br\/piauiprev\/wp-json\/wp\/v2\/comments?post=2436"}],"version-history":[{"count":7,"href":"https:\/\/portal.pi.gov.br\/piauiprev\/wp-json\/wp\/v2\/pages\/2436\/revisions"}],"predecessor-version":[{"id":4332,"href":"https:\/\/portal.pi.gov.br\/piauiprev\/wp-json\/wp\/v2\/pages\/2436\/revisions\/4332"}],"wp:attachment":[{"href":"https:\/\/portal.pi.gov.br\/piauiprev\/wp-json\/wp\/v2\/media?parent=2436"}],"curies":[{"name":"wp","href":"https:\/\/api.w.org\/{rel}","templated":true}]}}