{"id":3383,"date":"2025-05-20T13:02:34","date_gmt":"2025-05-20T16:02:34","guid":{"rendered":"https:\/\/portal.pi.gov.br\/piauiprev\/?page_id=3383"},"modified":"2025-10-16T11:23:52","modified_gmt":"2025-10-16T14:23:52","slug":"concursos","status":"publish","type":"page","link":"https:\/\/portal.pi.gov.br\/piauiprev\/concursos\/","title":{"rendered":"Concursos"},"content":{"rendered":"\n<h5 class=\"wp-block-heading\"><a href=\"https:\/\/portal.pi.gov.br\/piauiprev\/transparencia\/\">&lt;Voltar<\/a><\/h5>\n\n\n\n<div class=\"wp-block-group is-layout-constrained\"><div class=\"wp-block-group__inner-container\">\n<div class=\"wp-block-buttons is-content-justification-center is-layout-flex wp-container-1\">\n<div class=\"wp-block-button has-custom-width wp-block-button__width-25 is-style-fill\"><a class=\"wp-block-button__link has-background wp-element-button\" href=\"https:\/\/portal.pi.gov.br\/piauiprev\/procedimento-admissional\" style=\"background:linear-gradient(360deg,rgb(2,3,129) 0%,rgb(40,116,252) 100%)\">PROCEDIMENTO ADMISSIONAL<\/a><\/div>\n<\/div>\n<\/div><\/div>\n\n\n\n<div class=\"wp-block-stackable-text stk-block-text stk-block stk-2332e59\" data-block-id=\"2332e59\"><p class=\"stk-block-text__text\"><\/p><\/div>\n\n\n\n<div class=\"wp-block-stackable-heading stk-block-heading stk-block-heading--v2 stk-block stk-facd24e\" id=\"1-decretos-e-informacoes-relacionadas\" data-block-id=\"facd24e\"><h2 class=\"stk-block-heading__text stk-block-heading--use-theme-margins\">1. DECRETOS E INFORMA\u00c7\u00d5ES RELACIONADAS<\/h2><div class=\"stk-block-heading__bottom-line\"><\/div><\/div>\n\n\n\n<div class=\"wp-block-stackable-text stk-block-text stk-block stk-aab6ccf\" data-block-id=\"aab6ccf\"><p class=\"stk-block-text__text\"><strong><a rel=\"noreferrer noopener\" href=\"https:\/\/portal.pi.gov.br\/piauiprev\/wp-content\/uploads\/sites\/45\/2025\/08\/DECRETO___DOIS_NOMEADOS.pdf\" target=\"_blank\">20\/08\/2025 &#8211; Decreto n\u00ba 24.024<\/a><\/strong> [Nomeia candidatos aprovados no Concurso P\u00fablico regido pelo Edital n\u00ba 02\/2024 para provimento de cargos da Funda\u00e7\u00e3o Piau\u00ed Previd\u00eancia (PIAUIPREV)]<\/p><\/div>\n\n\n\n<div class=\"wp-block-stackable-text stk-block-text stk-block stk-0c0bb2c\" data-block-id=\"0c0bb2c\"><p class=\"stk-block-text__text\"><strong><a rel=\"noreferrer noopener\" href=\"https:\/\/www.seplan.pi.gov.br\/wp-content\/uploads\/2025\/05\/doepi_96_2025.pdf\" target=\"_blank\">22\/05\/2025 &#8211; Decreto n\u00ba 23.844<\/a><\/strong> [Nomeia candidatos aprovados no Concurso P\u00fablico regido pelos Editais n\u00ba 01\/2024 e n\u00ba 02\/2024 para provimento de cargos da Secretaria de Administra\u00e7\u00e3o (SEAD), da Secretaria de Planejamento (SEPLAN) e da Funda\u00e7\u00e3o Piau\u00ed Previd\u00eancia (PIAUIPREV) e d\u00e1 outras provid\u00eancias]<\/p><\/div>\n\n\n\n<div class=\"wp-block-stackable-heading stk-block-heading stk-block-heading--v2 stk-block stk-fa0eaa1\" id=\"2-editais\" data-block-id=\"fa0eaa1\"><h2 class=\"stk-block-heading__text stk-block-heading--use-theme-margins\">2. EDITAIS<\/h2><div class=\"stk-block-heading__bottom-line\"><\/div><\/div>\n\n\n\n<div class=\"wp-block-stackable-text stk-block-text stk-block stk-8a8d676\" data-block-id=\"8a8d676\"><p class=\"stk-block-text__text\"><a rel=\"noreferrer noopener\" href=\"https:\/\/portal.pi.gov.br\/piauiprev\/wp-content\/uploads\/sites\/45\/2025\/08\/EDITAL_N__26___SUB_JUDICE__DIVULGACAO_RESULTADO_HETEROIDENTIFICACAO_.pdf\" data-type=\"URL\" data-id=\"https:\/\/portal.pi.gov.br\/piauiprev\/wp-content\/uploads\/sites\/45\/2025\/08\/EDITAL_N__26___SUB_JUDICE__DIVULGACAO_RESULTADO_HETEROIDENTIFICACAO_.pdf\" target=\"_blank\"><strong>22\/07\/2025 &#8211; Edital n\u00ba 26\/2025<\/strong><\/a> [De Divulga\u00e7\u00e3o do Resultado da Comiss\u00e3o de Heteroidentifica\u00e7\u00e3o (<em>sub judice<\/em>)]<\/p><\/div>\n\n\n\n<div class=\"wp-block-stackable-text stk-block-text stk-block stk-dce6725\" data-block-id=\"dce6725\"><p class=\"stk-block-text__text\"><strong><a rel=\"noreferrer noopener\" href=\"https:\/\/portal.pi.gov.br\/piauiprev\/wp-content\/uploads\/sites\/45\/2025\/05\/EDITAL-No-24-2025-RETIFICACAO.pdf\" target=\"_blank\">25\/04\/2025 &#8211; Edital n\u00ba 24\/2025<\/a><\/strong> [De retifica\u00e7\u00e3o]<\/p><\/div>\n\n\n\n<div class=\"wp-block-stackable-text stk-block-text stk-block stk-bb59929\" data-block-id=\"bb59929\"><p class=\"stk-block-text__text\"><strong><a href=\"https:\/\/portal.pi.gov.br\/piauiprev\/wp-content\/uploads\/sites\/45\/2025\/05\/EDITAL-No-20-2025-ESTUDO-DE-CASO-SUB-JUDICE.pdf\" target=\"_blank\" rel=\"noreferrer noopener\">25\/03\/2025 &#8211; Edital n\u00ba 20\/2025<\/a><\/strong> [De Estudo de Caso (candidato <em>sub judice<\/em>)]<\/p><\/div>\n\n\n\n<div class=\"wp-block-stackable-text stk-block-text stk-block stk-9e63690\" data-block-id=\"9e63690\"><p class=\"stk-block-text__text\"><strong><a href=\"https:\/\/portal.pi.gov.br\/piauiprev\/wp-content\/uploads\/sites\/45\/2025\/05\/EDITAL-No-18-2025-DIVULGACAO-DO-RESULTADO-DAS-PROVAS-OBJETIVA-E-DISCURSIVA-ESTUDO-DE-CASO-CANDIDATO-SUB-JUDICE.pdf\" target=\"_blank\" rel=\"noreferrer noopener\">13\/03\/2025 &#8211; Edital n\u00ba 18\/2025<\/a><\/strong> [De divulga\u00e7\u00e3o do resultado das provas objetiva e discursiva &#8211; Estudo de Caso (candidato <em>sub judice<\/em>)]<\/p><\/div>\n\n\n\n<div class=\"wp-block-stackable-text stk-block-text stk-block stk-17d6876\" data-block-id=\"17d6876\"><p class=\"stk-block-text__text\"><strong><a href=\"https:\/\/portal.pi.gov.br\/piauiprev\/wp-content\/uploads\/sites\/45\/2025\/05\/EDITAL-No-16-2025-CONCURSO-02-2024-RESULTADO-FINAL.pdf\" target=\"_blank\" rel=\"noreferrer noopener\">06\/02\/2025 &#8211; Edital n\u00ba 16\/2025<\/a><\/strong> [De divulga\u00e7\u00e3o dos resultados definitivos da avalia\u00e7\u00e3o dos t\u00edtulos, da avalia\u00e7\u00e3o biopsicossocial, da comiss\u00e3o de heteroidentifica\u00e7\u00e3o e resultado final (Edital n\u00ba 02\/2024)]<\/p><\/div>\n\n\n\n<div class=\"wp-block-stackable-text stk-block-text stk-block stk-6b4da72\" data-block-id=\"6b4da72\"><p class=\"stk-block-text__text\"><strong><a href=\"https:\/\/portal.pi.gov.br\/piauiprev\/wp-content\/uploads\/sites\/45\/2025\/05\/EDITAL-No-14-2025-DIVULGACAO-DO-RESULTADO-DA-COMISSAO-DE-HETEROIDENTIFICACAO-E-DO-RESULTADO-DA-AVALIACAO-BIOPSICOSSOCIAL-PARA-TODOS-OS-CARGOS-ESPECIALIDADES.pdf\" target=\"_blank\" rel=\"noreferrer noopener\">20\/01\/2025 &#8211; Edital n\u00ba 14\/2025<\/a><\/strong> [De divulga\u00e7\u00e3o do resultado da comiss\u00e3o de heteroidentifica\u00e7\u00e3o e do resultado da avalia\u00e7\u00e3o biopsicossocial para todos os cargos\/especialidades]<\/p><\/div>\n\n\n\n<div class=\"wp-block-stackable-text stk-block-text stk-block stk-f6d9424\" data-block-id=\"f6d9424\"><p class=\"stk-block-text__text\"><strong><a href=\"https:\/\/portal.pi.gov.br\/piauiprev\/wp-content\/uploads\/sites\/45\/2025\/05\/EDITAL-No-13-2025-DIVULGACAO-DO-RESULTADO-DA-AVALIACAO-DOS-TITULOS-PARA-TODOS-OS-CARGO-ESPECIALIDADES.pdf\" target=\"_blank\" rel=\"noreferrer noopener\">20\/01\/2025 &#8211; Edital n\u00ba 13\/2025<\/a><\/strong> [De divulga\u00e7\u00e3o do resultado da avalia\u00e7\u00e3o dos t\u00edtulos para todos os cargos\/especialidades]<\/p><\/div>\n\n\n\n<div class=\"wp-block-stackable-text stk-block-text stk-block stk-8e124a7\" data-block-id=\"8e124a7\"><p class=\"stk-block-text__text\"><strong><a href=\"https:\/\/portal.pi.gov.br\/piauiprev\/wp-content\/uploads\/sites\/45\/2025\/05\/EDITAL-No-12-2025-RETIFICACAO.pdf\" target=\"_blank\" rel=\"noreferrer noopener\">08\/01\/2025 &#8211; Edital n\u00ba 12\/2025<\/a><\/strong> [De retifica\u00e7\u00e3o]<\/p><\/div>\n\n\n\n<div class=\"wp-block-stackable-text stk-block-text stk-block stk-6587c37\" data-block-id=\"6587c37\"><p class=\"stk-block-text__text\"><strong><a href=\"https:\/\/portal.pi.gov.br\/piauiprev\/wp-content\/uploads\/sites\/45\/2025\/05\/EDITAL-No-10-2024-CONVOCACAO-PAR-AVALIACAO-BIOPSICOSSOCIAL-DOS-CANDIDATOS-COM-DEFICIENCIA-E-DE-CONVOCACAO-PARA-A-COMISSAO-DE-HETEROIDENTIFICACAO-DOS-CANDIDATOS-NEGROS.pdf\" target=\"_blank\" rel=\"noreferrer noopener\">19\/12\/2024 &#8211; Edital n\u00ba 10\/2024<\/a><\/strong> [De convoca\u00e7\u00e3o para avalia\u00e7\u00e3o biopsicossocial dos candidatos com defici\u00eancia e de convoca\u00e7\u00e3o para a comiss\u00e3o de heteroidentifica\u00e7\u00e3o dos candidatos negros]<\/p><\/div>\n\n\n\n<div class=\"wp-block-stackable-text stk-block-text stk-block stk-f78bbf0\" data-block-id=\"f78bbf0\"><p class=\"stk-block-text__text\"><strong><a href=\"https:\/\/portal.pi.gov.br\/piauiprev\/wp-content\/uploads\/sites\/45\/2025\/05\/EDITAL-No-09-2024-DIVULGACAO-DO-RESULTADO-DEFINITIVO-DAS-PROVAS.pdf\" target=\"_blank\" rel=\"noreferrer noopener\">03\/12\/2024 &#8211; Edital n\u00ba 09\/2024<\/a><\/strong> [De divulga\u00e7\u00e3o do resultado definitivo das provasobjetivas e discursiva-estudo de caso e convoca\u00e7\u00e3o para a apresenta\u00e7\u00e3odos t\u00edtulos para todos os cargos\/especialidades]<\/p><\/div>\n\n\n\n<div class=\"wp-block-stackable-text stk-block-text stk-block stk-c1c631f\" data-block-id=\"c1c631f\"><p class=\"stk-block-text__text\"><strong><a href=\"https:\/\/portal.pi.gov.br\/piauiprev\/wp-content\/uploads\/sites\/45\/2025\/05\/EDITAL-No-08-2024-DIVIVULGACAO-DO-RESULTADO-DAS-PROVAS-OBJETIVAS-E-DISCURSIVA-ESTUDO-DE-CASO.pdf\" target=\"_blank\" rel=\"noreferrer noopener\">24\/10\/2024 &#8211; Edital n\u00ba 08\/2024<\/a><\/strong> [De divulga\u00e7\u00e3o do resultado das provas objetivas e discursiva &#8211; Estudo de Caso]<\/p><\/div>\n\n\n\n<div class=\"wp-block-stackable-text stk-block-text stk-block stk-c26e198\" data-block-id=\"c26e198\"><p class=\"stk-block-text__text\"><strong><a href=\"https:\/\/portal.pi.gov.br\/piauiprev\/wp-content\/uploads\/sites\/45\/2025\/05\/EDITAL-No-07-2024-CONVOCACAO-PARA-AS-PROVAS.pdf\" target=\"_blank\" rel=\"noreferrer noopener\">13\/08\/2024 &#8211; Edital n\u00ba 07\/2024<\/a><\/strong> [Convoca\u00e7\u00e3o para as provas]<\/p><\/div>\n\n\n\n<div class=\"wp-block-stackable-text stk-block-text stk-block stk-b8fd2f6\" data-block-id=\"b8fd2f6\"><p class=\"stk-block-text__text\"><strong><a rel=\"noreferrer noopener\" href=\"https:\/\/portal.pi.gov.br\/piauiprev\/wp-content\/uploads\/sites\/45\/2025\/05\/EDITAL-No-06-2024-RETIFICACAO.pdf\" target=\"_blank\">05\/07\/2024 &#8211; Edital n\u00ba 06\/2024<\/a><\/strong> [De retifica\u00e7\u00e3o]<\/p><\/div>\n\n\n\n<div class=\"wp-block-stackable-text stk-block-text stk-block stk-16d595e\" data-block-id=\"16d595e\"><p class=\"stk-block-text__text\"><strong><a href=\"https:\/\/portal.pi.gov.br\/piauiprev\/wp-content\/uploads\/sites\/45\/2025\/05\/EDITAL_N__04_2024___RETIFICACAO.pdf\" target=\"_blank\" rel=\"noreferrer noopener\">11\/06\/2024 &#8211; Edital n\u00ba 04\/2024<\/a><\/strong> [De retifica\u00e7\u00e3o]<\/p><\/div>\n\n\n\n<div class=\"wp-block-stackable-text stk-block-text stk-block stk-f4f4967\" data-block-id=\"f4f4967\"><p class=\"stk-block-text__text\"><strong><a rel=\"noreferrer noopener\" href=\"https:\/\/portal.pi.gov.br\/piauiprev\/wp-content\/uploads\/sites\/45\/2025\/05\/EDITAL-No-02-2024-ABERTURA-INSCRICOES.pdf\" target=\"_blank\">03\/06\/2024 &#8211; Edital n\u00ba 02\/2024<\/a><\/strong> [De abertura de inscri\u00e7\u00f5es]<\/p><\/div>\n","protected":false},"excerpt":{"rendered":"<p>&lt;Voltar 1. DECRETOS E INFORMA\u00c7\u00d5ES RELACIONADAS 20\/08\/2025 &#8211; Decreto n\u00ba 24.024 [Nomeia candidatos aprovados no Concurso P\u00fablico regido pelo Edital n\u00ba 02\/2024 para provimento de cargos da Funda\u00e7\u00e3o Piau\u00ed Previd\u00eancia [&hellip;]<\/p>\n","protected":false},"author":1,"featured_media":0,"parent":0,"menu_order":0,"comment_status":"closed","ping_status":"closed","template":"template-fullwidth.php","meta":[],"featured_image_urls":{"full":"","thumbnail":"","medium":"","medium_large":"","large":"","sgg-420":"","sgg-540":"","sgg-780":"","1536x1536":"","2048x2048":"","homepage-slider":"","homepage-slider-small":"","page-top":"","page-small":"","loop-main":"","thumb-gallery-widget":""},"post_excerpt_stackable":"<p>&lt;Voltar PROCEDIMENTO ADMISSIONAL 1. DECRETOS E INFORMA\u00c7\u00d5ES RELACIONADAS 20\/08\/2025 &#8211; Decreto n\u00ba 24.024 [Nomeia candidatos aprovados no Concurso P\u00fablico regido pelo Edital n\u00ba 02\/2024 para provimento de cargos da Funda\u00e7\u00e3o Piau\u00ed Previd\u00eancia (PIAUIPREV)] 22\/05\/2025 &#8211; Decreto n\u00ba 23.844 [Nomeia candidatos aprovados no Concurso P\u00fablico regido pelos Editais n\u00ba 01\/2024 e n\u00ba 02\/2024 para provimento de cargos da Secretaria de Administra\u00e7\u00e3o (SEAD), da Secretaria de Planejamento (SEPLAN) e da Funda\u00e7\u00e3o Piau\u00ed Previd\u00eancia (PIAUIPREV) e d\u00e1 outras provid\u00eancias] 2. EDITAIS 22\/07\/2025 &#8211; Edital n\u00ba 26\/2025 [De Divulga\u00e7\u00e3o do Resultado da Comiss\u00e3o de Heteroidentifica\u00e7\u00e3o (sub judice)] 25\/04\/2025 &#8211; Edital n\u00ba 24\/2025 [De retifica\u00e7\u00e3o]&hellip;<\/p>\n","category_list":"","author_info":{"name":"admin","url":"https:\/\/portal.pi.gov.br\/piauiprev\/author\/admin\/"},"comments_num":"0 coment\u00e1rio","featured_image_urls_v2":{"full":"","thumbnail":"","medium":"","medium_large":"","large":"","sgg-420":"","sgg-540":"","sgg-780":"","1536x1536":"","2048x2048":"","homepage-slider":"","homepage-slider-small":"","page-top":"","page-small":"","loop-main":"","thumb-gallery-widget":""},"post_excerpt_stackable_v2":"<p>&lt;Voltar PROCEDIMENTO ADMISSIONAL 1. DECRETOS E INFORMA\u00c7\u00d5ES RELACIONADAS 20\/08\/2025 &#8211; Decreto n\u00ba 24.024 [Nomeia candidatos aprovados no Concurso P\u00fablico regido pelo Edital n\u00ba 02\/2024 para provimento de cargos da Funda\u00e7\u00e3o Piau\u00ed Previd\u00eancia (PIAUIPREV)] 22\/05\/2025 &#8211; Decreto n\u00ba 23.844 [Nomeia candidatos aprovados no Concurso P\u00fablico regido pelos Editais n\u00ba 01\/2024 e n\u00ba 02\/2024 para provimento de cargos da Secretaria de Administra\u00e7\u00e3o (SEAD), da Secretaria de Planejamento (SEPLAN) e da Funda\u00e7\u00e3o Piau\u00ed Previd\u00eancia (PIAUIPREV) e d\u00e1 outras provid\u00eancias] 2. EDITAIS 22\/07\/2025 &#8211; Edital n\u00ba 26\/2025 [De Divulga\u00e7\u00e3o do Resultado da Comiss\u00e3o de Heteroidentifica\u00e7\u00e3o (sub judice)] 25\/04\/2025 &#8211; Edital n\u00ba 24\/2025 [De retifica\u00e7\u00e3o]&hellip;<\/p>\n","category_list_v2":"","author_info_v2":{"name":"admin","url":"https:\/\/portal.pi.gov.br\/piauiprev\/author\/admin\/"},"comments_num_v2":"0 coment\u00e1rio","_links":{"self":[{"href":"https:\/\/portal.pi.gov.br\/piauiprev\/wp-json\/wp\/v2\/pages\/3383"}],"collection":[{"href":"https:\/\/portal.pi.gov.br\/piauiprev\/wp-json\/wp\/v2\/pages"}],"about":[{"href":"https:\/\/portal.pi.gov.br\/piauiprev\/wp-json\/wp\/v2\/types\/page"}],"author":[{"embeddable":true,"href":"https:\/\/portal.pi.gov.br\/piauiprev\/wp-json\/wp\/v2\/users\/1"}],"replies":[{"embeddable":true,"href":"https:\/\/portal.pi.gov.br\/piauiprev\/wp-json\/wp\/v2\/comments?post=3383"}],"version-history":[{"count":72,"href":"https:\/\/portal.pi.gov.br\/piauiprev\/wp-json\/wp\/v2\/pages\/3383\/revisions"}],"predecessor-version":[{"id":4109,"href":"https:\/\/portal.pi.gov.br\/piauiprev\/wp-json\/wp\/v2\/pages\/3383\/revisions\/4109"}],"wp:attachment":[{"href":"https:\/\/portal.pi.gov.br\/piauiprev\/wp-json\/wp\/v2\/media?parent=3383"}],"curies":[{"name":"wp","href":"https:\/\/api.w.org\/{rel}","templated":true}]}}