{"id":3798,"date":"2025-07-22T13:07:29","date_gmt":"2025-07-22T16:07:29","guid":{"rendered":"https:\/\/portal.pi.gov.br\/piauiprev\/?page_id=3798"},"modified":"2026-04-14T11:45:02","modified_gmt":"2026-04-14T14:45:02","slug":"julgamento-de-contas","status":"publish","type":"page","link":"https:\/\/portal.pi.gov.br\/piauiprev\/julgamento-de-contas\/","title":{"rendered":"Julgamento de Contas"},"content":{"rendered":"\n<p><\/p>\n\n\n\n<h5 class=\"wp-block-heading\"><a href=\"https:\/\/portal.pi.gov.br\/piauiprev\/transparencia\/\">&lt;Voltar<\/a><\/h5>\n\n\n\n<p class=\"has-text-align-center has-medium-font-size\"><strong><em><a href=\"https:\/\/www.tcepi.tc.br\/fiscalizado\/pesquisa-de-processos\/?tipo=0&amp;processo=015424%2F2022\" target=\"_blank\" rel=\"noreferrer noopener\">Exerc\u00edcio 2023<\/a><\/em><\/strong><\/p>\n\n\n\n<p class=\"has-text-align-center has-medium-font-size\"><strong><em><a rel=\"noreferrer noopener\" href=\"https:\/\/www.tcepi.tc.br\/fiscalizado\/pesquisa-de-processos\/?tipo=0&amp;processo=015500%2F2022\" target=\"_blank\">Exerc\u00edcio 2022<\/a><\/em><\/strong><\/p>\n\n\n\n<p class=\"has-text-align-center has-medium-font-size\"><strong><em><a href=\"https:\/\/www.tcepi.tc.br\/fiscalizado\/pesquisa-de-processos\/?tipo=0&amp;processo=002814%2F2021\" target=\"_blank\" rel=\"noreferrer noopener\">Exerc\u00edcio 2021<\/a><\/em><\/strong><\/p>\n\n\n\n<p class=\"has-text-align-center has-medium-font-size\"><strong><em><a href=\"https:\/\/www.tcepi.tc.br\/fiscalizado\/pesquisa-de-processos\/?tipo=0&amp;processo=002834%2F2021\" target=\"_blank\" rel=\"noreferrer noopener\">Exerc\u00edcio 2020<\/a><\/em><\/strong><\/p>\n\n\n\n<p class=\"has-text-align-center has-medium-font-size\"><strong><em><a href=\"https:\/\/www.tcepi.tc.br\/fiscalizado\/pesquisa-de-processos\/?tipo=0&amp;processo=022603%2F2019\" target=\"_blank\" rel=\"noreferrer noopener\">Exerc\u00edcio 2019<\/a><\/em><\/strong><\/p>\n\n\n\n<p class=\"has-text-align-center has-medium-font-size\"><strong><em><a href=\"https:\/\/www.tcepi.tc.br\/fiscalizado\/pesquisa-de-processos\/?tipo=0&amp;processo=007800%2F2018\" target=\"_blank\" rel=\"noreferrer noopener\">Exerc\u00edcio 2018<\/a><\/em><\/strong><\/p>\n\n\n\n<p class=\"has-text-align-center has-medium-font-size\"><strong><em><a rel=\"noreferrer noopener\" href=\"https:\/\/www.tcepi.tc.br\/fiscalizado\/pesquisa-de-processos\/?tipo=0&amp;processo=006008%2F2017\" target=\"_blank\">Exerc\u00edcio 2017<\/a><\/em><\/strong><\/p>\n\n\n\n<p class=\"has-text-align-center has-medium-font-size\"><strong><em><a rel=\"noreferrer noopener\" href=\"https:\/\/www.tcepi.tc.br\/fiscalizado\/pesquisa-de-processos\/?tipo=0&amp;processo=003321%2F2016\" target=\"_blank\">Exerc\u00edcio 2016<\/a><\/em><\/strong><\/p>\n\n\n\n<p class=\"has-text-align-center has-white-color has-text-color has-medium-font-size\"><strong><em>&#8230;<\/em><\/strong><\/p>\n\n\n\n<p>Para encontrar as informa\u00e7\u00f5es sobre <strong><strong>Parecer de Contas do Governo<\/strong><\/strong> basta efetuar o passo a passo a seguir:<\/p>\n\n\n\n<p class=\"has-white-background-color has-background\" style=\"font-size:16px\">1 \u2013 Acesse o <strong><strong>Parecer Pr\u00e9vio das Contas de Governo<\/strong><\/strong>:<strong>&nbsp;<a rel=\"noreferrer noopener\" href=\"https:\/\/www.tcepi.tc.br\/controle-externo\/paineis-e-levantamentos\/parecer-previo-das-contas-de-governo\/\" target=\"_blank\"><span style=\"color: #0693e3\" class=\"stk-highlight\">www.tcepi.tc.br\/controle-externo\/paineis-e-levantamentos\/parecer-previo-das-contas-de-governo<\/span><\/a><\/strong>;<br>2 \u2013 Depois \u00e9 s\u00f3 clicar no bot\u00e3o <strong>Estado<\/strong>, dentro do Dashboard.<\/p>\n","protected":false},"excerpt":{"rendered":"<p>&lt;Voltar Exerc\u00edcio 2023 Exerc\u00edcio 2022 Exerc\u00edcio 2021 Exerc\u00edcio 2020 Exerc\u00edcio 2019 Exerc\u00edcio 2018 Exerc\u00edcio 2017 Exerc\u00edcio 2016 &#8230; Para encontrar as informa\u00e7\u00f5es sobre Parecer de Contas do Governo basta efetuar [&hellip;]<\/p>\n","protected":false},"author":25,"featured_media":0,"parent":0,"menu_order":0,"comment_status":"closed","ping_status":"closed","template":"","meta":[],"featured_image_urls":{"full":"","thumbnail":"","medium":"","medium_large":"","large":"","sgg-420":"","sgg-540":"","sgg-780":"","1536x1536":"","2048x2048":"","homepage-slider":"","homepage-slider-small":"","page-top":"","page-small":"","loop-main":"","thumb-gallery-widget":""},"post_excerpt_stackable":"<p>&lt;Voltar Exerc\u00edcio 2023 Exerc\u00edcio 2022 Exerc\u00edcio 2021 Exerc\u00edcio 2020 Exerc\u00edcio 2019 Exerc\u00edcio 2018 Exerc\u00edcio 2017 Exerc\u00edcio 2016 &#8230; Para encontrar as informa\u00e7\u00f5es sobre Parecer de Contas do Governo basta efetuar o passo a passo a seguir: 1 \u2013 Acesse o Parecer Pr\u00e9vio das Contas de Governo:&nbsp;www.tcepi.tc.br\/controle-externo\/paineis-e-levantamentos\/parecer-previo-das-contas-de-governo;2 \u2013 Depois \u00e9 s\u00f3 clicar no bot\u00e3o Estado, dentro do Dashboard.<\/p>\n","category_list":"","author_info":{"name":"Alan Davis","url":"https:\/\/portal.pi.gov.br\/piauiprev\/author\/alanalmeida\/"},"comments_num":"0 coment\u00e1rio","featured_image_urls_v2":{"full":"","thumbnail":"","medium":"","medium_large":"","large":"","sgg-420":"","sgg-540":"","sgg-780":"","1536x1536":"","2048x2048":"","homepage-slider":"","homepage-slider-small":"","page-top":"","page-small":"","loop-main":"","thumb-gallery-widget":""},"post_excerpt_stackable_v2":"<p>&lt;Voltar Exerc\u00edcio 2023 Exerc\u00edcio 2022 Exerc\u00edcio 2021 Exerc\u00edcio 2020 Exerc\u00edcio 2019 Exerc\u00edcio 2018 Exerc\u00edcio 2017 Exerc\u00edcio 2016 &#8230; Para encontrar as informa\u00e7\u00f5es sobre Parecer de Contas do Governo basta efetuar o passo a passo a seguir: 1 \u2013 Acesse o Parecer Pr\u00e9vio das Contas de Governo:&nbsp;www.tcepi.tc.br\/controle-externo\/paineis-e-levantamentos\/parecer-previo-das-contas-de-governo;2 \u2013 Depois \u00e9 s\u00f3 clicar no bot\u00e3o Estado, dentro do Dashboard.<\/p>\n","category_list_v2":"","author_info_v2":{"name":"Alan Davis","url":"https:\/\/portal.pi.gov.br\/piauiprev\/author\/alanalmeida\/"},"comments_num_v2":"0 coment\u00e1rio","_links":{"self":[{"href":"https:\/\/portal.pi.gov.br\/piauiprev\/wp-json\/wp\/v2\/pages\/3798"}],"collection":[{"href":"https:\/\/portal.pi.gov.br\/piauiprev\/wp-json\/wp\/v2\/pages"}],"about":[{"href":"https:\/\/portal.pi.gov.br\/piauiprev\/wp-json\/wp\/v2\/types\/page"}],"author":[{"embeddable":true,"href":"https:\/\/portal.pi.gov.br\/piauiprev\/wp-json\/wp\/v2\/users\/25"}],"replies":[{"embeddable":true,"href":"https:\/\/portal.pi.gov.br\/piauiprev\/wp-json\/wp\/v2\/comments?post=3798"}],"version-history":[{"count":14,"href":"https:\/\/portal.pi.gov.br\/piauiprev\/wp-json\/wp\/v2\/pages\/3798\/revisions"}],"predecessor-version":[{"id":4703,"href":"https:\/\/portal.pi.gov.br\/piauiprev\/wp-json\/wp\/v2\/pages\/3798\/revisions\/4703"}],"wp:attachment":[{"href":"https:\/\/portal.pi.gov.br\/piauiprev\/wp-json\/wp\/v2\/media?parent=3798"}],"curies":[{"name":"wp","href":"https:\/\/api.w.org\/{rel}","templated":true}]}}